{"id":3388,"date":"2026-04-22T06:49:20","date_gmt":"2026-04-22T06:49:20","guid":{"rendered":""},"modified":"2026-04-22T06:49:28","modified_gmt":"2026-04-22T06:49:28","slug":"kamagra-effervescent-2","status":"publish","type":"product","link":"https:\/\/pharmacy-content.com\/?product=kamagra-effervescent-2&lang=de","title":{"rendered":"Kamagra Effervescent"},"content":{"rendered":"<p>Allgemeine Anwendung<\/p>\n<p>Kamagra Effervescent erh\u00f6ht die F\u00e4higkeit Ihres K\u00f6rpers, w\u00e4hrend der sexuellen Stimulation eine Erektion zu erreichen und aufrechtzuerhalten. Bitte beachten Sie, dass dieses Medikament Sie nicht vor einer Ansteckung mit HIV (AIDS) und anderen sexuell \u00fcbertragbaren Krankheiten sch\u00fctzt.<\/p>\n<p>Dosierung und Anwendung<\/p>\n<p>Nehmen Sie das Arzneimittel so ein, wie es Ihnen von Ihrem Arzt verschrieben wurde. Nehmen Sie es mit einem Glas Wasser ein. Nehmen Sie es innerhalb einer Stunde vor Ihrer sexuellen Aktivit\u00e4t ein. Nehmen Sie nicht mehr ein, als Ihnen verschrieben wurde.<\/p>\n<p>Vorsichtsma\u00dfnahmen<\/p>\n<p>Bevor Sie das Arzneimittel einnehmen, sprechen Sie mit Ihrem Arzt, wenn Sie an den folgenden Erkrankungen leiden: Nieren- oder Lebererkrankung, Herzerkrankung oder andere Herz-, Seh- oder Augenprobleme Probleme, einschlie\u00dflich Krankheiten wie Retinitis pigmentosa, Schlaganfall und wenn Sie allergisch gegen Sildenafil, Nahrungsmittel, Konservierungsstoffe oder andere Arzneimittel sind.<\/p>\n<p>Gegenanzeigen<\/p>\n<p>Seien Sie vorsichtig bei der Anwendung dieses Arzneimittels. Wenn Sie w\u00e4hrend der Behandlung Aufhellungen in Ihrem Sehverm\u00f6gen bemerken, rufen Sie sofort Ihren Arzt an.<\/p>\n<p>Wenn Sie nach der Einnahme dieses Arzneimittels Symptome wie Schwindel, \u00dcbelkeit, Arm- oder Brustschmerzen versp\u00fcren, sollten Sie sofort Ihren Arzt kontaktieren.<\/p>\n<p>Rufen Sie an Wenden Sie sich an Ihren Arzt, wenn die Erektion l\u00e4nger als 4 Stunden anh\u00e4lt oder schmerzhaft wird. Es kann ein Seufzer der Krankheit sein und zu Sch\u00e4den f\u00fchren.<\/p>\n<p>Nebenwirkungen<\/p>\n<p>Die h\u00e4ufigsten Nebenwirkungen sind Kopfschmerzen, R\u00fcckenschmerzen, verstopfte Nase, Durchfall, laufende Nase, Lichtempfindlichkeit, Schl\u00e4frigkeit, Magenverstimmung, verschwommenes Sehen, Farbenblindheit. Sie erfordern keine medizinische Hilfe.<\/p>\n<p>Die folgenden Nebenwirkungen k\u00f6nnen schwerwiegend sein und sollten Ihrem Arzt mitgeteilt werden: Brustschmerzen, verl\u00e4ngerte oder schmerzhafte Erektion, Ver\u00e4nderungen des Seh- und H\u00f6rverm\u00f6gens, verschwommenes Sehen, allergische Reaktionen wie Hautausschlag, Schwellung von Gesicht, H\u00e4nden und Lippen, unregelm\u00e4\u00dfiger oder schneller Herzschlag. Wenn diese Symptome auftreten, wenden Sie sich bitte schnellstm\u00f6glich an Ihren Arzt.<\/p>\n<p>Arzneimittelwechselwirkung<\/p>\n<p>Die folgenden Arzneimittel k\u00f6nnen mit Kamagra Effervescent interagieren: Nitrate (Amylnitrit, Isosorbidmononitrat, Nitroglycerin), Cisaprid, bestimmte Arzneimittel gegen Bluthochdruck, Behandlung einer HIV-Infektion oder AIDS, Pilzinfektionen, Erythromycin, Rifampin, Methscopolaminnitrat und andere Sildenafil-Arzneimittel.<\/p>\n<p>Verpasste Dosis<\/p>\n<p>Eine vers\u00e4umte Dosis wird nicht angenommen, wenn das Arzneimittel vorhanden ist wird zur Behandlung der erektilen Dysfunktion eingenommen, da es bei Bedarf angewendet wird.<\/p>\n<p>\u00dcberdosierung<\/p>\n<p>Wenn Sie glauben, dass Sie das Arzneimittel \u00fcberdosiert haben, wenden Sie sich bitte an Ihre \u00f6rtliche Giftnotrufzentrale und rufen Sie Ihren Arzt an.<\/p>\n<p>Lagerung<\/p>\n<p>Lagern Sie Ihre Arzneimittel bei einer Raumtemperatur zwischen 15 und 30 \u00b0C, gesch\u00fctzt vor Licht und Feuchtigkeit. Bewahren Sie die Medikamente nicht im Badezimmer auf. Bewahren Sie alle Medikamente au\u00dferhalb der Reichweite von Kindern und Haustieren auf.<\/p>\n<p>Haftungsausschluss<\/p>\n<p>Wir stellen nur allgemeine Informationen zu Medikamenten zur Verf\u00fcgung, die nicht alle Anwendungsgebiete, m\u00f6gliche Medikamentenkombinationen oder Vorsichtsma\u00dfnahmen abdecken. Die Informationen auf der Website k\u00f6nnen nicht zur Selbstbehandlung und Selbstdiagnose verwendet werden. Spezifische Anweisungen f\u00fcr einen bestimmten Patienten sollten mit Ihrem Gesundheitsberater oder dem f\u00fcr den Fall zust\u00e4ndigen Arzt vereinbart werden. Wir lehnen die Zuverl\u00e4ssigkeit dieser Informationen und die darin enthaltenen Fehler ab. Wir haften nicht f\u00fcr direkte, indirekte, besondere oder sonstige indirekte Sch\u00e4den, die sich aus der Nutzung der Informationen auf dieser Website ergeben und auch nicht f\u00fcr Folgen der Selbstbehandlung.<\/p>\n","protected":false},"excerpt":{"rendered":"<p>Kamagra Effervescent Generic ist eine neue Form des bekannten Medikaments Sildenafilcitrat zur Behandlung der erektilen Dysfunktion.<\/p>\n","protected":false},"featured_media":3383,"comment_status":"open","ping_status":"closed","template":"","meta":[],"product_brand":[],"product_cat":[117],"product_tag":[],"class_list":{"0":"post-3388","1":"product","2":"type-product","3":"status-publish","4":"has-post-thumbnail","6":"product_cat-erektile-dysfunktion-de","7":"pa_active_substance-sildenafil","9":"first","10":"instock","11":"shipping-taxable","12":"product-type-variable"},"jetpack_sharing_enabled":true,"_links":{"self":[{"href":"https:\/\/pharmacy-content.com\/index.php?rest_route=\/wp\/v2\/product\/3388","targetHints":{"allow":["GET"]}}],"collection":[{"href":"https:\/\/pharmacy-content.com\/index.php?rest_route=\/wp\/v2\/product"}],"about":[{"href":"https:\/\/pharmacy-content.com\/index.php?rest_route=\/wp\/v2\/types\/product"}],"replies":[{"embeddable":true,"href":"https:\/\/pharmacy-content.com\/index.php?rest_route=%2Fwp%2Fv2%2Fcomments&post=3388"}],"wp:featuredmedia":[{"embeddable":true,"href":"https:\/\/pharmacy-content.com\/index.php?rest_route=\/wp\/v2\/media\/3383"}],"wp:attachment":[{"href":"https:\/\/pharmacy-content.com\/index.php?rest_route=%2Fwp%2Fv2%2Fmedia&parent=3388"}],"wp:term":[{"taxonomy":"product_brand","embeddable":true,"href":"https:\/\/pharmacy-content.com\/index.php?rest_route=%2Fwp%2Fv2%2Fproduct_brand&post=3388"},{"taxonomy":"product_cat","embeddable":true,"href":"https:\/\/pharmacy-content.com\/index.php?rest_route=%2Fwp%2Fv2%2Fproduct_cat&post=3388"},{"taxonomy":"product_tag","embeddable":true,"href":"https:\/\/pharmacy-content.com\/index.php?rest_route=%2Fwp%2Fv2%2Fproduct_tag&post=3388"}],"curies":[{"name":"wp","href":"https:\/\/api.w.org\/{rel}","templated":true}]}}