{"id":3458,"date":"2026-04-22T06:49:35","date_gmt":"2026-04-22T06:49:35","guid":{"rendered":""},"modified":"2026-04-22T06:49:41","modified_gmt":"2026-04-22T06:49:41","slug":"kamagra-gold-5","status":"publish","type":"product","link":"https:\/\/pharmacy-content.com\/?product=kamagra-gold-5&lang=es","title":{"rendered":"Kamagra Gold"},"content":{"rendered":"<p>Uso com\u00fan<\/p>\n<p>Kamagra Gold es un medicamento para tratar la disfunci\u00f3n er\u00e9ctil en hombres. Es una versi\u00f3n an\u00e1loga de Viagra, con una formulaci\u00f3n espec\u00edfica de 100 mg de citrato de sildenafil. Kamagra aumenta el flujo sangu\u00edneo al pene, lo que permite una erecci\u00f3n durante la estimulaci\u00f3n sexual. El sildenafil, su componente principal, inhibe la fosfodiesterasa tipo 5 espec\u00edfica de cGMP, una enzima que regula el flujo sangu\u00edneo a los cuerpos cavernosos del pene.<\/p>\n<p>Dosis y administraci\u00f3n<\/p>\n<p>La dosis m\u00e1xima de Kamagra Gold es de 24 horas, mientras que las tabletas de Viagra son de 25, 50 y 100 mg. Una tableta de Kamagra Gold contiene 100 mg de citrato de sildenafil. T\u00f3mela al menos 30 minutos antes de iniciar la actividad sexual. No exceda la dosis de 100 mg (una tableta) en un per\u00edodo de 24 horas. Las comidas con mucha grasa o aceite ralentizan la absorci\u00f3n del medicamento. El medicamento solo funciona cuando hay estimulaci\u00f3n y excitaci\u00f3n sexual. El citrato de sildenafil debe usarse estrictamente seg\u00fan las indicaciones de su m\u00e9dico.<\/p>\n<p>Precauciones<\/p>\n<p>Antes de tomar Kamagra Gold, informe a su m\u00e9dico si tiene problemas de anemia, presi\u00f3n arterial alta o baja, ritmo card\u00edaco irregular, insuficiencia card\u00edaca, dolor tor\u00e1cico inestable, alergias, enfermedades oculares, deformaci\u00f3n del pene o si est\u00e1 tomando tratamiento para el VIH. Evite el consumo de alcohol, ya que puede agravar los efectos secundarios. No tome Kamagra Gold junto con otros medicamentos para la disfunci\u00f3n er\u00e9ctil. Informe a su m\u00e9dico antes de tomar Kamagra Gold si usa alprostadil (Caverject, Muse, Edex) o yohimbina (Yocon, Yodoxin, otros).<\/p>\n<p>Contraindicaciones<\/p>\n<p>Kamagra Gold no se puede usar en pacientes con alergia al medicamento y sus componentes, ni en personas tratadas con nitratos (como la nitroglicerina). Esta combinaci\u00f3n puede causar presi\u00f3n arterial muy baja, potencialmente peligrosa y provocar un derrame cerebral, un ataque card\u00edaco o la muerte. No tome este medicamento si es menor de 18 a\u00f1os.<\/p>\n<p>Posibles efectos secundarios<\/p>\n<p>Algunos pacientes pueden experimentar dolor de cabeza, diarrea, mareos, malestar estomacal, v\u00f3mitos y congesti\u00f3n nasal.<br \/>\nKamagra Gold puede causar una afecci\u00f3n rara pero grave conocida como priapismo o erecci\u00f3n prolongada. Consulte a su m\u00e9dico de inmediato si su erecci\u00f3n dura m\u00e1s de horas. Sin atenci\u00f3n m\u00e9dica inmediata, esta afecci\u00f3n puede da\u00f1ar permanentemente su pene.<\/p>\n<p>Interacci\u00f3n con otros medicamentos<\/p>\n<p>Kamagra Gold no debe recetarse a pacientes que est\u00e9n tomando medicamentos que contengan nitratos org\u00e1nicos. Los niveles sangu\u00edneos de Kamagra Gold aumentan con la eritromicina, el ketoconazol, el itraconazol y el saquinavir.<br \/>\nSe ha informado de interacciones entre Kamagra Gold y los siguientes medicamentos: bosent\u00e1n (Tracleer); cimetidina (Tagamet, Tagamet HB); antibi\u00f3ticos como la eritromicina (E-Mycin, Eryc, Ery-Tab) o la claritromicina (Biaxin); doxazosina (Cardura), prazosina (Minipress), terazosina (Hytrin); Medicamentos contra el VIH como indinavir (Crixivan), amprenavir (Agenerase), darunavir (Prezista), efavirenz (Sustiva), tipranavir (Aptivus), nevirapina (Viramune), saquinavir (Invirase, Fortovase), lopinavir\/ritonavir (Kaletra), fosamprenavir (Lexiva), ritonavir (Norvir), atazanavir (Reyataz) o nelfinavir (Viracept); un medicamento antimic\u00f3tico como itraconazol (Sporanox) o ketoconazol (Nizoral); carbamazepina (Tegretol), fenobarbital (Luminal) o fenito\u00edna (Dilantin); o rifampicina (Rifadin, Rimactane) o rifabutina (Mycobutin).<\/p>\n<p>Dosis olvidada<\/p>\n<p>Tome Kamagra Gold cuando lo necesite, pero no m\u00e1s de una tableta al d\u00eda. La dosis diaria regular debe acordarse con su m\u00e9dico.<\/p>\n<p>Sobredosis<\/p>\n<p>Una erecci\u00f3n que dure m\u00e1s de cuatro horas puede ser un signo de sobredosis. Si experimenta desmayos intensos, dolor en el pecho, n\u00e1useas, latidos card\u00edacos irregulares o mareos durante las relaciones sexuales despu\u00e9s de tomar Kamagra Gold, consulte a su m\u00e9dico, ya que podr\u00eda necesitar atenci\u00f3n m\u00e9dica inmediata.<\/p>\n<p>Almacenamiento<\/p>\n<p>Conservar a temperatura ambiente, por debajo de 25 \u00b0C (77 \u00b0F), y fuera del alcance de ni\u00f1os y mascotas.<\/p>\n","protected":false},"excerpt":{"rendered":"<p>Kamagra Gold es un medicamento prescrito para el tratamiento de la disfunci\u00f3n er\u00e9ctil en los hombres.<\/p>\n","protected":false},"featured_media":3434,"comment_status":"open","ping_status":"closed","template":"","meta":[],"product_brand":[],"product_cat":[126],"product_tag":[],"class_list":{"0":"post-3458","1":"product","2":"type-product","3":"status-publish","4":"has-post-thumbnail","6":"product_cat-disfuncion-erectil-es","7":"pa_active_substance-sildenafil","9":"first","10":"instock","11":"shipping-taxable","12":"product-type-variable"},"jetpack_sharing_enabled":true,"_links":{"self":[{"href":"https:\/\/pharmacy-content.com\/index.php?rest_route=\/wp\/v2\/product\/3458","targetHints":{"allow":["GET"]}}],"collection":[{"href":"https:\/\/pharmacy-content.com\/index.php?rest_route=\/wp\/v2\/product"}],"about":[{"href":"https:\/\/pharmacy-content.com\/index.php?rest_route=\/wp\/v2\/types\/product"}],"replies":[{"embeddable":true,"href":"https:\/\/pharmacy-content.com\/index.php?rest_route=%2Fwp%2Fv2%2Fcomments&post=3458"}],"wp:featuredmedia":[{"embeddable":true,"href":"https:\/\/pharmacy-content.com\/index.php?rest_route=\/wp\/v2\/media\/3434"}],"wp:attachment":[{"href":"https:\/\/pharmacy-content.com\/index.php?rest_route=%2Fwp%2Fv2%2Fmedia&parent=3458"}],"wp:term":[{"taxonomy":"product_brand","embeddable":true,"href":"https:\/\/pharmacy-content.com\/index.php?rest_route=%2Fwp%2Fv2%2Fproduct_brand&post=3458"},{"taxonomy":"product_cat","embeddable":true,"href":"https:\/\/pharmacy-content.com\/index.php?rest_route=%2Fwp%2Fv2%2Fproduct_cat&post=3458"},{"taxonomy":"product_tag","embeddable":true,"href":"https:\/\/pharmacy-content.com\/index.php?rest_route=%2Fwp%2Fv2%2Fproduct_tag&post=3458"}],"curies":[{"name":"wp","href":"https:\/\/api.w.org\/{rel}","templated":true}]}}