{"id":3464,"date":"2026-04-22T06:49:35","date_gmt":"2026-04-22T06:49:35","guid":{"rendered":""},"modified":"2026-04-22T06:49:42","modified_gmt":"2026-04-22T06:49:42","slug":"kamagra-gold-6","status":"publish","type":"product","link":"https:\/\/pharmacy-content.com\/?product=kamagra-gold-6&lang=pl","title":{"rendered":"Kamagra Gold"},"content":{"rendered":"<p>Powszechne zastosowanie<\/p>\n<p>Kamagra Gold to lek stosowany w leczeniu zaburze\u0144 erekcji u m\u0119\u017cczyzn. Jest to analogowa wersja Viagry, specyficzny preparat zawieraj\u0105cy 100 mg cytrynianu sildenafilu. Kamagra zwi\u0119ksza ilo\u015b\u0107 krwi przep\u0142ywaj\u0105cej do penisa, umo\u017cliwiaj\u0105c erekcj\u0119 podczas stymulacji seksualnej. Sildenafil, jego g\u0142\u00f3wny sk\u0142adnik, hamuje specyficzn\u0105 dla cGMP fosfodiesteraz\u0119 typu 5, enzym reguluj\u0105cy przep\u0142yw krwi do cia\u0142 jamistych pr\u0105cia.<\/p>\n<p>Dawkowanie i kierunek<\/p>\n<p>Kamagra Gold to maksymalna dawka tego leku dla Okres 24 godzin, podczas gdy tabletki Viagry maj\u0105 25, 50 i 100 mg. Jedna tabletka Kamagry Gold zawiera 100 mg cytrynianu sildenafilu. Po\u015bwi\u0119\u0107 co najmniej 30 minut przed rozpocz\u0119ciem aktywno\u015bci seksualnej. Nie przekracza\u0107 dawki 100 mg (jedna tabletka) w ci\u0105gu 24 godzin. T\u0142uste lub t\u0142uste posi\u0142ki spowalniaj\u0105 wch\u0142anianie leku. Lek dzia\u0142a tylko wtedy, gdy wyst\u0119puje stymulacja seksualna i podniecenie. Cytrynian sildenafilu nale\u017cy stosowa\u0107 \u015bci\u015ble wed\u0142ug zalece\u0144 lekarza.<\/p>\n<p>\u015arodki ostro\u017cno\u015bci<\/p>\n<p>Przed za\u017cyciem Kamagry Gold nale\u017cy zg\u0142osi\u0107 si\u0119 do lekarza w przypadku problem\u00f3w z anemi\u0105, wysokim lub niskim ci\u015bnieniem krwi, nieregularnym rytmem serca, niewydolno\u015b\u0107 serca, niestabilny b\u00f3l w klatce piersiowej, alergie, choroby oczu, deformacje pr\u0105cia lub aktualnie leczysz si\u0119 na HIV. Unikaj picia alkoholu, poniewa\u017c mo\u017ce to nasili\u0107 dzia\u0142ania niepo\u017c\u0105dane. Nie nale\u017cy przyjmowa\u0107 Kamagry Gold razem z innymi lekami na zaburzenia erekcji. Poinformuj swojego lekarza przed za\u017cyciem Kamagry Gold, je\u015bli stosujesz alprostadil (Caverject, Muse, Edex) lub johimbin\u0119 (Yocon, Yodoxin, inne).<\/p>\n<p>Przeciwwskazania<\/p>\n<p>Kamagra Gold nie mo\u017ce by\u0107 stosowana u pacjent\u00f3w z alergi\u0105 na leku i jego sk\u0142adnik\u00f3w, a tak\u017ce u os\u00f3b leczonych azotanami (takimi jak nitrogliceryna). To po\u0142\u0105czenie mo\u017ce powodowa\u0107 bardzo niskie ci\u015bnienie krwi, co mo\u017ce skutkowa\u0107 udarem, zawa\u0142em serca lub \u015bmierci\u0105. Nie za\u017cywaj tego leku, je\u015bli nie masz uko\u0144czonych 18 lat.<\/p>\n<p>Mo\u017cliwe skutki uboczne<\/p>\n<p>U niekt\u00f3rych pacjent\u00f3w mog\u0105 wyst\u0105pi\u0107 b\u00f3le g\u0142owy, biegunka, zawroty g\u0142owy, rozstr\u00f3j \u017co\u0142\u0105dka, wymioty, przekrwienie nosa. Kamagra Gold mo\u017ce powodowa\u0107 rzadk\u0105, ale powa\u017cn\u0105 chorob\u0119 znan\u0105 jako priapizm lub d\u0142ugotrwa\u0142a erekcja. Je\u015bli erekcja utrzymuje si\u0119 d\u0142u\u017cej ni\u017c kilka godzin, natychmiast skontaktuj si\u0119 ze swoim lekarzem. Bez natychmiastowej pomocy lekarskiej stan ten mo\u017ce trwale uszkodzi\u0107 Twojego penisa.<\/p>\n<p>Interakcje lek\u00f3w<\/p>\n<p>Kamagra Gold nie powinna by\u0107 przepisywana pacjentom leczonym preparatem leki zawieraj\u0105ce azotany organiczne. Poziom Kamagry Gold we krwi zwi\u0119ksza si\u0119 pod wp\u0142ywem erytromycyny, ketokonazolu, itrakonazolu i sakwinawiru. Donoszono o interakcji Kamagry Gold z nast\u0119puj\u0105cymi lekami: bozentan (Tracleer); cymetydyna (Tagamet, Tagamet HB); antybiotyk taki jak erytromycyna (E-Mycin, Eryc, Ery-Tab) lub klarytromycyna (Biaxin); doksazosyna (Cardura), prazosyna (Minipress), terazosyna (Hytrin); Leki na HIV, takie jak indynawir (Crixivan), amprenawir (Agenerase), darunawir (Prezista), efawirenz (Sustiva), typranawir (Aptivus), newirapina (Viramune), sakwinawir (Invirase, Fortovase), lopinawir\/rytonawir (Kaletra), fosamprenawir ( Lexiva), rytonawir (Norvir), atazanawir (Reyataz) lub nelfinawir (Viracept); lek przeciwgrzybiczy, taki jak itrakonazol (Sporanox) lub ketokonazol (Nizoral); karbamazepina (Tegretol), fenobarbital (Luminal) lub fenytoina (Dilantin); lub ryfampicyna (Rifadin, Rimactane) lub ryfabutyna (Mycobutin).<\/p>\n<p>Pomini\u0119ta dawka<\/p>\n<p>Przyjmuj Kamagr\u0119 Gold w razie potrzeby, ale nie wi\u0119cej ni\u017c jedn\u0105 tabletk\u0119 dziennie. Regularne dzienne spo\u017cycie nale\u017cy uzgodni\u0107 z lekarzem.<\/p>\n<p>Przedawkowanie<\/p>\n<p>Erekcja trwaj\u0105ca d\u0142u\u017cej ni\u017c cztery godziny mo\u017ce by\u0107 oznak\u0105 przedawkowania. Je\u015bli po za\u017cyciu Kamagry Gold do\u015bwiadczysz silnego omdlenia, b\u00f3lu w klatce piersiowej, nudno\u015bci, nieregularnego bicia serca, zawrot\u00f3w g\u0142owy podczas seksu, skontaktuj si\u0119 ze swoim lekarzem, poniewa\u017c mo\u017cesz potrzebowa\u0107 natychmiastowej pomocy medycznej.<\/p>\n<p>Przechowywanie<\/p>\n<p>Przechowywa\u0107 w temperaturze pokojowej poni\u017cej 25\u00b0C C (77 F) i poza zasi\u0119giem dzieci i zwierz\u0105t domowych.<\/p>\n<p>Zastrze\u017cenie<\/p>\n<p>Podajemy jedynie og\u00f3lne informacje na temat lek\u00f3w, kt\u00f3re nie obejmuj\u0105 wszystkich wskaz\u00f3wek, mo\u017cliwych po\u0142\u0105cze\u0144 lek\u00f3w ani \u015brodk\u00f3w ostro\u017cno\u015bci. Informacje zawarte na stronie nie mog\u0105 by\u0107 wykorzystywane do samodzielnego leczenia i autodiagnozy. Wszystkie szczeg\u00f3\u0142owe instrukcje dla konkretnego pacjenta nale\u017cy uzgodni\u0107 z doradc\u0105 ds. opieki zdrowotnej lub lekarzem prowadz\u0105cym dany przypadek. Zrzekamy si\u0119 wiarygodno\u015bci tych informacji i b\u0142\u0119d\u00f3w, jakie mog\u0105 one zawiera\u0107. Nie ponosimy odpowiedzialno\u015bci za jakiekolwiek bezpo\u015brednie, po\u015brednie, szczeg\u00f3lne lub inne po\u015brednie szkody powsta\u0142e w wyniku wykorzystania informacji zawartych na tej stronie, a tak\u017ce za konsekwencje samoleczenia.<\/p>\n","protected":false},"excerpt":{"rendered":"<p>Kamagra Gold Generic to lek na zaburzenia erekcji u m\u0119\u017cczyzn.<\/p>\n","protected":false},"featured_media":3434,"comment_status":"open","ping_status":"closed","template":"","meta":[],"product_brand":[],"product_cat":[129],"product_tag":[],"class_list":{"0":"post-3464","1":"product","2":"type-product","3":"status-publish","4":"has-post-thumbnail","6":"product_cat-dysfunkcja-erekcji-pl","7":"pa_active_substance-sildenafil","9":"first","10":"instock","11":"shipping-taxable","12":"product-type-variable"},"jetpack_sharing_enabled":true,"_links":{"self":[{"href":"https:\/\/pharmacy-content.com\/index.php?rest_route=\/wp\/v2\/product\/3464","targetHints":{"allow":["GET"]}}],"collection":[{"href":"https:\/\/pharmacy-content.com\/index.php?rest_route=\/wp\/v2\/product"}],"about":[{"href":"https:\/\/pharmacy-content.com\/index.php?rest_route=\/wp\/v2\/types\/product"}],"replies":[{"embeddable":true,"href":"https:\/\/pharmacy-content.com\/index.php?rest_route=%2Fwp%2Fv2%2Fcomments&post=3464"}],"wp:featuredmedia":[{"embeddable":true,"href":"https:\/\/pharmacy-content.com\/index.php?rest_route=\/wp\/v2\/media\/3434"}],"wp:attachment":[{"href":"https:\/\/pharmacy-content.com\/index.php?rest_route=%2Fwp%2Fv2%2Fmedia&parent=3464"}],"wp:term":[{"taxonomy":"product_brand","embeddable":true,"href":"https:\/\/pharmacy-content.com\/index.php?rest_route=%2Fwp%2Fv2%2Fproduct_brand&post=3464"},{"taxonomy":"product_cat","embeddable":true,"href":"https:\/\/pharmacy-content.com\/index.php?rest_route=%2Fwp%2Fv2%2Fproduct_cat&post=3464"},{"taxonomy":"product_tag","embeddable":true,"href":"https:\/\/pharmacy-content.com\/index.php?rest_route=%2Fwp%2Fv2%2Fproduct_tag&post=3464"}],"curies":[{"name":"wp","href":"https:\/\/api.w.org\/{rel}","templated":true}]}}