{"id":3470,"date":"2026-04-22T06:49:36","date_gmt":"2026-04-22T06:49:36","guid":{"rendered":""},"modified":"2026-04-22T06:49:42","modified_gmt":"2026-04-22T06:49:42","slug":"kamagra-gold-7","status":"publish","type":"product","link":"https:\/\/pharmacy-content.com\/?product=kamagra-gold-7&lang=pt","title":{"rendered":"Kamagra Gold"},"content":{"rendered":"<p>Uso comum<\/p>\n<p>Kamagra Gold \u00e9 um medicamento para tratar a disfun\u00e7\u00e3o er\u00e9til em homens. Esta \u00e9 uma vers\u00e3o anal\u00f3gica do Viagra, uma formula\u00e7\u00e3o espec\u00edfica de 100 mg de citrato de sildenafil. Kamagra aumenta a quantidade de sangue que passa para o p\u00eanis, tornando poss\u00edvel a ere\u00e7\u00e3o quando h\u00e1 estimula\u00e7\u00e3o sexual. O sildenafil, seu principal componente, inibe a fosfodiesterase espec\u00edfica do cGMP tipo 5, uma enzima que regula o fluxo sangu\u00edneo para os corpos cavernosos do p\u00eanis.<\/p>\n<p>Dosagem e dire\u00e7\u00e3o<\/p>\n<p>Kamagra Gold \u00e9 uma dose m\u00e1xima deste medicamento para Per\u00edodo de 24 horas, enquanto os comprimidos de Viagra s\u00e3o de 25, 50 e 100 mg. Um comprimido de Kamagra Gold cont\u00e9m 100 mg de citrato de sildenafil. Reserve pelo menos 30 minutos antes de iniciar a atividade sexual. N\u00e3o exceda 100 mg (um comprimido) num per\u00edodo de 24 horas. Refei\u00e7\u00f5es gordurosas ou oleosas retardam a absor\u00e7\u00e3o do medicamento. A droga s\u00f3 funciona quando h\u00e1 estimula\u00e7\u00e3o e excita\u00e7\u00e3o sexual. O citrato de sildenafil deve ser usado estritamente conforme indicado pelo seu m\u00e9dico.<\/p>\n<p>Precau\u00e7\u00f5es<\/p>\n<p>Antes de tomar Kamagra Gold notifique o seu m\u00e9dico se voc\u00ea tiver problemas com anemia, press\u00e3o alta ou baixa, ritmo card\u00edaco irregular, insufici\u00eancia card\u00edaca, dor tor\u00e1cica inst\u00e1vel, alergias, doen\u00e7as oculares, deforma\u00e7\u00e3o do p\u00e9nis ou que esteja actualmente a fazer tratamento para o VIH. Evite beber \u00e1lcool, pois pode piorar os efeitos colaterais. N\u00e3o tome Kamagra Gold junto com outros medicamentos para DE. Avise seu m\u00e9dico antes de tomar Kamagra Gold se voc\u00ea usa alprostadil (Caverject, Muse, Edex) ou ioimbina (Yocon, Yodoxin, outros).<\/p>\n<p>Contra-indica\u00e7\u00f5es<\/p>\n<p>Kamagra Gold n\u00e3o pode ser usado em pacientes com alergia a o medicamento e seus componentes e tamb\u00e9m em indiv\u00edduos tratados com nitratos (como a nitroglicerina). Esta combina\u00e7\u00e3o pode causar press\u00e3o arterial muito baixa, potencialmente perigosa, resultando em acidente vascular cerebral, ataque card\u00edaco ou morte. N\u00e3o tome este medicamento se tiver menos de 18 anos.<\/p>\n<p>Poss\u00edvel efeito colateral<\/p>\n<p>Alguns pacientes podem sentir dor de cabe\u00e7a, diarr\u00e9ia, tontura, dor de est\u00f4mago, v\u00f4mito, congest\u00e3o nasal. Kamagra Gold pode causar uma condi\u00e7\u00e3o rara, mas grave, conhecida como priapismo ou ere\u00e7\u00e3o prolongada. Contate seu m\u00e9dico imediatamente se sua ere\u00e7\u00e3o continuar por mais de horas, sem aten\u00e7\u00e3o m\u00e9dica imediata, esta condi\u00e7\u00e3o pode danificar permanentemente seu p\u00eanis.<\/p>\n<p>Intera\u00e7\u00e3o medicamentosa<\/p>\n<p>Kamagra Gold n\u00e3o deve ser prescrito a pacientes tratados com medicamentos que contenham nitratos org\u00e2nicos. Os n\u00edveis sangu\u00edneos de Kamagra Gold s\u00e3o aumentados pela eritromicina, cetoconazol, itraconazol e saquinavir. Foi relatada intera\u00e7\u00e3o entre Kamagra Gold e os seguintes medicamentos: bosentana (Tracleer); cimetidina (Tagamet, Tagamet HB); um antibi\u00f3tico tal como eritromicina (E-Mycin, Eryc, Ery-Tab) ou claritromicina (Biaxin); doxazosina (Cardura), prazosina (Minipress), Terazosina (Hytrin); Medicamentos para o HIV, como indinavir (Crixivan), amprenavir (Agenerase), darunavir (Prezista), efavirenz (Sustiva), tipranavir (Aptivus), nevirapina (Viramune), saquinavir (Invirase, Fortovase), lopinavir\/ritonavir (Kaletra), fosamprenavir ( Lexiva), ritonavir (Norvir), atazanavir (Reyataz) ou nelfinavir (Viracept); um medicamento antif\u00fangico como itraconazol (Sporanox) ou cetoconazol (Nizoral); carbamazepina (Tegretol), fenobarbital (Luminal) ou fenito\u00edna (Dilantin); ou rifampicina (Rifadin, Rimactane) ou rifabutina (Mycobutin).<\/p>\n<p>Dose esquecida<\/p>\n<p>Tome Kamagra Gold quando necess\u00e1rio, mas n\u00e3o mais do que um comprimido por dia. A ingest\u00e3o di\u00e1ria regular deve ser acordada com o seu m\u00e9dico.<\/p>\n<p>Sobredosagem<\/p>\n<p>Uma ere\u00e7\u00e3o superior a quatro horas pode ser um sinal de sobredosagem. Se sentir desmaios graves, dor no peito, n\u00e1useas, batimentos card\u00edacos irregulares, tonturas durante o sexo ap\u00f3s tomar Kamagra Gold, contacte o seu m\u00e9dico, pois poder\u00e1 necessitar de ajuda m\u00e9dica imediata.<\/p>\n<p>Armazenamento<\/p>\n<p>Armazene \u00e0 temperatura ambiente, abaixo de 25\u00baC. C (77 F) e fora do alcance de crian\u00e7as e animais de estima\u00e7\u00e3o.<\/p>\n<p>Isen\u00e7\u00e3o de responsabilidade<\/p>\n<p>Fornecemos apenas informa\u00e7\u00f5es gerais sobre medicamentos que n\u00e3o cobrem todas as instru\u00e7\u00f5es, poss\u00edveis integra\u00e7\u00f5es de medicamentos ou precau\u00e7\u00f5es. As informa\u00e7\u00f5es do site n\u00e3o podem ser utilizadas para autotratamento e autodiagn\u00f3stico. Todas as instru\u00e7\u00f5es espec\u00edficas para um determinado paciente devem ser acordadas com o seu conselheiro de sa\u00fade ou m\u00e9dico respons\u00e1vel pelo caso. N\u00f3s nos isentamos da confiabilidade dessas informa\u00e7\u00f5es e dos erros que elas possam conter. N\u00e3o nos responsabilizamos por quaisquer danos diretos, indiretos, especiais ou outros danos indiretos resultantes de qualquer uso das informa\u00e7\u00f5es deste site e tamb\u00e9m pelas consequ\u00eancias do autotratamento.<\/p>\n","protected":false},"excerpt":{"rendered":"<p>Kamagra Gold Generic \u00e9 um medicamento para tratar a disfun\u00e7\u00e3o er\u00e9til em homens.<\/p>\n","protected":false},"featured_media":3434,"comment_status":"open","ping_status":"closed","template":"","meta":[],"product_brand":[],"product_cat":[132],"product_tag":[],"class_list":{"0":"post-3470","1":"product","2":"type-product","3":"status-publish","4":"has-post-thumbnail","6":"product_cat-disfuncao-eretil-pt","7":"pa_active_substance-sildenafil","9":"first","10":"instock","11":"shipping-taxable","12":"product-type-variable"},"jetpack_sharing_enabled":true,"_links":{"self":[{"href":"https:\/\/pharmacy-content.com\/index.php?rest_route=\/wp\/v2\/product\/3470","targetHints":{"allow":["GET"]}}],"collection":[{"href":"https:\/\/pharmacy-content.com\/index.php?rest_route=\/wp\/v2\/product"}],"about":[{"href":"https:\/\/pharmacy-content.com\/index.php?rest_route=\/wp\/v2\/types\/product"}],"replies":[{"embeddable":true,"href":"https:\/\/pharmacy-content.com\/index.php?rest_route=%2Fwp%2Fv2%2Fcomments&post=3470"}],"wp:featuredmedia":[{"embeddable":true,"href":"https:\/\/pharmacy-content.com\/index.php?rest_route=\/wp\/v2\/media\/3434"}],"wp:attachment":[{"href":"https:\/\/pharmacy-content.com\/index.php?rest_route=%2Fwp%2Fv2%2Fmedia&parent=3470"}],"wp:term":[{"taxonomy":"product_brand","embeddable":true,"href":"https:\/\/pharmacy-content.com\/index.php?rest_route=%2Fwp%2Fv2%2Fproduct_brand&post=3470"},{"taxonomy":"product_cat","embeddable":true,"href":"https:\/\/pharmacy-content.com\/index.php?rest_route=%2Fwp%2Fv2%2Fproduct_cat&post=3470"},{"taxonomy":"product_tag","embeddable":true,"href":"https:\/\/pharmacy-content.com\/index.php?rest_route=%2Fwp%2Fv2%2Fproduct_tag&post=3470"}],"curies":[{"name":"wp","href":"https:\/\/api.w.org\/{rel}","templated":true}]}}