{"id":3476,"date":"2026-04-22T06:49:37","date_gmt":"2026-04-22T06:49:37","guid":{"rendered":""},"modified":"2026-04-22T06:49:42","modified_gmt":"2026-04-22T06:49:42","slug":"kamagra-gold-8","status":"publish","type":"product","link":"https:\/\/pharmacy-content.com\/?product=kamagra-gold-8&lang=sv","title":{"rendered":"Kamagra Gold"},"content":{"rendered":"<p>Vanlig anv\u00e4ndning<\/p>\n<p>Kamagra Gold \u00e4r ett l\u00e4kemedel f\u00f6r att behandla erektil dysfunktion hos m\u00e4n. Detta \u00e4r en analog version av Viagra, en specifik formulering av 100 mg sildenafilcitrat. Kamagra \u00f6kar m\u00e4ngden blod som passerar till penis vilket g\u00f6r erektion m\u00f6jlig n\u00e4r det finns sexuell stimulering. Sildenafil, dess huvudkomponent, h\u00e4mmar cGMP-specifikt fosfodiesteras typ 5, ett enzym som reglerar blodfl\u00f6det till de kavern\u00f6sa kropparna i penis.<\/p>\n<p>Dosering och riktning<\/p>\n<p>Kamagra Gold \u00e4r en maximal dos av denna medicin f\u00f6r 24 timmar medan Viagra tabletter \u00e4r p\u00e5 25, 50 och 100 mg. En tablett Kamagra Gold inneh\u00e5ller 100 mg sildenafilcitrat. Ta minst 30 minuter innan du b\u00f6rjar sexuell aktivitet. \u00d6verskrid inte 100 mg (en tablett) inom en 24-timmarsperiod. Feta eller feta m\u00e5ltider saktar ner absorptionen av l\u00e4kemedlet. L\u00e4kemedlet fungerar endast n\u00e4r det finns sexuell stimulans och sp\u00e4nning. Sildenafilcitrat ska anv\u00e4ndas strikt enligt anvisningar fr\u00e5n din l\u00e4kare.<\/p>\n<p>F\u00f6rsiktighets\u00e5tg\u00e4rder<\/p>\n<p>Innan du tar Kamagra Gold, meddela din l\u00e4kare om du har problem med anemi, h\u00f6gt blodtryck eller l\u00e5gt blodtryck, oregelbunden hj\u00e4rtrytm, hj\u00e4rtsvikt, instabil br\u00f6stsm\u00e4rta, allergier, \u00f6gonsjukdomar, deformation av penis, eller behandlas f\u00f6r n\u00e4rvarande av HIV. Undvik att dricka alkohol eftersom det kan f\u00f6rv\u00e4rra biverkningarna. Ta inte Kamagra Gold tillsammans med annan ED-medicin. Varna din l\u00e4kare innan du tar Kamagra Gold om du anv\u00e4nder alprostadil (Caverject, Muse, Edex) eller yohimbin (Yocon, Yodoxin, andra).<\/p>\n<p>Kontraindikationer<\/p>\n<p>Kamagra Gold kan inte anv\u00e4ndas till patienter med allergi mot l\u00e4kemedlet och dess komponenter och \u00e4ven hos individer som behandlats med nitrater (som nitroglycerin). Denna kombination kan orsaka mycket l\u00e5gt blodtryck potentiellt farligt att resultera i en stroke, hj\u00e4rtinfarkt eller d\u00f6d. Ta inte denna medicin om du \u00e4r under 18 \u00e5r.<\/p>\n<p>M\u00f6jlig biverkning<\/p>\n<p>Vissa patienter kan uppleva huvudv\u00e4rk, diarr\u00e9, yrsel, orolig mage, kr\u00e4kningar, n\u00e4st\u00e4ppa. Kamagra Gold kan orsaka ett s\u00e4llsynt men allvarligt tillst\u00e5nd som kallas priapism eller l\u00e5ngvarig erektion. Kontakta din v\u00e5rdgivare omedelbart om din erektion forts\u00e4tter l\u00e4ngre \u00e4n i timmar, utan omedelbar l\u00e4karv\u00e5rd kan detta tillst\u00e5nd skada din penis permanent.<\/p>\n<p>L\u00e4kemedelsinteraktion<\/p>\n<p>Kamagra Gold ska inte f\u00f6rskrivas till patienter som behandlas med l\u00e4kemedel som inneh\u00e5ller organiska nitrater. Blodniv\u00e5erna av Kamagra Gold h\u00f6js av erytromycin, ketokonazol, itrakonazol och saquinavir. Det har rapporterats om interaktion mellan Kamagra Gold och f\u00f6ljande mediciner: bosentan (Tracleer); cimetidin (Tagamet, Tagamet HB); ett antibiotikum s\u00e5som erytromycin (E-Mycin, Eryc, Ery-Tab) eller klaritromycin (Biaxin); doxazosin (Cardura), prazosin (Minipress), Terazosin (Hytrin); HIV-l\u00e4kemedel som indinavir (Crixivan), amprenavir (Agenerase), darunavir (Prezista), efavirenz (Sustiva), tipranavir (Aptivus), nevirapin (Viramune), saquinavir (Invirase, Fortovase), lopinavir\/ritonavir (Kaletra), fosamprenavir ( Lexiva), ritonavir (Norvir), atazanavir (Reyataz) eller nelfinavir (Viracept); en svampd\u00f6dande medicin s\u00e5som itrakonazol (Sporanox) eller ketokonazol (Nizoral); karbamazepin (Tegretol), fenobarbital (Luminal) eller fenytoin (Dilantin); eller rifampin (Rifadin, Rimactane) eller rifabutin (Mycobutin).<\/p>\n<p>Missad dos<\/p>\n<p>Ta Kamagra Gold vid behov men inte mer \u00e4n en tablett om dagen. Regelbundet dagligt intag b\u00f6r \u00f6verenskommas med din l\u00e4kare.<\/p>\n<p>\u00d6verdosering<\/p>\n<p>Erektion som \u00e4r l\u00e4ngre \u00e4n fyra timmar kan vara ett tecken p\u00e5 \u00f6verdos. Om du upplever sv\u00e5r svimning, br\u00f6stsm\u00e4rta, illam\u00e5ende, oregelbunden hj\u00e4rtrytm, yrsel under sex efter att ha tagit Kamagra Gold, kontakta din l\u00e4kare eftersom du kan beh\u00f6va omedelbar medicinsk hj\u00e4lp.<\/p>\n<p>F\u00f6rvaring<\/p>\n<p>F\u00f6rvara i rumstemperatur, under 25 C (77 F) och utom r\u00e4ckh\u00e5ll och barn och husdjur.<\/p>\n<p>Ansvarsfriskrivning<\/p>\n<p>Vi tillhandah\u00e5ller endast allm\u00e4n information om mediciner som inte t\u00e4cker alla riktningar, m\u00f6jliga l\u00e4kemedelsintegrationer eller f\u00f6rsiktighets\u00e5tg\u00e4rder. Information p\u00e5 webbplatsen kan inte anv\u00e4ndas f\u00f6r sj\u00e4lvbehandling och sj\u00e4lvdiagnos. Alla specifika instruktioner f\u00f6r en viss patient b\u00f6r \u00f6verenskommas med din h\u00e4lsov\u00e5rdsr\u00e5dgivare eller l\u00e4kare som \u00e4r ansvarig f\u00f6r \u00e4rendet. Vi fr\u00e5ns\u00e4ger oss tillf\u00f6rlitligheten av denna information och misstag den kan inneh\u00e5lla. Vi ansvarar inte f\u00f6r n\u00e5gra direkta, indirekta, speciella eller andra indirekta skador till f\u00f6ljd av n\u00e5gon anv\u00e4ndning av informationen p\u00e5 denna webbplats och \u00e4ven f\u00f6r konsekvenser av egenbehandling.<\/p>\n","protected":false},"excerpt":{"rendered":"<p>Kamagra Gold Generic \u00e4r ett l\u00e4kemedel f\u00f6r att behandla erektil dysfunktion hos m\u00e4n.<\/p>\n","protected":false},"featured_media":3434,"comment_status":"open","ping_status":"closed","template":"","meta":[],"product_brand":[],"product_cat":[135],"product_tag":[],"class_list":{"0":"post-3476","1":"product","2":"type-product","3":"status-publish","4":"has-post-thumbnail","6":"product_cat-erektil-dysfunktion-sv","7":"pa_active_substance-sildenafil","9":"first","10":"instock","11":"shipping-taxable","12":"product-type-variable"},"jetpack_sharing_enabled":true,"_links":{"self":[{"href":"https:\/\/pharmacy-content.com\/index.php?rest_route=\/wp\/v2\/product\/3476","targetHints":{"allow":["GET"]}}],"collection":[{"href":"https:\/\/pharmacy-content.com\/index.php?rest_route=\/wp\/v2\/product"}],"about":[{"href":"https:\/\/pharmacy-content.com\/index.php?rest_route=\/wp\/v2\/types\/product"}],"replies":[{"embeddable":true,"href":"https:\/\/pharmacy-content.com\/index.php?rest_route=%2Fwp%2Fv2%2Fcomments&post=3476"}],"wp:featuredmedia":[{"embeddable":true,"href":"https:\/\/pharmacy-content.com\/index.php?rest_route=\/wp\/v2\/media\/3434"}],"wp:attachment":[{"href":"https:\/\/pharmacy-content.com\/index.php?rest_route=%2Fwp%2Fv2%2Fmedia&parent=3476"}],"wp:term":[{"taxonomy":"product_brand","embeddable":true,"href":"https:\/\/pharmacy-content.com\/index.php?rest_route=%2Fwp%2Fv2%2Fproduct_brand&post=3476"},{"taxonomy":"product_cat","embeddable":true,"href":"https:\/\/pharmacy-content.com\/index.php?rest_route=%2Fwp%2Fv2%2Fproduct_cat&post=3476"},{"taxonomy":"product_tag","embeddable":true,"href":"https:\/\/pharmacy-content.com\/index.php?rest_route=%2Fwp%2Fv2%2Fproduct_tag&post=3476"}],"curies":[{"name":"wp","href":"https:\/\/api.w.org\/{rel}","templated":true}]}}