{"id":3543,"date":"2026-04-22T06:49:53","date_gmt":"2026-04-22T06:49:53","guid":{"rendered":""},"modified":"2026-04-22T06:49:58","modified_gmt":"2026-04-22T06:49:58","slug":"kamagra-oral-coffee-jelly-9","status":"publish","type":"product","link":"https:\/\/pharmacy-content.com\/nl\/product\/kamagra-oral-coffee-jelly-9\/","title":{"rendered":"Kamagra Oral Coffee Jelly"},"content":{"rendered":"<p>Algemeen gebruik<br \/>\nSildenafil is het hoofdbestanddeel van Kamagra Oral Coffee Jelly.<br \/>\nSildenafil be\u00efnvloedt de reactie op seksuele stimulatie. Het werkt door de ontspanning van de gladde spieren te verbeteren met behulp van stikstofmonoxide, een chemische stof die normaal gesproken vrijkomt als reactie op seksuele stimulatie. Deze ontspanning van de gladde spieren zorgt voor een verhoogde bloedtoevoer naar bepaalde delen van de penis, wat leidt tot een erectie.<br \/>\nSildenafil wordt toegepast voor de behandeling van erectiestoornissen (impotentie) bij mannen en pulmonale arteri\u00eble hypertensie.<br \/>\nSildenafil kan ook voor andere doeleinden worden gebruikt. niet hierboven vermeld.<\/p>\n<p>Dosering en richting<br \/>\nKamagra Oral Coffee Jelly wordt, indien nodig, ongeveer 1 uur v\u00f3\u00f3r seksuele activiteit ingenomen. Gebruik Kamagra Oral Coffee Jelly niet vaker dan \u00e9\u00e9n keer per dag.<br \/>\nEen vetrijke maaltijd kan de werkingsduur van dit medicijn vertragen.<br \/>\nProbeer geen grapefruit te eten of grapefruitsap te drinken terwijl u wordt behandeld met Sildenafil.<\/p>\n<p>Voorzorgsmaatregelen<br \/>\nInformeer uw arts of apotheker voordat u Sildenafil gaat gebruiken als u daarvoor allergisch bent; of als u andere allergie\u00ebn heeft.<br \/>\nBejaarde mensen kunnen gevoeliger zijn voor de bijwerkingen van het medicijn.<\/p>\n<p>Contra-indicaties<br \/>\nKamagra Oral Coffee Jelly is gecontra-indiceerd bij pati\u00ebnten die een ander geneesmiddel gebruiken om impotentie te behandelen of een nitraatmedicijn gebruiken voor pijn op de borst of het hart problemen.<br \/>\nDit geneesmiddel mag niet worden ingenomen door vrouwen en kinderen, en ook niet door pati\u00ebnten met een bekende overgevoeligheid voor enig bestanddeel van de tablet.<\/p>\n<p>Mogelijke bijwerking<br \/>\nDe meest voorkomende bijwerkingen zijn hoofdpijn, blozen, brandend maagzuur en maagklachten verstopte neus, duizeligheid, duizeligheid of diarree.<br \/>\nEen ernstige allergische reactie op dit medicijn komt zeer zelden voor, maar zoek onmiddellijk medische hulp als dit optreedt.<br \/>\nVeel mensen die dit medicijn gebruiken, hebben geen ernstige bijwerkingen.<br \/>\nIn het geval u er iets van merkt. Bij bijwerkingen die hierboven niet zijn vermeld, neem dan contact op met uw arts of apotheker.<\/p>\n<p>Interactie tussen geneesmiddelen<br \/>\nDit medicijn mag niet worden gebruikt met nitraten en recreatieve drugs die poppers worden genoemd en die amyl- of butylnitriet bevatten; alfablokkers; andere medicijnen tegen impotentie; medicijnen tegen hoge bloeddruk, enz.<br \/>\nRaadpleeg uw arts of apotheker voor meer informatie.<\/p>\n<p>Gemiste dosis<br \/>\nKamagra Oral Coffee Jelly wordt gebruikt wanneer dat nodig is, dus het is onwaarschijnlijk dat u zich aan een doseringsschema houdt.<\/p>\n<p>Overdosis<br \/>\nAls u denkt dat u zich aan een Als u te veel van dit geneesmiddel heeft gebruikt, zoek dan onmiddellijk medische hulp. De symptomen van een overdosis omvatten meestal pijn op de borst, misselijkheid, een onregelmatige hartslag en een licht gevoel in het hoofd of flauwvallen.<\/p>\n<p>Bewaar<\/p>\n<p>Bewaar uw medicijnen op kamertemperatuur, tussen 20 en 25 graden Celsius, uit de buurt van licht en vocht. Bewaar ze niet in de badkamer. Houd alle medicijnen buiten het bereik van kinderen en huisdieren.<\/p>\n<p>Disclaimer<br \/>\nWe bieden alleen algemene informatie over medicijnen die niet alle richtingen, mogelijke medicijnintegraties of voorzorgsmaatregelen bestrijkt. Informatie op de site kan niet worden gebruikt voor zelfbehandeling en zelfdiagnose. Eventuele specifieke instructies voor een bepaalde pati\u00ebnt moeten worden overeengekomen met uw gezondheidszorgadviseur of met de arts die verantwoordelijk is voor de zaak. Wij wijzen de betrouwbaarheid van deze informatie en fouten die deze zou kunnen bevatten af. Wij zijn niet verantwoordelijk voor enige directe, indirecte, bijzondere of andere indirecte schade als gevolg van enig gebruik van de informatie op deze site en ook voor de gevolgen van zelfbehandeling.<\/p>\n","protected":false},"excerpt":{"rendered":"<p>Sildenafil Citraat Generic, het actieve en originele ingredi\u00ebnt van Kamagra Oral Coffee Jelly, remt enzymen en als gevolg daarvan verwijden de bloedvaten van uw penis zich, wat leidt tot een soepele, langdurige erectie. Orale gelei moet minstens 15 minuten v\u00f3\u00f3r seksuele activiteit worden geconsumeerd.<\/p>\n","protected":false},"featured_media":3495,"comment_status":"open","ping_status":"closed","template":"","meta":[],"product_brand":[],"product_cat":[138],"product_tag":[],"class_list":{"0":"post-3543","1":"product","2":"type-product","3":"status-publish","4":"has-post-thumbnail","6":"product_cat-erectiestoornis-nl","7":"pa_active_substance-sildenafil","9":"first","10":"instock","11":"shipping-taxable","12":"product-type-simple"},"jetpack_sharing_enabled":true,"_links":{"self":[{"href":"https:\/\/pharmacy-content.com\/wp-json\/wp\/v2\/product\/3543","targetHints":{"allow":["GET"]}}],"collection":[{"href":"https:\/\/pharmacy-content.com\/wp-json\/wp\/v2\/product"}],"about":[{"href":"https:\/\/pharmacy-content.com\/wp-json\/wp\/v2\/types\/product"}],"replies":[{"embeddable":true,"href":"https:\/\/pharmacy-content.com\/wp-json\/wp\/v2\/comments?post=3543"}],"wp:featuredmedia":[{"embeddable":true,"href":"https:\/\/pharmacy-content.com\/wp-json\/wp\/v2\/media\/3495"}],"wp:attachment":[{"href":"https:\/\/pharmacy-content.com\/wp-json\/wp\/v2\/media?parent=3543"}],"wp:term":[{"taxonomy":"product_brand","embeddable":true,"href":"https:\/\/pharmacy-content.com\/wp-json\/wp\/v2\/product_brand?post=3543"},{"taxonomy":"product_cat","embeddable":true,"href":"https:\/\/pharmacy-content.com\/wp-json\/wp\/v2\/product_cat?post=3543"},{"taxonomy":"product_tag","embeddable":true,"href":"https:\/\/pharmacy-content.com\/wp-json\/wp\/v2\/product_tag?post=3543"}],"curies":[{"name":"wp","href":"https:\/\/api.w.org\/{rel}","templated":true}]}}