{"id":3568,"date":"2026-04-22T06:50:04","date_gmt":"2026-04-22T06:50:04","guid":{"rendered":""},"modified":"2026-04-22T06:50:14","modified_gmt":"2026-04-22T06:50:14","slug":"kamagra-oral-jelly-3","status":"publish","type":"product","link":"https:\/\/pharmacy-content.com\/fr\/product\/kamagra-oral-jelly-3\/","title":{"rendered":"Kamagra Oral Jelly"},"content":{"rendered":"<p>Utilisation courante<\/p>\n<p>Le Kamagra Oral Jelly est utilis\u00e9 pour le traitement de la dysfonction \u00e9rectile (impuissance) chez l&#8217;homme et de l&#8217;hypertension art\u00e9rielle pulmonaire. Le sild\u00e9nafil est le principal composant de Kamagra Oral Jelly. Le sild\u00e9nafil affecte la r\u00e9ponse \u00e0 la stimulation sexuelle. Il agit en favorisant la relaxation des muscles lisses gr\u00e2ce \u00e0 l&#8217;oxyde nitrique, une substance chimique normalement lib\u00e9r\u00e9e en r\u00e9ponse \u00e0 la stimulation sexuelle. Cette relaxation des muscles lisses permet d&#8217;augmenter le flux sanguin vers certaines zones du p\u00e9nis, ce qui entra\u00eene une \u00e9rection.<\/p>\n<p>Posologie et mode d&#8217;administration<\/p>\n<p>Le Kamagra Oral Jelly se prend, au besoin, environ 1 heure avant l&#8217;activit\u00e9 sexuelle. Ne prenez pas Kamagra Oral Jelly plus d&#8217;une fois par jour. Un repas riche en graisses peut retarder l&#8217;effet de ce m\u00e9dicament. \u00c9vitez de manger du pamplemousse ou de boire du jus de pamplemousse pendant votre traitement par Sild\u00e9nafil.<\/p>\n<p>Pr\u00e9cautions<\/p>\n<p>Avant de prendre du Sild\u00e9nafil, informez votre m\u00e9decin ou votre pharmacien de toute allergie \u00e0 ce m\u00e9dicament ou de toute autre allergie. Les personnes \u00e2g\u00e9es peuvent \u00eatre plus sensibles aux effets secondaires du m\u00e9dicament.<\/p>\n<p>Contre-indications<\/p>\n<p>Le Kamagra Oral Jelly est contre-indiqu\u00e9 chez les patients prenant un autre m\u00e9dicament pour traiter l&#8217;impuissance ou un m\u00e9dicament \u00e0 base de nitrate pour des douleurs thoraciques ou des probl\u00e8mes cardiaques. Ce m\u00e9dicament ne doit pas \u00eatre pris par les femmes et les enfants, ni par les patients pr\u00e9sentant une hypersensibilit\u00e9 connue \u00e0 l&#8217;un des composants du comprim\u00e9.<\/p>\n<p>Effets secondaires possibles<\/p>\n<p>Les effets secondaires les plus fr\u00e9quents sont : maux de t\u00eate, bouff\u00e9es vasomotrices, br\u00fblures d&#8217;estomac, maux d&#8217;estomac, congestion nasale, \u00e9tourdissements, vertiges ou diarrh\u00e9e. Une r\u00e9action allergique grave \u00e0 ce m\u00e9dicament est tr\u00e8s rare, mais consultez imm\u00e9diatement un m\u00e9decin si elle survient. Si vous remarquez des effets secondaires non mentionn\u00e9s ci-dessus, contactez votre m\u00e9decin ou votre pharmacien.<\/p>\n<p>Interactions m\u00e9dicamenteuses<\/p>\n<p>Le Kamagra Oral Jelly ne doit pas \u00eatre utilis\u00e9 avec des nitrates et des drogues r\u00e9cr\u00e9atives appel\u00e9es &#8216;poppers&#8217; contenant du nitrite d&#8217;amyle ou de butyle ; des alpha-bloquants ; d&#8217;autres m\u00e9dicaments contre l&#8217;impuissance ; des m\u00e9dicaments contre l&#8217;hypertension art\u00e9rielle. Consultez votre m\u00e9decin ou votre pharmacien pour plus d&#8217;informations.<\/p>\n<p>Oubli de dose<\/p>\n<p>Le Kamagra Oral Jelly est utilis\u00e9 au besoin ; il est donc peu probable que vous respectiez un sch\u00e9ma posologique. Ne prenez pas plus d&#8217;une dose par jour.<\/p>\n<p>Surdosage<\/p>\n<p>Si vous pensez avoir utilis\u00e9 une dose excessive de ce m\u00e9dicament, consultez imm\u00e9diatement un m\u00e9decin. Les sympt\u00f4mes d&#8217;un surdosage comprennent g\u00e9n\u00e9ralement des douleurs thoraciques, des naus\u00e9es, un rythme cardiaque irr\u00e9gulier, des \u00e9tourdissements ou des \u00e9vanouissements.<\/p>\n<p>Conservation<\/p>\n<p>Conservez vos m\u00e9dicaments \u00e0 temp\u00e9rature ambiante, entre 20 et 25 \u00b0C, \u00e0 l&#8217;abri de la lumi\u00e8re et de l&#8217;humidit\u00e9. Ne les conservez pas dans la salle de bain. Gardez tous les m\u00e9dicaments hors de port\u00e9e des enfants et des animaux domestiques.<\/p>\n","protected":false},"excerpt":{"rendered":"<p>Kamagra Oral Jelly est un m\u00e9dicament sous forme de gel\u00e9e qui est utilis\u00e9 dans le traitement de la dysfonction \u00e9rectile.<\/p>\n","protected":false},"featured_media":3556,"comment_status":"open","ping_status":"closed","template":"","meta":[],"product_brand":[],"product_cat":[120],"product_tag":[],"class_list":{"0":"post-3568","1":"product","2":"type-product","3":"status-publish","4":"has-post-thumbnail","6":"product_cat-dysfonction-erectile-fr","7":"pa_active_substance-sildenafil","9":"first","10":"instock","11":"shipping-taxable","12":"product-type-simple"},"jetpack_sharing_enabled":true,"_links":{"self":[{"href":"https:\/\/pharmacy-content.com\/wp-json\/wp\/v2\/product\/3568","targetHints":{"allow":["GET"]}}],"collection":[{"href":"https:\/\/pharmacy-content.com\/wp-json\/wp\/v2\/product"}],"about":[{"href":"https:\/\/pharmacy-content.com\/wp-json\/wp\/v2\/types\/product"}],"replies":[{"embeddable":true,"href":"https:\/\/pharmacy-content.com\/wp-json\/wp\/v2\/comments?post=3568"}],"wp:featuredmedia":[{"embeddable":true,"href":"https:\/\/pharmacy-content.com\/wp-json\/wp\/v2\/media\/3556"}],"wp:attachment":[{"href":"https:\/\/pharmacy-content.com\/wp-json\/wp\/v2\/media?parent=3568"}],"wp:term":[{"taxonomy":"product_brand","embeddable":true,"href":"https:\/\/pharmacy-content.com\/wp-json\/wp\/v2\/product_brand?post=3568"},{"taxonomy":"product_cat","embeddable":true,"href":"https:\/\/pharmacy-content.com\/wp-json\/wp\/v2\/product_cat?post=3568"},{"taxonomy":"product_tag","embeddable":true,"href":"https:\/\/pharmacy-content.com\/wp-json\/wp\/v2\/product_tag?post=3568"}],"curies":[{"name":"wp","href":"https:\/\/api.w.org\/{rel}","templated":true}]}}