{"id":3653,"date":"2026-04-22T06:50:24","date_gmt":"2026-04-22T06:50:24","guid":{"rendered":""},"modified":"2026-04-22T06:50:29","modified_gmt":"2026-04-22T06:50:29","slug":"kamagra-polo-7","status":"publish","type":"product","link":"https:\/\/pharmacy-content.com\/pt\/product\/kamagra-polo-7\/","title":{"rendered":"Kamagra Polo"},"content":{"rendered":"<p>Uso comum<\/p>\n<p>Kamagra Polo \u00e9 um medicamento que foi inventado para tratar a disfun\u00e7\u00e3o er\u00e9til de forma eficaz e com melhora significativa na qualidade de vida. Este medicamento n\u00e3o requer receita m\u00e9dica quando voc\u00ea decide comprar Kamagra Polo online. O efeito m\u00e9dico da droga \u00e9 baseado no efeito vasodilatador do seu principal componente \u2013 o famoso Citrato de Sildenafil. Portanto, voc\u00ea n\u00e3o ter\u00e1 ere\u00e7\u00f5es desnecess\u00e1rias sem estimula\u00e7\u00e3o.<\/p>\n<p>Dosagem e dire\u00e7\u00e3o<\/p>\n<p>A dose di\u00e1ria m\u00e1xima de Kamagra Polo \u00e9 de 100 mg, ou seja, um comprimido de 100 mg. Voc\u00ea deve tomar o medicamento uma hora antes da atividade sexual planejada. O efeito aparecer\u00e1 em 45 minutos e durar\u00e1 at\u00e9 6 horas. N\u00e3o \u00e9 recomendado tomar o medicamento junto com alimentos gordurosos ou \u00e1lcool, pois reduzir\u00e1 sua efic\u00e1cia. Kamagra Polo vem em uma forma m\u00e9dica de comprimidos em formato de polo, 7 comprimidos em um pr\u00e1tico tubo. Voc\u00ea pode escolher entre v\u00e1rios sabores: Lim\u00e3o, Menta, Morango e Abacaxi. Dissolve-se facilmente no est\u00f4mago e \u00e9 recomendado tom\u00e1-lo com um copo de \u00e1gua.<\/p>\n<p>Precau\u00e7\u00f5es<\/p>\n<p>Voc\u00ea deve consultar seu m\u00e9dico antes de tomar Kamagra Polo, pois s\u00e3o poss\u00edveis efeitos adversos. Os pacientes devem ter especial cuidado ao tomar o medicamento se tiverem hist\u00f3rico de doen\u00e7as como doen\u00e7as card\u00edacas e cardiovasculares, hipertens\u00e3o ou hipotens\u00e3o, anemia falciforme, HIV, acidente vascular cerebral ou infarto do mioc\u00e1rdio, ou se forem receptores de doadores de \u00f3rg\u00e3os.<\/p>\n<p>Contra-indica\u00e7\u00f5es <\/p>\n<p>Problemas nos vasos sangu\u00edneos, doen\u00e7as sexualmente transmiss\u00edveis, tumores malignos, disfun\u00e7\u00f5es renais ou hep\u00e1ticas e problemas cardiovasculares impossibilitam a administra\u00e7\u00e3o do Kamagra Polo. Tamb\u00e9m n\u00e3o \u00e9 recomendado tomar o medicamento se voc\u00ea tiver menos de 18 anos.<\/p>\n<p>Poss\u00edvel efeito colateral<\/p>\n<p>Como vasodilatador, Kamagra Polo tem v\u00e1rios efeitos adversos relacionados a problemas de press\u00e3o arterial. S\u00e3o dores de cabe\u00e7a, rubor, rubor, nariz entupido, n\u00e1usea ou secura nos olhos. Esses efeitos negativos se manifestam em mais de 1% dos pacientes que tomam Kamagra Polo regularmente.<\/p>\n<p>Os efeitos colaterais menos comuns incluem aumento da sensibilidade \u00e0 luz, vis\u00e3o turva e vis\u00e3o azulada. Esses sintomas s\u00e3o comuns durante o per\u00edodo de adapta\u00e7\u00e3o, em pacientes que acabaram de come\u00e7ar a tomar Kamagra. Eles n\u00e3o s\u00e3o perigosos e geralmente n\u00e3o requerem mudan\u00e7a na terapia.<\/p>\n<p>Os efeitos adversos mais graves do Kamagra Polo manifestam-se raramente, mas requerem ajuda m\u00e9dica imediata. Se sentir perda ou diminui\u00e7\u00e3o acentuada da vis\u00e3o ou audi\u00e7\u00e3o, ou ere\u00e7\u00e3o por mais de 4 horas, voc\u00ea deve procurar atendimento m\u00e9dico imediato.<\/p>\n<p>Intera\u00e7\u00e3o medicamentosa<\/p>\n<p>Voc\u00ea tamb\u00e9m deve consultar o seu m\u00e9dico para verificar a compatibilidade do medicamento. medicamentos que voc\u00ea pode estar tomando com Kamagra Polo. As intera\u00e7\u00f5es conhecidas incluem medicamentos como medicamentos nitroglicerina, medicamentos nitroprussiato, nitrato de amila, medicamentos antif\u00fangicos az\u00f3licos e outros.<\/p>\n<p>Dose esquecida<\/p>\n<p>Se voc\u00ea perdeu sua dose de Kamagra, tome o comprimido assim que puder . De qualquer forma, voc\u00ea n\u00e3o deve tomar mais do que um comprimido de 100 mg de Kamagra por dia.<\/p>\n<p>Overdose<\/p>\n<p>Nunca overdose do medicamento. Se voc\u00ea acha que seu efeito \u00e9 fraco, consulte o seu m\u00e9dico. Se voc\u00ea tomar mais de um comprimido de Kamagra por dia, poder\u00e1 se expor a um risco aumentado de efeitos adversos.<\/p>\n<p>Armazenamento<\/p>\n<p>Mantenha seus comprimidos de Kamagra Polo em um local escuro e seco em temperatura ambiente. Mantenha o medicamento fora do alcance das crian\u00e7as.<\/p>\n<p>Isen\u00e7\u00e3o de responsabilidade<\/p>\n<p>Fornecemos apenas informa\u00e7\u00f5es gerais sobre medicamentos que n\u00e3o cobrem todas as instru\u00e7\u00f5es, poss\u00edveis integra\u00e7\u00f5es de medicamentos ou precau\u00e7\u00f5es. As informa\u00e7\u00f5es do site n\u00e3o podem ser utilizadas para autotratamento e autodiagn\u00f3stico. Quaisquer instru\u00e7\u00f5es espec\u00edficas para um determinado paciente devem ser acordadas com o seu conselheiro de sa\u00fade ou m\u00e9dico respons\u00e1vel pelo caso. N\u00f3s nos isentamos da confiabilidade dessas informa\u00e7\u00f5es e dos erros que elas possam conter. N\u00e3o nos responsabilizamos por quaisquer danos diretos, indiretos, especiais ou outros danos indiretos resultantes de qualquer uso das informa\u00e7\u00f5es deste site e tamb\u00e9m pelas consequ\u00eancias do autotratamento.<\/p>\n","protected":false},"excerpt":{"rendered":"<p>Kamagra Polo Generic \u00e9 um medicamento que foi inventado para tratar a disfun\u00e7\u00e3o er\u00e9til de forma eficaz e com melhora significativa na qualidade de vida.<\/p>\n","protected":false},"featured_media":3617,"comment_status":"open","ping_status":"closed","template":"","meta":[],"product_brand":[],"product_cat":[132],"product_tag":[],"class_list":{"0":"post-3653","1":"product","2":"type-product","3":"status-publish","4":"has-post-thumbnail","6":"product_cat-disfuncao-eretil-pt","7":"pa_active_substance-sildenafil","9":"first","10":"instock","11":"shipping-taxable","12":"product-type-variable"},"jetpack_sharing_enabled":true,"_links":{"self":[{"href":"https:\/\/pharmacy-content.com\/wp-json\/wp\/v2\/product\/3653","targetHints":{"allow":["GET"]}}],"collection":[{"href":"https:\/\/pharmacy-content.com\/wp-json\/wp\/v2\/product"}],"about":[{"href":"https:\/\/pharmacy-content.com\/wp-json\/wp\/v2\/types\/product"}],"replies":[{"embeddable":true,"href":"https:\/\/pharmacy-content.com\/wp-json\/wp\/v2\/comments?post=3653"}],"wp:featuredmedia":[{"embeddable":true,"href":"https:\/\/pharmacy-content.com\/wp-json\/wp\/v2\/media\/3617"}],"wp:attachment":[{"href":"https:\/\/pharmacy-content.com\/wp-json\/wp\/v2\/media?parent=3653"}],"wp:term":[{"taxonomy":"product_brand","embeddable":true,"href":"https:\/\/pharmacy-content.com\/wp-json\/wp\/v2\/product_brand?post=3653"},{"taxonomy":"product_cat","embeddable":true,"href":"https:\/\/pharmacy-content.com\/wp-json\/wp\/v2\/product_cat?post=3653"},{"taxonomy":"product_tag","embeddable":true,"href":"https:\/\/pharmacy-content.com\/wp-json\/wp\/v2\/product_tag?post=3653"}],"curies":[{"name":"wp","href":"https:\/\/api.w.org\/{rel}","templated":true}]}}