{"id":3708,"date":"2026-04-22T06:50:37","date_gmt":"2026-04-22T06:50:37","guid":{"rendered":""},"modified":"2026-04-22T06:50:49","modified_gmt":"2026-04-22T06:50:49","slug":"levitra-soft-4","status":"publish","type":"product","link":"https:\/\/pharmacy-content.com\/?product=levitra-soft-4&lang=it","title":{"rendered":"Levitra Soft"},"content":{"rendered":"<p>Levitra Soft \u00e8 un medicinale generico prodotto dalla rinomata azienda farmaceutica Sunrise Remedies. Contenendo il principio attivo Vardenafil, Levitra Soft assicura un maggiore apporto di sangue al pene. Ci\u00f2 permette di raggiungere, in presenza di stimolazione sessuale, un&#8217;erezione soddisfacente e di lunga durata. Pur avendo lo stesso principio del Levitra 20 mg tradizionale, Levitra Soft \u00e8 formulato in compresse che si sciolgono rapidamente in bocca. Questo meccanismo di rilascio assicura che il principio attivo venga assorbito direttamente nel sangue. Si raccomanda di sciogliere le compresse sotto la lingua, dove l\u2019elevata vascolarizzazione capillare garantisce un rapido assorbimento del prodotto. La rapidit\u00e0 d\u2019azione \u00e8 direttamente correlata al suo assorbimento: con le compresse da sciogliere e masticare, l&#8217;effetto si manifesta dopo soli 10-15 minuti. Grazie a questa modalit\u00e0 di assunzione, il Vardenafil Soft agisce molto pi\u00f9 rapidamente ed \u00e8 compatibile con gli alcolici e diversi alimenti, mantenendo inalterata la sua efficacia. La sua durata d&#8217;azione supera le 12 ore.<\/p>\n","protected":false},"excerpt":{"rendered":"<p>Levitra Soft &#8211; comode compresse masticabili che hanno lo stesso principio d\u2019azione, ma un costo significativamente inferiore rispetto al Levitra originale. Questa forma generica in compresse ha un sapore gradevole e non richiede la somministrazione con liquidi. L\u2019effetto del farmaco si manifesta dopo appena 15 minuti dalla sua assunzione e dura per circa 12 ore. La compressa pu\u00f2 essere assunta in combinazione con bevande alcoliche e alimenti grassi. Gli effetti indesiderati sono limitati e si manifestano solo in caso di sovradosaggio..<\/p>\n","protected":false},"featured_media":3678,"comment_status":"open","ping_status":"closed","template":"","meta":[],"product_brand":[],"product_cat":[123],"product_tag":[],"class_list":{"0":"post-3708","1":"product","2":"type-product","3":"status-publish","4":"has-post-thumbnail","6":"product_cat-disfunzione-erettile-it","7":"pa_active_substance-vardenafil","9":"first","10":"instock","11":"shipping-taxable","12":"product-type-variable"},"jetpack_sharing_enabled":true,"_links":{"self":[{"href":"https:\/\/pharmacy-content.com\/index.php?rest_route=\/wp\/v2\/product\/3708","targetHints":{"allow":["GET"]}}],"collection":[{"href":"https:\/\/pharmacy-content.com\/index.php?rest_route=\/wp\/v2\/product"}],"about":[{"href":"https:\/\/pharmacy-content.com\/index.php?rest_route=\/wp\/v2\/types\/product"}],"replies":[{"embeddable":true,"href":"https:\/\/pharmacy-content.com\/index.php?rest_route=%2Fwp%2Fv2%2Fcomments&post=3708"}],"wp:featuredmedia":[{"embeddable":true,"href":"https:\/\/pharmacy-content.com\/index.php?rest_route=\/wp\/v2\/media\/3678"}],"wp:attachment":[{"href":"https:\/\/pharmacy-content.com\/index.php?rest_route=%2Fwp%2Fv2%2Fmedia&parent=3708"}],"wp:term":[{"taxonomy":"product_brand","embeddable":true,"href":"https:\/\/pharmacy-content.com\/index.php?rest_route=%2Fwp%2Fv2%2Fproduct_brand&post=3708"},{"taxonomy":"product_cat","embeddable":true,"href":"https:\/\/pharmacy-content.com\/index.php?rest_route=%2Fwp%2Fv2%2Fproduct_cat&post=3708"},{"taxonomy":"product_tag","embeddable":true,"href":"https:\/\/pharmacy-content.com\/index.php?rest_route=%2Fwp%2Fv2%2Fproduct_tag&post=3708"}],"curies":[{"name":"wp","href":"https:\/\/api.w.org\/{rel}","templated":true}]}}