{"id":3748,"date":"2026-04-22T06:50:43","date_gmt":"2026-04-22T06:50:43","guid":{"rendered":""},"modified":"2026-04-22T06:50:49","modified_gmt":"2026-04-22T06:50:49","slug":"levitra-soft-8","status":"publish","type":"product","link":"https:\/\/pharmacy-content.com\/?product=levitra-soft-8&lang=sv","title":{"rendered":"Levitra Soft"},"content":{"rendered":"<p>Levitra Soft \u00e4r ett generiskt l\u00e4kemedel som tillverkas av det v\u00e4lk\u00e4nda indiska l\u00e4kemedelsf\u00f6retaget Sunrise Remedies. Baserat p\u00e5 generika inneh\u00e5ller det den aktiva ingrediensen Vardenafil, vilket ger en f\u00f6rst\u00e4rkt blodtillf\u00f6rsel till den manliga penisen. Tack vare detta uppn\u00e5s en h\u00f6gkvalitativ och l\u00e5ngvarig erektion under sexuell stimulering. Levitra Soft verkar enligt principer som liknar standard Levitra 20 mg, men skiljer sig \u00e5t i fris\u00e4ttningsform: tabletterna l\u00f6ses upp i munnen och kommer direkt in i blodomloppet. De rekommenderas att du l\u00e5ter tabletten l\u00f6sas upp under tungan, d\u00e4r det st\u00f6rsta antalet kapill\u00e4rk\u00e4rl finns, och d\u00e4r den aktiva ingrediensen absorberas. Effekthastigheten \u00e4r direkt beroende av absorptionshastigheten. Med tabletter f\u00f6r uppl\u00f6sning och tuggning intr\u00e4ffar effekten inom 10 till 15 minuter. Tack vare denna intagsform tr\u00e4der Vardenafil Soft i kraft mycket snabbare och kan perfekt kombineras med alkoholhaltiga drycker och olika livsmedelsprodukter utan att f\u00f6rsvaga dess effekt. Efter intag varar effekten i mer \u00e4n 12 timmar.<\/p>\n","protected":false},"excerpt":{"rendered":"<p>Levitra Soft \u2013 praktiska tuggtabletter som ocks\u00e5 fungerar p\u00e5 samma s\u00e4tt som deras ber\u00f6mda huvudlinje av l\u00e4kemedel, Levitra, men kostar flera g\u00e5nger mindre \u00e4n vanliga Levitra. Denna form av generisk tablett har en behaglig smak och beh\u00f6ver inte tas med vatten. Effekten intr\u00e4der s\u00e5 snart som 15 minuter efter intag av l\u00e4kemedlet och varar i cirka 12 timmar. Tabletten kan kombineras med alkohol och fet mat. Antalet biverkningar \u00e4r mycket f\u00e5 och de uppst\u00e5r endast vid \u00f6verdosering.<\/p>\n","protected":false},"featured_media":3678,"comment_status":"open","ping_status":"closed","template":"","meta":[],"product_brand":[],"product_cat":[135],"product_tag":[],"class_list":{"0":"post-3748","1":"product","2":"type-product","3":"status-publish","4":"has-post-thumbnail","6":"product_cat-erektil-dysfunktion-sv","7":"pa_active_substance-vardenafil","9":"first","10":"instock","11":"shipping-taxable","12":"product-type-variable"},"jetpack_sharing_enabled":true,"_links":{"self":[{"href":"https:\/\/pharmacy-content.com\/index.php?rest_route=\/wp\/v2\/product\/3748","targetHints":{"allow":["GET"]}}],"collection":[{"href":"https:\/\/pharmacy-content.com\/index.php?rest_route=\/wp\/v2\/product"}],"about":[{"href":"https:\/\/pharmacy-content.com\/index.php?rest_route=\/wp\/v2\/types\/product"}],"replies":[{"embeddable":true,"href":"https:\/\/pharmacy-content.com\/index.php?rest_route=%2Fwp%2Fv2%2Fcomments&post=3748"}],"wp:featuredmedia":[{"embeddable":true,"href":"https:\/\/pharmacy-content.com\/index.php?rest_route=\/wp\/v2\/media\/3678"}],"wp:attachment":[{"href":"https:\/\/pharmacy-content.com\/index.php?rest_route=%2Fwp%2Fv2%2Fmedia&parent=3748"}],"wp:term":[{"taxonomy":"product_brand","embeddable":true,"href":"https:\/\/pharmacy-content.com\/index.php?rest_route=%2Fwp%2Fv2%2Fproduct_brand&post=3748"},{"taxonomy":"product_cat","embeddable":true,"href":"https:\/\/pharmacy-content.com\/index.php?rest_route=%2Fwp%2Fv2%2Fproduct_cat&post=3748"},{"taxonomy":"product_tag","embeddable":true,"href":"https:\/\/pharmacy-content.com\/index.php?rest_route=%2Fwp%2Fv2%2Fproduct_tag&post=3748"}],"curies":[{"name":"wp","href":"https:\/\/api.w.org\/{rel}","templated":true}]}}