{"id":3768,"date":"2026-04-22T06:50:46","date_gmt":"2026-04-22T06:50:46","guid":{"rendered":""},"modified":"2026-04-22T06:50:49","modified_gmt":"2026-04-22T06:50:49","slug":"levitra-soft-10","status":"publish","type":"product","link":"https:\/\/pharmacy-content.com\/?product=levitra-soft-10&lang=cs","title":{"rendered":"Levitra Soft"},"content":{"rendered":"<p>Levitra Soft je generick\u00fd l\u00e9k vyr\u00e1b\u011bn\u00fd zn\u00e1mou indickou farmaceutickou spole\u010dnost\u00ed Sunrise Remedies. Na b\u00e1zi generika obsahuje aktivn\u00ed slo\u017eku vardenafil, kter\u00e1 zaji\u0161\u0165uje pos\u00edlen\u00ed prokrven\u00ed mu\u017esk\u00e9ho penisu, d\u00edky \u010demu\u017e doch\u00e1z\u00ed b\u011bhem sexu\u00e1ln\u00ed stimulace k\u00a0dosa\u017een\u00ed vysoce kvalitn\u00ed a dlouhotrvaj\u00edc\u00ed erekce. L\u00e9k Levitra Soft funguje na podobn\u00fdch principech jako standardn\u00ed Levitra 20 mg, li\u0161\u00ed se ale formou uvol\u0148ov\u00e1n\u00ed l\u00e1tek: tablety se rozpou\u0161t\u011bj\u00ed v\u00a0\u00fastech a dost\u00e1vaj\u00ed se p\u0159\u00edmo do krve. Doporu\u010duje se rozpou\u0161t\u011bt je pod jazykem, kde je nejv\u011bt\u0161\u00ed mno\u017estv\u00ed kapil\u00e1r, kudy se m\u016f\u017ee \u00fa\u010dinn\u00e1 l\u00e1tka vst\u0159eb\u00e1vat. Rychlost \u00fa\u010dinku je p\u0159\u00edmo z\u00e1visl\u00e1 na rychlosti absorpce. U tablet ur\u010den\u00fdch k\u00a0rozpu\u0161t\u011bn\u00ed a \u017ev\u00fdk\u00e1n\u00ed se \u00fa\u010dinek dostavuje za 10 a\u017e 15 minut; d\u00edky t\u00e9to form\u011b u\u017e\u00edv\u00e1n\u00ed \u00fa\u010dinkuje Vardenafil Soft mnohem rychleji a d\u00e1 se perfektn\u011b kombinovat s\u00a0alkoholick\u00fdmi n\u00e1poji a r\u016fzn\u00fdmi potravinami, ani\u017e by doch\u00e1zelo k\u00a0oslaben\u00ed jeho \u00fa\u010dink\u016f. Po u\u017eit\u00ed \u00fa\u010dinek trv\u00e1 d\u00e9le ne\u017e 12 hodin.<\/p>\n","protected":false},"excerpt":{"rendered":"<p>Levitra Soft \u2013 praktick\u00e9 \u017ev\u00fdkac\u00ed tablety, kter\u00e9 maj\u00ed stejn\u00fd \u00fa\u010dinek jako zn\u00e1m\u00e1 hlavn\u00ed \u0159ada l\u00e9k\u016f Levitra, jejich cena je ale n\u011bkolikan\u00e1sobn\u011b ni\u017e\u0161\u00ed ne\u017e u b\u011b\u017en\u00e9 Levitry. Tato forma generick\u00e9 tablety m\u00e1 p\u0159\u00edjemnou chu\u0165 a nen\u00ed nutn\u00e9 ji zap\u00edjet vodou. \u00da\u010dinek se dostav\u00ed ji\u017e za 15 minut po u\u017eit\u00ed l\u00e9ku a trv\u00e1 p\u0159ibli\u017en\u011b 12 hodin. Tabletu lze kombinovat s\u00a0alkoholem a tu\u010dn\u00fdmi pokrmy. Mno\u017estv\u00ed vedlej\u0161\u00edch \u00fa\u010dink\u016f je minim\u00e1ln\u00ed a vyskytuj\u00ed se pouze v\u00a0p\u0159\u00edpadech p\u0159ed\u00e1vkov\u00e1n\u00ed.<\/p>\n","protected":false},"featured_media":3678,"comment_status":"open","ping_status":"closed","template":"","meta":[],"product_brand":[],"product_cat":[141],"product_tag":[],"class_list":{"0":"post-3768","1":"product","2":"type-product","3":"status-publish","4":"has-post-thumbnail","6":"product_cat-erektilni-dysfunkce-cs","7":"pa_active_substance-vardenafil","9":"first","10":"instock","11":"shipping-taxable","12":"product-type-variable"},"jetpack_sharing_enabled":true,"_links":{"self":[{"href":"https:\/\/pharmacy-content.com\/index.php?rest_route=\/wp\/v2\/product\/3768","targetHints":{"allow":["GET"]}}],"collection":[{"href":"https:\/\/pharmacy-content.com\/index.php?rest_route=\/wp\/v2\/product"}],"about":[{"href":"https:\/\/pharmacy-content.com\/index.php?rest_route=\/wp\/v2\/types\/product"}],"replies":[{"embeddable":true,"href":"https:\/\/pharmacy-content.com\/index.php?rest_route=%2Fwp%2Fv2%2Fcomments&post=3768"}],"wp:featuredmedia":[{"embeddable":true,"href":"https:\/\/pharmacy-content.com\/index.php?rest_route=\/wp\/v2\/media\/3678"}],"wp:attachment":[{"href":"https:\/\/pharmacy-content.com\/index.php?rest_route=%2Fwp%2Fv2%2Fmedia&parent=3768"}],"wp:term":[{"taxonomy":"product_brand","embeddable":true,"href":"https:\/\/pharmacy-content.com\/index.php?rest_route=%2Fwp%2Fv2%2Fproduct_brand&post=3768"},{"taxonomy":"product_cat","embeddable":true,"href":"https:\/\/pharmacy-content.com\/index.php?rest_route=%2Fwp%2Fv2%2Fproduct_cat&post=3768"},{"taxonomy":"product_tag","embeddable":true,"href":"https:\/\/pharmacy-content.com\/index.php?rest_route=%2Fwp%2Fv2%2Fproduct_tag&post=3768"}],"curies":[{"name":"wp","href":"https:\/\/api.w.org\/{rel}","templated":true}]}}