{"id":3785,"date":"2026-04-22T06:50:54","date_gmt":"2026-04-22T06:50:54","guid":{"rendered":""},"modified":"2026-04-22T06:51:04","modified_gmt":"2026-04-22T06:51:04","slug":"viagra-oral-jelly-2","status":"publish","type":"product","link":"https:\/\/pharmacy-content.com\/de\/product\/viagra-oral-jelly-2\/","title":{"rendered":"Viagra Oral Jelly"},"content":{"rendered":"<p>Bei der Auswahl eines Medikaments zur Wiederherstellung der sexuellen Leistungsf\u00e4higkeit sollte man nicht nur auf Wirksamkeit und Sicherheit, sondern auch auf die praktische Handhabung achten. Es gibt zahlreiche wirksame Methoden und Arzneimittel, die helfen, Probleme wie eine abgeschw\u00e4chte Erektion zu l\u00f6sen. Besonders nachgefragt ist das Viagra-Gel, eine relativ neue Entwicklung, die in ihrer Wirkung der klassischen blauen Tablette sehr \u00e4hnlich ist; anders ist vor allem die deutlich schnellere Wirkung. Das Gel enth\u00e4lt wie die Tabletten Sildenafil, einen Hemmstoff der Phosphodiesterase-5, und wurde f\u00fcr M\u00e4nner entwickelt, die keine Tabletten einnehmen m\u00f6chten (z. B. wegen eines W\u00fcrgereflexes bei Tabletteneinnahme). Dieses Mittel geh\u00f6rt zu den Generika, die die Potenz steigern sollen. Im Vergleich zu den Originaltabletten hat das Gel mehrere Vorteile: es ist praktisch in der Anwendung, hat angenehmen Geschmack und Geruch, wirkt schneller als Tabletten, ist erschwinglich und wird schnell ins Blut aufgenommen. Viagra Oral Jelly ist eine sinnvolle Alternative zum klassischen Sildenafil und beseitigt bei M\u00e4nnern erfolgreich die Symptome von Impotenz.<\/p>\n","protected":false},"excerpt":{"rendered":"<p>Viagra Oral Jelly ist eine neue Formulierung des Medikaments Viagra. Sildenafil \u2013 100 mg. Es wird M\u00e4nnern mit verringerter Potenz verschrieben. Es hilft, die Libido wiederherzustellen und die sexuelle Leistungsf\u00e4higkeit zu verbessern. Es beschleunigt die Erregung des Fortpflanzungssystems und macht die Erektion kr\u00e4ftiger. Die Dauer des Geschlechtsverkehrs wird deutlich erh\u00f6ht. Au\u00dferdem ist das Pr\u00e4parat in verschiedenen angenehmen Geschmacksrichtungen erh\u00e4ltlich und praktisch in der Tasche oder im Geldbeutel zu transportieren. Probieren Sie es aus!<\/p>\n","protected":false},"featured_media":3779,"comment_status":"open","ping_status":"closed","template":"","meta":[],"product_brand":[],"product_cat":[117],"product_tag":[],"class_list":{"0":"post-3785","1":"product","2":"type-product","3":"status-publish","4":"has-post-thumbnail","6":"product_cat-erektile-dysfunktion-de","7":"pa_active_substance-sildenafil","9":"first","10":"instock","11":"shipping-taxable","12":"product-type-variable"},"jetpack_sharing_enabled":true,"_links":{"self":[{"href":"https:\/\/pharmacy-content.com\/wp-json\/wp\/v2\/product\/3785","targetHints":{"allow":["GET"]}}],"collection":[{"href":"https:\/\/pharmacy-content.com\/wp-json\/wp\/v2\/product"}],"about":[{"href":"https:\/\/pharmacy-content.com\/wp-json\/wp\/v2\/types\/product"}],"replies":[{"embeddable":true,"href":"https:\/\/pharmacy-content.com\/wp-json\/wp\/v2\/comments?post=3785"}],"wp:featuredmedia":[{"embeddable":true,"href":"https:\/\/pharmacy-content.com\/wp-json\/wp\/v2\/media\/3779"}],"wp:attachment":[{"href":"https:\/\/pharmacy-content.com\/wp-json\/wp\/v2\/media?parent=3785"}],"wp:term":[{"taxonomy":"product_brand","embeddable":true,"href":"https:\/\/pharmacy-content.com\/wp-json\/wp\/v2\/product_brand?post=3785"},{"taxonomy":"product_cat","embeddable":true,"href":"https:\/\/pharmacy-content.com\/wp-json\/wp\/v2\/product_cat?post=3785"},{"taxonomy":"product_tag","embeddable":true,"href":"https:\/\/pharmacy-content.com\/wp-json\/wp\/v2\/product_tag?post=3785"}],"curies":[{"name":"wp","href":"https:\/\/api.w.org\/{rel}","templated":true}]}}