{"id":3797,"date":"2026-04-22T06:50:56","date_gmt":"2026-04-22T06:50:56","guid":{"rendered":""},"modified":"2026-04-22T06:51:04","modified_gmt":"2026-04-22T06:51:04","slug":"viagra-oral-jelly-4","status":"publish","type":"product","link":"https:\/\/pharmacy-content.com\/it\/product\/viagra-oral-jelly-4\/","title":{"rendered":"Viagra Oral Jelly"},"content":{"rendered":"<p>Quando si acquistano farmaci per ripristinare la potenza sessuale \u00e8 importante scegliere un prodotto che non sia solo efficace e sicuro, ma anche pratico da usare. Attualmente esistono numerosi metodi e rimedi utili per il trattamento della disfunzione erettile. Tra questi, c&#8217;\u00e8 una forte richiesta per il Viagra in formato gel, un&#8217;invenzione relativamente nuova che agisce in modo quasi identico alle classiche compresse blu. La differenza principale tra loro \u00e8 la velocit\u00e0 d&#8217;azione. Il Viagra in forma di gel \u00e8 sempre Sildenafil, un inibitore della fosfodiesterasi di tipo 5, ma \u00e8 stato sviluppato appositamente per gli uomini che, dopo l&#8217;assunzione delle compresse avvertono un senso di nausea o vomito. Questo prodotto rientra nei farmaci generici pensati per aumentare la potenza sessuale. Rispetto alle compresse originali, il gel presenta diversi vantaggi: \u00e8 comodo da usare, ha un sapore e un aroma gradevoli, agisce pi\u00f9 velocemente, \u00e8 pi\u00f9 conveniente, viene assorbito nel flusso sanguigno in un brevissimo lasso di tempo. Il Viagra Oral Jelly \u00e8 quindi un&#8217;alternativa vantaggiosa al classico Sildenafil e risolve in modo efficace i sintomi dell&#8217;impotenza maschile.<\/p>\n","protected":false},"excerpt":{"rendered":"<p>Il Viagra Oral Jelly, contenente 100 mg di Sildenafil, \u00e8 una nuova formulazione del farmaco Viagra. \u00c8 indicato per gli uomini con difficolt\u00e0 nel raggiungere l&#8217;erezione. Questo prodotto aiuta a recuperare la libido e a migliorare l&#8217;attivit\u00e0 sessuale complessiva, accelerando il processo di eccitazione. Rende l&#8217;erezione pi\u00f9 intensa e aumenta notevolmente la durata del rapporto sessuale. Inoltre, il farmaco \u00e8 disponibile in vari gusti gradevoli ed \u00e8 comodissimo da portare con s\u00e9, in tasca o in borsa. Cosa aspetti a provarlo!<\/p>\n","protected":false},"featured_media":3779,"comment_status":"open","ping_status":"closed","template":"","meta":[],"product_brand":[],"product_cat":[123],"product_tag":[],"class_list":{"0":"post-3797","1":"product","2":"type-product","3":"status-publish","4":"has-post-thumbnail","6":"product_cat-disfunzione-erettile-it","7":"pa_active_substance-sildenafil","9":"first","10":"instock","11":"shipping-taxable","12":"product-type-variable"},"jetpack_sharing_enabled":true,"_links":{"self":[{"href":"https:\/\/pharmacy-content.com\/wp-json\/wp\/v2\/product\/3797","targetHints":{"allow":["GET"]}}],"collection":[{"href":"https:\/\/pharmacy-content.com\/wp-json\/wp\/v2\/product"}],"about":[{"href":"https:\/\/pharmacy-content.com\/wp-json\/wp\/v2\/types\/product"}],"replies":[{"embeddable":true,"href":"https:\/\/pharmacy-content.com\/wp-json\/wp\/v2\/comments?post=3797"}],"wp:featuredmedia":[{"embeddable":true,"href":"https:\/\/pharmacy-content.com\/wp-json\/wp\/v2\/media\/3779"}],"wp:attachment":[{"href":"https:\/\/pharmacy-content.com\/wp-json\/wp\/v2\/media?parent=3797"}],"wp:term":[{"taxonomy":"product_brand","embeddable":true,"href":"https:\/\/pharmacy-content.com\/wp-json\/wp\/v2\/product_brand?post=3797"},{"taxonomy":"product_cat","embeddable":true,"href":"https:\/\/pharmacy-content.com\/wp-json\/wp\/v2\/product_cat?post=3797"},{"taxonomy":"product_tag","embeddable":true,"href":"https:\/\/pharmacy-content.com\/wp-json\/wp\/v2\/product_tag?post=3797"}],"curies":[{"name":"wp","href":"https:\/\/api.w.org\/{rel}","templated":true}]}}