{"id":3815,"date":"2026-04-22T06:50:59","date_gmt":"2026-04-22T06:50:59","guid":{"rendered":""},"modified":"2026-04-22T06:51:05","modified_gmt":"2026-04-22T06:51:05","slug":"viagra-oral-jelly-7","status":"publish","type":"product","link":"https:\/\/pharmacy-content.com\/?product=viagra-oral-jelly-7&lang=pt","title":{"rendered":"Viagra Oral Jelly"},"content":{"rendered":"<p>Ao adquirir medicamentos destinados a restaurar a pot\u00eancia sexual, \u00e9 importante escolher n\u00e3o apenas produtos eficazes e seguros, mas tamb\u00e9m de utiliza\u00e7\u00e3o pr\u00e1tica. Atualmente, existem muitos m\u00e9todos e rem\u00e9dios eficazes que ajudam a eliminar problemas como a ere\u00e7\u00e3o fraca. H\u00e1 uma grande procura entre homens pelo gel de Viagra, uma inven\u00e7\u00e3o recente, mas que atua de forma quase id\u00eantica aos cl\u00e1ssicos comprimidos azuis. A principal diferen\u00e7a est\u00e1 na rapidez do in\u00edcio de a\u00e7\u00e3o. O Viagra em forma de gel \u00e9 o mesmo Sildenafil, um inibidor da fosfodiesterase tipo 5, desenvolvido por especialistas para homens que n\u00e3o desejam tomar comprimidos devido ao reflexo de v\u00f3mito que estes podem provocar. Este medicamento \u00e9 um gen\u00e9rico destinado a aumentar a pot\u00eancia. Em compara\u00e7\u00e3o com os comprimidos originais, o gel apresenta v\u00e1rias vantagens. \u00c9 de uso conveniente, tem um sabor e aroma agrad\u00e1veis, atua mais rapidamente do que os comprimidos, \u00e9 acess\u00edvel, e \u00e9 rapidamente absorvido pela corrente sangu\u00ednea. O Viagra Oral Jelly \u00e9 uma alternativa vantajosa ao Sildenafil cl\u00e1ssico e elimina com sucesso os sintomas da impot\u00eancia em indiv\u00edduos do sexo masculino.<\/p>\n","protected":false},"excerpt":{"rendered":"<p>Viagra Oral Jelly \u00e9 uma nova f\u00f3rmula do medicamento Viagra. Sildenafil &#8211; 100 mg. \u00c9 indicado para homens com pot\u00eancia reduzida. Ajuda a recuperar a libido e a melhorar a atividade sexual. Acelera o processo de excita\u00e7\u00e3o do sistema reprodutor e torna a ere\u00e7\u00e3o mais intensa. Aumenta consideravelmente a dura\u00e7\u00e3o da rela\u00e7\u00e3o sexual. Al\u00e9m disso, o medicamento apresenta v\u00e1rios sabores agrad\u00e1veis e \u00e9 pr\u00e1tico de transportar no bolso ou na carteira. Experimente j\u00e1!<\/p>\n","protected":false},"featured_media":3779,"comment_status":"open","ping_status":"closed","template":"","meta":[],"product_brand":[],"product_cat":[132],"product_tag":[],"class_list":{"0":"post-3815","1":"product","2":"type-product","3":"status-publish","4":"has-post-thumbnail","6":"product_cat-disfuncao-eretil-pt","7":"pa_active_substance-sildenafil","9":"first","10":"instock","11":"shipping-taxable","12":"product-type-variable"},"jetpack_sharing_enabled":true,"_links":{"self":[{"href":"https:\/\/pharmacy-content.com\/index.php?rest_route=\/wp\/v2\/product\/3815","targetHints":{"allow":["GET"]}}],"collection":[{"href":"https:\/\/pharmacy-content.com\/index.php?rest_route=\/wp\/v2\/product"}],"about":[{"href":"https:\/\/pharmacy-content.com\/index.php?rest_route=\/wp\/v2\/types\/product"}],"replies":[{"embeddable":true,"href":"https:\/\/pharmacy-content.com\/index.php?rest_route=%2Fwp%2Fv2%2Fcomments&post=3815"}],"wp:featuredmedia":[{"embeddable":true,"href":"https:\/\/pharmacy-content.com\/index.php?rest_route=\/wp\/v2\/media\/3779"}],"wp:attachment":[{"href":"https:\/\/pharmacy-content.com\/index.php?rest_route=%2Fwp%2Fv2%2Fmedia&parent=3815"}],"wp:term":[{"taxonomy":"product_brand","embeddable":true,"href":"https:\/\/pharmacy-content.com\/index.php?rest_route=%2Fwp%2Fv2%2Fproduct_brand&post=3815"},{"taxonomy":"product_cat","embeddable":true,"href":"https:\/\/pharmacy-content.com\/index.php?rest_route=%2Fwp%2Fv2%2Fproduct_cat&post=3815"},{"taxonomy":"product_tag","embeddable":true,"href":"https:\/\/pharmacy-content.com\/index.php?rest_route=%2Fwp%2Fv2%2Fproduct_tag&post=3815"}],"curies":[{"name":"wp","href":"https:\/\/api.w.org\/{rel}","templated":true}]}}