{"id":3907,"date":"2026-04-22T06:51:27","date_gmt":"2026-04-22T06:51:27","guid":{"rendered":""},"modified":"2026-04-22T06:51:36","modified_gmt":"2026-04-22T06:51:36","slug":"sextreme-2","status":"publish","type":"product","link":"https:\/\/pharmacy-content.com\/de\/product\/sextreme-2\/","title":{"rendered":"Sextreme"},"content":{"rendered":"<p>Allgemeine Anwendung<\/p>\n<p>Sextreme mit Dapoxetin ist eine Wirkstoffkombination, die zur Behandlung von erektiler Dysfunktion und vorzeitiger Ejakulation eingesetzt wird. Dadurch hilft es, die Erektion aufrechtzuerhalten und den Geschlechtsverkehr zu verl\u00e4ngern. Sildenafil und Dapoxetin sind die Hauptbestandteile dieses Arzneimittels. Sie zeichnen sich durch eine gef\u00e4\u00dferweiternde und Serotonin-erhaltende Wirkung aus.<\/p>\n<p>Dosierung und Anwendung<\/p>\n<p>Beachten Sie, dass die sichere Dosis des ED-Mittels eine Tablette pro Tag betr\u00e4gt. Es wird innerhalb einer Stunde wirksam. Die Wirkung kann 4 bis 6 Stunden anhalten. Die Pille muss mit einem gro\u00dfen Glas Wasser geschluckt werden. Vermeiden Sie schwere Mahlzeiten, wenn Sie beabsichtigen, die Pillen einzunehmen. Es ist besser, sich an Ihren Arzt zu wenden, um die am besten geeignete Dosierung festzulegen.<\/p>\n<p>Vorsichtsma\u00dfnahmen<\/p>\n<p>Es ist bemerkenswert, dass Alkohol mit den Hauptbestandteilen des Arzneimittels interagiert und zu einer Senkung des Blutdrucks f\u00fchrt oder einen Teil davon erh\u00f6ht andere Nebenwirkungen. Auch auf Grapefruit und deren Saft sollten Sie w\u00e4hrend der Behandlung verzichten. Das betreffende Medikament darf nur von Personen eingenommen werden, die \u00e4lter als 18 Jahre sind.<\/p>\n<p>Kontraindikationen<\/p>\n<p>Wenn Sie die unten aufgef\u00fchrten Probleme haben, d\u00fcrfen Sie nicht mit Sextreme mit Dapoxetin-Tabletten behandelt werden. Es ist wichtig, einen Arzt aufzusuchen, um alle pers\u00f6nlichen Besonderheiten der Behandlung herauszufinden. Herz- oder Herz-Kreislauf-Erkrankungen, Schlaganf\u00e4lle, Herzinfarkte, Angina pectoris, Blutdruckprobleme, Retinitis pigmentosa, An\u00e4mie und HIV-Probleme gelten als Hauptkontraindikationen.<\/p>\n<p>M\u00f6gliche Nebenwirkungen<\/p>\n<p>Es gibt viele Nebenwirkungen, die k\u00f6nnen w\u00e4hrend der Behandlung beobachtet werden. Sie h\u00e4ngen von individuellen Besonderheiten ab. Wenn bei Ihnen einige dieser Symptome auftreten, m\u00fcssen Sie sofort einen Arzt aufsuchen: Gesichtsr\u00f6tung, starke Kopfschmerzen, \u00dcbelkeit, Seh- oder H\u00f6rprobleme, verstopfte Nase, verl\u00e4ngerte Erektionen, Schmerzen im K\u00f6rper und schwerer Seh- und H\u00f6rverlust.<\/p>\n<p>Arzneimittelwechselwirkung<\/p>\n<p>Sextreme mit Dapoxetin-Komponenten interagiert mit einer Reihe anderer chemischer Substanzen. Sie sollten dieses Medikament nicht zusammen mit den unten aufgef\u00fchrten Spezialmedikamenten einnehmen: Nitroprussid-Medikamente, Amylnitrat, Antidepressiva, Serotonin-erh\u00f6hende Medikamente, Tramadol, Linezolid, einige HIV-Substanzen. Beachten Sie, dass nach der Sextreme-mit-Dapoxetin-Therapie etwa 7 Tage vergehen m\u00fcssen, bevor Sie diese Medikamente einnehmen k\u00f6nnen.<\/p>\n<p>Verpasste Dosis<\/p>\n<p>Wenn Sie eine Dosis verpassen, halten Sie sich an Ihr \u00fcbliches Behandlungsschema und lassen Sie einfach eine vergessene Portion aus. Nehmen Sie niemals die doppelte Dosis ein, da dies zu einer \u00dcberdosierung f\u00fchren kann. Denken Sie daran, dass die sichere empfohlene Dosierung die Einnahme von nur einer Tablette pro Tag voraussetzt.<\/p>\n<p>\u00dcberdosierung<\/p>\n<p>Schwere Symptome einer \u00dcberdosierung k\u00f6nnen lebensgef\u00e4hrlich sein. Deshalb m\u00fcssen Sie sich bei Verdacht auf eine \u00dcberdosierung an einen professionellen Arzt wenden. Der Einfluss gro\u00dfer Portionen kann durch schwere Nebenwirkungen gekennzeichnet sein, die lange anhalten.<\/p>\n<p>Aufbewahrung<\/p>\n<p>Bewahren Sie Ihre Pillen au\u00dferhalb der Reichweite von kleinen Kindern und Haustieren auf. Als beste Lagerbedingungen gelten trockene, dunkle Orte mit durchschnittlicher Wohntemperatur. Es ist sinnvoll, die Pillen in der Originalverpackung aufzubewahren.<\/p>\n<p>Haftungsausschluss<\/p>\n<p>Wir stellen nur allgemeine Informationen zu Medikamenten zur Verf\u00fcgung, die nicht alle Anwendungsgebiete, m\u00f6gliche Arzneimittelkombinationen oder Vorsichtsma\u00dfnahmen abdecken. Die Informationen auf der Website k\u00f6nnen nicht zur Selbstbehandlung und Selbstdiagnose verwendet werden. Spezifische Anweisungen f\u00fcr einen bestimmten Patienten sollten mit Ihrem Gesundheitsberater oder dem f\u00fcr den Fall zust\u00e4ndigen Arzt vereinbart werden. Wir lehnen die Zuverl\u00e4ssigkeit dieser Informationen und die darin enthaltenen Fehler ab. Wir haften nicht f\u00fcr direkte, indirekte, besondere oder sonstige indirekte Sch\u00e4den, die sich aus der Nutzung der Informationen auf dieser Website ergeben und auch nicht f\u00fcr Folgen der Selbstbehandlung.<\/p>\n","protected":false},"excerpt":{"rendered":"<p>Sildenafil Citrat Generic-Inhaltsstofftabletten werden in Indien zur Behandlung von Erektionsst\u00f6rungen oder anderen Impotenzproblemen beim Menschen hergestellt. Sextreme-Medikamente lassen sich leicht in den Mund nehmen und schmelzen sehr sanft.<\/p>\n","protected":false},"featured_media":3901,"comment_status":"open","ping_status":"closed","template":"","meta":[],"product_brand":[],"product_cat":[117],"product_tag":[],"class_list":{"0":"post-3907","1":"product","2":"type-product","3":"status-publish","4":"has-post-thumbnail","6":"product_cat-erektile-dysfunktion-de","7":"pa_active_substance-sildenafil","9":"first","10":"instock","11":"shipping-taxable","12":"product-type-variable"},"jetpack_sharing_enabled":true,"_links":{"self":[{"href":"https:\/\/pharmacy-content.com\/wp-json\/wp\/v2\/product\/3907","targetHints":{"allow":["GET"]}}],"collection":[{"href":"https:\/\/pharmacy-content.com\/wp-json\/wp\/v2\/product"}],"about":[{"href":"https:\/\/pharmacy-content.com\/wp-json\/wp\/v2\/types\/product"}],"replies":[{"embeddable":true,"href":"https:\/\/pharmacy-content.com\/wp-json\/wp\/v2\/comments?post=3907"}],"wp:featuredmedia":[{"embeddable":true,"href":"https:\/\/pharmacy-content.com\/wp-json\/wp\/v2\/media\/3901"}],"wp:attachment":[{"href":"https:\/\/pharmacy-content.com\/wp-json\/wp\/v2\/media?parent=3907"}],"wp:term":[{"taxonomy":"product_brand","embeddable":true,"href":"https:\/\/pharmacy-content.com\/wp-json\/wp\/v2\/product_brand?post=3907"},{"taxonomy":"product_cat","embeddable":true,"href":"https:\/\/pharmacy-content.com\/wp-json\/wp\/v2\/product_cat?post=3907"},{"taxonomy":"product_tag","embeddable":true,"href":"https:\/\/pharmacy-content.com\/wp-json\/wp\/v2\/product_tag?post=3907"}],"curies":[{"name":"wp","href":"https:\/\/api.w.org\/{rel}","templated":true}]}}