{"id":3937,"date":"2026-04-22T06:51:31","date_gmt":"2026-04-22T06:51:31","guid":{"rendered":""},"modified":"2026-04-22T06:51:36","modified_gmt":"2026-04-22T06:51:36","slug":"sextreme-7","status":"publish","type":"product","link":"https:\/\/pharmacy-content.com\/pt\/product\/sextreme-7\/","title":{"rendered":"Sextreme"},"content":{"rendered":"<p>Uso comum<\/p>\n<p>Sextreme com Dapoxetina \u00e9 uma combina\u00e7\u00e3o de ingredientes ativos usados para tratar a disfun\u00e7\u00e3o er\u00e9til e a ejacula\u00e7\u00e3o precoce. Assim, ajuda a manter a ere\u00e7\u00e3o e prolongar a rela\u00e7\u00e3o sexual. Sildenafil e dapoxetina s\u00e3o os principais componentes deste medicamento. Eles s\u00e3o caracterizados por efeitos vasodilatadores e de sustenta\u00e7\u00e3o da serotonina.<\/p>\n<p>Dosagem e dire\u00e7\u00e3o<\/p>\n<p>Observe que a dose segura do rem\u00e9dio para DE \u00e9 um comprimido por dia. Torna-se eficiente em uma hora. O efeito pode durar 4 ou 6 horas. A p\u00edlula deve ser engolida com um copo grande de \u00e1gua. Evite refei\u00e7\u00f5es pesadas se pretende tomar os comprimidos. \u00c9 melhor consultar o seu m\u00e9dico para estabelecer a dosagem mais adequada.<\/p>\n<p>Precau\u00e7\u00f5es<\/p>\n<p>\u00c9 not\u00e1vel que o \u00e1lcool interage com os principais componentes do medicamento e leva \u00e0 diminui\u00e7\u00e3o da press\u00e3o arterial ou aumenta alguns outros efeitos colaterais. Voc\u00ea tamb\u00e9m deve evitar a toranja e seu suco durante o tratamento. O medicamento em quest\u00e3o deve ser tomado apenas por pessoas com mais de 18 anos.<\/p>\n<p>Contra-indica\u00e7\u00f5es<\/p>\n<p>Se voc\u00ea tiver algum dos problemas listados abaixo, n\u00e3o deve ser tratado com Sextreme com p\u00edlulas de Dapoxetina. \u00c9 importante consultar um m\u00e9dico para saber todas as peculiaridades pessoais do tratamento. Doen\u00e7as card\u00edacas ou cardiovasculares, acidentes vasculares cerebrais, ataques card\u00edacos, angina, problemas de press\u00e3o arterial, retinite pigmentosa, anemia e problemas de HIV s\u00e3o considerados como principais contra-indica\u00e7\u00f5es.<\/p>\n<p>Poss\u00edveis efeitos colaterais<\/p>\n<p>Existem muitos efeitos colaterais que pode ser observado durante o tratamento. Eles dependem de peculiaridades individuais. Se sentir alguns destes sintomas, deve consultar um m\u00e9dico imediatamente: rubor facial, dor de cabe\u00e7a intensa, n\u00e1useas, problemas de vis\u00e3o, nariz entupido, ere\u00e7\u00f5es prolongadas, dores no corpo e perda grave de vis\u00e3o e audi\u00e7\u00e3o.<\/p>\n<p>Intera\u00e7\u00e3o medicamentosa<\/p>\n<p>O Sextreme com os componentes da Dapoxetina interagem com uma s\u00e9rie de outras subst\u00e2ncias qu\u00edmicas. Voc\u00ea n\u00e3o deve tomar este medicamento com os medicamentos especiais listados abaixo: medicamentos nitroprussiato, nitrato de amila, antidepressivos, medicamentos que aumentam a serotonina, Tramadol, Linezolida, algumas subst\u00e2ncias para HIV. Observe que cerca de 7 dias devem se passar ap\u00f3s a terapia com Sextreme com Dapoxetina antes que voc\u00ea possa tomar esses medicamentos.<\/p>\n<p>Dose esquecida<\/p>\n<p>Quando perder uma dose, siga seu esquema habitual de tratamento e simplesmente pule uma por\u00e7\u00e3o esquecida. Nunca tome uma dose dobrada porque pode causar overdose. Lembre-se que a dosagem segura recomendada pressup\u00f5e tomar apenas um comprimido por dia.<\/p>\n<p>Sobredosagem<\/p>\n<p>Sintomas graves de sobredosagem podem ser perigosos para a sua vida. \u00c9 por isso que voc\u00ea deve consultar um servi\u00e7o m\u00e9dico profissional se suspeitar de overdose. A influ\u00eancia de grandes por\u00e7\u00f5es pode ser caracterizada por efeitos colaterais graves que duram muito tempo.<\/p>\n<p>Armazenamento<\/p>\n<p>Guarde os comprimidos longe do alcance de crian\u00e7as pequenas e animais de estima\u00e7\u00e3o. Locais secos e escuros com temperatura m\u00e9dia s\u00e3o considerados as melhores condi\u00e7\u00f5es para armazenamento. \u00c9 razo\u00e1vel manter os comprimidos em sua embalagem original.<\/p>\n<p>Isen\u00e7\u00e3o de responsabilidade<\/p>\n<p>Fornecemos apenas informa\u00e7\u00f5es gerais sobre medicamentos que n\u00e3o cobrem todas as instru\u00e7\u00f5es, poss\u00edveis integra\u00e7\u00f5es de medicamentos ou precau\u00e7\u00f5es. As informa\u00e7\u00f5es do site n\u00e3o podem ser utilizadas para autotratamento e autodiagn\u00f3stico. Quaisquer instru\u00e7\u00f5es espec\u00edficas para um determinado paciente devem ser acordadas com o seu conselheiro de sa\u00fade ou m\u00e9dico respons\u00e1vel pelo caso. N\u00f3s nos isentamos da confiabilidade dessas informa\u00e7\u00f5es e dos erros que elas possam conter. N\u00e3o nos responsabilizamos por quaisquer danos diretos, indiretos, especiais ou outros danos indiretos resultantes de qualquer uso das informa\u00e7\u00f5es deste site e tamb\u00e9m pelas consequ\u00eancias do autotratamento.<\/p>\n","protected":false},"excerpt":{"rendered":"<p>O comprimido de ingrediente Citrato de Sildenafil Generic \u00e9 fabricado na \u00cdndia para problemas de disfun\u00e7\u00e3o er\u00e9til ou outras doen\u00e7as de impot\u00eancia no homem. O medicamento Sextreme pode ser facilmente tomado na boca e derreter suavemente.<\/p>\n","protected":false},"featured_media":3901,"comment_status":"open","ping_status":"closed","template":"","meta":[],"product_brand":[],"product_cat":[132],"product_tag":[],"class_list":{"0":"post-3937","1":"product","2":"type-product","3":"status-publish","4":"has-post-thumbnail","6":"product_cat-disfuncao-eretil-pt","7":"pa_active_substance-sildenafil","9":"first","10":"instock","11":"shipping-taxable","12":"product-type-variable"},"jetpack_sharing_enabled":true,"_links":{"self":[{"href":"https:\/\/pharmacy-content.com\/wp-json\/wp\/v2\/product\/3937","targetHints":{"allow":["GET"]}}],"collection":[{"href":"https:\/\/pharmacy-content.com\/wp-json\/wp\/v2\/product"}],"about":[{"href":"https:\/\/pharmacy-content.com\/wp-json\/wp\/v2\/types\/product"}],"replies":[{"embeddable":true,"href":"https:\/\/pharmacy-content.com\/wp-json\/wp\/v2\/comments?post=3937"}],"wp:featuredmedia":[{"embeddable":true,"href":"https:\/\/pharmacy-content.com\/wp-json\/wp\/v2\/media\/3901"}],"wp:attachment":[{"href":"https:\/\/pharmacy-content.com\/wp-json\/wp\/v2\/media?parent=3937"}],"wp:term":[{"taxonomy":"product_brand","embeddable":true,"href":"https:\/\/pharmacy-content.com\/wp-json\/wp\/v2\/product_brand?post=3937"},{"taxonomy":"product_cat","embeddable":true,"href":"https:\/\/pharmacy-content.com\/wp-json\/wp\/v2\/product_cat?post=3937"},{"taxonomy":"product_tag","embeddable":true,"href":"https:\/\/pharmacy-content.com\/wp-json\/wp\/v2\/product_tag?post=3937"}],"curies":[{"name":"wp","href":"https:\/\/api.w.org\/{rel}","templated":true}]}}