{"id":3992,"date":"2026-04-22T06:51:45","date_gmt":"2026-04-22T06:51:45","guid":{"rendered":""},"modified":"2026-04-22T07:01:50","modified_gmt":"2026-04-22T07:01:50","slug":"sextreme-power-xl-6","status":"publish","type":"product","link":"https:\/\/pharmacy-content.com\/?product=sextreme-power-xl-6&lang=pl","title":{"rendered":"Sextreme Power XL"},"content":{"rendered":"<p>Powszechnie stosowane<\/p>\n<p>Sextreme Power XL z dapoksetyn\u0105 to po\u0142\u0105czenie sk\u0142adnik\u00f3w aktywnych stosowanych w leczeniu zaburze\u0144 erekcji i przedwczesnego wytrysku. Dzi\u0119ki temu pomaga utrzyma\u0107 erekcj\u0119 i przed\u0142u\u017cy\u0107 stosunek. G\u0142\u00f3wnymi sk\u0142adnikami tego leku s\u0105 sildenafil i dapoksetyna. Charakteryzuj\u0105 si\u0119 dzia\u0142aniem rozszerzaj\u0105cym naczynia krwiono\u015bne i podtrzymuj\u0105cym wydzielanie serotoniny.<\/p>\n<p>Dawkowanie i kierunek dzia\u0142ania<\/p>\n<p>Nale\u017cy pami\u0119ta\u0107, \u017ce bezpieczna dawka leku na zaburzenia erekcji to jedna tabletka dziennie. Dzia\u0142a skutecznie w ci\u0105gu godziny. Efekt mo\u017ce utrzymywa\u0107 si\u0119 od 4 do 6 godzin. Tabletk\u0119 nale\u017cy po\u0142kn\u0105\u0107, popijaj\u0105c du\u017c\u0105 szklank\u0105 wody. Je\u015bli zamierzasz za\u017cywa\u0107 pigu\u0142ki, unikaj ci\u0119\u017ckich posi\u0142k\u00f3w. Lepiej skonsultowa\u0107 si\u0119 z lekarzem w celu ustalenia najw\u0142a\u015bciwszej dawki.<\/p>\n<p>\u015arodki ostro\u017cno\u015bci<\/p>\n<p>Nale\u017cy zauwa\u017cy\u0107, \u017ce alkohol wchodzi w interakcj\u0119 z g\u0142\u00f3wnymi sk\u0142adnikami leku i prowadzi do obni\u017cenia ci\u015bnienia krwi lub wzmo\u017cenia niekt\u00f3rych inne skutki uboczne. Podczas leczenia nale\u017cy tak\u017ce unika\u0107 grejpfrut\u00f3w i ich sok\u00f3w. Rozwa\u017cany lek mog\u0105 przyjmowa\u0107 wy\u0142\u0105cznie osoby, kt\u00f3re uko\u0144czy\u0142y 18 rok \u017cycia.<\/p>\n<p>Przeciwwskazania<\/p>\n<p>Je\u015bli wyst\u0119puj\u0105 u Ciebie wymienione poni\u017cej problemy, nie wolno Ci stosowa\u0107 Viagry z tabletkami Dapoxetine. Wa\u017cne jest, aby skonsultowa\u0107 si\u0119 z lekarzem, aby pozna\u0107 wszystkie osobiste cechy leczenia. Choroby serca lub uk\u0142adu kr\u0105\u017cenia, udary, zawa\u0142y serca, dusznica bolesna, problemy z ci\u015bnieniem krwi, barwnikowe zwyrodnienie siatk\u00f3wki, anemia i problemy z wirusem HIV s\u0105 uwa\u017cane za g\u0142\u00f3wne przeciwwskazania.<\/p>\n<p>Mo\u017cliwe skutki uboczne<\/p>\n<p>Istnieje wiele skutk\u00f3w ubocznych, kt\u00f3re mo\u017cna zaobserwowa\u0107 w trakcie leczenia. Zale\u017c\u0105 od indywidualnych cech. Je\u015bli wyst\u0105pi\u0105 kt\u00f3rekolwiek z tych objaw\u00f3w, nale\u017cy natychmiast uda\u0107 si\u0119 do lekarza: zaczerwienienie twarzy, silny b\u00f3l g\u0142owy, nudno\u015bci, problemy z widzeniem i s\u0142uchem, zatkany nos, przed\u0142u\u017caj\u0105ce si\u0119 erekcje, b\u00f3le cia\u0142a oraz powa\u017cna utrata wzroku i s\u0142uchu.<\/p>\n<p>Interakcje lek\u00f3w<\/p>\n<p>Sextreme Power XL ze sk\u0142adnikami dapoksetyny wchodzi w interakcje z wieloma innymi substancjami chemicznymi. Nie nale\u017cy \u0142\u0105czy\u0107 tego leku z lekami specjalnymi wymienionymi poni\u017cej: leki nitroprusydkowe, azotan amylu, leki przeciwdepresyjne, leki podnosz\u0105ce poziom serotoniny, tramadol, linezolid, niekt\u00f3re substancje stosowane w leczeniu wirusa HIV. Nale\u017cy pami\u0119ta\u0107, \u017ce po terapii Sextreme Power XL z dapoksetyn\u0105 musi up\u0142yn\u0105\u0107 oko\u0142o 7 dni, zanim b\u0119dzie mo\u017cna przyj\u0105\u0107 te leki.<\/p>\n<p>Pomini\u0119ta dawka<\/p>\n<p>W przypadku pomini\u0119cia dawki trzymaj si\u0119 zwyk\u0142ego schematu leczenia i po prostu pomi\u0144 pomini\u0119t\u0105 porcj\u0119. Nigdy nie nale\u017cy stosowa\u0107 dawki podw\u00f3jnej, poniewa\u017c mo\u017ce to prowadzi\u0107 do przedawkowania. Pami\u0119taj, \u017ce bezpieczne zalecane dawkowanie zak\u0142ada przyjmowanie tylko jednej tabletki dziennie.<\/p>\n<p>Przedawkowanie<\/p>\n<p>Ci\u0119\u017ckie objawy przedawkowania mog\u0105 by\u0107 niebezpieczne dla \u017cycia. Dlatego w przypadku podejrzenia przedawkowania nale\u017cy zg\u0142osi\u0107 si\u0119 do profesjonalnej s\u0142u\u017cby medycznej. Wp\u0142yw du\u017cych porcji mo\u017ce charakteryzowa\u0107 si\u0119 powa\u017cnymi skutkami ubocznymi, kt\u00f3re utrzymuj\u0105 si\u0119 przez d\u0142ugi czas.<\/p>\n<p>Przechowywanie<\/p>\n<p>Przechowuj pigu\u0142ki z dala od ma\u0142ych dzieci i zwierz\u0105t domowych. Za najlepsze warunki przechowywania uwa\u017ca si\u0119 suche, ciemne miejsca, w kt\u00f3rych panuje \u015brednia temperatura panuj\u0105ca w domu. Rozs\u0105dne jest przechowywanie tabletek w oryginalnym opakowaniu.<\/p>\n<p>Zastrze\u017cenie<\/p>\n<p>Podajemy jedynie og\u00f3lne informacje na temat lek\u00f3w, kt\u00f3re nie obejmuj\u0105 wszystkich wskaz\u00f3wek, mo\u017cliwych po\u0142\u0105cze\u0144 lek\u00f3w ani \u015brodk\u00f3w ostro\u017cno\u015bci. Informacje zawarte na stronie nie mog\u0105 by\u0107 wykorzystywane do samodzielnego leczenia i autodiagnozy. Wszelkie szczeg\u00f3\u0142owe instrukcje dla konkretnego pacjenta nale\u017cy uzgodni\u0107 z doradc\u0105 ds. opieki zdrowotnej lub lekarzem prowadz\u0105cym dany przypadek. Zrzekamy si\u0119 wiarygodno\u015bci tych informacji i b\u0142\u0119d\u00f3w, jakie mog\u0105 one zawiera\u0107. Nie ponosimy odpowiedzialno\u015bci za jakiekolwiek bezpo\u015brednie, po\u015brednie, szczeg\u00f3lne lub inne po\u015brednie szkody powsta\u0142e w wyniku wykorzystania informacji zawartych na tej stronie, a tak\u017ce za konsekwencje samoleczenia.<\/p>\n","protected":false},"excerpt":{"rendered":"<p>Tabletki Sextreme Power Generic XL to po\u0142\u0105czenie cytrynianu sildenafilu 100 mg i chlorowodorku dapoksetyny 60 mg. Lek ten mo\u017cna stosowa\u0107 u obu rodzaj\u00f3w pacjent\u00f3w cierpi\u0105cych na zaburzenia erekcji i przedwczesny wytrysk.<\/p>\n","protected":false},"featured_media":6248,"comment_status":"open","ping_status":"closed","template":"","meta":[],"product_brand":[],"product_cat":[219],"product_tag":[],"class_list":{"0":"post-3992","1":"product","2":"type-product","3":"status-publish","4":"has-post-thumbnail","6":"product_cat-przedwczesny-wytrysk-pl","7":"pa_active_substance-dapoxetine","8":"pa_active_substance-sildenafil","10":"first","11":"instock","12":"shipping-taxable","13":"product-type-simple"},"jetpack_sharing_enabled":true,"_links":{"self":[{"href":"https:\/\/pharmacy-content.com\/index.php?rest_route=\/wp\/v2\/product\/3992","targetHints":{"allow":["GET"]}}],"collection":[{"href":"https:\/\/pharmacy-content.com\/index.php?rest_route=\/wp\/v2\/product"}],"about":[{"href":"https:\/\/pharmacy-content.com\/index.php?rest_route=\/wp\/v2\/types\/product"}],"replies":[{"embeddable":true,"href":"https:\/\/pharmacy-content.com\/index.php?rest_route=%2Fwp%2Fv2%2Fcomments&post=3992"}],"wp:featuredmedia":[{"embeddable":true,"href":"https:\/\/pharmacy-content.com\/index.php?rest_route=\/wp\/v2\/media\/6248"}],"wp:attachment":[{"href":"https:\/\/pharmacy-content.com\/index.php?rest_route=%2Fwp%2Fv2%2Fmedia&parent=3992"}],"wp:term":[{"taxonomy":"product_brand","embeddable":true,"href":"https:\/\/pharmacy-content.com\/index.php?rest_route=%2Fwp%2Fv2%2Fproduct_brand&post=3992"},{"taxonomy":"product_cat","embeddable":true,"href":"https:\/\/pharmacy-content.com\/index.php?rest_route=%2Fwp%2Fv2%2Fproduct_cat&post=3992"},{"taxonomy":"product_tag","embeddable":true,"href":"https:\/\/pharmacy-content.com\/index.php?rest_route=%2Fwp%2Fv2%2Fproduct_tag&post=3992"}],"curies":[{"name":"wp","href":"https:\/\/api.w.org\/{rel}","templated":true}]}}