{"id":4098,"date":"2026-04-22T06:52:19","date_gmt":"2026-04-22T06:52:19","guid":{"rendered":""},"modified":"2026-04-22T06:52:25","modified_gmt":"2026-04-22T06:52:25","slug":"sildamax-5","status":"publish","type":"product","link":"https:\/\/pharmacy-content.com\/es\/product\/sildamax-5\/","title":{"rendered":"Sildamax"},"content":{"rendered":"<p>Uso com\u00fan<br \/>\nSildamax se utiliza para tratar la disfunci\u00f3n er\u00e9ctil (impotencia) en hombres. Tambi\u00e9n puede utilizarse para tratar la hipertensi\u00f3n arterial pulmonar y mejorar la capacidad de ejercicio. Sildamax relaja los m\u00fasculos de las paredes de los vasos sangu\u00edneos y aumenta el flujo sangu\u00edneo a zonas espec\u00edficas del cuerpo.<\/p>\n<p>Dosis y administraci\u00f3n<br \/>\nTome Sildamax exactamente como se lo recetaron. No tome este medicamento en cantidades mayores ni menores, ni por m\u00e1s tiempo del recomendado. Sildamax generalmente se toma solo cuando es necesario, de 30 minutos a 1 hora antes de la actividad sexual. Puede tomarlo hasta 4 horas antes de la actividad sexual. No tome Sildamax m\u00e1s de una vez al d\u00eda. Sildamax puede ayudarle a tener una erecci\u00f3n cuando hay estimulaci\u00f3n sexual. Una erecci\u00f3n no se produce simplemente tomando una pastilla. Siga las instrucciones de su m\u00e9dico.<\/p>\n<p>Precauciones<br \/>\nPara asegurarse de que Sildamax sea seguro para usted, informe a su m\u00e9dico si alguna vez ha tenido: enfermedad card\u00edaca o problemas del ritmo card\u00edaco, enfermedad de las arterias coronarias; un ataque card\u00edaco, un derrame cerebral o insuficiencia card\u00edaca congestiva; presi\u00f3n arterial alta o baja; enfermedad hep\u00e1tica o renal; un trastorno de las c\u00e9lulas sangu\u00edneas como anemia de c\u00e9lulas falciformes, mieloma m\u00faltiple o leucemia; un trastorno hemorr\u00e1gico como hemofilia; una \u00falcera estomacal; retinosis pigmentaria (una afecci\u00f3n ocular hereditaria); una deformidad f\u00edsica del pene (como la enfermedad de Peyronie); o si le han dicho que no debe tener relaciones sexuales por razones de salud.<br \/>\nBeber alcohol con este medicamento puede causar efectos secundarios.<br \/>\nLa toronja y el jugo de toronja pueden interactuar con el sildenafil y provocar efectos secundarios no deseados. Evite el uso de productos con toronja mientras toma sildenafil.<\/p>\n<p>Contraindicaciones<br \/>\nSildamax est\u00e1 contraindicado en pacientes con antecedentes de hipersensibilidad al sildenafil. Tambi\u00e9n est\u00e1 contraindicado en pacientes con enfermedad venooclusiva pulmonar, \u00falcera estomacal, cardiopat\u00eda, enfermedad renal, enfermedad hep\u00e1tica, pacientes que han sufrido un infarto de miocardio, insuficiencia card\u00edaca, angina de pecho, latidos card\u00edacos irregulares, accidente cerebrovascular, dolor tor\u00e1cico, presi\u00f3n arterial alta o baja, colesterol alto, trastornos hemorr\u00e1gicos, problemas circulatorios, problemas en las c\u00e9lulas sangu\u00edneas como anemia de c\u00e9lulas falciformes, mieloma m\u00faltiple, leucemia, enfermedades oculares o diabetes.<\/p>\n<p>Posibles efectos secundarios<br \/>\nBusque atenci\u00f3n m\u00e9dica de emergencia si presenta signos de una reacci\u00f3n al\u00e9rgica a Sildamax: urticaria; dificultad para respirar; hinchaz\u00f3n de la cara, labios, lengua o garganta.<br \/>\nDeje de tomar Sildamax y busque atenci\u00f3n m\u00e9dica de emergencia si presenta: s\u00edntomas de un ataque card\u00edaco (dolor o presi\u00f3n en el pecho, dolor que se extiende a la mand\u00edbula o el hombro, n\u00e1useas, sudoraci\u00f3n); cambios o p\u00e9rdida repentina de la visi\u00f3n; o si la erecci\u00f3n es dolorosa o dura m\u00e1s de 4 horas (una erecci\u00f3n prolongada puede da\u00f1ar el pene); zumbido en los o\u00eddos o p\u00e9rdida repentina de la audici\u00f3n; ritmo card\u00edaco irregular; hinchaz\u00f3n de manos, tobillos o pies; dificultad para respirar; convulsiones; o sensaci\u00f3n de mareo, como si se fuera a desmayar.<br \/>\nLos efectos secundarios comunes de Sildamax pueden incluir: sofocos (calor, enrojecimiento u hormigueo); dolor de cabeza, mareos; visi\u00f3n anormal (visi\u00f3n borrosa, cambios en la visi\u00f3n del color); goteo o congesti\u00f3n nasal, hemorragia nasal; problemas de sue\u00f1o (insomnio); dolor muscular, dolor de espalda; o malestar estomacal.<\/p>\n<p>Interacci\u00f3n con otros medicamentos<br \/>\nNo tome Sildamax con medicamentos similares, como avanafil (Stendra), tadalafil (Cialis) o vardenafilo (Levitra). Informe a su m\u00e9dico sobre todos los dem\u00e1s medicamentos que usa para la disfunci\u00f3n er\u00e9ctil.<br \/>\nInforme a su m\u00e9dico sobre todos los medicamentos que toma actualmente y cualquier medicamento que comience o deje de usar, especialmente: medicamentos para tratar la presi\u00f3n arterial alta o un trastorno de la pr\u00f3stata; antibi\u00f3ticos: claritromicina, eritromicina o telitromicina; medicamentos antimic\u00f3ticos: ketoconazol o itraconazol; o medicamentos para tratar el VIH\/SIDA: atazanavir, indinavir, ritonavir o saquinavir; nitratos; medicamentos para tratar la hipertensi\u00f3n arterial pulmonar.<br \/>\nEvite usar otros medicamentos para tratar la impotencia, como alprostadil o yohimbina, sin consultar primero con su m\u00e9dico.<\/p>\n<p>Dosis olvidada<br \/>\nDado que Sildamax se usa seg\u00fan sea necesario, es poco probable que olvide una dosis. No tome Sildamax m\u00e1s de una vez al d\u00eda.<\/p>\n<p>Sobredosis<br \/>\nEn caso de que accidentalmente tome una sobredosis de este medicamento y experimente efectos secundarios graves, consulte a su m\u00e9dico. Es fundamental seguir estrictamente la dosis prescrita.<\/p>\n<p>Almacenamiento<br \/>\nConservar a temperatura ambiente, alejado de la humedad y el calor. Mantener fuera del alcance de ni\u00f1os y mascotas.<\/p>\n","protected":false},"excerpt":{"rendered":"<p>La tableta Sildamax (citrato de sildenafil de 100 mg) se usa para tratar la disfunci\u00f3n er\u00e9ctil (impotencia) en los hombres. Sildamax act\u00faa con el inhibidor de la fosfodiesterasa tipo 5, lo que produce un flujo sangu\u00edneo m\u00e1s r\u00e1pido y estable.<\/p>\n","protected":false},"featured_media":4074,"comment_status":"open","ping_status":"closed","template":"","meta":[],"product_brand":[],"product_cat":[126],"product_tag":[],"class_list":{"0":"post-4098","1":"product","2":"type-product","3":"status-publish","4":"has-post-thumbnail","6":"product_cat-disfuncion-erectil-es","7":"pa_active_substance-sildenafilcitrate","9":"first","10":"instock","11":"shipping-taxable","12":"product-type-variable"},"jetpack_sharing_enabled":true,"_links":{"self":[{"href":"https:\/\/pharmacy-content.com\/wp-json\/wp\/v2\/product\/4098","targetHints":{"allow":["GET"]}}],"collection":[{"href":"https:\/\/pharmacy-content.com\/wp-json\/wp\/v2\/product"}],"about":[{"href":"https:\/\/pharmacy-content.com\/wp-json\/wp\/v2\/types\/product"}],"replies":[{"embeddable":true,"href":"https:\/\/pharmacy-content.com\/wp-json\/wp\/v2\/comments?post=4098"}],"wp:featuredmedia":[{"embeddable":true,"href":"https:\/\/pharmacy-content.com\/wp-json\/wp\/v2\/media\/4074"}],"wp:attachment":[{"href":"https:\/\/pharmacy-content.com\/wp-json\/wp\/v2\/media?parent=4098"}],"wp:term":[{"taxonomy":"product_brand","embeddable":true,"href":"https:\/\/pharmacy-content.com\/wp-json\/wp\/v2\/product_brand?post=4098"},{"taxonomy":"product_cat","embeddable":true,"href":"https:\/\/pharmacy-content.com\/wp-json\/wp\/v2\/product_cat?post=4098"},{"taxonomy":"product_tag","embeddable":true,"href":"https:\/\/pharmacy-content.com\/wp-json\/wp\/v2\/product_tag?post=4098"}],"curies":[{"name":"wp","href":"https:\/\/api.w.org\/{rel}","templated":true}]}}