{"id":4141,"date":"2026-04-22T06:52:30","date_gmt":"2026-04-22T06:52:30","guid":{"rendered":""},"modified":"2026-04-22T06:52:39","modified_gmt":"2026-04-22T06:52:39","slug":"super-p-force-2","status":"publish","type":"product","link":"https:\/\/pharmacy-content.com\/de\/product\/super-p-force-2\/","title":{"rendered":"Super P-Force"},"content":{"rendered":"<p>Allgemeine Anwendung<\/p>\n<p>Super P-Force ist ein Medikament, das zur Behandlung zweier m\u00e4nnlicher Probleme insgesamt entwickelt wurde: m\u00e4nnliche Erektionsst\u00f6rung und vorzeitige Ejakulation. Dies sind sehr h\u00e4ufige Erkrankungen bei M\u00e4nnern zwischen 18 und 64 Jahren. Jede Tablette enth\u00e4lt 100 mg Sildenafilcitrat und 60 mg Dapoxetin.<\/p>\n<p>Dosierung und Anwendung<\/p>\n<p>Die Anfangsdosis betr\u00e4gt 25\u2013100 mg, zwischendurch einmal t\u00e4glich einnehmen 30 Minuten und 4 Stunden vor der geplanten sexuellen Aktivit\u00e4t.<\/p>\n<p>Vorsichtsma\u00dfnahmen<\/p>\n<p>Informieren Sie Ihren Arzt, wenn Sie an Hypotonie oder Hypertonie, Herzversagen, koronarer Herzkrankheit, Penisverformungen, Sichelzellenan\u00e4mie oder multipler An\u00e4mie leiden Myelom, Leuk\u00e4mie, Retinitus pigmentosa sowie eine Vorgeschichte von Herzfunktionsst\u00f6rungen, Myokardinfarkt, Schlaganfallarrhythmie, lebensbedrohlichen Herzrhythmusst\u00f6rungen, Herz-Kreislauf-Problemen und Allergien. Nehmen Sie Super P-Force nicht zusammen mit anderen ED-Medikamenten ein.<\/p>\n<p>Kontraindikationen<\/p>\n<p>Super P-Force kann nicht bei Patienten mit einer Allergie gegen das Medikament und seine Bestandteile sowie bei Personen, die mit Nitraten behandelt werden (z. B als Nitroglycerin). Diese Kombination kann zu einem sehr niedrigen Blutdruck f\u00fchren, der m\u00f6glicherweise zu einem Schlaganfall, Herzinfarkt oder Tod f\u00fchren kann. Nehmen Sie dieses Medikament nicht ein, wenn Sie unter 18 Jahre alt sind.<\/p>\n<p>M\u00f6gliche Nebenwirkungen<\/p>\n<p>Bei einigen Patienten kann es zu Niesen, Kopfschmerzen, Durchfall, Schwindel, Magenbeschwerden, Erbrechen, verstopfter Nase und Lichtscheu kommen. Super P-Force kann eine seltene, aber schwerwiegende Erkrankung verursachen, die als Priapismus oder verl\u00e4ngerte Erektion bekannt ist. Wenden Sie sich sofort an Ihren Arzt, wenn Ihre Erektion l\u00e4nger als stundenlang anh\u00e4lt. Ohne sofortige \u00e4rztliche Hilfe kann dieser Zustand Ihren Penis dauerhaft sch\u00e4digen.<\/p>\n<p>Wechselwirkungen mit anderen Medikamenten<\/p>\n<p>Super P-Force sollte Patienten nicht verschrieben werden mit Medikamenten behandelt, die organische Nitrate enthalten. Der Blutspiegel von Super P-Force wird durch Erythromycin, Ketoconazol, Itraconazol und Saquinavir erh\u00f6ht.<\/p>\n<p>Verpasste Dosis<\/p>\n<p>Nehmen Sie Super P-Force bei Bedarf ein, jedoch nicht mehr als eine Tablette pro Tag. Eine regelm\u00e4\u00dfige t\u00e4gliche Einnahme sollte mit Ihrem Arzt abgestimmt werden.<\/p>\n<p>\u00dcberdosierung<\/p>\n<p>Eine Erektion, die l\u00e4nger als vier Stunden anh\u00e4lt, kann ein Zeichen einer \u00dcberdosierung sein. Wenn Sie nach der Einnahme von Super P-Force starke Ohnmachtsanf\u00e4lle, Brustschmerzen, \u00dcbelkeit, unregelm\u00e4\u00dfigen Herzschlag oder Benommenheit beim Sex versp\u00fcren, wenden Sie sich an Ihren Arzt, da Sie m\u00f6glicherweise sofortige medizinische Hilfe ben\u00f6tigen.<\/p>\n<p>Lagerung<\/p>\n<p>Bei Raumtemperatur lagern vor Feuchtigkeit, Sonnenlicht, Kindern und Haustieren in einem dichten Beh\u00e4lter.<\/p>\n<p>Haftungsausschluss<\/p>\n<p>Wir stellen nur allgemeine Informationen \u00fcber Medikamente zur Verf\u00fcgung, die nicht alle Anwendungsgebiete, m\u00f6gliche Arzneimittelkombinationen oder Vorsichtsma\u00dfnahmen abdecken. Die Informationen auf der Website k\u00f6nnen nicht zur Selbstbehandlung und Selbstdiagnose verwendet werden. Spezifische Anweisungen f\u00fcr einen bestimmten Patienten sollten mit Ihrem Gesundheitsberater oder dem f\u00fcr den Fall zust\u00e4ndigen Arzt vereinbart werden. Wir lehnen die Zuverl\u00e4ssigkeit dieser Informationen und die darin enthaltenen Fehler ab. Wir haften nicht f\u00fcr direkte, indirekte, besondere oder sonstige indirekte Sch\u00e4den, die sich aus der Nutzung der Informationen auf dieser Website ergeben und auch nicht f\u00fcr Folgen der Selbstbehandlung.<\/p>\n","protected":false},"excerpt":{"rendered":"<p>Super P-Force Generic ist ein Medikament zur Behandlung der erektilen Dysfunktion und der vorzeitigen Ejakulation bei M\u00e4nnern.<\/p>\n","protected":false},"featured_media":4135,"comment_status":"open","ping_status":"closed","template":"","meta":[],"product_brand":[],"product_cat":[117],"product_tag":[],"class_list":{"0":"post-4141","1":"product","2":"type-product","3":"status-publish","4":"has-post-thumbnail","6":"product_cat-erektile-dysfunktion-de","7":"pa_active_substance-dapoxetine","8":"pa_active_substance-sildenafil","10":"first","11":"instock","12":"shipping-taxable","13":"product-type-variable"},"jetpack_sharing_enabled":true,"_links":{"self":[{"href":"https:\/\/pharmacy-content.com\/wp-json\/wp\/v2\/product\/4141","targetHints":{"allow":["GET"]}}],"collection":[{"href":"https:\/\/pharmacy-content.com\/wp-json\/wp\/v2\/product"}],"about":[{"href":"https:\/\/pharmacy-content.com\/wp-json\/wp\/v2\/types\/product"}],"replies":[{"embeddable":true,"href":"https:\/\/pharmacy-content.com\/wp-json\/wp\/v2\/comments?post=4141"}],"wp:featuredmedia":[{"embeddable":true,"href":"https:\/\/pharmacy-content.com\/wp-json\/wp\/v2\/media\/4135"}],"wp:attachment":[{"href":"https:\/\/pharmacy-content.com\/wp-json\/wp\/v2\/media?parent=4141"}],"wp:term":[{"taxonomy":"product_brand","embeddable":true,"href":"https:\/\/pharmacy-content.com\/wp-json\/wp\/v2\/product_brand?post=4141"},{"taxonomy":"product_cat","embeddable":true,"href":"https:\/\/pharmacy-content.com\/wp-json\/wp\/v2\/product_cat?post=4141"},{"taxonomy":"product_tag","embeddable":true,"href":"https:\/\/pharmacy-content.com\/wp-json\/wp\/v2\/product_tag?post=4141"}],"curies":[{"name":"wp","href":"https:\/\/api.w.org\/{rel}","templated":true}]}}