{"id":4159,"date":"2026-04-22T06:52:33","date_gmt":"2026-04-22T06:52:33","guid":{"rendered":""},"modified":"2026-04-22T06:52:40","modified_gmt":"2026-04-22T06:52:40","slug":"super-p-force-5","status":"publish","type":"product","link":"https:\/\/pharmacy-content.com\/es\/product\/super-p-force-5\/","title":{"rendered":"Super P-Force"},"content":{"rendered":"<p>Uso com\u00fan<\/p>\n<p>Super P-Force es un medicamento dise\u00f1ado para tratar dos problemas masculinos en conjunto: la disfunci\u00f3n er\u00e9ctil masculina y la eyaculaci\u00f3n precoz. Estas son afecciones muy comunes en hombres entre 18 y 64 a\u00f1os. Cada tableta contiene 100 mg de citrato de sildenafil y 60 mg de dapoxetina.<\/p>\n<p>Dosis y direcci\u00f3n<\/p>\n<p>La dosis inicial es de 25 a 100 mg, t\u00f3mela una vez al d\u00eda entre 30 minutos y 4 horas antes de la actividad sexual planificada.<\/p>\n<p>Precauciones<\/p>\n<p>Informe a su m\u00e9dico si tiene hipotensi\u00f3n o hipertensi\u00f3n, insuficiencia card\u00edaca, enfermedad de las arterias coronarias, deformaciones del pene, anemia falciforme, m\u00faltiples mieloma, leucemia, retinitus pigmentosa y tambi\u00e9n antecedentes de disfunci\u00f3n card\u00edaca, infarto de miocardio, arritmia por accidente cerebrovascular, arritmia potencialmente mortal, problemas cardiovasculares, alergias. No tome Super P-Force junto con otros medicamentos para la disfunci\u00f3n er\u00e9ctil.<\/p>\n<p>Contraindicaciones<\/p>\n<p>Super P-Force no se puede utilizar en pacientes con alergia al medicamento y sus componentes y tampoco en personas tratadas con nitratos (como como nitroglicerina). Esta combinaci\u00f3n puede provocar una presi\u00f3n arterial muy baja, potencialmente peligrosa y provocar un derrame cerebral, un ataque card\u00edaco o la muerte. No tome este medicamento si es menor de 18 a\u00f1os<\/p>\n<p>Posibles efectos secundarios<\/p>\n<p>Algunos pacientes pueden experimentar estornudos, dolor de cabeza, diarrea, mareos, malestar estomacal, v\u00f3mitos, congesti\u00f3n nasal, fotofobia. Super P-Force puede causar una afecci\u00f3n rara pero grave conocida como priapismo o erecci\u00f3n prolongada. Comun\u00edquese con su proveedor de atenci\u00f3n m\u00e9dica de inmediato si su erecci\u00f3n contin\u00faa por m\u00e1s de horas; sin atenci\u00f3n m\u00e9dica inmediata, esta afecci\u00f3n puede da\u00f1ar permanentemente su pene.<\/p>\n<p>Interacci\u00f3n con medicamentos<\/p>\n<p>Super P-Force no debe recetarse a los pacientes tratados con medicamentos que contienen nitratos org\u00e1nicos. Los niveles sangu\u00edneos de Super P-Force aumentan con la eritromicina, ketoconazol, itraconazol y saquinavir.<\/p>\n<p>Dosis omitida<\/p>\n<p>Tome Super P-Force cuando sea necesario, pero no m\u00e1s de una tableta al d\u00eda. La ingesta diaria regular debe acordarse con su m\u00e9dico<\/p>\n<p>Sobredosis<\/p>\n<p>Una erecci\u00f3n que dura m\u00e1s de cuatro horas puede ser un signo de sobredosis. Si experimenta desmayos intensos, dolor en el pecho, n\u00e1useas, latidos card\u00edacos irregulares o aturdimiento durante las relaciones sexuales despu\u00e9s de tomar Super P-Force, comun\u00edquese con su m\u00e9dico, ya que es posible que necesite ayuda m\u00e9dica inmediata.<\/p>\n<p>Almacenamiento<\/p>\n<p>Almacenar a temperatura ambiente de la humedad, la luz solar, los ni\u00f1os y las mascotas en un recipiente herm\u00e9tico.<\/p>\n<p>Descargo de responsabilidad<\/p>\n<p>Solo proporcionamos informaci\u00f3n general sobre medicamentos que no cubre todas las instrucciones, posibles integraciones de medicamentos ni precauciones. La informaci\u00f3n del sitio no se puede utilizar para autotratamiento y autodiagn\u00f3stico. Cualquier instrucci\u00f3n espec\u00edfica para un paciente en particular debe acordarse con su asesor de atenci\u00f3n m\u00e9dica o m\u00e9dico a cargo del caso. Renunciamos a la fiabilidad de esta informaci\u00f3n y a los errores que pueda contener. No somos responsables de ning\u00fan da\u00f1o directo, indirecto, especial u otro da\u00f1o indirecto como resultado de cualquier uso de la informaci\u00f3n en este sitio y tampoco de las consecuencias del autotratamiento.<\/p>\n","protected":false},"excerpt":{"rendered":"<p>Super P Force est\u00e1 indicado para el tratamiento de la impotencia masculina y la eyaculaci\u00f3n precoz.<\/p>\n","protected":false},"featured_media":4135,"comment_status":"open","ping_status":"closed","template":"","meta":[],"product_brand":[],"product_cat":[126],"product_tag":[],"class_list":{"0":"post-4159","1":"product","2":"type-product","3":"status-publish","4":"has-post-thumbnail","6":"product_cat-disfuncion-erectil-es","7":"pa_active_substance-dapoxetine","8":"pa_active_substance-sildenafil","10":"first","11":"instock","12":"shipping-taxable","13":"product-type-variable"},"jetpack_sharing_enabled":true,"_links":{"self":[{"href":"https:\/\/pharmacy-content.com\/wp-json\/wp\/v2\/product\/4159","targetHints":{"allow":["GET"]}}],"collection":[{"href":"https:\/\/pharmacy-content.com\/wp-json\/wp\/v2\/product"}],"about":[{"href":"https:\/\/pharmacy-content.com\/wp-json\/wp\/v2\/types\/product"}],"replies":[{"embeddable":true,"href":"https:\/\/pharmacy-content.com\/wp-json\/wp\/v2\/comments?post=4159"}],"wp:featuredmedia":[{"embeddable":true,"href":"https:\/\/pharmacy-content.com\/wp-json\/wp\/v2\/media\/4135"}],"wp:attachment":[{"href":"https:\/\/pharmacy-content.com\/wp-json\/wp\/v2\/media?parent=4159"}],"wp:term":[{"taxonomy":"product_brand","embeddable":true,"href":"https:\/\/pharmacy-content.com\/wp-json\/wp\/v2\/product_brand?post=4159"},{"taxonomy":"product_cat","embeddable":true,"href":"https:\/\/pharmacy-content.com\/wp-json\/wp\/v2\/product_cat?post=4159"},{"taxonomy":"product_tag","embeddable":true,"href":"https:\/\/pharmacy-content.com\/wp-json\/wp\/v2\/product_tag?post=4159"}],"curies":[{"name":"wp","href":"https:\/\/api.w.org\/{rel}","templated":true}]}}