{"id":4299,"date":"2026-04-22T06:53:05","date_gmt":"2026-04-22T06:53:05","guid":{"rendered":""},"modified":"2026-04-22T06:53:09","modified_gmt":"2026-04-22T06:53:09","slug":"tadacip-8","status":"publish","type":"product","link":"https:\/\/pharmacy-content.com\/?product=tadacip-8&lang=sv","title":{"rendered":"Tadacip"},"content":{"rendered":"<p>Vanlig anv\u00e4ndning<\/p>\n<p>Tadacip tillh\u00f6r klassen av l\u00e4kemedel som kallas fosfodiesteras-5 (PDE-5). N\u00e4r sexuell stimulering intr\u00e4ffar, g\u00f6r Tadacip det m\u00f6jligt f\u00f6r en mans penis att fyllas med tillr\u00e4ckligt med blod f\u00f6r att orsaka erektion. Hos m\u00e4n med erektil dysfunktion \u00e4r ett blodfl\u00f6de till penis inte tillr\u00e4ckligt f\u00f6r att producera erektion. Huvudkomponenten i Tadacip \u00e4r Tadalafil, det slappnar av glatta muskler, vidgar blodk\u00e4rlen i penis och detta g\u00f6r att blodet fyller kavern\u00f6sa kroppar och resulterar i erektion. Efter sexuell handling f\u00f6rsvinner erektion som under normala omst\u00e4ndigheter. Erektion kan inte uppn\u00e5s genom att bara ta Tadacip, det kr\u00e4ver sexuell stimulans. Den aktiva substansen i l\u00e4kemedlet \u00e4r Tadalafil.<\/p>\n<p>Dosering och anvisning<\/p>\n<p>Vanlig rekommenderad dos \u00e4r en 20 mg Tadacip (Generic Cialis) tablett per dag. R\u00e5dg\u00f6r med din l\u00e4kare eftersom du kan beh\u00f6va korrigera din dos p\u00e5 grund av vissa tillst\u00e5nd du har. De \u00e4ldre kan vara mer utsatta f\u00f6r biverkningar av Tadalafil; d\u00e4rf\u00f6r rekommenderas f\u00f6rsiktighet i denna grupp.<\/p>\n<p>F\u00f6rsiktighets\u00e5tg\u00e4rder<\/p>\n<p>Tadacip ska inte anv\u00e4ndas till m\u00e4n med hj\u00e4rtsjukdom f\u00f6r vilka sexuell aktivitet inte \u00e4r tillr\u00e5dlig. Det finns ingen information om priapism n\u00e4r erektil dysfunktion behandlas av Tadacip, men hos patienter som behandlas med en annan PDE5-h\u00e4mmare sildenafil kan det f\u00f6rekomma. Om din erektion varar i 4 timmar eller mer b\u00f6r du omedelbart s\u00f6ka medicinsk hj\u00e4lp f\u00f6r att undvika permanent skada p\u00e5 din penis. Informera din l\u00e4kare innan du tar Tadacip om du har onormal penis, inklusive b\u00f6jd penis och fosterskador i penis, hade kransk\u00e4rlssjukdom, arytmi, angina, hj\u00e4rtinfarkt eller hj\u00e4rtsvikt, hypo- eller h\u00f6gt blodtryck, bl\u00f6dning, mags\u00e5r, diabetes, hyperlipidemi (\u00f6verskott av lipider i blodet), sicklecellanemi, lever- eller njursvikt i historien.<\/p>\n<p>Kontraindikationer<\/p>\n<p>Tadacip \u00e4r kontraindicerat hos patienter som anv\u00e4nder n\u00e5gon form av organiskt nitrat, antingen regelbundet och \/ eller intermittent eftersom det kan f\u00f6rst\u00e4rka deras hypotensiva effekt.<\/p>\n<p>M\u00f6jliga biverkningar<\/p>\n<p>De vanligaste biverkningarna av Tadacip \u00e4r huvudv\u00e4rk, myalgi (muskelsm\u00e4rta), dyspepsi (besv\u00e4r i magen efter m\u00e5ltider) och rygg sm\u00e4rta. Vissa patienter kan uppleva rodnad i ansiktet (rodnad), huvudv\u00e4rk, magbesv\u00e4r, diarr\u00e9, influensaliknande symtom och illam\u00e5ende. I mer s\u00e4llsynta fall kan l\u00e5gt blodtryck, dimsyn och f\u00f6r\u00e4ndringar i f\u00e4rgseendet och onormal utl\u00f6sning intr\u00e4ffa.<\/p>\n<p>L\u00e4kemedelsinteraktion<\/p>\n<p>F\u00f6rs\u00f6k att undvika grapefruktjuice, alkoholhaltiga drycker, tobak n\u00e4r du anv\u00e4nder Tadacip. Om du r\u00f6ker tobak och tar Tadacip samtidigt kan detta leda till ett tillst\u00e5nd som kallas NAION (pl\u00f6tslig synnervsrelaterad synf\u00f6rlust). Undvik att ta Tadacip med mediciner som Erythrityl Tetranitrate, Isosorbide Dinitrate, Isosorbide Mononitrat, Nitroglycerin, Pentaerythritol Tetranitrate. Niv\u00e5er och toxicitet av Tadacip \u00f6kar av erytromycin, ketokonazol (Nizoral), itrakonazol (Sporanox), indinavir (Crixivan) och ritonavir (Norvir). Informera din l\u00e4kare om du tar Atazanavir, Bunazosin, Clarithromycin, Doxazosin, Erytromycin, Indinavir, Itraconazole, Ketoconazole, Moxisylyte, Nefazodone, Nelfinavir, Phenoxybenzamine, Phentolamin, Prazosin, Saquinavir, Telithromycin, Tricipda kan beh\u00f6va din dos, Ucintromycin, Tercipa korrektion. Informera din l\u00e4kare om alla receptbelagda och utl\u00e4ndska l\u00e4kemedel och \u00f6rtprodukter du tar.<\/p>\n<p>Missad dos<\/p>\n<p>Tadacip tas vid behov innan ett samlag s\u00e5 ingen missad dos \u00e4r t\u00e4nkt.<\/p>\n<p>\u00d6verdosering<\/p>\n<p>S\u00f6k omedelbar medicinsk hj\u00e4lp om du tror att det tog f\u00f6r mycket av denna medicin.<\/p>\n<p>F\u00f6rvaring<\/p>\n<p>F\u00f6rvara i rumstemperatur mellan 15-30 C (59-86 F) ) borta fr\u00e5n ljus och fukt.<\/p>\n<p>Ansvarsfriskrivning<\/p>\n<p>Vi tillhandah\u00e5ller endast allm\u00e4n information om mediciner som inte t\u00e4cker alla riktningar, m\u00f6jliga l\u00e4kemedelsintegrationer eller f\u00f6rsiktighets\u00e5tg\u00e4rder. Information p\u00e5 webbplatsen kan inte anv\u00e4ndas f\u00f6r sj\u00e4lvbehandling och sj\u00e4lvdiagnos. Eventuella specifika instruktioner f\u00f6r en viss patient b\u00f6r \u00f6verenskommas med din h\u00e4lsor\u00e5dgivare eller l\u00e4kare som \u00e4r ansvarig f\u00f6r \u00e4rendet. Vi fr\u00e5ns\u00e4ger oss tillf\u00f6rlitligheten av denna information och misstag den kan inneh\u00e5lla. Vi ansvarar inte f\u00f6r n\u00e5gra direkta, indirekta, speciella eller andra indirekta skador till f\u00f6ljd av n\u00e5gon anv\u00e4ndning av informationen p\u00e5 denna webbplats och \u00e4ven f\u00f6r konsekvenser av egenbehandling.<\/p>\n","protected":false},"excerpt":{"rendered":"<p>Tadacip Generic g\u00f6r det m\u00f6jligt f\u00f6r en mans penis att fyllas med tillr\u00e4ckligt med blod f\u00f6r att orsaka erektion.<\/p>\n","protected":false},"featured_media":4257,"comment_status":"open","ping_status":"closed","template":"","meta":[],"product_brand":[],"product_cat":[135],"product_tag":[],"class_list":{"0":"post-4299","1":"product","2":"type-product","3":"status-publish","4":"has-post-thumbnail","6":"product_cat-erektil-dysfunktion-sv","7":"pa_active_substance-tadalafil","9":"first","10":"instock","11":"shipping-taxable","12":"product-type-variable"},"jetpack_sharing_enabled":true,"_links":{"self":[{"href":"https:\/\/pharmacy-content.com\/index.php?rest_route=\/wp\/v2\/product\/4299","targetHints":{"allow":["GET"]}}],"collection":[{"href":"https:\/\/pharmacy-content.com\/index.php?rest_route=\/wp\/v2\/product"}],"about":[{"href":"https:\/\/pharmacy-content.com\/index.php?rest_route=\/wp\/v2\/types\/product"}],"replies":[{"embeddable":true,"href":"https:\/\/pharmacy-content.com\/index.php?rest_route=%2Fwp%2Fv2%2Fcomments&post=4299"}],"wp:featuredmedia":[{"embeddable":true,"href":"https:\/\/pharmacy-content.com\/index.php?rest_route=\/wp\/v2\/media\/4257"}],"wp:attachment":[{"href":"https:\/\/pharmacy-content.com\/index.php?rest_route=%2Fwp%2Fv2%2Fmedia&parent=4299"}],"wp:term":[{"taxonomy":"product_brand","embeddable":true,"href":"https:\/\/pharmacy-content.com\/index.php?rest_route=%2Fwp%2Fv2%2Fproduct_brand&post=4299"},{"taxonomy":"product_cat","embeddable":true,"href":"https:\/\/pharmacy-content.com\/index.php?rest_route=%2Fwp%2Fv2%2Fproduct_cat&post=4299"},{"taxonomy":"product_tag","embeddable":true,"href":"https:\/\/pharmacy-content.com\/index.php?rest_route=%2Fwp%2Fv2%2Fproduct_tag&post=4299"}],"curies":[{"name":"wp","href":"https:\/\/api.w.org\/{rel}","templated":true}]}}