{"id":4311,"date":"2026-04-22T06:53:07","date_gmt":"2026-04-22T06:53:07","guid":{"rendered":""},"modified":"2026-04-22T06:53:09","modified_gmt":"2026-04-22T06:53:09","slug":"tadacip-10","status":"publish","type":"product","link":"https:\/\/pharmacy-content.com\/?product=tadacip-10&lang=cs","title":{"rendered":"Tadacip"},"content":{"rendered":"<p>B\u011b\u017en\u00e9 pou\u017eit\u00ed<\/p>\n<p>Tadacip pat\u0159\u00ed do t\u0159\u00eddy l\u00e9k\u016f zn\u00e1m\u00fdch jako fosfodiester\u00e1za-5 (PDE-5). Kdy\u017e dojde k sexu\u00e1ln\u00ed stimulaci, Tadacip umo\u017e\u0148uje, aby se mu\u017esk\u00fd penis naplnil dostate\u010dn\u00fdm mno\u017estv\u00edm krve k vyvol\u00e1n\u00ed erekce. U mu\u017e\u016f s erektiln\u00ed dysfunkc\u00ed nesta\u010d\u00ed pr\u016ftok krve do penisu k vyvol\u00e1n\u00ed erekce. Hlavn\u00ed slo\u017ekou Tadacipu je Tadalafil, uvol\u0148uje hladk\u00e9 svaly, roz\u0161i\u0159uje krevn\u00ed c\u00e9vy v penisu, co\u017e umo\u017e\u0148uje krvi naplnit kavern\u00f3zn\u00ed t\u011bla a v\u00e9st k erekci. Po sexu\u00e1ln\u00edm aktu erekce zmiz\u00ed jako za norm\u00e1ln\u00edch okolnost\u00ed. Erekce nelze dos\u00e1hnout pouh\u00fdm u\u017e\u00edv\u00e1n\u00edm Tadacipu, vy\u017eaduje sexu\u00e1ln\u00ed stimulaci. L\u00e9\u010divou l\u00e1tkou l\u00e9ku je Tadalafil.<\/p>\n<p>D\u00e1vkov\u00e1n\u00ed a sm\u011br<\/p>\n<p>Obvykl\u00e1 doporu\u010den\u00e1 d\u00e1vka je jedna 20mg tableta Tadacip (Generic Cialis) denn\u011b. Pora\u010fte se se sv\u00fdm l\u00e9ka\u0159em, proto\u017ee mo\u017en\u00e1 budete pot\u0159ebovat \u00fapravu d\u00e1vky kv\u016fli ur\u010dit\u00fdm onemocn\u011bn\u00edm, kter\u00e9 m\u00e1te. Star\u0161\u00ed lid\u00e9 mohou b\u00fdt v\u00edce n\u00e1chyln\u00ed k ne\u017e\u00e1douc\u00edm \u00fa\u010dink\u016fm tadalafilu; proto se p\u0159i cvi\u010den\u00ed v t\u00e9to skupin\u011b doporu\u010duje opatrnost.<\/p>\n<p>Bezpe\u010dnostn\u00ed opat\u0159en\u00ed<\/p>\n<p>Tadacip by se nem\u011bl pou\u017e\u00edvat u mu\u017e\u016f se srde\u010dn\u00edm onemocn\u011bn\u00edm, u kter\u00fdch se sexu\u00e1ln\u00ed aktivita nedoporu\u010duje. Neexistuj\u00ed \u017e\u00e1dn\u00e9 informace o priapismu p\u0159i l\u00e9\u010db\u011b erektiln\u00ed dysfunkce Tadacipem, ale u pacient\u016f l\u00e9\u010den\u00fdch jin\u00fdm inhibitorem PDE5 sildenafilem se m\u016f\u017ee vyskytnout. Pokud va\u0161e erekce trv\u00e1 4 hodiny nebo d\u00e9le, m\u011bli byste okam\u017eit\u011b vyhledat l\u00e9ka\u0159skou pomoc, abyste zabr\u00e1nili trval\u00e9mu po\u0161kozen\u00ed va\u0161eho penisu. P\u0159ed u\u017eit\u00edm p\u0159\u00edpravku Tadacip informujte sv\u00e9ho l\u00e9ka\u0159e, pokud m\u00e1te abnorm\u00e1ln\u00ed penis, v\u010detn\u011b zak\u0159iven\u00e9ho penisu a vrozen\u00fdch vad penisu, m\u011bl jste onemocn\u011bn\u00ed koron\u00e1rn\u00edch tepen, arytmii, anginu pectoris, srde\u010dn\u00ed infarkt nebo srde\u010dn\u00ed selh\u00e1n\u00ed, hypo- nebo hypertenzi, krv\u00e1cen\u00ed, \u017ealude\u010dn\u00ed v\u0159edy, cukrovku, hyperlipid\u00e9mie (nadbytek lipid\u016f v krvi), srpkovit\u00e1 an\u00e9mie, selh\u00e1n\u00ed jater nebo ledvin v anamn\u00e9ze.<\/p>\n<p>Kontraindikace<\/p>\n<p>Tadacip je kontraindikov\u00e1n u pacient\u016f, kte\u0159\u00ed u\u017e\u00edvaj\u00ed jakoukoli formu organick\u00fdch nitr\u00e1t\u016f, a\u0165 u\u017e pravideln\u011b nebo \/ nebo p\u0159eru\u0161ovan\u011b, proto\u017ee je schopen zes\u00edlit jejich hypotenzn\u00ed \u00fa\u010dinek.<\/p>\n<p>Mo\u017en\u00e9 vedlej\u0161\u00ed \u00fa\u010dinky<\/p>\n<p>Nej\u010dast\u011bj\u0161\u00edmi vedlej\u0161\u00edmi \u00fa\u010dinky p\u0159\u00edpravku Tadacip jsou bolest hlavy, myalgie (bolesti sval\u016f), dyspepsie (\u017ealude\u010dn\u00ed nevolnost po j\u00eddle) a z\u00e1da bolest. U n\u011bkter\u00fdch pacient\u016f se m\u016f\u017ee objevit z\u010derven\u00e1n\u00ed obli\u010deje (zarudnut\u00ed), bolesti hlavy, \u017ealude\u010dn\u00ed nevolnost, pr\u016fjem, p\u0159\u00edznaky podobn\u00e9 ch\u0159ipce a nevolnost. Ve vz\u00e1cn\u011bj\u0161\u00edch p\u0159\u00edpadech se m\u016f\u017ee objevit n\u00edzk\u00fd krevn\u00ed tlak, rozmazan\u00e9 vid\u011bn\u00ed a zm\u011bny barevn\u00e9ho vid\u011bn\u00ed a abnorm\u00e1ln\u00ed ejakulace.<\/p>\n<p>Drogov\u00e1 interakce<\/p>\n<p>P\u0159i u\u017e\u00edv\u00e1n\u00ed Tadacipu se sna\u017ete vyhnout grapefruitov\u00e9 \u0161\u0165\u00e1v\u011b, alkoholick\u00fdm n\u00e1poj\u016fm a tab\u00e1ku. Pokud kou\u0159\u00edte tab\u00e1k a sou\u010dasn\u011b u\u017e\u00edv\u00e1te Tadacip, m\u016f\u017ee to v\u00e9st ke stavu zvan\u00e9mu NAION (n\u00e1hl\u00e1 ztr\u00e1ta zraku souvisej\u00edc\u00ed s o\u010dn\u00edm nervem). Vyhn\u011bte se u\u017e\u00edv\u00e1n\u00ed Tadacipu s l\u00e9ky, jako je erythrityltetranitr\u00e1t, isosorbiddinitr\u00e1t, isosorbidmononitr\u00e1t, nitroglycerin, pentaerythritoltetranitr\u00e1t. Hladiny a toxicitu Tadacipu zvy\u0161uj\u00ed erythromycin, ketokonazol (Nizoral), itrakonazol (Sporanox), indinavir (Crixivan) a ritonavir (Norvir). Informujte sv\u00e9ho l\u00e9ka\u0159e, pokud u\u017e\u00edv\u00e1te atazanavir, bunazosin, klarithromycin, doxazosin, erythromycin, indinavir, itrakonazol, ketokonazol, moxisylyte, nefazodon, nelfinavir, fenoxybenzamin, fentolamin, prazosin, saquinavir, d\u00e1vku p\u0159\u00edpravku Udilosdamazin, telithromycin, p\u0159\u00edpravek Udilosdamazin, Telithromycin oprava. Informujte sv\u00e9ho l\u00e9ka\u0159e o v\u0161ech p\u0159edepsan\u00fdch l\u00e9c\u00edch a rostlinn\u00fdch produktech a rostlinn\u00fdch produktech, kter\u00e9 u\u017e\u00edv\u00e1te.<\/p>\n<p>Vynechan\u00e1 d\u00e1vka<\/p>\n<p>Tadacip se u\u017e\u00edv\u00e1 v p\u0159\u00edpad\u011b pot\u0159eby p\u0159ed pohlavn\u00edm stykem, tak\u017ee se nep\u0159edpokl\u00e1d\u00e1 \u017e\u00e1dn\u00e1 vynechan\u00e1 d\u00e1vka.<\/p>\n<p>P\u0159ed\u00e1vkov\u00e1n\u00ed<\/p>\n<p>Pokud se domn\u00edv\u00e1te, \u017ee jste u\u017eili p\u0159\u00edli\u0161 mnoho tohoto l\u00e9ku, vyhledejte okam\u017eitou l\u00e9ka\u0159skou pomoc.<\/p>\n<p>Skladujte<\/p>\n<p>Skladujte p\u0159i pokojov\u00e9 teplot\u011b 15\u201330 \u00b0C ) mimo dosah sv\u011btla a vlhkosti.<\/p>\n<p>Z\u0159eknut\u00ed se odpov\u011bdnosti<\/p>\n<p>Poskytujeme pouze obecn\u00e9 informace o l\u00e9c\u00edch, kter\u00e9 nepokr\u00fdvaj\u00ed v\u0161echny pokyny, mo\u017en\u00e1 integrace l\u00e9k\u016f nebo preventivn\u00ed opat\u0159en\u00ed. Informace na m\u00edst\u011b nelze pou\u017e\u00edt pro samol\u00e9\u010dbu a autodiagnostiku. Jak\u00e9koli specifick\u00e9 pokyny pro konkr\u00e9tn\u00edho pacienta by m\u011bly b\u00fdt dohodnuty se sv\u00fdm zdravotn\u00edm poradcem nebo l\u00e9ka\u0159em, kter\u00fd m\u00e1 na starosti dan\u00fd p\u0159\u00edpad. Odm\u00edt\u00e1me spolehlivost t\u011bchto informac\u00ed a chyby, kter\u00e9 by mohly obsahovat. Nejsme zodpov\u011bdn\u00ed za \u017e\u00e1dn\u00e9 p\u0159\u00edm\u00e9, nep\u0159\u00edm\u00e9, zvl\u00e1\u0161tn\u00ed nebo jin\u00e9 nep\u0159\u00edm\u00e9 \u0161kody v d\u016fsledku jak\u00e9hokoli pou\u017eit\u00ed informac\u00ed na t\u011bchto str\u00e1nk\u00e1ch a tak\u00e9 za n\u00e1sledky samol\u00e9\u010dby.<\/p>\n","protected":false},"excerpt":{"rendered":"<p>Tadacip Generic umo\u017e\u0148uje, aby se mu\u017esk\u00fd penis naplnil dostate\u010dn\u00fdm mno\u017estv\u00edm krve k vyvol\u00e1n\u00ed erekce.<\/p>\n","protected":false},"featured_media":4257,"comment_status":"open","ping_status":"closed","template":"","meta":[],"product_brand":[],"product_cat":[141],"product_tag":[],"class_list":{"0":"post-4311","1":"product","2":"type-product","3":"status-publish","4":"has-post-thumbnail","6":"product_cat-erektilni-dysfunkce-cs","7":"pa_active_substance-tadalafil","9":"first","10":"instock","11":"shipping-taxable","12":"product-type-variable"},"jetpack_sharing_enabled":true,"_links":{"self":[{"href":"https:\/\/pharmacy-content.com\/index.php?rest_route=\/wp\/v2\/product\/4311","targetHints":{"allow":["GET"]}}],"collection":[{"href":"https:\/\/pharmacy-content.com\/index.php?rest_route=\/wp\/v2\/product"}],"about":[{"href":"https:\/\/pharmacy-content.com\/index.php?rest_route=\/wp\/v2\/types\/product"}],"replies":[{"embeddable":true,"href":"https:\/\/pharmacy-content.com\/index.php?rest_route=%2Fwp%2Fv2%2Fcomments&post=4311"}],"wp:featuredmedia":[{"embeddable":true,"href":"https:\/\/pharmacy-content.com\/index.php?rest_route=\/wp\/v2\/media\/4257"}],"wp:attachment":[{"href":"https:\/\/pharmacy-content.com\/index.php?rest_route=%2Fwp%2Fv2%2Fmedia&parent=4311"}],"wp:term":[{"taxonomy":"product_brand","embeddable":true,"href":"https:\/\/pharmacy-content.com\/index.php?rest_route=%2Fwp%2Fv2%2Fproduct_brand&post=4311"},{"taxonomy":"product_cat","embeddable":true,"href":"https:\/\/pharmacy-content.com\/index.php?rest_route=%2Fwp%2Fv2%2Fproduct_cat&post=4311"},{"taxonomy":"product_tag","embeddable":true,"href":"https:\/\/pharmacy-content.com\/index.php?rest_route=%2Fwp%2Fv2%2Fproduct_tag&post=4311"}],"curies":[{"name":"wp","href":"https:\/\/api.w.org\/{rel}","templated":true}]}}