{"id":4391,"date":"2026-04-22T06:53:32","date_gmt":"2026-04-22T06:53:32","guid":{"rendered":""},"modified":"2026-04-22T06:53:40","modified_gmt":"2026-04-22T06:53:40","slug":"tadalista-3","status":"publish","type":"product","link":"https:\/\/pharmacy-content.com\/fr\/product\/tadalista-3\/","title":{"rendered":"Tadalista"},"content":{"rendered":"<p>Utilisation courante<br \/>\nTadalista est prescrit aux hommes ayant des difficult\u00e9s \u00e0 obtenir et \u00e0 maintenir une \u00e9rection. Il agit uniquement apr\u00e8s stimulation sexuelle. Ce m\u00e9dicament est un inhibiteur de la phosphodiest\u00e9rase de type 5. Il d\u00e9tend les vaisseaux sanguins du p\u00e9nis, permettant ainsi au sang de circuler dans le p\u00e9nis.<br \/>\nPosologie et mode d&#8217;administration<br \/>\nTadalista doit \u00eatre pris environ une demi-heure avant le d\u00e9but de toute activit\u00e9 sexuelle. Par voie orale, il doit \u00eatre aval\u00e9 avec de l&#8217;eau, pendant ou en dehors des repas. L&#8217;effet du m\u00e9dicament commence 30 minutes apr\u00e8s la prise et dure jusqu&#8217;\u00e0 36 heures.<br \/>\nPr\u00e9cautions<br \/>\nCe m\u00e9dicament n&#8217;est pas destin\u00e9 aux femmes et aux enfants. Respectez scrupuleusement la posologie prescrite et ne d\u00e9passez pas la dose recommand\u00e9e. Tadalista ne doit pas \u00eatre recommand\u00e9 aux patients ayant re\u00e7u une mise en garde contre toute activit\u00e9 sexuelle en raison de probl\u00e8mes cardiaques. Ne prenez pas ce m\u00e9dicament avec d&#8217;autres m\u00e9dicaments pour le traitement de la dysfonction \u00e9rectile, sauf avis contraire de votre m\u00e9decin. \u00c9vitez de prendre ce m\u00e9dicament avec des aliments riches en graisses et de l&#8217;alcool, car cela pourrait r\u00e9duire l&#8217;efficacit\u00e9 de Tadalista. Informez votre m\u00e9decin si vous souffrez d&#8217;an\u00e9mie falciforme, de my\u00e9lome, de leuc\u00e9mie, de toute d\u00e9formation du p\u00e9nis, d&#8217;insuffisance r\u00e9nale ou h\u00e9patique s\u00e9v\u00e8re.<br \/>\nContre-indications<br \/>\nTadalista est contre-indiqu\u00e9 chez les personnes trait\u00e9es simultan\u00e9ment par des d\u00e9riv\u00e9s nitr\u00e9s, car il peut entra\u00eener une chute soudaine et potentiellement mortelle de la tension art\u00e9rielle.<br \/>\nEffets secondaires possibles<br \/>\nLes effets secondaires du m\u00e9dicament peuvent inclure : maux de t\u00eate, myalgies (douleurs musculaires), maux de dos, dyspepsie (indigestion), br\u00fblures d&#8217;estomac, bouff\u00e9es vasomotrices, \u00e9coulement nasal, vision floue, incapacit\u00e9 \u00e0 distinguer le bleu et le vert, diarrh\u00e9e et infections urinaires. Une diminution de la dose peut en att\u00e9nuer les effets.<br \/>\nLes effets secondaires moins fr\u00e9quents sont : \u00e9ruptions cutan\u00e9es au visage, sensibilit\u00e9 accrue \u00e0 la lumi\u00e8re, frissons, perte d\u2019\u00e9quilibre, douleurs et faiblesses thoraciques, migraines, troubles de la fonction h\u00e9patique, colite, s\u00e9cheresse buccale, gingivite, insuffisance cardiaque, acc\u00e9l\u00e9ration du rythme cardiaque, hypotension art\u00e9rielle, \u00e9vanouissements dus \u00e0 une chute de tension art\u00e9rielle et formation de caillots sanguins.<br \/>\nInteractions m\u00e9dicamenteuses<br \/>\nNe prenez jamais Tadalista avec des m\u00e9dicaments contenant des nitrates, par exemple ceux utilis\u00e9s pour traiter l\u2019angine de poitrine, comme la nitroglyc\u00e9rine (sous forme de comprim\u00e9s, de pommades, de sprays, de patchs ou de p\u00e2tes), le mononitrate et le dinitrate d\u2019isosorbide, ou des drogues r\u00e9cr\u00e9atives (\u00ab poppers \u00bb) comme le nitrate ou le nitrite d\u2019amyle.<br \/>\nOubli de dose<br \/>\nCe m\u00e9dicament est \u00e0 prendre en cas de besoin. Ne pas d\u00e9passer la dose recommand\u00e9e.<br \/>\nSurdosage<br \/>\nEn cas de suspicion de surdosage, consulter un m\u00e9decin en urgence.<br \/>\nConservation<br \/>\nConserver \u00e0 temp\u00e9rature ambiante dans un r\u00e9cipient herm\u00e9tique et sec, hors de port\u00e9e des enfants et des animaux. Ne pas conserver apr\u00e8s la date de p\u00e9remption.<\/p>\n","protected":false},"excerpt":{"rendered":"<p>Tadalista est une alternative puissante et \u00e9conomique au Cialis. En fait, ces deux m\u00e9dicaments ne diff\u00e8rent que par le fabricant, les actions et les effets restent les m\u00eames, puisque la base d\u2019un m\u00e9dicament reste le tadalafil.<\/p>\n","protected":false},"featured_media":4379,"comment_status":"open","ping_status":"closed","template":"","meta":[],"product_brand":[],"product_cat":[120],"product_tag":[],"class_list":{"0":"post-4391","1":"product","2":"type-product","3":"status-publish","4":"has-post-thumbnail","6":"product_cat-dysfonction-erectile-fr","7":"pa_active_substance-tadalafil","9":"first","10":"instock","11":"shipping-taxable","12":"product-type-variable"},"jetpack_sharing_enabled":true,"_links":{"self":[{"href":"https:\/\/pharmacy-content.com\/wp-json\/wp\/v2\/product\/4391","targetHints":{"allow":["GET"]}}],"collection":[{"href":"https:\/\/pharmacy-content.com\/wp-json\/wp\/v2\/product"}],"about":[{"href":"https:\/\/pharmacy-content.com\/wp-json\/wp\/v2\/types\/product"}],"replies":[{"embeddable":true,"href":"https:\/\/pharmacy-content.com\/wp-json\/wp\/v2\/comments?post=4391"}],"wp:featuredmedia":[{"embeddable":true,"href":"https:\/\/pharmacy-content.com\/wp-json\/wp\/v2\/media\/4379"}],"wp:attachment":[{"href":"https:\/\/pharmacy-content.com\/wp-json\/wp\/v2\/media?parent=4391"}],"wp:term":[{"taxonomy":"product_brand","embeddable":true,"href":"https:\/\/pharmacy-content.com\/wp-json\/wp\/v2\/product_brand?post=4391"},{"taxonomy":"product_cat","embeddable":true,"href":"https:\/\/pharmacy-content.com\/wp-json\/wp\/v2\/product_cat?post=4391"},{"taxonomy":"product_tag","embeddable":true,"href":"https:\/\/pharmacy-content.com\/wp-json\/wp\/v2\/product_tag?post=4391"}],"curies":[{"name":"wp","href":"https:\/\/api.w.org\/{rel}","templated":true}]}}