{"id":4613,"date":"2026-04-22T06:54:18","date_gmt":"2026-04-22T06:54:18","guid":{"rendered":""},"modified":"2026-04-22T06:54:26","modified_gmt":"2026-04-22T06:54:26","slug":"valif-3","status":"publish","type":"product","link":"https:\/\/pharmacy-content.com\/?product=valif-3&lang=fr","title":{"rendered":"Valif"},"content":{"rendered":"<p>Utilisation courante<br \/>\nValif est utilis\u00e9 pour traiter la dysfonction \u00e9rectile chez l&#8217;homme. Il augmente le flux sanguin vers le p\u00e9nis pour favoriser l&#8217;\u00e9rection. Il agit en relaxant les vaisseaux sanguins du p\u00e9nis, permettant ainsi au sang d&#8217;affluer dans le p\u00e9nis lors d&#8217;une excitation sexuelle.<br \/>\nPosologie et mode d&#8217;emploi<br \/>\nLe comprim\u00e9 Valif peut \u00eatre pris \u00e0 jeun ou au cours d&#8217;un repas. Il doit \u00eatre pris strictement selon les recommandations de votre m\u00e9decin. Ce m\u00e9dicament ne vous aidera \u00e0 obtenir une \u00e9rection que si vous \u00eates sexuellement stimul\u00e9. Vous devez le prendre environ une heure avant le rapport sexuel. Le d\u00e9lai d&#8217;action varie d&#8217;une personne \u00e0 l&#8217;autre, mais il est g\u00e9n\u00e9ralement compris entre 30 minutes et une heure. Ne le prenez que si vous en avez besoin et s&#8217;il vous a \u00e9t\u00e9 prescrit par un m\u00e9decin.<br \/>\nPr\u00e9cautions<br \/>\nVous ne devez pas conduire si ce m\u00e9dicament provoque des \u00e9tourdissements.<br \/>\n\u00c9vitez de consommer de l&#8217;alcool pendant le traitement, car cela peut entra\u00eener des effets secondaires.<br \/>\nLe comprim\u00e9 Valif doit \u00eatre utilis\u00e9 avec prudence chez les patients atteints d&#8217;une maladie r\u00e9nale s\u00e9v\u00e8re. Un ajustement posologique de Valif peut \u00eatre n\u00e9cessaire. Veuillez consulter votre m\u00e9decin.<br \/>\nLe comprim\u00e9 Valif doit \u00eatre utilis\u00e9 avec prudence chez les patients atteints d&#8217;une maladie du foie. Un ajustement posologique de Valif peut \u00eatre n\u00e9cessaire. Veuillez consulter votre m\u00e9decin.<br \/>\nContre-indications<br \/>\nCe m\u00e9dicament n&#8217;est pas destin\u00e9 aux femmes et les hommes doivent \u00e9viter d&#8217;utiliser d&#8217;autres m\u00e9dicaments pour traiter l&#8217;impuissance sans consulter un m\u00e9decin.<br \/>\nLa prise concomitante de Valif et de m\u00e9dicaments appel\u00e9s nitrates (souvent prescrits pour les douleurs thoraciques) peut \u00eatre dangereuse.<br \/>\nNe prenez pas ce m\u00e9dicament si vous souffrez de graves probl\u00e8mes cardiaques ou h\u00e9patiques, si vous avez r\u00e9cemment subi un accident vasculaire c\u00e9r\u00e9bral (AVC) ou une crise cardiaque, ou si vous souffrez d&#8217;hypotension art\u00e9rielle. Si vous souffrez de ces probl\u00e8mes ou de tout autre probl\u00e8me de sant\u00e9, informez-en votre m\u00e9decin avant de prendre ce m\u00e9dicament.<br \/>\nEffets secondaires possibles<br \/>\nLa plupart des effets secondaires ne n\u00e9cessitent pas de consultation m\u00e9dicale et disparaissent \u00e0 mesure que votre organisme s&#8217;adapte au m\u00e9dicament. Consultez votre m\u00e9decin s&#8217;ils persistent ou vous inqui\u00e8tent.<br \/>\nEffets secondaires fr\u00e9quents de Valif : Bouff\u00e9es vasomotrices (sensation de chaleur au niveau du visage, des oreilles, du cou et du tronc) ; Vertiges ; Maux de t\u00eate ; Naus\u00e9es ; Maux d&#8217;estomac ; Congestion nasale (nez bouch\u00e9) ; Dyspepsie ; \u00c9ruption cutan\u00e9e ; Inflammation des sinus ; Sympt\u00f4mes pseudo-grippaux ; Augmentation du taux de cr\u00e9atine dans le sang ; Douleurs dorsales.<br \/>\nInteraction m\u00e9dicamenteuse<br \/>\nLe m\u00e9tabolisme de Valif est inhib\u00e9 par l&#8217;\u00e9rythromycine, le k\u00e9toconazole (Nizoral), l&#8217;itraconazole (Sporanox), l&#8217;indinavir (Crixivan) et le ritonavir (Norvir). Valif r\u00e9duit la concentration de ritonavir et d&#8217;indinavir.<br \/>\nChez les patients trait\u00e9s par nitrates, Valif peut aggraver les douleurs thoraciques en augmentant la fr\u00e9quence cardiaque et en diminuant la tension art\u00e9rielle. Valif peut amplifier l&#8217;effet hypotenseur des alpha-bloquants (t\u00e9razosine ou Hytrin). Valif ne doit jamais \u00eatre administr\u00e9 aux patients trait\u00e9s par nitrates organiques.<br \/>\nDose oubli\u00e9e<br \/>\nSi vous oubliez une dose de Valif, prenez-la d\u00e8s que possible. Cependant, s&#8217;il est presque l&#8217;heure de la dose suivante, sautez la dose oubli\u00e9e et reprenez votre sch\u00e9ma posologique habituel. Ne doublez pas la dose.<br \/>\nSurdosage<br \/>\nLes sympt\u00f4mes d&#8217;un surdosage incluent : douleurs au dos, \u00e0 la m\u00e2choire, au bras, c\u00e9cit\u00e9, vision trouble, douleur ou g\u00eane thoracique, baisse de la vision, vision floue.<br \/>\nConservation<br \/>\nConserver \u00e0 temp\u00e9rature ambiante entre 15 et 30 \u00b0C (59 et 86 \u00b0F), \u00e0 l&#8217;abri des enfants, des animaux, de l&#8217;humidit\u00e9 et de la lumi\u00e8re du soleil.<\/p>\n","protected":false},"excerpt":{"rendered":"<p>Valif est utilis\u00e9 dans le traitement des troubles de la sexualit\u00e9 comme l&#8217;impuissance ou la dysfonction \u00e9rectile.<\/p>\n","protected":false},"featured_media":4601,"comment_status":"open","ping_status":"closed","template":"","meta":[],"product_brand":[],"product_cat":[120],"product_tag":[],"class_list":{"0":"post-4613","1":"product","2":"type-product","3":"status-publish","4":"has-post-thumbnail","6":"product_cat-dysfonction-erectile-fr","7":"pa_active_substance-vardenafil","9":"first","10":"instock","11":"shipping-taxable","12":"product-type-variable"},"jetpack_sharing_enabled":true,"_links":{"self":[{"href":"https:\/\/pharmacy-content.com\/index.php?rest_route=\/wp\/v2\/product\/4613","targetHints":{"allow":["GET"]}}],"collection":[{"href":"https:\/\/pharmacy-content.com\/index.php?rest_route=\/wp\/v2\/product"}],"about":[{"href":"https:\/\/pharmacy-content.com\/index.php?rest_route=\/wp\/v2\/types\/product"}],"replies":[{"embeddable":true,"href":"https:\/\/pharmacy-content.com\/index.php?rest_route=%2Fwp%2Fv2%2Fcomments&post=4613"}],"wp:featuredmedia":[{"embeddable":true,"href":"https:\/\/pharmacy-content.com\/index.php?rest_route=\/wp\/v2\/media\/4601"}],"wp:attachment":[{"href":"https:\/\/pharmacy-content.com\/index.php?rest_route=%2Fwp%2Fv2%2Fmedia&parent=4613"}],"wp:term":[{"taxonomy":"product_brand","embeddable":true,"href":"https:\/\/pharmacy-content.com\/index.php?rest_route=%2Fwp%2Fv2%2Fproduct_brand&post=4613"},{"taxonomy":"product_cat","embeddable":true,"href":"https:\/\/pharmacy-content.com\/index.php?rest_route=%2Fwp%2Fv2%2Fproduct_cat&post=4613"},{"taxonomy":"product_tag","embeddable":true,"href":"https:\/\/pharmacy-content.com\/index.php?rest_route=%2Fwp%2Fv2%2Fproduct_tag&post=4613"}],"curies":[{"name":"wp","href":"https:\/\/api.w.org\/{rel}","templated":true}]}}