{"id":4625,"date":"2026-04-22T06:54:20","date_gmt":"2026-04-22T06:54:20","guid":{"rendered":""},"modified":"2026-04-22T06:54:26","modified_gmt":"2026-04-22T06:54:26","slug":"valif-5","status":"publish","type":"product","link":"https:\/\/pharmacy-content.com\/?product=valif-5&lang=es","title":{"rendered":"Valif"},"content":{"rendered":"<p>Uso com\u00fan<br \/>\nValif se utiliza para tratar la disfunci\u00f3n er\u00e9ctil en hombres. Aumenta el flujo sangu\u00edneo al pene para ayudar a los hombres a lograr una erecci\u00f3n. Act\u00faa relajando los vasos sangu\u00edneos del pene, lo que permite que la sangre fluya hacia \u00e9l cuando se experimenta excitaci\u00f3n sexual.<br \/>\nDosis y administraci\u00f3n<br \/>\nEl comprimido de Valif puede tomarse con el est\u00f3mago vac\u00edo o con las comidas. Debe tomarse estrictamente seg\u00fan las indicaciones de su m\u00e9dico. El medicamento solo le ayudar\u00e1 a lograr una erecci\u00f3n si est\u00e1 sexualmente estimulado. Debe tomarlo aproximadamente una hora antes de tener relaciones sexuales. El tiempo que tarda en hacer efecto var\u00eda seg\u00fan la persona, pero normalmente tarda entre 30 minutos y una hora. T\u00f3melo solo si lo necesita y si se lo ha recetado un m\u00e9dico.<br \/>\nPrecauciones<br \/>\nNo debe conducir si este medicamento le produce mareos.<br \/>\nEvite consumir alcohol mientras toma este medicamento, ya que puede provocar efectos secundarios.<br \/>\nValif debe usarse con precauci\u00f3n en pacientes con enfermedad renal grave. Podr\u00eda ser necesario ajustar la dosis de Valif. Consulte a su m\u00e9dico.<br \/>\nValif debe usarse con precauci\u00f3n en pacientes con enfermedad hep\u00e1tica. Podr\u00eda ser necesario ajustar la dosis de Valif. Consulte a su m\u00e9dico.<br \/>\nContraindicaciones<br \/>\nEste medicamento no est\u00e1 indicado para mujeres, y los hombres deben evitar usar otros medicamentos para la impotencia sin consultar a un m\u00e9dico.<br \/>\nValif puede ser peligroso si se toma junto con nitratos (medicamentos que se suelen administrar para el dolor de pecho).<br \/>\nNo tome este medicamento si padece problemas card\u00edacos o hep\u00e1ticos graves, si ha sufrido recientemente un derrame cerebral o un infarto de miocardio, o si tiene la presi\u00f3n arterial baja. Informe a su m\u00e9dico si padece estos u otros problemas de salud antes de tomarlo.<br \/>\nPosibles efectos secundarios<br \/>\nLa mayor\u00eda de los efectos secundarios no requieren atenci\u00f3n m\u00e9dica y desaparecen a medida que su cuerpo se adapta al medicamento. Consulte a su m\u00e9dico si persisten o si le preocupan.<br \/>\nEfectos secundarios comunes de Valif: Rubor (sensaci\u00f3n de calor en la cara, o\u00eddos, cuello y tronco); Mareos; Dolor de cabeza; N\u00e1useas; Malestar estomacal; Congesti\u00f3n nasal (nariz tapada); Dispepsia; Erupci\u00f3n cut\u00e1nea; Inflamaci\u00f3n de los senos paranasales; S\u00edntomas gripales; Aumento del nivel de creatina en sangre; Dolor de espalda.<br \/>\nInteracci\u00f3n farmacol\u00f3gica<br \/>\nEl metabolismo de Valif es inhibido por la eritromicina, el ketoconazol (Nizoral), el itraconazol (Sporanox), el indinavir (Crixivan) y el ritonavir (Norvir). Valif reduce la concentraci\u00f3n de ritonavir e indinavir.<br \/>\nEn pacientes tratados con nitratos, Valif puede agravar el dolor tor\u00e1cico al aumentar la frecuencia card\u00edaca y disminuir la presi\u00f3n arterial. Valif puede potenciar los efectos hipotensores de los alfabloqueantes (terazosina o Hytrin). Valif nunca debe administrarse a pacientes tratados con nitratos org\u00e1nicos.<br \/>\nDosis olvidada<br \/>\nSi olvida una dosis de Valif, t\u00f3mela lo antes posible. Sin embargo, si es casi la hora de su siguiente dosis, omita la dosis olvidada y retome su horario habitual. No duplique la dosis.<br \/>\nSobredosis<br \/>\nLos s\u00edntomas de sobredosis incluyen dolor de espalda, mand\u00edbula y brazo, ceguera, visi\u00f3n borrosa, dolor o malestar en el pecho, disminuci\u00f3n de la visi\u00f3n y visi\u00f3n borrosa.<br \/>\nAlmacenamiento<br \/>\nConservar a temperatura ambiente entre 15 y 30 \u00b0C (59 y 86 \u00b0F), alejado de ni\u00f1os, mascotas, la humedad y la luz solar.<\/p>\n","protected":false},"excerpt":{"rendered":"<p>Valif se utiliza para tratar problemas de la funci\u00f3n sexual como la Impotencia o la disfunci\u00f3n er\u00e9ctil.<\/p>\n","protected":false},"featured_media":4601,"comment_status":"open","ping_status":"closed","template":"","meta":[],"product_brand":[],"product_cat":[126],"product_tag":[],"class_list":{"0":"post-4625","1":"product","2":"type-product","3":"status-publish","4":"has-post-thumbnail","6":"product_cat-disfuncion-erectil-es","7":"pa_active_substance-vardenafil","9":"first","10":"instock","11":"shipping-taxable","12":"product-type-variable"},"jetpack_sharing_enabled":true,"_links":{"self":[{"href":"https:\/\/pharmacy-content.com\/index.php?rest_route=\/wp\/v2\/product\/4625","targetHints":{"allow":["GET"]}}],"collection":[{"href":"https:\/\/pharmacy-content.com\/index.php?rest_route=\/wp\/v2\/product"}],"about":[{"href":"https:\/\/pharmacy-content.com\/index.php?rest_route=\/wp\/v2\/types\/product"}],"replies":[{"embeddable":true,"href":"https:\/\/pharmacy-content.com\/index.php?rest_route=%2Fwp%2Fv2%2Fcomments&post=4625"}],"wp:featuredmedia":[{"embeddable":true,"href":"https:\/\/pharmacy-content.com\/index.php?rest_route=\/wp\/v2\/media\/4601"}],"wp:attachment":[{"href":"https:\/\/pharmacy-content.com\/index.php?rest_route=%2Fwp%2Fv2%2Fmedia&parent=4625"}],"wp:term":[{"taxonomy":"product_brand","embeddable":true,"href":"https:\/\/pharmacy-content.com\/index.php?rest_route=%2Fwp%2Fv2%2Fproduct_brand&post=4625"},{"taxonomy":"product_cat","embeddable":true,"href":"https:\/\/pharmacy-content.com\/index.php?rest_route=%2Fwp%2Fv2%2Fproduct_cat&post=4625"},{"taxonomy":"product_tag","embeddable":true,"href":"https:\/\/pharmacy-content.com\/index.php?rest_route=%2Fwp%2Fv2%2Fproduct_tag&post=4625"}],"curies":[{"name":"wp","href":"https:\/\/api.w.org\/{rel}","templated":true}]}}