{"id":4637,"date":"2026-04-22T06:54:22","date_gmt":"2026-04-22T06:54:22","guid":{"rendered":""},"modified":"2026-04-22T06:54:26","modified_gmt":"2026-04-22T06:54:26","slug":"valif-7","status":"publish","type":"product","link":"https:\/\/pharmacy-content.com\/pt\/product\/valif-7\/","title":{"rendered":"Valif"},"content":{"rendered":"<p>Uso comum<br \/>\nValif \u00e9 um medicamento oral usado para tratar a disfun\u00e7\u00e3o er\u00e9til. A estimula\u00e7\u00e3o sexual causa a produ\u00e7\u00e3o e libera\u00e7\u00e3o de \u00f3xido n\u00edtrico das termina\u00e7\u00f5es nervosas dos corpos cavernosos do p\u00eanis, ativando assim a enzima guanilato ciclase. A guanilato ciclase, por sua vez, \u00e9 respons\u00e1vel pela produ\u00e7\u00e3o de guanosina monofosfato c\u00edclico (cGMP). O cGMP provoca alargamento e relaxamento dos vasos sangu\u00edneos que transportam sangue para o p\u00e9nis. Valif evita que a enzima fosfodiesterase-5 destrua o cGMP e, portanto, ajuda a apoiar o fluxo sangu\u00edneo para o p\u00eanis.<\/p>\n<p>Dosagem e dire\u00e7\u00e3o<br \/>\nA dose recomendada de Valif \u00e9 de 10 mg por dia, tomada uma hora antes da rela\u00e7\u00e3o sexual. Se n\u00e3o ocorrerem efeitos colaterais, a dosagem pode ser aumentada at\u00e9 20 mg. Em caso de efeitos adversos a dose \u00e9 reduzida para 5 mg por dia. N\u00e3o tome mais de um comprimido de Valif por dia.<\/p>\n<p>Precau\u00e7\u00f5es<br \/>\nValif n\u00e3o foi estudado em pessoas com doen\u00e7as cardiovasculares, por isso \u00e9 prefer\u00edvel evit\u00e1-lo em pacientes que sofreram acidente vascular cerebral, insufici\u00eancia card\u00edaca ou ataque card\u00edaco. na hist\u00f3ria e especialmente nos \u00faltimos seis meses. Antes de tomar Valif informe o seu m\u00e9dico se tiver problemas renais ou hep\u00e1ticos, um dist\u00farbio hemorr\u00e1gico, \u00falcera estomacal ou um dist\u00farbio heredit\u00e1rio da retina, como retinite pigmentosa, rea\u00e7\u00e3o al\u00e9rgica a este medicamento ou qualquer outro medicamento, deforma\u00e7\u00e3o do p\u00eanis, como angula\u00e7\u00e3o, fibrose cavernosa (doen\u00e7a de Peyronie), bem como em doen\u00e7as que contribuem para o desenvolvimento de priapismo (anemia falciforme, mieloma m\u00faltiplo, leucemia ou leucemia).<\/p>\n<p>Contra-indica\u00e7\u00f5es<br \/>\nValif \u00e9 contra-indicado em pacientes com hipersensibilidade aos seus ingredientes, aqueles tratados com nitratos org\u00e2nicos, em pacientes com menos de 16 anos, ou aqueles que tomam inibidores da protease do HIV, como indinavir e ritonavir.<\/p>\n<p>Poss\u00edveis efeitos colaterais<br \/>\nValif \u00e9 geralmente bem tolerado e os efeitos colaterais, se ocorrerem, s\u00e3o transit\u00f3rios. Os efeitos colaterais mais frequentes s\u00e3o: dor de cabe\u00e7a, rubor (hiperemia da pessoa); freq\u00fcente; tontura, diarr\u00e9ia, n\u00e1usea, congest\u00e3o nasal. Os efeitos adversos mais raros e incomuns s\u00e3o fotossensibilidade da pele, hipertens\u00e3o, dor nas costas, olhos lacrimejantes, hipotens\u00e3o, mialgia, priapismo.<\/p>\n<p>Intera\u00e7\u00e3o medicamentosa<br \/>\nO metabolismo do Valif \u00e9 inibido pela eritromicina, cetoconazol (Nizoral), itraconazol (Sporanox), indinavir ( Crixivan) e ritonavir (Norvir). Valif reduz a concentra\u00e7\u00e3o de ritonavir e indinavir. Em pacientes tratados com nitratos, Valif pode agravar a dor no peito, aumentando a frequ\u00eancia card\u00edaca e diminuindo a press\u00e3o arterial. Valif \u00e9 capaz de exagerar os efeitos redutores da press\u00e3o arterial dos medicamentos bloqueadores alfa (terazosina ou Hytrin). Valif nunca deve ser administrado em pacientes tratados com nitratos org\u00e2nicos.<\/p>\n<p>Dose esquecida<br \/>\nValif \u00e9 tomado quando necess\u00e1rio, mas n\u00e3o mais do que uma vez ao dia, portanto, a dose esquecida n\u00e3o \u00e9 suposta.<\/p>\n<p>Sobredosagem<br \/>\nOs sintomas de sobredosagem incluem dor em costas, mand\u00edbula, bra\u00e7o, cegueira, vis\u00e3o turva, dor ou desconforto no peito, diminui\u00e7\u00e3o da vis\u00e3o, vis\u00e3o turva.<\/p>\n<p>Armazenamento<br \/>\nArmazene em temperatura ambiente entre 15-30 C (59-86 F) longe de crian\u00e7as, animais de estima\u00e7\u00e3o, umidade e luz solar.<\/p>\n<p>Isen\u00e7\u00e3o de responsabilidade<br \/>\nFornecemos apenas informa\u00e7\u00f5es gerais sobre medicamentos que n\u00e3o cobrem todas as instru\u00e7\u00f5es, poss\u00edveis integra\u00e7\u00f5es de medicamentos ou precau\u00e7\u00f5es. As informa\u00e7\u00f5es do site n\u00e3o podem ser utilizadas para autotratamento e autodiagn\u00f3stico. As instru\u00e7\u00f5es espec\u00edficas para um determinado paciente devem ser acordadas com o seu conselheiro de sa\u00fade ou m\u00e9dico respons\u00e1vel pelo caso. N\u00f3s nos isentamos da confiabilidade dessas informa\u00e7\u00f5es e dos erros que elas possam conter. N\u00e3o nos responsabilizamos por quaisquer danos diretos, indiretos, especiais ou outros danos indiretos resultantes de qualquer uso das informa\u00e7\u00f5es deste site e tamb\u00e9m pelas consequ\u00eancias do autotratamento.<\/p>\n","protected":false},"excerpt":{"rendered":"<p>Valif Generic \u00e9 usado para tratar a disfun\u00e7\u00e3o er\u00e9til, que \u00e9 a incapacidade do homem de manter uma ere\u00e7\u00e3o. Funciona relaxando os m\u00fasculos do p\u00eanis, permitindo que mais sangue flua para ele. O ingrediente ativo do Valif Generic \u00e9 o vardenafil. O medicamento foi disponibilizado pela primeira vez em 2003 e, nos Estados Unidos, s\u00f3 \u00e9 poss\u00edvel obt\u00ea-lo mediante receita m\u00e9dica. O Valif Generic \u00e9 tomado conforme a necessidade, cerca de uma hora antes da hora do sexo. \u00c1lcool e toranja devem ser evitados ao tomar este medicamento, pois podem produzir efeitos colaterais graves.<\/p>\n","protected":false},"featured_media":4601,"comment_status":"open","ping_status":"closed","template":"","meta":[],"product_brand":[],"product_cat":[132],"product_tag":[],"class_list":{"0":"post-4637","1":"product","2":"type-product","3":"status-publish","4":"has-post-thumbnail","6":"product_cat-disfuncao-eretil-pt","7":"pa_active_substance-vardenafil","9":"first","10":"instock","11":"shipping-taxable","12":"product-type-variable"},"jetpack_sharing_enabled":true,"_links":{"self":[{"href":"https:\/\/pharmacy-content.com\/wp-json\/wp\/v2\/product\/4637","targetHints":{"allow":["GET"]}}],"collection":[{"href":"https:\/\/pharmacy-content.com\/wp-json\/wp\/v2\/product"}],"about":[{"href":"https:\/\/pharmacy-content.com\/wp-json\/wp\/v2\/types\/product"}],"replies":[{"embeddable":true,"href":"https:\/\/pharmacy-content.com\/wp-json\/wp\/v2\/comments?post=4637"}],"wp:featuredmedia":[{"embeddable":true,"href":"https:\/\/pharmacy-content.com\/wp-json\/wp\/v2\/media\/4601"}],"wp:attachment":[{"href":"https:\/\/pharmacy-content.com\/wp-json\/wp\/v2\/media?parent=4637"}],"wp:term":[{"taxonomy":"product_brand","embeddable":true,"href":"https:\/\/pharmacy-content.com\/wp-json\/wp\/v2\/product_brand?post=4637"},{"taxonomy":"product_cat","embeddable":true,"href":"https:\/\/pharmacy-content.com\/wp-json\/wp\/v2\/product_cat?post=4637"},{"taxonomy":"product_tag","embeddable":true,"href":"https:\/\/pharmacy-content.com\/wp-json\/wp\/v2\/product_tag?post=4637"}],"curies":[{"name":"wp","href":"https:\/\/api.w.org\/{rel}","templated":true}]}}