{"id":4655,"date":"2026-04-22T06:54:24","date_gmt":"2026-04-22T06:54:24","guid":{"rendered":""},"modified":"2026-04-22T06:54:27","modified_gmt":"2026-04-22T06:54:27","slug":"valif-10","status":"publish","type":"product","link":"https:\/\/pharmacy-content.com\/?product=valif-10&lang=cs","title":{"rendered":"Valif"},"content":{"rendered":"<p>B\u011b\u017en\u00e9 pou\u017eit\u00ed<br \/>\nValif je peror\u00e1ln\u00ed l\u00e9k pou\u017e\u00edvan\u00fd k l\u00e9\u010db\u011b erektiln\u00ed dysfunkce. Sexu\u00e1ln\u00ed stimulace zp\u016fsobuje produkci a uvol\u0148ov\u00e1n\u00ed oxidu dusnat\u00e9ho z nervov\u00fdch zakon\u010den\u00ed kavern\u00f3zn\u00edch t\u011bles penisu, \u010d\u00edm\u017e se aktivuje enzym guanyl\u00e1tcykl\u00e1za. Guanyl\u00e1tcykl\u00e1za je zase zodpov\u011bdn\u00e1 za produkci cyklick\u00e9ho guanosinmonofosf\u00e1tu (cGMP). cGMP zp\u016fsobuje roz\u0161\u00ed\u0159en\u00ed a relaxaci krevn\u00edch c\u00e9v p\u0159iv\u00e1d\u011bj\u00edc\u00edch krev do penisu. Valif zabra\u0148uje enzymu fosfodiester\u00e1zy-5 ni\u010dit cGMP a pom\u00e1h\u00e1 tak podporovat prokrven\u00ed penisu.<\/p>\n<p>D\u00e1vkov\u00e1n\u00ed a sm\u011br<br \/>\nDoporu\u010den\u00e1 d\u00e1vka Valifu je 10 mg denn\u011b u\u017e\u00edvan\u00e1 hodinu p\u0159ed pohlavn\u00edm stykem. Pokud se nevyskytnou \u017e\u00e1dn\u00e9 ne\u017e\u00e1douc\u00ed \u00fa\u010dinky, lze d\u00e1vku zv\u00fd\u0161it a\u017e na 20 mg. V p\u0159\u00edpad\u011b ne\u017e\u00e1douc\u00edch \u00fa\u010dink\u016f se d\u00e1vka sni\u017euje na 5 mg denn\u011b. Neu\u017e\u00edvejte v\u00edce ne\u017e jednu tabletu Valifu denn\u011b.<\/p>\n<p>Bezpe\u010dnostn\u00ed opat\u0159en\u00ed<br \/>\nValif nebyl studov\u00e1n u lid\u00ed s kardiovaskul\u00e1rn\u00edm onemocn\u011bn\u00edm, proto je lep\u0161\u00ed se Valifu vyhnout u pacient\u016f, kte\u0159\u00ed maj\u00ed mrtvici, srde\u010dn\u00ed selh\u00e1n\u00ed nebo srde\u010dn\u00ed infarkt. v historii a zejm\u00e9na za posledn\u00edch \u0161est m\u011bs\u00edc\u016f. Ne\u017e za\u010dnete Valif u\u017e\u00edvat, informujte sv\u00e9ho l\u00e9ka\u0159e, pokud m\u00e1te probl\u00e9my s ledvinami nebo j\u00e1try, poruchu krv\u00e1cen\u00ed, \u017ealude\u010dn\u00ed v\u0159ed nebo d\u011bdi\u010dnou poruchu s\u00edtnice, jako je retinitis pigmentosa, alergickou reakci na tento l\u00e9k nebo jin\u00e9 l\u00e9ky, deformaci penisu, jako je za\u00fahlen\u00ed, kavern\u00f3zn\u00ed fibr\u00f3za (Peyronieho choroba), stejn\u011b jako u nemoc\u00ed, kter\u00e9 p\u0159isp\u00edvaj\u00ed k rozvoji priapismu (srpkovit\u00e1 an\u00e9mie, mnoho\u010detn\u00fd myelom, leuk\u00e9mie nebo leuk\u00e9mie).<\/p>\n<p>Kontraindikace<br \/>\nValif je kontraindikov\u00e1n u pacient\u016f s p\u0159ecitliv\u011blost\u00ed na jeho slo\u017eky, u pacient\u016f l\u00e9\u010den\u00fdch organick\u00fdmi nitr\u00e1ty, u pacient\u016f mlad\u0161\u00edch 16 let nebo u pacient\u016f, kte\u0159\u00ed u\u017e\u00edvaj\u00ed inhibitory HIV prote\u00e1zy, jako je indinavir a ritonavir.<\/p>\n<p>Mo\u017en\u00e9 vedlej\u0161\u00ed \u00fa\u010dinky<br \/>\nValif je obvykle dob\u0159e sn\u00e1\u0161en a ne\u017e\u00e1douc\u00ed \u00fa\u010dinky, pokud se vyskytnou, jsou p\u0159echodn\u00e9. Nej\u010dast\u011bj\u0161\u00edmi ne\u017e\u00e1douc\u00edmi \u00fa\u010dinky jsou: bolest hlavy, n\u00e1valy horka (hyper\u00e9mie osoby); \u010dast\u00e9; z\u00e1vrat\u011b, pr\u016fjem, nevolnost, ucpan\u00fd nos. Vz\u00e1cn\u011bj\u0161\u00edmi a m\u00e9n\u011b \u010dast\u00fdmi ne\u017e\u00e1douc\u00edmi \u00fa\u010dinky jsou fotosenzitivita k\u016f\u017ee, hypertenze, bolesti zad, slzen\u00ed o\u010d\u00ed, hypotenze, myalgie, priapismus.<\/p>\n<p>L\u00e9kov\u00e9 interakce<br \/>\nValif\u016fv metabolismus je inhibov\u00e1n erytromycinem, ketokonazolem (Nizoral), itrakonazolem (Sporanox), indinavirem ( Crixivan) a ritonavir (Norvir). Valif sni\u017euje koncentraci ritonaviru a indinaviru. U pacient\u016f l\u00e9\u010den\u00fdch nitr\u00e1ty m\u016f\u017ee Valif zhor\u0161it bolest na hrudi zv\u00fd\u0161en\u00edm srde\u010dn\u00ed frekvence a sn\u00ed\u017een\u00edm krevn\u00edho tlaku. Valif je schopen zv\u00fdraznit \u00fa\u010dinky alfa-blok\u00e1tor\u016f (terazosin nebo Hytrin) na sn\u00ed\u017een\u00ed krevn\u00edho tlaku. Valif by se nikdy nem\u011bl pod\u00e1vat pacient\u016fm, kte\u0159\u00ed jsou l\u00e9\u010deni organick\u00fdmi nitr\u00e1ty.<\/p>\n<p>Vynechan\u00e1 d\u00e1vka<br \/>\nValif se u\u017e\u00edv\u00e1 v p\u0159\u00edpad\u011b pot\u0159eby, ale ne \u010dast\u011bji ne\u017e jednou denn\u011b, tak\u017ee vynech\u00e1n\u00ed d\u00e1vky se nep\u0159edpokl\u00e1d\u00e1.<\/p>\n<p>P\u0159ed\u00e1vkov\u00e1n\u00ed<br \/>\nP\u0159\u00edznaky p\u0159ed\u00e1vkov\u00e1n\u00ed zahrnuj\u00ed bolest z\u00e1da, \u010delist, pa\u017ee, slepota, rozmazan\u00e9 vid\u011bn\u00ed, bolest nebo nepohodl\u00ed na hrudi, sn\u00ed\u017een\u00e9 vid\u011bn\u00ed, rozmazan\u00e9 vid\u011bn\u00ed.<\/p>\n<p>Skladujte<br \/>\nSkladujte p\u0159i pokojov\u00e9 teplot\u011b 15\u201330 C (59\u201386 F) mimo dosah d\u011bt\u00ed, dom\u00e1c\u00edch zv\u00ed\u0159at, vlhkosti a slune\u010dn\u00ed sv\u011btlo.<\/p>\n<p>Odm\u00edtnut\u00ed odpov\u011bdnosti<br \/>\nPoskytujeme pouze obecn\u00e9 informace o l\u00e9c\u00edch, kter\u00e9 nepokr\u00fdvaj\u00ed v\u0161echny sm\u011bry, mo\u017en\u00e9 integrace l\u00e9k\u016f nebo preventivn\u00ed opat\u0159en\u00ed. Informace na m\u00edst\u011b nelze pou\u017e\u00edt pro samol\u00e9\u010dbu a autodiagnostiku. Konkr\u00e9tn\u00ed pokyny pro konkr\u00e9tn\u00edho pacienta by m\u011bly b\u00fdt dohodnuty se sv\u00fdm zdravotn\u00edm poradcem nebo l\u00e9ka\u0159em, kter\u00fd m\u00e1 na starosti dan\u00fd p\u0159\u00edpad. Odm\u00edt\u00e1me spolehlivost t\u011bchto informac\u00ed a chyby, kter\u00e9 by mohly obsahovat. Nejsme zodpov\u011bdn\u00ed za \u017e\u00e1dn\u00e9 p\u0159\u00edm\u00e9, nep\u0159\u00edm\u00e9, zvl\u00e1\u0161tn\u00ed nebo jin\u00e9 nep\u0159\u00edm\u00e9 \u0161kody v d\u016fsledku jak\u00e9hokoli pou\u017eit\u00ed informac\u00ed na t\u011bchto str\u00e1nk\u00e1ch a tak\u00e9 za n\u00e1sledky samol\u00e9\u010dby.<\/p>\n","protected":false},"excerpt":{"rendered":"<p>Valif Generic se pou\u017e\u00edv\u00e1 k l\u00e9\u010db\u011b erektiln\u00ed dysfunkce, co\u017e je mu\u017esk\u00e1 neschopnost udr\u017eet erekci. Funguje tak, \u017ee uvol\u0148uje svaly v penisu, co\u017e umo\u017e\u0148uje, aby k n\u011bmu proudilo v\u00edce krve. \u00da\u010dinnou l\u00e1tkou p\u0159\u00edpravku Valif Generic je vardenafil. L\u00e9k byl poprv\u00e9 zp\u0159\u00edstupn\u011bn v roce 2003 a ve Spojen\u00fdch st\u00e1tech jej m\u016f\u017eete z\u00edskat pouze na l\u00e9ka\u0159sk\u00fd p\u0159edpis. Valif Generic se u\u017e\u00edv\u00e1 podle pot\u0159eby, asi hodinu p\u0159ed t\u00edm, ne\u017e chcete m\u00edt sex. P\u0159i u\u017e\u00edv\u00e1n\u00ed tohoto l\u00e9ku je t\u0159eba se vyhnout alkoholu a grapefruitu, proto\u017ee mohou zp\u016fsobit z\u00e1va\u017en\u00e9 vedlej\u0161\u00ed \u00fa\u010dinky.<\/p>\n","protected":false},"featured_media":4601,"comment_status":"open","ping_status":"closed","template":"","meta":[],"product_brand":[],"product_cat":[141],"product_tag":[],"class_list":{"0":"post-4655","1":"product","2":"type-product","3":"status-publish","4":"has-post-thumbnail","6":"product_cat-erektilni-dysfunkce-cs","7":"pa_active_substance-vardenafil","9":"first","10":"instock","11":"shipping-taxable","12":"product-type-variable"},"jetpack_sharing_enabled":true,"_links":{"self":[{"href":"https:\/\/pharmacy-content.com\/index.php?rest_route=\/wp\/v2\/product\/4655","targetHints":{"allow":["GET"]}}],"collection":[{"href":"https:\/\/pharmacy-content.com\/index.php?rest_route=\/wp\/v2\/product"}],"about":[{"href":"https:\/\/pharmacy-content.com\/index.php?rest_route=\/wp\/v2\/types\/product"}],"replies":[{"embeddable":true,"href":"https:\/\/pharmacy-content.com\/index.php?rest_route=%2Fwp%2Fv2%2Fcomments&post=4655"}],"wp:featuredmedia":[{"embeddable":true,"href":"https:\/\/pharmacy-content.com\/index.php?rest_route=\/wp\/v2\/media\/4601"}],"wp:attachment":[{"href":"https:\/\/pharmacy-content.com\/index.php?rest_route=%2Fwp%2Fv2%2Fmedia&parent=4655"}],"wp:term":[{"taxonomy":"product_brand","embeddable":true,"href":"https:\/\/pharmacy-content.com\/index.php?rest_route=%2Fwp%2Fv2%2Fproduct_brand&post=4655"},{"taxonomy":"product_cat","embeddable":true,"href":"https:\/\/pharmacy-content.com\/index.php?rest_route=%2Fwp%2Fv2%2Fproduct_cat&post=4655"},{"taxonomy":"product_tag","embeddable":true,"href":"https:\/\/pharmacy-content.com\/index.php?rest_route=%2Fwp%2Fv2%2Fproduct_tag&post=4655"}],"curies":[{"name":"wp","href":"https:\/\/api.w.org\/{rel}","templated":true}]}}