{"id":4668,"date":"2026-04-22T06:54:38","date_gmt":"2026-04-22T06:54:38","guid":{"rendered":""},"modified":"2026-04-22T06:54:48","modified_gmt":"2026-04-22T06:54:48","slug":"valif-oral-jelly-2","status":"publish","type":"product","link":"https:\/\/pharmacy-content.com\/de\/product\/valif-oral-jelly-2\/","title":{"rendered":"Valif Oral Jelly"},"content":{"rendered":"<p>Allgemeine Anwendung<\/p>\n<p>Dies ist ein wirksames Arzneimittel zur Behandlung von erektiler Dysfunktion. Es funktioniert nur bei sexueller Stimulation. Sexuelle Erregung setzt Stickstoffmonoxid aus den Nervenenden der Schwellk\u00f6rper des Penis frei und aktiviert das Enzym Guanylatcyclase. Guanylatcyclase wiederum ist f\u00fcr die Produktion von zyklischem Guanosinmonophosphat (cGMP) verantwortlich. Durch cGMP erweitern und entspannen sich die Blutgef\u00e4\u00dfe, die den Penis mit Blut versorgen. Valif verhindert, dass das Phosphodiesterase-5-Enzym cGMP zerst\u00f6rt, und hilft so, die Durchblutung des Penis zu unterst\u00fctzen.<\/p>\n<p>Dosierung und Anwendung<\/p>\n<p>Die empfohlene Dosis von Valif Oral Jelly enth\u00e4lt 20 mg Vardenafil Erh\u00e4ltlich in einer Beutelpackung. Nehmen Sie es eine Stunde vor dem Geschlechtsverkehr ein. Bei Nebenwirkungen wird empfohlen, die Dosis auf 5 mg t\u00e4glich zu reduzieren. \u00dcberschreiten Sie nicht die empfohlene Dosis. Befolgen Sie strikt alle Empfehlungen Ihres Arztes und nehmen Sie das Medikament niemals ein, wenn es Ihnen nicht verschrieben wurde.<\/p>\n<p>Vorsichtsma\u00dfnahmen<\/p>\n<p>Valif Oral Jelly wird nicht f\u00fcr Patienten empfohlen, die einen Schlaganfall, eine Herzinsuffizienz oder eine Herzschw\u00e4che haben Angriff in der Geschichte und insbesondere innerhalb der letzten sechs Monate. Informieren Sie vor der Anwendung von Valif Ihren Arzt, wenn Sie an einer schweren Nierenfunktionsst\u00f6rung, einer Blutgerinnungsst\u00f6rung, Magengeschw\u00fcren oder einer erblichen Netzhauterkrankung wie Retinitis pigmentosa, einer allergischen Reaktion auf dieses Arzneimittel oder andere Arzneimittel, einer Penisverformung wie z. B. Angulation oder einer kavern\u00f6sen Fibrose leiden (Peyronie-Krankheit) sowie bei Krankheiten, die zur Entwicklung von Priapismus beitragen (Sichelzellenan\u00e4mie, multiples Myelom, Leuk\u00e4mie oder Leuk\u00e4mie).<\/p>\n<p>Kontraindikationen<\/p>\n<p>Valif Oral Jelly kann nicht verschrieben werden Patienten, die \u00fcberempfindlich auf die Inhaltsstoffe reagieren und mit organischen Nitraten behandelt werden. Anwendung bei Personen, die das 16. Lebensjahr noch nicht vollendet haben. ist kontraindiziert. Die gleichzeitige Anwendung von HIV-Proteasehemmern wie Indinavir und Ritonavir mit Valif Oral Jelly ist verboten.<\/p>\n<p>M\u00f6gliche Nebenwirkungen<\/p>\n<p>Die Behandlung mit Valif Oral Jelly f\u00fchrt in der Regel nicht zu schwerwiegenden Nebenwirkungen und ist, wenn \u00fcberhaupt, in den meisten F\u00e4llen schwerwiegend verg\u00e4nglich. Die h\u00e4ufigsten Nebenwirkungen sind: Kopfschmerzen, Hitzewallungen (Hyper\u00e4mie der Person), Schwindel, Durchfall, \u00dcbelkeit, verstopfte Nase. Seltenere und ungew\u00f6hnlichere Nebenwirkungen sind Lichtempfindlichkeit der Haut, Bluthochdruck, R\u00fcckenschmerzen, tr\u00e4nende Augen, Hypotonie, Myalgie, Priapismus.<\/p>\n<p>Arzneimittelwechselwirkung<\/p>\n<p>Der Stoffwechsel von Valif Oral Jelly wird durch Erythromycin, Ketoconazol (Nizoral) gehemmt ), Itraconazol (Sporanox), Indinavir (Crixivan) und Ritonavir (Norvir). Valif reduziert auch die Blutkonzentration von Ritonavir und Indinavir. Brustschmerzen k\u00f6nnen bei Patienten, die mit Nitraten behandelt werden, st\u00e4rker werden, da das Medikament die Herzfrequenz erh\u00f6ht und den Blutdruck senkt. Valif kann die blutdrucksenkende Wirkung von Alpha-Blockern (Terazosin oder Hytrin) verst\u00e4rken. Valif sollte niemals bei Patienten verabreicht werden, die mit organischen Nitraten behandelt werden.<\/p>\n<p>Verpasste Dosis<\/p>\n<p>Valif Oral Jelly wird bei Bedarf eingenommen, jedoch nicht \u00f6fter als einmal t\u00e4glich, daher ist eine vergessene Dosis nicht zu erwarten.<\/p>\n<p>\u00dcberdosierung<\/p>\n<p>Zu den Symptomen einer \u00dcberdosierung geh\u00f6ren Schmerzen im R\u00fccken, Kiefer, Arm, Brust, Blindheit, verschwommenes oder vermindertes Sehen oder Unwohlsein.<\/p>\n<p>Lagerung<\/p>\n<p>Bei Raumtemperatur lagern Reichweite von Kindern und Haustieren, fern von Feuchtigkeit und Sonnenlicht.<\/p>\n<p>Haftungsausschluss<\/p>\n<p>Wir stellen nur allgemeine Informationen \u00fcber Medikamente zur Verf\u00fcgung, die nicht alle Anwendungsgebiete, m\u00f6gliche Arzneimittelkombinationen oder Vorsichtsma\u00dfnahmen abdecken. Die Informationen auf der Website k\u00f6nnen nicht zur Selbstbehandlung und Selbstdiagnose verwendet werden. Spezifische Anweisungen f\u00fcr einen bestimmten Patienten sollten mit Ihrem Gesundheitsberater oder dem f\u00fcr den Fall zust\u00e4ndigen Arzt vereinbart werden. Wir lehnen die Zuverl\u00e4ssigkeit dieser Informationen und die darin enthaltenen Fehler ab. Wir haften nicht f\u00fcr direkte, indirekte, besondere oder sonstige indirekte Sch\u00e4den, die sich aus der Nutzung der Informationen auf dieser Website ergeben und auch nicht f\u00fcr Folgen der Selbstbehandlung.<\/p>\n","protected":false},"excerpt":{"rendered":"<p>Valif Oral Jelly Generic wird zur Behandlung der erektilen Dysfunktion bei M\u00e4nnern angewendet. Es erh\u00f6ht die Durchblutung des Penis und hilft M\u00e4nnern, eine Erektion zu bekommen. Es hilft dabei, die Blutgef\u00e4\u00dfe in Ihrem Penis zu entspannen, sodass Blut in Ihren Penis flie\u00dfen kann, wenn Sie sexuell erregt sind.<\/p>\n","protected":false},"featured_media":4662,"comment_status":"open","ping_status":"closed","template":"","meta":[],"product_brand":[],"product_cat":[117],"product_tag":[],"class_list":{"0":"post-4668","1":"product","2":"type-product","3":"status-publish","4":"has-post-thumbnail","6":"product_cat-erektile-dysfunktion-de","7":"pa_active_substance-vardenafil","9":"first","10":"instock","11":"shipping-taxable","12":"product-type-variable"},"jetpack_sharing_enabled":true,"_links":{"self":[{"href":"https:\/\/pharmacy-content.com\/wp-json\/wp\/v2\/product\/4668","targetHints":{"allow":["GET"]}}],"collection":[{"href":"https:\/\/pharmacy-content.com\/wp-json\/wp\/v2\/product"}],"about":[{"href":"https:\/\/pharmacy-content.com\/wp-json\/wp\/v2\/types\/product"}],"replies":[{"embeddable":true,"href":"https:\/\/pharmacy-content.com\/wp-json\/wp\/v2\/comments?post=4668"}],"wp:featuredmedia":[{"embeddable":true,"href":"https:\/\/pharmacy-content.com\/wp-json\/wp\/v2\/media\/4662"}],"wp:attachment":[{"href":"https:\/\/pharmacy-content.com\/wp-json\/wp\/v2\/media?parent=4668"}],"wp:term":[{"taxonomy":"product_brand","embeddable":true,"href":"https:\/\/pharmacy-content.com\/wp-json\/wp\/v2\/product_brand?post=4668"},{"taxonomy":"product_cat","embeddable":true,"href":"https:\/\/pharmacy-content.com\/wp-json\/wp\/v2\/product_cat?post=4668"},{"taxonomy":"product_tag","embeddable":true,"href":"https:\/\/pharmacy-content.com\/wp-json\/wp\/v2\/product_tag?post=4668"}],"curies":[{"name":"wp","href":"https:\/\/api.w.org\/{rel}","templated":true}]}}