{"id":4674,"date":"2026-04-22T06:54:39","date_gmt":"2026-04-22T06:54:39","guid":{"rendered":""},"modified":"2026-04-22T06:54:48","modified_gmt":"2026-04-22T06:54:48","slug":"valif-oral-jelly-3","status":"publish","type":"product","link":"https:\/\/pharmacy-content.com\/?product=valif-oral-jelly-3&lang=fr","title":{"rendered":"Valif Oral Jelly"},"content":{"rendered":"<p>Usage courant<\/p>\n<p>Il s&#8217;agit d&#8217;un m\u00e9dicament puissant pour traiter les dysfonctions \u00e9rectiles. Cela ne fonctionne que s&#8217;il y a une stimulation sexuelle. L&#8217;excitation sexuelle lib\u00e8re de l&#8217;oxyde nitrique des terminaisons nerveuses des corps caverneux du p\u00e9nis et active l&#8217;enzyme guanylate cyclase. La guanylate cyclase, \u00e0 son tour, est responsable de la production de guanosine monophosphate cyclique (cGMP). En raison du GMPc, les vaisseaux sanguins alimentant le p\u00e9nis en sang s\u2019\u00e9largissent et se d\u00e9tendent. Valif emp\u00eache l&#8217;enzyme phosphodiest\u00e9rase-5 de d\u00e9truire le GMPc et aide ainsi \u00e0 soutenir le flux sanguin vers le p\u00e9nis.<\/p>\n<p>Dosage et administration<\/p>\n<p>La dose recommand\u00e9e de Valif Oral Jelly contient 20 mg de Vard\u00e9nafil, il est disponible en paquet de sachet. Prenez-le une heure avant les rapports sexuels. En cas d&#8217;effets ind\u00e9sirables, il est recommand\u00e9 de r\u00e9duire la dose \u00e0 5 mg par jour. Ne pas d\u00e9passer la dose recommand\u00e9e. Suivez strictement toutes les recommandations de votre m\u00e9decin et ne prenez jamais le m\u00e9dicament s&#8217;il ne vous a pas \u00e9t\u00e9 prescrit.<\/p>\n<p>Pr\u00e9cautions<\/p>\n<p>Valif Oral Jelly n&#8217;est pas recommand\u00e9 chez les patients ayant subi un accident vasculaire c\u00e9r\u00e9bral ou une insuffisance cardiaque, ou un attaque dans l\u2019histoire et surtout au cours des six derniers mois. Avant d&#8217;utiliser Valif, informez votre m\u00e9decin si vous souffrez d&#8217;une insuffisance r\u00e9nale grave, d&#8217;un trouble de la coagulation, d&#8217;ulc\u00e8res d&#8217;estomac ou d&#8217;un trouble h\u00e9r\u00e9ditaire de la r\u00e9tine tel qu&#8217;une r\u00e9tinite pigmentaire, d&#8217;une r\u00e9action allergique \u00e0 ce m\u00e9dicament ou \u00e0 tout autre m\u00e9dicament, d&#8217;une d\u00e9formation du p\u00e9nis telle qu&#8217;une angulation, d&#8217;une fibrose caverneuse. (maladie de La Peyronie), ainsi que dans les maladies qui contribuent au d\u00e9veloppement du priapisme (dr\u00e9panocytose, my\u00e9lome multiple, leuc\u00e9mie ou leuc\u00e9mie).<\/p>\n<p>Contre-indications<\/p>\n<p>Valif Oral Jelly ne peut pas \u00eatre prescrit dans les patients hypersensibles \u00e0 ses ingr\u00e9dients, ceux trait\u00e9s avec des nitrates organiques. Utilisation chez les personnes de moins de 16 ans. est contre-indiqu\u00e9. L&#8217;utilisation concomitante d&#8217;inhibiteurs de la prot\u00e9ase du VIH tels que l&#8217;indinavir et le ritonavir avec Valif Oral Jelly est interdite.<\/p>\n<p>Effets secondaires possibles<\/p>\n<p>Le traitement avec Valif Oral Jelly n&#8217;entra\u00eene g\u00e9n\u00e9ralement pas d&#8217;effets secondaires graves et, le cas \u00e9ch\u00e9ant, ils sont pour la plupart transitoire. Les effets secondaires les plus fr\u00e9quents sont : maux de t\u00eate, bouff\u00e9es vasomotrices (hyper\u00e9mie de la personne), \u00e9tourdissements, diarrh\u00e9e, naus\u00e9es, nez bouch\u00e9. Les effets ind\u00e9sirables plus rares et peu fr\u00e9quents sont la photosensibilit\u00e9 de la peau, l&#8217;hypertension, les maux de dos, les larmoiements, l&#8217;hypotension, la myalgie, le priapisme.<\/p>\n<p>Interaction m\u00e9dicamenteuse<\/p>\n<p>Le m\u00e9tabolisme de Valif Oral Jelly est inhib\u00e9 par l&#8217;\u00e9rythromycine, le k\u00e9toconazole (Nizoral ), l&#8217;itraconazole (Sporanox), l&#8217;indinavir (Crixivan) et le ritonavir (Norvir). Valif r\u00e9duit \u00e9galement la concentration sanguine de ritonavir et d&#8217;indinavir. La douleur thoracique peut devenir plus aigu\u00eb chez les patients trait\u00e9s par nitrates, car le m\u00e9dicament augmente la fr\u00e9quence cardiaque et abaisse la tension art\u00e9rielle. Valif est capable d&#8217;exag\u00e9rer les effets hypotenseurs des m\u00e9dicaments alpha-bloquants (t\u00e9razosine ou Hytrin). Valif ne doit jamais \u00eatre administr\u00e9 chez les patients trait\u00e9s avec des nitrates organiques.<\/p>\n<p>Dose oubli\u00e9e<\/p>\n<p>Valif Oral Jelly est pris en cas de besoin, mais pas plus d&#8217;une fois par jour, donc une dose oubli\u00e9e n&#8217;est pas suppos\u00e9e.<\/p>\n<p>Surdosage<\/p>\n<p>Les sympt\u00f4mes d&#8217;un surdosage comprennent des douleurs dans le dos, la m\u00e2choire, le bras, la poitrine, la c\u00e9cit\u00e9, une vision floue ou diminu\u00e9e, ou un inconfort.<\/p>\n<p>Conservation<\/p>\n<p>Conserver \u00e0 temp\u00e9rature ambiante hors de port\u00e9e des enfants et des animaux domestiques, \u00e0 l&#8217;abri de l&#8217;humidit\u00e9 et du soleil.<\/p>\n<p>Avertissement<\/p>\n<p>Nous fournissons uniquement des informations g\u00e9n\u00e9rales sur les m\u00e9dicaments qui ne couvrent pas toutes les directions, les int\u00e9grations possibles de m\u00e9dicaments ou les pr\u00e9cautions. Les informations pr\u00e9sentes sur le site ne peuvent pas \u00eatre utilis\u00e9es pour l\u2019auto-traitement et l\u2019autodiagnostic. Toute instruction sp\u00e9cifique pour un patient particulier doit \u00eatre convenue avec votre conseiller en soins de sant\u00e9 ou votre m\u00e9decin en charge du cas. Nous d\u00e9clinons la fiabilit\u00e9 de ces informations et des erreurs qu&#8217;elles pourraient contenir. Nous ne sommes pas responsables de tout dommage direct, indirect, sp\u00e9cial ou autre indirect r\u00e9sultant de toute utilisation des informations pr\u00e9sentes sur ce site ainsi que des cons\u00e9quences de l&#8217;auto-traitement.<\/p>\n","protected":false},"excerpt":{"rendered":"<p>La gel\u00e9e orale Valif Generic est utilis\u00e9e pour traiter la dysfonction \u00e9rectile chez les hommes. Il augmente le flux sanguin vers le p\u00e9nis pour aider les hommes \u00e0 avoir une \u00e9rection. Il agit en aidant \u00e0 d\u00e9tendre les vaisseaux sanguins de votre p\u00e9nis, permettant ainsi au sang de circuler dans votre p\u00e9nis lorsque vous \u00eates sexuellement excit\u00e9.<\/p>\n","protected":false},"featured_media":4662,"comment_status":"open","ping_status":"closed","template":"","meta":[],"product_brand":[],"product_cat":[120],"product_tag":[],"class_list":{"0":"post-4674","1":"product","2":"type-product","3":"status-publish","4":"has-post-thumbnail","6":"product_cat-dysfonction-erectile-fr","7":"pa_active_substance-vardenafil","9":"first","10":"instock","11":"shipping-taxable","12":"product-type-variable"},"jetpack_sharing_enabled":true,"_links":{"self":[{"href":"https:\/\/pharmacy-content.com\/index.php?rest_route=\/wp\/v2\/product\/4674","targetHints":{"allow":["GET"]}}],"collection":[{"href":"https:\/\/pharmacy-content.com\/index.php?rest_route=\/wp\/v2\/product"}],"about":[{"href":"https:\/\/pharmacy-content.com\/index.php?rest_route=\/wp\/v2\/types\/product"}],"replies":[{"embeddable":true,"href":"https:\/\/pharmacy-content.com\/index.php?rest_route=%2Fwp%2Fv2%2Fcomments&post=4674"}],"wp:featuredmedia":[{"embeddable":true,"href":"https:\/\/pharmacy-content.com\/index.php?rest_route=\/wp\/v2\/media\/4662"}],"wp:attachment":[{"href":"https:\/\/pharmacy-content.com\/index.php?rest_route=%2Fwp%2Fv2%2Fmedia&parent=4674"}],"wp:term":[{"taxonomy":"product_brand","embeddable":true,"href":"https:\/\/pharmacy-content.com\/index.php?rest_route=%2Fwp%2Fv2%2Fproduct_brand&post=4674"},{"taxonomy":"product_cat","embeddable":true,"href":"https:\/\/pharmacy-content.com\/index.php?rest_route=%2Fwp%2Fv2%2Fproduct_cat&post=4674"},{"taxonomy":"product_tag","embeddable":true,"href":"https:\/\/pharmacy-content.com\/index.php?rest_route=%2Fwp%2Fv2%2Fproduct_tag&post=4674"}],"curies":[{"name":"wp","href":"https:\/\/api.w.org\/{rel}","templated":true}]}}