{"id":4741,"date":"2026-04-22T06:54:57","date_gmt":"2026-04-22T06:54:57","guid":{"rendered":""},"modified":"2026-04-22T06:55:08","modified_gmt":"2026-04-22T06:55:08","slug":"viagra-soft-4","status":"publish","type":"product","link":"https:\/\/pharmacy-content.com\/?product=viagra-soft-4&lang=it","title":{"rendered":"Viagra Soft"},"content":{"rendered":"<p>Indicazioni<\/p>\n<p>CITRATO DI SILDENAFIL compresse morbide \u00e8 equivalente al normale Citrato di Sildenafil. Il farmaco \u00e8 usato nel trattamento della disfunzione erettile negli uomini. La compressa morbida \u00e8 assorbita direttamente nel sangue, per cui la dose necessaria per ottenere risultati efficaci \u00e8 minore.<\/p>\n<p>Speciali avvertenze e precauzioni per l\u2019uso<\/p>\n<p>Prima di iniziare la somministrazione del farmaco avvisare il medico curante se una delle seguenti condizioni \u00e8 occorsa:<br \/>\ndisturbi della vista, compresa la retinite pigmentosa, una rara malattia genetica dell&#8217; occhio<br \/>\nmalattie cardiache, angina, ipertensione, ipotensione, attacco di cuore o altri problemi cardiaci<br \/>\nmalattie epatiche<br \/>\nmalattie renali<br \/>\ninfarto<br \/>\nipersensibilit\u00e0 o allergie al sildenafil, altre medicine, cibo, coloranti o conservanti<br \/>\ngravidanza o intenzione di rimanere incinta<br \/>\nallattamento<\/p>\n<p>Posologia e modo di somministrazione<\/p>\n<p>Citrato di Sildenafil compresse morbide viene assorbito nel sangue circa 15-20 minuti dopo l&#8217; assunzione. Le compresse vanno assunte 30-45 prima dell&#8217; attivit\u00e0 sessuale. Per alcuni pazienti mezza compressa \u00e8 pi\u00f9 che sufficiente per ottenere gli effetti desiderati.<\/p>\n<p>Non assumere pi\u00f9 di una compressa alla volta e pi\u00f9 di una compressa al giorno.<\/p>\n<p>Sovradosaggio: In caso di sovradosaggio si consiglia di ricorrere ai normali presidi di pronto soccorso.<\/p>\n<p>NOTA BENE: il farmaco \u00e8 prescritto per uso personale.<\/p>\n<p>Interazioni<\/p>\n<p>Non assumere il farmaco contemporaneamente con:<br \/>\ncisapride<br \/>\nnitrato di metscopolamina<br \/>\nnitrati quali, nitrito, isosorbide dinitrato, isosorbide mononitrato, nitroglicerina<br \/>\nnitroprusside<br \/>\naltri farmaci a base di sildenafil (Revatio, Sildigra, Eriacta, ecc.)<\/p>\n<p>Altre note interazioni medicamentose:<br \/>\nfarmaci per l&#8217; ipertensione<br \/>\nfarmaci per il trattamento dell&#8217; HIV e dell&#8217; AIDS<br \/>\nanitmicotici quali fluconazolo, itraconazolo, ketoconazolo e voriconazolo<br \/>\ncimetidina<br \/>\neritromicina<br \/>\nrifampina<\/p>\n<p>La lista di cui sopra non \u00e8 esaustiva delle interazioni medicamentose. Contattare il medico curante e indicare i farmaci e medicamenti che si stanno assumendo e se si fuma o si fa consumo di bevande alcoliche e di droghe. Consultare il medico prima di iniziare con nuovi farmaci.<\/p>\n<p>Speciali avvertenze e precauzioni per l\u2019uso<\/p>\n<p>Avvisare il medico immediatamente se si notano variazioni della vista durante l&#8217; assunzione del farmaco.<\/p>\n<p>Avvisare immediatamente il medico se l&#8217; erezione dura pi\u00f9 di quattro ore e in caso di erezione dolorosa. Questi possono essere sintomi di gravi problemi che devono essere trattati immediatamente onde evitare danni permanenti.<\/p>\n<p>Se dopo aver preso il farmaco e all&#8217; inizio del rapporto sessuale si avvertono nausea, vertigini, dolore al petto e al braccio, interrompere il rapporto e contattare il medico il prima possibile.<\/p>\n<p>L&#8217; uso del farmaco non protegge dall&#8217; HIV (il virus che causa l&#8217; AIDS) e da altre malattie a trasmissione sessuale.<\/p>\n<p>Effetti indesiderati<\/p>\n<p>Consultare il medico curante il prima possibile se uno sei seguenti sintomi si dovesse manifestare:<br \/>\nreazioni allergiche quali rash cutanei, pruriti o orticaria, gonfiori della faccia, labbra e lingua<br \/>\ndifficolt\u00e0 respiratorie<br \/>\nvariazione dell&#8217; udito<br \/>\nvarizioni della vista, vista offuscata, difficolt\u00e0 a distinguere il verde dal blu<br \/>\ndolore al petto<br \/>\ntachicardia<br \/>\nerezione dolorosa e persistente (durata pi\u00f9 di 4 ore)<br \/>\ncrisi convulsive<\/p>\n<p>Altri effetti indesiderati, che non richiedono l\u2019immediata assistenza del medico, da riportare in caso di prolungato fastidio:<br \/>\ndiarrea<br \/>\ncefalea<br \/>\nrossore<br \/>\nindigestione<br \/>\ncongestione nasale<\/p>\n<p>La lista di cui sopra non \u00e8 esaustiva degli effetti indesiderati.<\/p>\n<p>Speciali precauzioni per la conservazione<\/p>\n<p>Tenere fuori dalla portata dei bambini.<\/p>\n<p>Conservare a temperatura ambiente (15-30\u00b0C). Eliminare i farmaci scaduti negli appositi contenitori.<\/p>\n","protected":false},"excerpt":{"rendered":"<p>Viagra Soft \u00e8 una compressa da masticare usata per i problemi di erezione. Assorbito direttamente nel flusso sanguigno, agisce pi\u00f9 in fretta. I suoi effetti si manifestano entro mezz\u2019ora dall\u2019assunzione e durano per quattro ore circa.<\/p>\n","protected":false},"featured_media":4723,"comment_status":"open","ping_status":"closed","template":"","meta":[],"product_brand":[],"product_cat":[123],"product_tag":[],"class_list":{"0":"post-4741","1":"product","2":"type-product","3":"status-publish","4":"has-post-thumbnail","6":"product_cat-disfunzione-erettile-it","7":"pa_active_substance-sildenafil","9":"first","10":"instock","11":"shipping-taxable","12":"product-type-simple"},"jetpack_sharing_enabled":true,"_links":{"self":[{"href":"https:\/\/pharmacy-content.com\/index.php?rest_route=\/wp\/v2\/product\/4741","targetHints":{"allow":["GET"]}}],"collection":[{"href":"https:\/\/pharmacy-content.com\/index.php?rest_route=\/wp\/v2\/product"}],"about":[{"href":"https:\/\/pharmacy-content.com\/index.php?rest_route=\/wp\/v2\/types\/product"}],"replies":[{"embeddable":true,"href":"https:\/\/pharmacy-content.com\/index.php?rest_route=%2Fwp%2Fv2%2Fcomments&post=4741"}],"wp:featuredmedia":[{"embeddable":true,"href":"https:\/\/pharmacy-content.com\/index.php?rest_route=\/wp\/v2\/media\/4723"}],"wp:attachment":[{"href":"https:\/\/pharmacy-content.com\/index.php?rest_route=%2Fwp%2Fv2%2Fmedia&parent=4741"}],"wp:term":[{"taxonomy":"product_brand","embeddable":true,"href":"https:\/\/pharmacy-content.com\/index.php?rest_route=%2Fwp%2Fv2%2Fproduct_brand&post=4741"},{"taxonomy":"product_cat","embeddable":true,"href":"https:\/\/pharmacy-content.com\/index.php?rest_route=%2Fwp%2Fv2%2Fproduct_cat&post=4741"},{"taxonomy":"product_tag","embeddable":true,"href":"https:\/\/pharmacy-content.com\/index.php?rest_route=%2Fwp%2Fv2%2Fproduct_tag&post=4741"}],"curies":[{"name":"wp","href":"https:\/\/api.w.org\/{rel}","templated":true}]}}