{"id":4747,"date":"2026-04-22T06:54:59","date_gmt":"2026-04-22T06:54:59","guid":{"rendered":""},"modified":"2026-04-22T06:55:08","modified_gmt":"2026-04-22T06:55:08","slug":"viagra-soft-5","status":"publish","type":"product","link":"https:\/\/pharmacy-content.com\/?product=viagra-soft-5&lang=es","title":{"rendered":"Viagra Soft"},"content":{"rendered":"<p>\u00bfQu\u00e9 es este medicamento?<\/p>\n<p>Las pastillas Masticables de Sildenafil son iguales a las de Citrato de Sildenafil regulares. Este medicamento tambi\u00e9n se utiliza para tratar los problemas de erecci\u00f3n en hombres. La pastilla masticable es absorbida directamente en el torrente sangu\u00edneo, y como tal, requiere una dosis menor para obtener el mismo resultado.<\/p>\n<p>\u00bfC\u00f3mo debo de tomar este medicamento?<\/p>\n<p>Las pastillas masticables de Citrato de Sildenafil tardan aproximadamente de 15 &#8211; 20 minutos en entrar en el torrente sangu\u00edneo. La dosis se toma normalmente 30 \u2013 45 minutos antes de la actividad sexual. Algunos hombres, s\u00f3lo necesitan media pastilla para obtener el resultado deseado.<\/p>\n<p>Usted nunca deber\u00eda tomar m\u00e1s de una pastilla a la vez y no m\u00e1s de una vez al d\u00eda.<\/p>\n<p>Sobredosis: Si piensa que ha tomado demasiada medicaci\u00f3n, p\u00f3ngase en contacto con el Servicio de Informaci\u00f3n Toxicol\u00f3gica o dir\u00edjase de inmediato a urgencias.<\/p>\n<p>NOTA: Este medicamento es s\u00f3lo suyo. No comparta este medicamento con otros.<\/p>\n<p>\u00bfQu\u00e9 le deber\u00eda decir a mi m\u00e9dico antes de utilizar esta medicaci\u00f3n?<\/p>\n<p>Necesita saber si usted tiene cualquiera de estas enfermedades:<br \/>\nproblemas de la vista o de los ojos, incluyendo una rara enfermedad ocular llamada retinitis pigmentaria<br \/>\nenfermedades cardiacas, angina de pecho, presi\u00f3n arterial alta o baja, antecedentes de ataques al coraz\u00f3n, u otros problemas cardiacos<br \/>\nenfermedad renal<br \/>\nenfermedad hep\u00e1tica<br \/>\nderrame cerebral<br \/>\nuna reacci\u00f3n inusual o al\u00e9rgica al sildenafil, a otros medicamentos, a alimentos, a colorantes, o a conservantes<br \/>\ns\u00ed est\u00e1 embarazada o est\u00e1 tratando de quedarse<br \/>\ns\u00ed est\u00e1 dando el pecho<\/p>\n<p>\u00bfQu\u00e9 puede interactuar con este medicamento?<\/p>\n<p>No tome este medicamento con ninguna de las siguientes medicaciones:<br \/>\ncisaprida<br \/>\nnitrato de metescopolamina<br \/>\nnitratos como el nitrito de amilo, el dinitrato de isosorbida, el mononitrato de isosorbida, la nitroglicerina<br \/>\nnitroprusiato<br \/>\notros productos de sildenafil (Revatio, Sildigra, Eriacta, etc.)<\/p>\n<p>Este medicamento tambi\u00e9n puede interactuar con los siguientes medicamentos:<br \/>\nciertos medicamentos para la hipertensi\u00f3n<br \/>\nciertos medicamentos para el tratamiento de la infecci\u00f3n por VIH o del SIDA<br \/>\nciertos medicamentos para las infecciones por hongos o por levaduras, como el fluconazol, el itraconazol, el ketoconazol, y el voriconazol<br \/>\ncimetidina<br \/>\neritromicina<br \/>\nrifampicina<\/p>\n<p>Es posible que este listado no describa todas las posibles interacciones. Dele a su m\u00e9dico un listado con todos los medicamentos, hierbas, medicamentos sin receta, o suplementos diet\u00e9ticos, que est\u00e9 tomando. Tambi\u00e9n inf\u00f3rmeles s\u00ed fuma, bebe alcohol, o usa drogas ilegales. Algunas cosas pueden interactuar con su medicamento.<\/p>\n<p>\u00bfQu\u00e9 debo de tener en cuenta mientras tomo este medicamento?<\/p>\n<p>S\u00ed nota cambios en su vista mientras est\u00e9 tomando este medicamento, llame a su m\u00e9dico tan pronto como le sea posible.<\/p>\n<p>Llame a su m\u00e9dico inmediatamente s\u00ed tiene cambios en la vista.<\/p>\n<p>Llame inmediatamente a su m\u00e9dico s\u00ed la erecci\u00f3n dura m\u00e1s de 4 horas o se vuelve dolorosa. Esto puede ser una se\u00f1al de un problema grave y debe de ser tratado inmediatamente para prevenir un da\u00f1o permanente.<\/p>\n<p>S\u00ed experimenta s\u00edntomas de nausea, mareos, dolor en el pecho o en el brazo al empezar la actividad sexual despu\u00e9s de haber tomado el medicamento, usted deber\u00eda abstenerse de continuar la actividad y ponerse en contacto con su m\u00e9dico inmediatamente.<\/p>\n<p>El uso de este medicamento no lo protege a usted o a su compa\u00f1ero\/compa\u00f1era de la infecci\u00f3n por VIH (el virus que causa el SIDA) u otras enfermedades de transmisi\u00f3n sexual.<\/p>\n<p>\u00bfQu\u00e9 efectos secundarios puede causar este medicamento?<\/p>\n<p>Avise a su m\u00e9dico o profesional de la salud lo antes posible s\u00ed observa alguno de estos efectos secundarios:<br \/>\nreacciones al\u00e9rgicas como erupciones en la piel, picaz\u00f3n o urticaria, inflamaci\u00f3n de la cara, de los labios, o de la lengua<br \/>\nproblemas respiratorios<br \/>\ncambios en la audici\u00f3n<br \/>\ncambios en la vista, visi\u00f3n borrosa, problemas para distinguir el azul del verde<br \/>\ndolor en el pecho<br \/>\nritmo cardiaco irregular, r\u00e1pido<br \/>\nhombres: erecci\u00f3n dolorosa o prolongada (que dure m\u00e1s de 4 horas)<br \/>\nconvulsiones<\/p>\n<p>Estos son los efectos secundarios que normalmente no requieren atenci\u00f3n m\u00e9dica (inf\u00f3rmele a su m\u00e9dico o profesional de la salud si contin\u00faan o son molestos):<br \/>\ndiarrea<br \/>\nrubor (bochorno)<br \/>\ndolor de cabeza<br \/>\nindigesti\u00f3n<br \/>\ncongesti\u00f3n o secreci\u00f3n nasal<\/p>\n<p>Es posible que en este listado no est\u00e9n todos los efectos secundarios.<\/p>\n<p>\u00bfD\u00f3nde puedo guardar mi medicaci\u00f3n?<\/p>\n<p>Mantenga este medicamento fuera del alcance de los ni\u00f1os. Cons\u00e9rvelo a temperatura ambiente entre 15\u00ba y 30\u00ba grados C (59\u00ba y 86\u00ba grados F). Tire a la basura cualquier medicamento sin usar pasada la fecha de caducidad.<\/p>\n","protected":false},"excerpt":{"rendered":"<p>Viagra Soft es un comprimido masticable. Como pasa directamente al torrente sangu\u00edneo, act\u00faa m\u00e1s r\u00e1pido. Se utiliza para tratar los problemas de erecci\u00f3n en los hombres. El tiempo necesario para que el medicamento haga acci\u00f3n es de aproximadamente media hora. El efecto se mantiene durante unas cuatro horas.<\/p>\n","protected":false},"featured_media":4723,"comment_status":"open","ping_status":"closed","template":"","meta":[],"product_brand":[],"product_cat":[126],"product_tag":[],"class_list":{"0":"post-4747","1":"product","2":"type-product","3":"status-publish","4":"has-post-thumbnail","6":"product_cat-disfuncion-erectil-es","7":"pa_active_substance-sildenafil","9":"first","10":"instock","11":"shipping-taxable","12":"product-type-simple"},"jetpack_sharing_enabled":true,"_links":{"self":[{"href":"https:\/\/pharmacy-content.com\/index.php?rest_route=\/wp\/v2\/product\/4747","targetHints":{"allow":["GET"]}}],"collection":[{"href":"https:\/\/pharmacy-content.com\/index.php?rest_route=\/wp\/v2\/product"}],"about":[{"href":"https:\/\/pharmacy-content.com\/index.php?rest_route=\/wp\/v2\/types\/product"}],"replies":[{"embeddable":true,"href":"https:\/\/pharmacy-content.com\/index.php?rest_route=%2Fwp%2Fv2%2Fcomments&post=4747"}],"wp:featuredmedia":[{"embeddable":true,"href":"https:\/\/pharmacy-content.com\/index.php?rest_route=\/wp\/v2\/media\/4723"}],"wp:attachment":[{"href":"https:\/\/pharmacy-content.com\/index.php?rest_route=%2Fwp%2Fv2%2Fmedia&parent=4747"}],"wp:term":[{"taxonomy":"product_brand","embeddable":true,"href":"https:\/\/pharmacy-content.com\/index.php?rest_route=%2Fwp%2Fv2%2Fproduct_brand&post=4747"},{"taxonomy":"product_cat","embeddable":true,"href":"https:\/\/pharmacy-content.com\/index.php?rest_route=%2Fwp%2Fv2%2Fproduct_cat&post=4747"},{"taxonomy":"product_tag","embeddable":true,"href":"https:\/\/pharmacy-content.com\/index.php?rest_route=%2Fwp%2Fv2%2Fproduct_tag&post=4747"}],"curies":[{"name":"wp","href":"https:\/\/api.w.org\/{rel}","templated":true}]}}