{"id":484,"date":"2026-04-22T06:39:49","date_gmt":"2026-04-22T06:39:49","guid":{"rendered":""},"modified":"2026-04-22T06:39:53","modified_gmt":"2026-04-22T06:39:53","slug":"ed-power-trio-5","status":"publish","type":"product","link":"https:\/\/pharmacy-content.com\/es\/product\/ed-power-trio-5\/","title":{"rendered":"ED Power Trio"},"content":{"rendered":"<p>Uso com\u00fan<br \/>\nEl componente principal de ED Power Trio es el citrato de sildenafil.<br \/>\nEl citrato de sildenafil afecta la respuesta a la estimulaci\u00f3n sexual. Act\u00faa mejorando la relajaci\u00f3n del m\u00fasculo liso mediante el \u00f3xido n\u00edtrico, una sustancia qu\u00edmica que se libera normalmente en respuesta a la estimulaci\u00f3n sexual. Esta relajaci\u00f3n del m\u00fasculo liso permite un mayor flujo sangu\u00edneo en ciertas \u00e1reas del pene, lo que lleva a una erecci\u00f3n. El citrato de sildenafil se aplica para el tratamiento de la disfunci\u00f3n er\u00e9ctil (impotencia) en hombres y la hipertensi\u00f3n arterial pulmonar. El citrato de sildenafil tambi\u00e9n puede ser utilizado para otros fines no mencionados anteriormente.<br \/>\nDosificaci\u00f3n y direcci\u00f3n<br \/>\nPor lo general, la dosis recomendada de ED Power Trio es de 50 mg. Se toma aproximadamente 0.5-1 hora antes de la actividad sexual. No tome ED Power Trio m\u00e1s de una vez al d\u00eda. Una comida alta en grasas puede retrasar el tiempo de efecto de este medicamento. Trate de no comer pomelo ni beber jugo de pomelo mientras est\u00e9 siendo tratado con citrato de sildenafil.<br \/>\nPrecauciones<br \/>\nAntes de comenzar a tomar citrato de sildenafil, informe a su m\u00e9dico o farmac\u00e9utico si es al\u00e9rgico a \u00e9l o si tiene otras alergias. Las personas mayores pueden ser m\u00e1s sensibles a los efectos secundarios del medicamento.<\/p>\n<p>Contraindicaciones<br \/>\nED Power Trio est\u00e1 contraindicado en pacientes que toman otro medicamento para tratar la impotencia o que usan un medicamento nitrato para el dolor en el pecho o problemas card\u00edacos. Este medicamento no debe ser tomado por mujeres y ni\u00f1os, as\u00ed como en pacientes con hipersensibilidad conocida a cualquier componente de la tableta.<\/p>\n<p>Efectos secundarios posibles<br \/>\nLos efectos secundarios m\u00e1s comunes son dolor de cabeza, enrojecimiento, acidez estomacal, malestar estomacal, congesti\u00f3n nasal, sensaci\u00f3n de mareo o diarrea. Una reacci\u00f3n al\u00e9rgica grave a este medicamento es muy rara, pero busque ayuda m\u00e9dica inmediata si ocurre. Muchas personas que usan este medicamento no tienen efectos secundarios graves. En caso de que note efectos secundarios no mencionados anteriormente, consulte a su m\u00e9dico o farmac\u00e9utico.<\/p>\n<p>Interacci\u00f3n con otros medicamentos<br \/>\nEste medicamento no debe ser utilizado con nitratos y drogas recreativas llamadas poppers que contienen nitrito de amilo o butilo; medicamentos bloqueadores alfa; otros medicamentos para la impotencia; medicamentos para la presi\u00f3n arterial alta, etc. Consulte a su m\u00e9dico o farmac\u00e9utico para m\u00e1s detalles.<br \/>\nCialis Gen\u00e9rico contiene Tadalafilo.<br \/>\nEs un inhibidor efectivo, reversible y selectivo de la fosfodiesterasa tipo 5 (PDE 5) espec\u00edfico para el monofosfato de guanosina c\u00edclico (cGMP). Cuando la estimulaci\u00f3n sexual causa la liberaci\u00f3n local de \u00f3xido n\u00edtrico, la inhibici\u00f3n de la PDE 5 por Cialis conduce a un aumento de los niveles de cGMP en el cuerpo cavernoso del pene. Esto resulta en la relajaci\u00f3n de los m\u00fasculos lisos arteriales y el flujo sangu\u00edneo hacia los tejidos del pene que causa erecciones. Cialis no tiene efecto cuando no hay estimulaci\u00f3n sexual. Cialis mejora la erecci\u00f3n y permite lograr una relaci\u00f3n sexual exitosa. El medicamento act\u00faa durante 36 horas. Si hay excitaci\u00f3n sexual presente, el efecto aparece incluso despu\u00e9s de 16 minutos despu\u00e9s de que se tom\u00f3 la medicaci\u00f3n.<br \/>\nDosificaci\u00f3n y direcci\u00f3n<br \/>\nLa dosis recomendada de Cialis es de 20 mg y debe tomarse al menos 16 minutos antes de la actividad sexual. El efecto persiste durante 36 horas. Tome Cialis una vez al d\u00eda y no exceda la dosis recomendada.<br \/>\nPrecauciones<br \/>\nEs preferible no usar Cialis con jugo de toronja, bebidas alcoh\u00f3licas, tabaco. Si fuma tabaco y toma Cialis simult\u00e1neamente, esto puede provocar una afecci\u00f3n llamada NAION (p\u00e9rdida de visi\u00f3n relacionada con el nervio \u00f3ptico repentina). Informe a su m\u00e9dico antes de tomar Cialis si tiene un pene anormal, incluido un pene curvo y defectos cong\u00e9nitos del pene, enfermedad de las arterias coronarias, arritmia, angina de pecho, ataque card\u00edaco o insuficiencia card\u00edaca, hipo o hipertensi\u00f3n, sangrado, \u00falceras estomacales, diabetes, hiperlipidemia (exceso de l\u00edpidos en la sangre), anemia de c\u00e9lulas falciformes, antecedentes de insuficiencia hep\u00e1tica o renal.<\/p>\n<p>Contraindicaciones<br \/>\nCialis est\u00e1 contraindicado en pacientes que est\u00e1n usando cualquier forma de nitrato org\u00e1nico, ya sea de forma regular y\/o intermitente, ya que es capaz de potenciar el efecto hipotensor de los nitratos.<\/p>\n<p>Efectos secundarios posibles<br \/>\nLos efectos secundarios m\u00e1s comunes de Cialis son enrojecimiento facial (enrojecimiento), dolores de cabeza, malestar estomacal, diarrea, s\u00edntomas similares a la gripe y n\u00e1useas. En casos m\u00e1s raros, pueden ocurrir presi\u00f3n arterial baja, visi\u00f3n borrosa y cambios en la visi\u00f3n del color, y eyaculaci\u00f3n anormal. Tambi\u00e9n son posibles erecciones prolongadas o priapismo (erecciones dolorosas que duran m\u00e1s de 6 horas). Si su erecci\u00f3n dura m\u00e1s de 4 horas, busque ayuda m\u00e9dica inmediata, ya que puede da\u00f1ar permanentemente su pene. Se inform\u00f3 la exacerbaci\u00f3n de problemas card\u00edacos en pacientes con enfermedades card\u00edacas preexistentes que usaban Cialis.<\/p>\n<p>Interacciones con otros medicamentos<br \/>\nLa coadministraci\u00f3n con medicamentos que contienen nitratos org\u00e1nicos puede causar hipotensi\u00f3n severa, lo cual es peligroso en algunos casos. Evite tomar Calis con medicamentos como Eritritilo Tetranitrato, Dinitrato de Isosorbida, Mononitrato de Isosorbida, Nitroglicerina, Tetranitrato de Pentaeritritol. Los niveles y la toxicidad de Cialis aumentan con la eritromicina, el ketoconazol (Nizoral), el itraconazol (Sporanox), el indinavir (Crixivan) y el ritonavir (Norvir). Informe a su m\u00e9dico si est\u00e1 tomando Atazanavir, Bunazosina, Claritromicina, Doxazosina, Eritromicina, Indinavir, Itraconazol, Ketoconazol, Moxisilita, Nefazodona, Nelfinavir, Fenoxibenzamina, Fentolamina, Prazosina, Saquinavir, Telitromicina, Terazosina, Trimazosina, Urapidil, ya que su dosis de Cialis puede requerir correcci\u00f3n.<\/p>\n<p>Levitra con ingrediente activo Vardenafil es un medicamento oral utilizado para tratar la disfunci\u00f3n er\u00e9ctil. La estimulaci\u00f3n sexual causa la producci\u00f3n y liberaci\u00f3n de \u00f3xido n\u00edtrico de los terminales nerviosos de los cuerpos cavernosos del pene, lo que activa la enzima guanilato ciclasa. La guanilato ciclasa, a su vez, es responsable de la producci\u00f3n de monofosfato de guanosina c\u00edclica (cGMP). El cGMP causa la dilataci\u00f3n y relajaci\u00f3n de los vasos sangu\u00edneos que transportan sangre al pene. Levitra evita que la enzima fosfodiesterasa-5 destruya el cGMP y, por lo tanto, ayuda a mantener el flujo sangu\u00edneo al pene.<br \/>\nDosificaci\u00f3n y direcci\u00f3n<br \/>\nLa dosis recomendada de Levitra es de 10 mg al d\u00eda, tomada una hora antes del coito. Si no se experimentan efectos secundarios, la dosis puede aumentarse a 20 mg. En caso de efectos adversos, la dosis se reduce a 5 mg al d\u00eda. No tome m\u00e1s de una tableta de Levitra al d\u00eda.<br \/>\nPrecauciones<br \/>\nLevitra no ha sido estudiado en personas con enfermedad cardiovascular, por lo que es preferible evitar Levitra si en pacientes que han tenido un derrame cerebral o insuficiencia card\u00edaca, o un ataque card\u00edaco en su historial y especialmente en los \u00faltimos seis meses. Antes de tomar Levitra, informe a su m\u00e9dico si tiene problemas de ri\u00f1\u00f3n o h\u00edgado, un trastorno hemorr\u00e1gico, \u00falcera de est\u00f3mago o un trastorno retiniano hereditario como la retinitis pigmentaria, reacci\u00f3n al\u00e9rgica a este medicamento o a cualquier otro medicamento, deformaci\u00f3n del pene como angulaci\u00f3n, fibrosis cavernosa (enfermedad de Peyronie), as\u00ed como en enfermedades que contribuyen al desarrollo de priapismo (anemia de c\u00e9lulas falciformes, mieloma m\u00faltiple, leucemia o leucemia).<\/p>\n<p>Contraindicaciones<br \/>\nLevitra est\u00e1 contraindicado en pacientes con hipersensibilidad a sus ingredientes, en aquellos tratados con nitratos org\u00e1nicos, en pacientes menores de 16 a\u00f1os o aquellos que toman inhibidores de la proteasa del VIH como indinavir y ritonavir.<\/p>\n<p>Efecto secundario posible<br \/>\nLevitra generalmente se tolera bien y los efectos secundarios, si ocurren, son transitorios. Los efectos secundarios m\u00e1s frecuentes son: dolor de cabeza, enrojecimiento (hiperemia de la persona); frecuente; mareos, fen\u00f3meno de diarrea, n\u00e1useas, congesti\u00f3n nasal. Los efectos adversos m\u00e1s raros y poco comunes son fotosensibilidad de la piel, hipertensi\u00f3n, dolor de espalda, ojos llorosos, hipotensi\u00f3n, mialgia, priapismo.<\/p>\n<p>Interacci\u00f3n con otros medicamentos<br \/>\nEl metabolismo de Levitra est\u00e1 inhibido por la eritromicina, el ketoconazol (Nizoral), el itraconazol (Sporanox), el indinavir (Crixivan) y el ritonavir (Norvir). Levitra reduce la concentraci\u00f3n de ritonavir e indinavir. En pacientes tratados con nitratos, Levitra puede agravar el dolor en el pecho al aumentar la frecuencia card\u00edaca y bajar la presi\u00f3n arterial. Levitra puede exagerar los efectos de disminuci\u00f3n de la presi\u00f3n arterial de los medicamentos bloqueadores alfa (terazosina o Hytrin). Levitra nunca debe administrarse en pacientes que est\u00e9n siendo tratados con nitratos org\u00e1nicos.<br \/>\nDosis omitida<br \/>\nLos medicamentos descritos se usan seg\u00fan sea necesario, por lo que es poco probable que est\u00e9 en un horario de dosificaci\u00f3n.<\/p>\n<p>Sobredosis<br \/>\nSi cree que ha usado demasiado de este medicamento, busque atenci\u00f3n m\u00e9dica de emergencia de inmediato. Los s\u00edntomas de sobredosis generalmente incluyen dolor en el pecho, n\u00e1useas, latidos card\u00edacos irregulares y sentirse mareado o desmayarse.<\/p>\n<p>Almacenamiento<br \/>\nGuarde sus medicamentos a temperatura ambiente entre 68-77 grados F (20-25 grados C) alejados de la luz y la humedad. No guarde los medicamentos en el ba\u00f1o. Mantenga todos los medicamentos fuera del alcance de los ni\u00f1os y las mascotas.<\/p>\n<p>Descargo de responsabilidad<br \/>\nProporcionamos solo informaci\u00f3n general sobre medicamentos, que no cubre todas las direcciones, posibles integraciones de medicamentos o precauciones. La informaci\u00f3n en el sitio no puede ser utilizada para autotratamiento y auto diagn\u00f3stico. Cualquier instrucci\u00f3n espec\u00edfica para un paciente particular debe ser acordada con su asesor de atenci\u00f3n m\u00e9dica o m\u00e9dico a cargo del caso. Renunciamos a la confiabilidad de esta informaci\u00f3n y a los errores que podr\u00eda contener. No somos responsables de ning\u00fan da\u00f1o directo, indirecto, especial u otro da\u00f1o indirecto como resultado de cualquier uso de la informaci\u00f3n en este sitio y tambi\u00e9n por las consecuencias del autotratamiento.<\/p>\n","protected":false},"excerpt":{"rendered":"<p>10 pastillas de Viagra (100 mg) Gen\u00e9rico + 10 pastillas de Cialis (20 mg) Gen\u00e9rico + 10 pastillas de Levitra (20 mg) Gen\u00e9rico. Ahorra<\/p>\n","protected":false},"featured_media":476,"comment_status":"open","ping_status":"closed","template":"","meta":[],"product_brand":[],"product_cat":[126],"product_tag":[],"class_list":{"0":"post-484","1":"product","2":"type-product","3":"status-publish","4":"has-post-thumbnail","6":"product_cat-disfuncion-erectil-es","7":"pa_active_substance-sildenafil","8":"pa_active_substance-tadalafil","9":"pa_active_substance-vardenafil","11":"first","12":"instock","13":"shipping-taxable","14":"product-type-variable"},"jetpack_sharing_enabled":true,"_links":{"self":[{"href":"https:\/\/pharmacy-content.com\/wp-json\/wp\/v2\/product\/484","targetHints":{"allow":["GET"]}}],"collection":[{"href":"https:\/\/pharmacy-content.com\/wp-json\/wp\/v2\/product"}],"about":[{"href":"https:\/\/pharmacy-content.com\/wp-json\/wp\/v2\/types\/product"}],"replies":[{"embeddable":true,"href":"https:\/\/pharmacy-content.com\/wp-json\/wp\/v2\/comments?post=484"}],"wp:featuredmedia":[{"embeddable":true,"href":"https:\/\/pharmacy-content.com\/wp-json\/wp\/v2\/media\/476"}],"wp:attachment":[{"href":"https:\/\/pharmacy-content.com\/wp-json\/wp\/v2\/media?parent=484"}],"wp:term":[{"taxonomy":"product_brand","embeddable":true,"href":"https:\/\/pharmacy-content.com\/wp-json\/wp\/v2\/product_brand?post=484"},{"taxonomy":"product_cat","embeddable":true,"href":"https:\/\/pharmacy-content.com\/wp-json\/wp\/v2\/product_cat?post=484"},{"taxonomy":"product_tag","embeddable":true,"href":"https:\/\/pharmacy-content.com\/wp-json\/wp\/v2\/product_tag?post=484"}],"curies":[{"name":"wp","href":"https:\/\/api.w.org\/{rel}","templated":true}]}}