{"id":4856,"date":"2026-04-22T06:55:20","date_gmt":"2026-04-22T06:55:20","guid":{"rendered":""},"modified":"2026-04-22T06:55:59","modified_gmt":"2026-04-22T06:55:59","slug":"vidalista-3","status":"publish","type":"product","link":"https:\/\/pharmacy-content.com\/?product=vidalista-3&lang=fr","title":{"rendered":"Vidalista"},"content":{"rendered":"<p>Utilisation courante<\/p>\n<p>Le comprim\u00e9 Vidalista est utilis\u00e9 pour traiter la dysfonction \u00e9rectile (DE) chez l&#8217;homme et l&#8217;hypertension art\u00e9rielle pulmonaire (HTAP). Il augmente le flux sanguin vers le p\u00e9nis pour favoriser l&#8217;\u00e9rection. Dans l&#8217;HTAP, il d\u00e9tend ou dilate les vaisseaux sanguins des poumons, ce qui r\u00e9duit la pression art\u00e9rielle pulmonaire.<\/p>\n<p>Posologie et mode d&#8217;emploi<\/p>\n<p>Les recommandations g\u00e9n\u00e9rales pour la prise de Vidalista sont les suivantes :<br \/>\nPrendre Vidalista environ 30 \u00e0 60 minutes avant l&#8217;activit\u00e9 sexuelle pr\u00e9vue.<br \/>\nAvaler le comprim\u00e9 avec de l&#8217;eau ou du jus ; ne pas l&#8217;\u00e9craser, le croquer ou le casser.<br \/>\nIl peut \u00eatre pris avec ou sans nourriture, mais le prendre \u00e0 jeun peut acc\u00e9l\u00e9rer son action.<br \/>\nNe pas prendre plus d&#8217;un comprim\u00e9 par p\u00e9riode de 24 heures.<\/p>\n<p>Pr\u00e9cautions<\/p>\n<p>Maladie du foie : Les personnes souffrant de maladies h\u00e9patiques peuvent avoir des difficult\u00e9s \u00e0 assimiler Vidalista ; les m\u00e9decins prescrivent donc g\u00e9n\u00e9ralement des dosages plus faibles.<br \/>\nInsuffisance r\u00e9nale : Les personnes souffrant de probl\u00e8mes r\u00e9naux doivent \u00eatre surveill\u00e9es afin de pr\u00e9venir toute aggravation des l\u00e9sions r\u00e9nales. Il leur est g\u00e9n\u00e9ralement recommand\u00e9 d&#8217;utiliser des doses faibles au d\u00e9but du traitement.<br \/>\nLes comprim\u00e9s de Vidalista sont d\u00e9conseill\u00e9s aux femmes et leurs effets sur les femmes qui allaitent n&#8217;ont pas \u00e9t\u00e9 \u00e9tudi\u00e9s de mani\u00e8re approfondie.<br \/>\n\u00c9vitez de consommer du jus de pamplemousse et de l&#8217;alcool pendant le traitement par Vidalista, car ils peuvent avoir des effets ind\u00e9sirables.<\/p>\n<p>Contre-indications<\/p>\n<p>La prise concomitante de comprim\u00e9s de Vidalista et de m\u00e9dicaments appel\u00e9s d\u00e9riv\u00e9s nitr\u00e9s (souvent prescrits pour les douleurs thoraciques) peut \u00eatre dangereuse. Ne prenez pas ce m\u00e9dicament si vous souffrez de graves probl\u00e8mes cardiaques ou h\u00e9patiques, si vous avez r\u00e9cemment subi un accident vasculaire c\u00e9r\u00e9bral ou une crise cardiaque, ou si vous souffrez d&#8217;hypotension art\u00e9rielle. Informez votre m\u00e9decin si vous souffrez de ces probl\u00e8mes de sant\u00e9 ou de tout autre probl\u00e8me de sant\u00e9 avant de prendre ce m\u00e9dicament.<\/p>\n<p>Effets secondaires possibles<\/p>\n<p>La plupart des effets secondaires ne n\u00e9cessitent pas de consultation m\u00e9dicale et disparaissent \u00e0 mesure que votre corps s&#8217;adapte au m\u00e9dicament. Consultez votre m\u00e9decin s&#8217;ils persistent ou vous inqui\u00e8tent.<br \/>\nEffets secondaires fr\u00e9quents de Vidalista :<br \/>\nDouleurs dorsales<br \/>\nNaus\u00e9es<br \/>\nBouff\u00e9es vasomotrices (sensation de chaleur au niveau du visage, des oreilles, du cou et du tronc)<br \/>\nMaux de t\u00eate<br \/>\nVision trouble<br \/>\nDouleurs musculaires<br \/>\nMaux d&#8217;estomac<br \/>\nInfection des voies respiratoires<\/p>\n<p>Interactions m\u00e9dicamenteuses<\/p>\n<p>\u00c9vitez de prendre des m\u00e9dicaments contre l&#8217;angine de poitrine (nitrates), des antibiotiques (\u00e9rythromycine), des anticonvulsivants (ph\u00e9nyto\u00efne), des antifongiques (k\u00e9toconazole) et des m\u00e9dicaments contre l&#8217;hypertension pulmonaire (riociguat). Ces m\u00e9dicaments peuvent alt\u00e9rer la s\u00e9curit\u00e9 et l&#8217;efficacit\u00e9 de Vidalista.<\/p>\n<p>Dose oubli\u00e9e<\/p>\n<p>Si vous oubliez une dose de Vidalista, prenez-la d\u00e8s que vous vous en rendez compte. Si la dose suivante est proche, sautez la dose oubli\u00e9e et reprenez le sch\u00e9ma posologique habituel.<\/p>\n<p>Surdosage<\/p>\n<p>Un surdosage de Vidalista peut entra\u00eener une perte de la vision, une alt\u00e9ration des couleurs, une vision floue, des bourdonnements d&#8217;oreilles et une \u00e9rection prolong\u00e9e. Ces sympt\u00f4mes doivent \u00eatre pris en charge en urgence en milieu hospitalier. Il est donc essentiel de respecter scrupuleusement la dose prescrite.<\/p>\n<p>Conservation<\/p>\n<p>Conserver \u00e0 temp\u00e9rature ambiante, \u00e0 l&#8217;abri de l&#8217;humidit\u00e9, de la lumi\u00e8re du soleil, des enfants et des animaux domestiques, dans un r\u00e9cipient herm\u00e9tique.<\/p>\n","protected":false},"excerpt":{"rendered":"<p>Vidalista am\u00e9liore l&#8217;\u00e9rection et aide \u00e0 l\u2019accomplissement des rapports sexuels.<\/p>\n","protected":false},"featured_media":4784,"comment_status":"open","ping_status":"closed","template":"","meta":[],"product_brand":[],"product_cat":[120],"product_tag":[],"class_list":{"0":"post-4856","1":"product","2":"type-product","3":"status-publish","4":"has-post-thumbnail","6":"product_cat-dysfonction-erectile-fr","7":"pa_active_substance-tadalafil","9":"first","10":"instock","11":"shipping-taxable","12":"product-type-simple"},"jetpack_sharing_enabled":true,"_links":{"self":[{"href":"https:\/\/pharmacy-content.com\/index.php?rest_route=\/wp\/v2\/product\/4856","targetHints":{"allow":["GET"]}}],"collection":[{"href":"https:\/\/pharmacy-content.com\/index.php?rest_route=\/wp\/v2\/product"}],"about":[{"href":"https:\/\/pharmacy-content.com\/index.php?rest_route=\/wp\/v2\/types\/product"}],"replies":[{"embeddable":true,"href":"https:\/\/pharmacy-content.com\/index.php?rest_route=%2Fwp%2Fv2%2Fcomments&post=4856"}],"wp:featuredmedia":[{"embeddable":true,"href":"https:\/\/pharmacy-content.com\/index.php?rest_route=\/wp\/v2\/media\/4784"}],"wp:attachment":[{"href":"https:\/\/pharmacy-content.com\/index.php?rest_route=%2Fwp%2Fv2%2Fmedia&parent=4856"}],"wp:term":[{"taxonomy":"product_brand","embeddable":true,"href":"https:\/\/pharmacy-content.com\/index.php?rest_route=%2Fwp%2Fv2%2Fproduct_brand&post=4856"},{"taxonomy":"product_cat","embeddable":true,"href":"https:\/\/pharmacy-content.com\/index.php?rest_route=%2Fwp%2Fv2%2Fproduct_cat&post=4856"},{"taxonomy":"product_tag","embeddable":true,"href":"https:\/\/pharmacy-content.com\/index.php?rest_route=%2Fwp%2Fv2%2Fproduct_tag&post=4856"}],"curies":[{"name":"wp","href":"https:\/\/api.w.org\/{rel}","templated":true}]}}