{"id":486,"date":"2026-04-22T06:39:49","date_gmt":"2026-04-22T06:39:49","guid":{"rendered":""},"modified":"2026-04-22T06:39:53","modified_gmt":"2026-04-22T06:39:53","slug":"ed-power-trio-6","status":"publish","type":"product","link":"https:\/\/pharmacy-content.com\/?product=ed-power-trio-6&lang=pl","title":{"rendered":"ED Power Trio"},"content":{"rendered":"<p>Wsp\u00f3lne zastosowanie<br \/>\nG\u0142\u00f3wnym sk\u0142adnikiem Viagry jest cytrynian sildenafilu.<br \/>\nCytrynian sildenafilu wp\u0142ywa na odpowied\u017a na stymulacj\u0119 seksualn\u0105. Dzia\u0142a poprzez zwi\u0119kszenie relaksacji mi\u0119\u015bni g\u0142adkich za pomoc\u0105 tlenku azotu, substancji chemicznej, kt\u00f3ra normalnie jest uwalniana w odpowiedzi na stymulacj\u0119 seksualn\u0105. Ten relaks mi\u0119\u015bni g\u0142adkich pozwala na zwi\u0119kszenie przep\u0142ywu krwi do okre\u015blonych obszar\u00f3w penisa, co prowadzi do erekcji. Cytrynian sildenafilu stosuje si\u0119 w leczeniu zaburze\u0144 erekcji (impotencji) u m\u0119\u017cczyzn i nadci\u015bnienia p\u0142ucnego t\u0119tniczego. Cytrynian sildenafilu mo\u017ce by\u0107 r\u00f3wnie\u017c stosowany w innych celach, kt\u00f3rych nie wymieniono powy\u017cej.<br \/>\nDawkowanie i kierunek<br \/>\nZwykle zalecana dawka VIAGRY wynosi 50 mg. Stosuje si\u0119 go oko\u0142o 0,5-1 godziny przed aktywno\u015bci\u0105 seksualn\u0105. Nie przyjmuj Viagry wi\u0119cej ni\u017c raz dziennie. T\u0142uste jedzenie mo\u017ce op\u00f3\u017ani\u0107 czas dzia\u0142ania tego leku. Staraj si\u0119 nie spo\u017cywa\u0107 grejpfrut\u00f3w ani pi\u0107 soku z grejpfrut\u00f3w podczas leczenia cytrynianem sildenafilu.<br \/>\nOstro\u017cno\u015b\u0107<br \/>\nZanim zaczniesz stosowa\u0107 cytrynian sildenafilu, powiedz swojemu lekarzowi lub farmaceucie, czy jeste\u015b na niego uczulony, lub czy masz inne alergie. Osoby starsze mog\u0105 by\u0107 bardziej wra\u017cliwe na skutki uboczne leku.<br \/>\nPrzeciwwskazania<br \/>\nED Power Trio jest przeciwwskazana u pacjent\u00f3w przyjmuj\u0105cych inne leki na impotencj\u0119 lub stosuj\u0105cych lek azotanowy na b\u00f3l w klatce piersiowej lub problemy sercowe. Ten lek nie powinien by\u0107 przyjmowany przez kobiety i dzieci, a tak\u017ce przez pacjent\u00f3w z znan\u0105 nadwra\u017cliwo\u015bci\u0105 na kt\u00f3rykolwiek sk\u0142adnik tabletki.<\/p>\n<p>Mo\u017cliwe skutki uboczne<br \/>\nNajcz\u0119stsze skutki uboczne to b\u00f3l g\u0142owy, zaczerwienienie, zgaga, niestrawno\u015b\u0107, zatkanie nosa, zawroty g\u0142owy, nudno\u015bci lub biegunka. Bardzo rzadk\u0105 reakcj\u0105 alergiczn\u0105 na ten lek jest bardzo rzadka, ale natychmiastowa pomoc medyczna jest wymagana, je\u015bli wyst\u0105pi. Wielu ludzi stosuj\u0105cych ten lek nie ma powa\u017cnych skutk\u00f3w ubocznych. W przypadku wyst\u0105pienia jakichkolwiek skutk\u00f3w ubocznych niewymienionych powy\u017cej, skontaktuj si\u0119 z lekarzem lub farmaceut\u0105.<\/p>\n<p>Interakcje lek\u00f3w<br \/>\nTen lek nie powinien by\u0107 stosowany z azotanami i lekami rekreacyjnymi zwanych \u201epopperami\u201d zawieraj\u0105cymi azotan amylu lub azotan butylu; lekami z grupy bloker\u00f3w alfa; innymi lekami na impotencj\u0119; lekami na nadci\u015bnienie krwi itp. Skonsultuj si\u0119 z lekarzem lub farmaceut\u0105, aby uzyska\u0107 wi\u0119cej informacji.<br \/>\nCialis Generic zawiera tadalafil .<br \/>\nJest to skuteczny, odwracalny, selektywny inhibitor fosfodiesterazy typu 5 (PDE 5) specyficzny dla cyklicznego monofosforanu guanozyny (cGMP). Gdy stymulacja seksualna powoduje miejscowe uwolnienie tlenku azotu, hamowanie PDE 5 przez Cialis prowadzi do zwi\u0119kszenia poziom\u00f3w cGMP w ciele jamistym penisa. Powoduje to rozlu\u017anienie mi\u0119\u015bni g\u0142adkich t\u0119tnic i przep\u0142yw krwi do tkanek penisa, co powoduje erekcj\u0119. Cialis nie wywiera dzia\u0142ania, gdy brakuje stymulacji seksualnej. Cialis poprawia erekcj\u0119 i pozwala na udane wsp\u00f3\u0142\u017cycie seksualne. Lek dzia\u0142a przez 36 godzin. Je\u015bli pobudzenie seksualne jest obecne, efekt pojawia si\u0119 nawet po 16 minutach od przyj\u0119cia leku.<br \/>\nDawkowanie i kierunek<br \/>\nZalecana dawka Cialisu to 20 mg, nale\u017cy j\u0105 przyj\u0105\u0107 co najmniej 16 minut przed aktywno\u015bci\u0105 seksualn\u0105. Efekt utrzymuje si\u0119 przez 36 godzin. We\u017a Cialis raz dziennie i nie przekraczaj zalecanej dawki<br \/>\nOstro\u017cno\u015b\u0107<br \/>\nPreferowane jest nie stosowanie Cialisu z sokiem grejpfrutowym, napojami alkoholowymi, tytoniem. Palenie tytoniu i stosowanie Cialisu jednocze\u015bnie mo\u017ce prowadzi\u0107 do stanu nazywanego NIAC (nag\u0142a utrata wzroku zwi\u0105zana z nerwem wzrokowym). Poinformuj swojego lekarza przed zastosowaniem Cialisu, je\u015bli masz nieprawid\u0142owy penis, w tym zakrzywiony penis i wady wrodzone penisa, chorob\u0119 niedokrwienn\u0105 serca, arytmie, dusznic\u0119 bolesn\u0105, zawa\u0142 serca lub niewydolno\u015b\u0107 serca, hipotensj\u0119 lub nadci\u015bnienie, krwawienie, wrzody \u017co\u0142\u0105dka, cukrzyc\u0119, hiperlipidemi\u0119 (nadmiar lipid\u00f3w we krwi), anemi\u0119 sierpowat\u0105, niewydolno\u015b\u0107 w\u0105troby lub nerek w historii.<\/p>\n<p>Przeciwwskazania<br \/>\nCialis jest przeciwwskazany u pacjent\u00f3w stosuj\u0105cych jak\u0105kolwiek form\u0119 organicznego azotanu, zar\u00f3wno regularnie, jak i\/lub okresowo, poniewa\u017c mo\u017ce potencjalizowa\u0107 efekt hipotensyjny azotan\u00f3w.<\/p>\n<p>Mo\u017cliwe skutki uboczne<br \/>\nNajcz\u0119stsze skutki uboczne Cialisu to zaczerwienienie twarzy (zaczerwienienie), b\u00f3le g\u0142owy, problemy z \u017co\u0142\u0105dkiem, biegunka, objawy grypopodobne i nudno\u015bci. W bardziej rzadkich przypadkach mog\u0105 wyst\u0105pi\u0107 niskie ci\u015bnienie krwi, widzenie niewyra\u017ane i zmiany w widzeniu kolor\u00f3w oraz nieprawid\u0142owe wytryski. Mo\u017cliwe s\u0105 r\u00f3wnie\u017c przed\u0142u\u017cone erekcje lub priapizm (bolesne erekcje trwaj\u0105ce d\u0142u\u017cej ni\u017c 6 godzin). Je\u015bli erekcja trwa d\u0142u\u017cej ni\u017c 4 godziny, nale\u017cy natychmiast skonsultowa\u0107 si\u0119 z lekarzem, poniewa\u017c mo\u017ce to spowodowa\u0107 trwa\u0142e uszkodzenie penisa. Zg\u0142oszono nasilenie problem\u00f3w sercowych u pacjent\u00f3w z istniej\u0105c\u0105 chorob\u0105 serca stosuj\u0105cych Cialis.<\/p>\n<p>Interakcje lek\u00f3w<br \/>\nWsp\u00f3\u0142podawanie z lekami zawieraj\u0105cymi azotany organiczne mo\u017ce powodowa\u0107 ci\u0119\u017ck\u0105 hipotoni\u0119, co w niekt\u00f3rych przypadkach jest niebezpieczne. Unikaj stosowania Calis z lekami takimi jak erytrytol tetranitrat, dinitrat izosorbidu, mononitrat izosorbidu, nitrogliceryna, tetranitrat pentaerytrytolu. St\u0119\u017cenie i toksyczno\u015b\u0107 Cialisu wzrastaj\u0105 przy stosowaniu erytromycyny, ketokonazolu (Nizoral), itrakonazolu (Sporanox), indinawiru (Crixivan) i rytonawiru (Norvir). Poinformuj swojego lekarza, je\u015bli przyjmujesz atazanawir, bunazosyn\u0119, klaritromycyn\u0119, doksazosyn\u0119, erytromycyn\u0119, indinawir, itrakonazol, ketokonazol, moksyzylit\u0119, nefazodon, nelfinawir, fenoxybenzamin\u0119, fentolamin\u0119, prazozyn\u0119, sakwinawir, telitromycyn\u0119, terazozyn\u0119, trimazosyn\u0119, urapidil, poniewa\u017c dawka Cialisu mo\u017ce wymaga\u0107 korekty.<\/p>\n<p>Levitra z aktywnym sk\u0142adnikiem wardenafilu to doustny lek stosowany w leczeniu zaburze\u0144 erekcji.<br \/>\nStymulacja seksualna powoduje produkcj\u0119 i uwalnianie tlenku azotu z ko\u0144c\u00f3wek nerw\u00f3w cia\u0142 jamistych penisa, co aktywuje enzym cyklaz\u0119 guanylanow\u0105. Cyklaza guanylanowa jest odpowiedzialna za produkcj\u0119 cyklicznego monofosforanu guanozyny (cGMP). cGMP powoduje poszerzenie i rozlu\u017anienie naczy\u0144 krwiono\u015bnych transportuj\u0105cych krew do penisa. Levitra zapobiega niszczeniu enzymu fosfodiesterazy-5 cGMP i tym samym pomaga w utrzymaniu przep\u0142ywu krwi do penisa.<br \/>\nDawkowanie i kierunek<br \/>\nZalecana dawka Levitra to 10 mg dziennie, przyjmowana godzin\u0119 przed stosunkiem seksualnym. Je\u015bli nie wyst\u0119puj\u0105 skutki uboczne, dawk\u0119 mo\u017cna zwi\u0119kszy\u0107 do 20 mg. W przypadku wyst\u0105pienia skutk\u00f3w ubocznych dawk\u0119 zmniejsza si\u0119 do 5 mg dziennie. Nie nale\u017cy przyjmowa\u0107 wi\u0119cej ni\u017c jednej tabletki Levitra dziennie.<br \/>\nOstro\u017cno\u015b\u0107<br \/>\nLevitra nie zosta\u0142a zbadana u os\u00f3b z chorob\u0105 serca, dlatego nale\u017cy unika\u0107 stosowania Levitra u pacjent\u00f3w, kt\u00f3rzy mieli udar m\u00f3zgu lub niewydolno\u015b\u0107 serca, lub zawa\u0142 serca w historii, zw\u0142aszcza w ci\u0105gu ostatnich sze\u015bciu miesi\u0119cy. Przed za\u017cyciem Levitra nale\u017cy poinformowa\u0107 lekarza, je\u015bli masz problemy z nerkami lub w\u0105trob\u0105, zaburzenia krwawienia, wrz\u00f3d \u017co\u0142\u0105dka lub dziedziczn\u0105 chorob\u0119 siatk\u00f3wki, tak\u0105 jak retinitis pigmentosa, alergi\u0119 na ten lek lub inne leki, zniekszta\u0142cenie penisa, takie jak angulacja, w\u0142\u00f3knienie jamiste (choroba Peyroniego), a tak\u017ce w przypadku chor\u00f3b, kt\u00f3re przyczyniaj\u0105 si\u0119 do rozwoju priapizmu (anemia sierpowata, szpiczak mnogi, bia\u0142aczka lub bia\u0142aczka).<\/p>\n<p>Przeciwwskazania<br \/>\nLevitra jest przeciwwskazana u pacjent\u00f3w uczulonych na jej sk\u0142adniki, leczonych azotanami organicznymi, u pacjent\u00f3w poni\u017cej 16 r.\u017c. lub tych, kt\u00f3rzy przyjmuj\u0105 inhibitory proteazy HIV, takie jak indinawir i rytonawir.<\/p>\n<p>Mo\u017cliwe skutki uboczne<br \/>\nLevitra jest zazwyczaj dobrze tolerowana, a skutki uboczne, je\u015bli wyst\u0105pi\u0105, s\u0105 przej\u015bciowe. Najcz\u0119stsze skutki uboczne to: b\u00f3l g\u0142owy, zaczerwienienie (hiperemia osoby); cz\u0119sty; zawroty g\u0142owy, zjawisko biegunki, nudno\u015bci, zatkanie nosa. Rzadziej i rzadziej wyst\u0119puj\u0105ce dzia\u0142ania niepo\u017c\u0105dane to nadwra\u017cliwo\u015b\u0107 sk\u00f3ry na \u015bwiat\u0142o, nadci\u015bnienie, b\u00f3le plec\u00f3w, \u0142zawienie oczu, hipotensja, mialgia, priapizm.<\/p>\n<p>Interakcje lek\u00f3w<br \/>\nMetabolizm Levitra jest hamowany przez erytromycyn\u0119, ketokonazol (Nizoral), itrakonazol (Sporanox), indinawir (Crixivan) i rytonawir (Norvir). Levitra zmniejsza st\u0119\u017cenie rytonawiru i indinawiru. U pacjent\u00f3w leczonych azotanami Levitra mo\u017ce nasila\u0107 b\u00f3l w klatce piersiowej poprzez zwi\u0119kszenie cz\u0119sto\u015bci akcji serca i obni\u017cenie ci\u015bnienia krwi. Levitra mo\u017ce wyolbrzymia\u0107 obni\u017caj\u0105ce ci\u015bnienie krwi dzia\u0142anie lek\u00f3w blokuj\u0105cych receptory alfa (terazosyn\u0119 lub Hytrin). Levitra nigdy nie powinna by\u0107 podawana pacjentom leczonym azotanami organicznymi.<br \/>\nNie za\u017cy\u0142e\u015b dawki<br \/>\nOpisane leki s\u0105 stosowane w razie potrzeby, wi\u0119c prawdopodobnie nie stosujesz si\u0119 do harmonogramu dawkowania.<\/p>\n<p>Przedawkowanie<br \/>\nJe\u015bli uwa\u017casz, \u017ce za\u017cy\u0142e\u015b\/a\u015b za du\u017co tego leku, natychmiast zasi\u0119gnij pomocy medycznej. Objawy przedawkowania obejmuj\u0105 zazwyczaj b\u00f3l w klatce piersiowej, nudno\u015bci, nieregularne bicie serca i uczucie zawrotnienia lub omdlenia.<\/p>\n<p>Przechowywanie<br \/>\nPrzechowuj swoje leki w temperaturze pokojowej mi\u0119dzy 68-77 stopni F (20-25 stopni C) z dala od \u015bwiat\u0142a i wilgoci. Nie przechowuj lek\u00f3w w \u0142azience. Trzymaj wszystkie leki z dala od zasi\u0119gu dzieci i zwierz\u0105t.<\/p>\n<p>Zrzeczenie si\u0119 odpowiedzialno\u015bci<br \/>\nOferujemy tylko og\u00f3lne informacje o lekach, kt\u00f3re nie obejmuj\u0105 wszystkich wskaza\u0144, mo\u017cliwych interakcji lek\u00f3w lub \u015brodk\u00f3w ostro\u017cno\u015bci. Informacje na stronie nie mog\u0105 by\u0107 u\u017cywane do samoleczenia i autodiagnozy. Wszelkie konkretne instrukcje dotycz\u0105ce konkretnego pacjenta powinny by\u0107 uzgodnione z lekarzem prowadz\u0105cym lub lekarzem odpowiedzialnym za spraw\u0119. Odmawiamy niezawodno\u015bci tych informacji i ewentualnych b\u0142\u0119d\u00f3w, jakie mog\u0105 zawiera\u0107. Nie ponosimy odpowiedzialno\u015bci za jakiekolwiek bezpo\u015brednie, po\u015brednie, specjalne lub inne po\u015brednie szkody wynikaj\u0105ce z jakiegokolwiek u\u017cycia informacji zawartych na tej stronie, a tak\u017ce za konsekwencje samoleczenia<\/p>\n","protected":false},"excerpt":{"rendered":"<p>10 tabletek Viagry (100 mg) Generyczny + 10 tabletek Cialis (20 mg) Generyczny + 10 tabletek Levitra (20 mg) Generyczny. Oszcz\u0119d\u017a<\/p>\n","protected":false},"featured_media":476,"comment_status":"open","ping_status":"closed","template":"","meta":[],"product_brand":[],"product_cat":[129],"product_tag":[],"class_list":{"0":"post-486","1":"product","2":"type-product","3":"status-publish","4":"has-post-thumbnail","6":"product_cat-dysfunkcja-erekcji-pl","7":"pa_active_substance-sildenafil","8":"pa_active_substance-tadalafil","9":"pa_active_substance-vardenafil","11":"first","12":"instock","13":"shipping-taxable","14":"product-type-variable"},"jetpack_sharing_enabled":true,"_links":{"self":[{"href":"https:\/\/pharmacy-content.com\/index.php?rest_route=\/wp\/v2\/product\/486","targetHints":{"allow":["GET"]}}],"collection":[{"href":"https:\/\/pharmacy-content.com\/index.php?rest_route=\/wp\/v2\/product"}],"about":[{"href":"https:\/\/pharmacy-content.com\/index.php?rest_route=\/wp\/v2\/types\/product"}],"replies":[{"embeddable":true,"href":"https:\/\/pharmacy-content.com\/index.php?rest_route=%2Fwp%2Fv2%2Fcomments&post=486"}],"wp:featuredmedia":[{"embeddable":true,"href":"https:\/\/pharmacy-content.com\/index.php?rest_route=\/wp\/v2\/media\/476"}],"wp:attachment":[{"href":"https:\/\/pharmacy-content.com\/index.php?rest_route=%2Fwp%2Fv2%2Fmedia&parent=486"}],"wp:term":[{"taxonomy":"product_brand","embeddable":true,"href":"https:\/\/pharmacy-content.com\/index.php?rest_route=%2Fwp%2Fv2%2Fproduct_brand&post=486"},{"taxonomy":"product_cat","embeddable":true,"href":"https:\/\/pharmacy-content.com\/index.php?rest_route=%2Fwp%2Fv2%2Fproduct_cat&post=486"},{"taxonomy":"product_tag","embeddable":true,"href":"https:\/\/pharmacy-content.com\/index.php?rest_route=%2Fwp%2Fv2%2Fproduct_tag&post=486"}],"curies":[{"name":"wp","href":"https:\/\/api.w.org\/{rel}","templated":true}]}}