{"id":488,"date":"2026-04-22T06:39:50","date_gmt":"2026-04-22T06:39:50","guid":{"rendered":""},"modified":"2026-04-22T06:39:53","modified_gmt":"2026-04-22T06:39:53","slug":"ed-power-trio-7","status":"publish","type":"product","link":"https:\/\/pharmacy-content.com\/pt\/product\/ed-power-trio-7\/","title":{"rendered":"ED Power Trio"},"content":{"rendered":"<p>Uso comum<br \/>\nO principal componente do ED Power Trio \u00e9 o Citrato de Sildenafil.<br \/>\nO Citrato de Sildenafil afeta a resposta \u00e0 estimula\u00e7\u00e3o sexual. Ele atua aumentando o relaxamento dos m\u00fasculos lisos usando \u00f3xido n\u00edtrico, uma subst\u00e2ncia qu\u00edmica normalmente liberada em resposta \u00e0 estimula\u00e7\u00e3o sexual. Esse relaxamento dos m\u00fasculos lisos permite um aumento do fluxo sangu\u00edneo em certas \u00e1reas do p\u00eanis, levando a uma ere\u00e7\u00e3o. O Citrato de Sildenafil \u00e9 aplicado para o tratamento da disfun\u00e7\u00e3o er\u00e9til (impot\u00eancia) em homens e hipertens\u00e3o arterial pulmonar. O Citrato de Sildenafil tamb\u00e9m pode ser usado para outros fins n\u00e3o listados acima.<br \/>\nDosagem e dire\u00e7\u00e3o<br \/>\nNormalmente, a dose recomendada de ED Power Trio \u00e9 de 50 mg. Deve ser tomado aproximadamente 0,5-1 hora antes da atividade sexual. N\u00e3o tome ED Power Trio mais de uma vez por dia. Uma refei\u00e7\u00e3o rica em gordura pode atrasar o tempo de efeito deste medicamento. Tente n\u00e3o comer toranja ou beber suco de toranja enquanto estiver sendo tratado com Citrato de Sildenafil.<br \/>\nPrecau\u00e7\u00f5es<br \/>\nAntes de come\u00e7ar a tomar Citrato de Sildenafil, informe ao seu m\u00e9dico ou farmac\u00eautico se voc\u00ea \u00e9 al\u00e9rgico a ele ou se tem alguma outra alergia. As pessoas idosas podem ser mais sens\u00edveis aos efeitos colaterais do medicamento.<\/p>\n<p>Contraindica\u00e7\u00f5es<br \/>\nO ED Power Trio \u00e9 contraindicado em pacientes que tomam outro medicamento para tratar a impot\u00eancia ou usando um medicamento \u00e0 base de nitrato para dor no peito ou problemas card\u00edacos. Este medicamento n\u00e3o deve ser tomado por mulheres e crian\u00e7as, bem como por pacientes com hipersensibilidade conhecida a qualquer componente do comprimido.<\/p>\n<p>Poss\u00edvel efeito colateral<br \/>\nOs efeitos colaterais mais comuns s\u00e3o dor de cabe\u00e7a, rubor, azia, desconforto estomacal, congest\u00e3o nasal, tontura, sensa\u00e7\u00e3o de desmaio ou diarreia. Uma rea\u00e7\u00e3o al\u00e9rgica grave a este medicamento \u00e9 muito rara, mas procure ajuda m\u00e9dica imediatamente se ocorrer. Muitas pessoas que usam este medicamento n\u00e3o t\u00eam efeitos colaterais graves. No caso de notar qualquer efeito colateral n\u00e3o listado acima, entre em contato com seu m\u00e9dico ou farmac\u00eautico.<\/p>\n<p>Intera\u00e7\u00e3o com medicamentos<br \/>\nEste medicamento n\u00e3o deve ser usado com nitratos e drogas recreativas chamadas poppers contendo nitrito de amila ou butila; medicamentos bloqueadores alfa; outros medicamentos para impot\u00eancia; medicamentos para press\u00e3o alta, etc. Consulte seu m\u00e9dico ou farmac\u00eautico para mais detalhes.<br \/>\nO Cialis Gen\u00e9rico cont\u00e9m Tadalafil .<br \/>\n\u00c9 um inibidor eficaz, revers\u00edvel e seletivo da fosfodiesterase tipo 5 (PDE 5) espec\u00edfico para o monofosfato de guanosina c\u00edclico (cGMP). Quando a estimula\u00e7\u00e3o sexual causa a libera\u00e7\u00e3o local de \u00f3xido n\u00edtrico, a inibi\u00e7\u00e3o da PDE 5 pelo Cialis leva ao aumento dos n\u00edveis de cGMP no corpo cavernoso do p\u00eanis. Isso resulta no relaxamento dos m\u00fasculos lisos arteriais e no fluxo sangu\u00edneo para os tecidos do p\u00eanis que causam ere\u00e7\u00f5es. O Cialis n\u00e3o tem efeito quando n\u00e3o h\u00e1 estimula\u00e7\u00e3o sexual. O Cialis melhora a ere\u00e7\u00e3o e permite alcan\u00e7ar uma rela\u00e7\u00e3o sexual bem-sucedida. O medicamento age por 36 horas. Se houver excita\u00e7\u00e3o sexual, o efeito aparece mesmo ap\u00f3s 16 minutos ap\u00f3s a administra\u00e7\u00e3o do medicamento.<br \/>\nDosagem e dire\u00e7\u00e3o<br \/>\nA dose recomendada de Cialis \u00e9 de 20 mg e deve ser tomada pelo menos 16 minutos antes da atividade sexual. O efeito persiste por 36 horas. Tome Cialis uma vez ao dia e n\u00e3o exceda a dose recomendada<br \/>\nPrecau\u00e7\u00f5es<br \/>\n\u00c9 prefer\u00edvel n\u00e3o usar Cialis com suco de toranja, bebidas alco\u00f3licas, tabaco. Se voc\u00ea fuma tabaco e toma Cialis concomitantemente, isso pode levar a uma condi\u00e7\u00e3o chamada NAION (perda de vis\u00e3o relacionada ao nervo \u00f3ptico). Informe seu m\u00e9dico antes de tomar Cialis se voc\u00ea tiver um p\u00eanis anormal, incluindo p\u00eanis curvo e defeitos cong\u00eanitos do p\u00eanis, teve doen\u00e7a arterial coronariana, arritmia, angina, ataque card\u00edaco ou insufici\u00eancia card\u00edaca, hipertens\u00e3o ou hipotens\u00e3o, sangramento, \u00falceras no est\u00f4mago, diabetes, hiperlipidemia (excesso de lip\u00eddios no sangue), anemia falciforme, insufici\u00eancia hep\u00e1tica ou renal na hist\u00f3ria.<\/p>\n<p>Contraindica\u00e7\u00f5es<br \/>\nO Cialis \u00e9 contraindicado em pacientes que est\u00e3o usando qualquer forma de nitrato org\u00e2nico, seja regularmente e\/ou intermitentemente, pois \u00e9 capaz de potencializar o efeito hipotensivo dos nitratos.<\/p>\n<p>Poss\u00edvel efeito colateral<br \/>\nOs efeitos colaterais mais comuns do Cialis s\u00e3o rubor facial (vermelhid\u00e3o), dores de cabe\u00e7a, desconforto estomacal, diarreia, sintomas semelhantes aos da gripe e n\u00e1useas. Em casos mais raros, podem ocorrer press\u00e3o arterial baixa, vis\u00e3o turva e altera\u00e7\u00f5es na vis\u00e3o de cores, e ejacula\u00e7\u00e3o anormal. Ere\u00e7\u00f5es prolongadas ou priapismo (ere\u00e7\u00f5es dolorosas com dura\u00e7\u00e3o superior a 6 horas) tamb\u00e9m s\u00e3o poss\u00edveis. Se a ere\u00e7\u00e3o durar mais de 4 horas, procure ajuda m\u00e9dica imediatamente, pois isso pode danificar permanentemente o p\u00eanis. Foi relatado agravamento de problemas card\u00edacos em pacientes com doen\u00e7as card\u00edacas pr\u00e9-existentes que usam Cialis.<\/p>\n<p>Intera\u00e7\u00e3o com medicamentos<br \/>\nA coadministra\u00e7\u00e3o com medicamentos contendo nitratos org\u00e2nicos pode causar hipotens\u00e3o grave, o que \u00e9 perigoso em alguns casos. Evite tomar Calis com medicamentos como Tetranitrato de Eritrutilo, Dinitrato de Isossorbida, Mononitrato de Isossorbida, Nitroglicerina, Tetranitrato de Pentaeritritilo. Os n\u00edveis e a toxicidade do Cialis s\u00e3o aumentados pela eritromicina, cetoconazol (Nizoral), itraconazol (Sporanox), indinavir (Crixivan) e ritonavir (Norvir). Informe seu m\u00e9dico se estiver tomando Atazanavir, Bunazosina, Claritromicina, Doxazosina, Eritromicina, Indinavir, Itraconazol, Cetoconazol, Moxisilite, Nefazodona, Nelfinavir, Fenoxibenzamina, Fentolamina, Prazosina, Saquinavir, Telitromicina, Terazosina, Trimazosina, Urapidil, pois sua dose de Cialis pode requerer corre\u00e7\u00e3o.<\/p>\n<p>O Levitra com o ingrediente ativo Vardenafil \u00e9 um medicamento oral usado para tratar a disfun\u00e7\u00e3o er\u00e9til.<br \/>\nA estimula\u00e7\u00e3o sexual causa a produ\u00e7\u00e3o e libera\u00e7\u00e3o de \u00f3xido n\u00edtrico das termina\u00e7\u00f5es nervosas dos corpos cavernosos do p\u00eanis, ativando assim a enzima guanilato ciclase. A guanilato ciclase, por sua vez, \u00e9 respons\u00e1vel pela produ\u00e7\u00e3o de monofosfato de guanosina c\u00edclico (cGMP). O cGMP causa dilata\u00e7\u00e3o e relaxamento dos vasos sangu\u00edneos que transportam sangue para o p\u00eanis. O Levitra impede que a enzima fosfodiesterase-5 destrua o cGMP e, assim, ajuda a manter o fluxo sangu\u00edneo para o p\u00eanis.<br \/>\nDosagem e dire\u00e7\u00e3o<br \/>\nA dose recomendada de Levitra \u00e9 de 10 mg por dia, tomada uma hora antes da rela\u00e7\u00e3o sexual. Se n\u00e3o forem experimentados efeitos colaterais, a dose pode ser aumentada para 20 mg. Em caso de efeitos adversos, a dose \u00e9 reduzida para 5 mg di\u00e1rios. N\u00e3o tome mais de um comprimido de Levitra por dia.<br \/>\nPrecau\u00e7\u00f5es<br \/>\nO Levitra n\u00e3o foi estudado em pessoas com doen\u00e7as cardiovasculares, portanto, \u00e9 prefer\u00edvel evitar o Levitra em pacientes que tiveram um derrame ou insufici\u00eancia card\u00edaca, ou um ataque card\u00edaco na hist\u00f3ria e especialmente nos \u00faltimos seis meses. Antes de tomar Levitra, informe seu m\u00e9dico se voc\u00ea tem problemas renais ou hep\u00e1ticos, dist\u00farbio de sangramento, \u00falcera no est\u00f4mago ou um dist\u00farbio retiniano heredit\u00e1rio como retinite pigmentosa, rea\u00e7\u00e3o al\u00e9rgica a este medicamento ou a qualquer outro medicamento, deforma\u00e7\u00e3o do p\u00eanis como angula\u00e7\u00e3o, fibrose cavernosa (doen\u00e7a de Peyronie), bem como em doen\u00e7as que contribuem para o desenvolvimento de priapismo (anemia falciforme, mieloma m\u00faltiplo, leucemia ou leucemia).<\/p>\n<p>Contraindica\u00e7\u00f5es<br \/>\nO Levitra \u00e9 contraindicado em pacientes com hipersensibilidade aos seus ingredientes, aqueles tratados com nitratos org\u00e2nicos, em pacientes menores de 16 anos ou aqueles que tomam inibidores da protease do HIV, como indinavir e ritonavir.<\/p>\n<p>Poss\u00edvel efeito colateral<br \/>\nO Levitra \u00e9 geralmente bem tolerado e os efeitos colaterais, se ocorrerem, s\u00e3o transit\u00f3rios. Os efeitos colaterais mais frequentes s\u00e3o: dor de cabe\u00e7a, rubor (hiperemia da pessoa); frequente; tontura, fen\u00f4meno de diarreia, n\u00e1usea, congest\u00e3o nasal. Efeitos adversos mais raros e incomuns incluem fotossensibilidade da pele, hipertens\u00e3o, dor nas costas, olhos lacrimejantes, hipotens\u00e3o, mialgia, priapismo.<\/p>\n<p>Intera\u00e7\u00e3o com medicamentos<br \/>\nO metabolismo do Levitra \u00e9 inibido pela eritromicina, cetoconazol (Nizoral), itraconazol (Sporanox), indinavir (Crixivan) e ritonavir (Norvir). O Levitra reduz a concentra\u00e7\u00e3o de ritonavir e indinavir. Em pacientes tratados com nitratos, o Levitra pode agravar a dor no peito aumentando a frequ\u00eancia card\u00edaca e reduzindo a press\u00e3o arterial. O Levitra \u00e9 capaz de exagerar os efeitos de redu\u00e7\u00e3o da press\u00e3o arterial de drogas bloqueadoras alfa (terazosina ou Hytrin). O Levitra nunca deve ser administrado em pacientes tratados com nitratos org\u00e2nicos.<br \/>\nDose perdida<br \/>\nOs medicamentos descritos s\u00e3o usados conforme necess\u00e1rio, portanto, \u00e9 improv\u00e1vel que voc\u00ea siga um cronograma de dosagem.<\/p>\n<p>Superdose<br \/>\nSe voc\u00ea acha que usou uma quantidade excessiva deste medicamento, procure assist\u00eancia m\u00e9dica de emerg\u00eancia imediatamente. Os sintomas de overdose geralmente incluem dor no peito, n\u00e1usea, batimento card\u00edaco irregular e sensa\u00e7\u00e3o de tontura ou desmaio.<\/p>\n<p>Armazenamento<br \/>\nArmazene seus medicamentos em temperatura ambiente entre 20-25 graus C (68-77 graus F), longe da luz e umidade. N\u00e3o armazene os medicamentos no banheiro. Mantenha todos os medicamentos fora do alcance de crian\u00e7as e animais de estima\u00e7\u00e3o.<\/p>\n<p>Aviso legal<br \/>\nFornecemos apenas informa\u00e7\u00f5es gerais sobre medicamentos, que n\u00e3o abrangem todas as dire\u00e7\u00f5es, integra\u00e7\u00f5es poss\u00edveis de medicamentos ou precau\u00e7\u00f5es. As informa\u00e7\u00f5es no site n\u00e3o podem ser usadas para auto-tratamento e auto-diagn\u00f3stico. Quaisquer instru\u00e7\u00f5es espec\u00edficas para um paciente em particular devem ser acordadas com seu m\u00e9dico ou consultor de sa\u00fade respons\u00e1vel pelo caso. N\u00f3s negamos a confiabilidade dessas informa\u00e7\u00f5es e quaisquer erros que possam conter. N\u00e3o somos respons\u00e1veis por nenhum dano direto, indireto, especial ou outro dano indireto resultante de qualquer uso das informa\u00e7\u00f5es neste site e tamb\u00e9m pelas consequ\u00eancias do auto-tratamento.<\/p>\n","protected":false},"excerpt":{"rendered":"<p>10 comprimidos de Viagra (100 mg) Gen\u00e9rico + 10 comprimidos de Cialis (20 mg) Gen\u00e9rico + 10 comprimidos de Levitra (20 mg) Gen\u00e9rico. Economize<\/p>\n","protected":false},"featured_media":476,"comment_status":"open","ping_status":"closed","template":"","meta":[],"product_brand":[],"product_cat":[132],"product_tag":[],"class_list":{"0":"post-488","1":"product","2":"type-product","3":"status-publish","4":"has-post-thumbnail","6":"product_cat-disfuncao-eretil-pt","7":"pa_active_substance-sildenafil","8":"pa_active_substance-tadalafil","9":"pa_active_substance-vardenafil","11":"first","12":"instock","13":"shipping-taxable","14":"product-type-variable"},"jetpack_sharing_enabled":true,"_links":{"self":[{"href":"https:\/\/pharmacy-content.com\/wp-json\/wp\/v2\/product\/488","targetHints":{"allow":["GET"]}}],"collection":[{"href":"https:\/\/pharmacy-content.com\/wp-json\/wp\/v2\/product"}],"about":[{"href":"https:\/\/pharmacy-content.com\/wp-json\/wp\/v2\/types\/product"}],"replies":[{"embeddable":true,"href":"https:\/\/pharmacy-content.com\/wp-json\/wp\/v2\/comments?post=488"}],"wp:featuredmedia":[{"embeddable":true,"href":"https:\/\/pharmacy-content.com\/wp-json\/wp\/v2\/media\/476"}],"wp:attachment":[{"href":"https:\/\/pharmacy-content.com\/wp-json\/wp\/v2\/media?parent=488"}],"wp:term":[{"taxonomy":"product_brand","embeddable":true,"href":"https:\/\/pharmacy-content.com\/wp-json\/wp\/v2\/product_brand?post=488"},{"taxonomy":"product_cat","embeddable":true,"href":"https:\/\/pharmacy-content.com\/wp-json\/wp\/v2\/product_cat?post=488"},{"taxonomy":"product_tag","embeddable":true,"href":"https:\/\/pharmacy-content.com\/wp-json\/wp\/v2\/product_tag?post=488"}],"curies":[{"name":"wp","href":"https:\/\/api.w.org\/{rel}","templated":true}]}}