{"id":490,"date":"2026-04-22T06:39:50","date_gmt":"2026-04-22T06:39:50","guid":{"rendered":""},"modified":"2026-04-22T06:39:53","modified_gmt":"2026-04-22T06:39:53","slug":"ed-power-trio-8","status":"publish","type":"product","link":"https:\/\/pharmacy-content.com\/?product=ed-power-trio-8&lang=sv","title":{"rendered":"ED Power Trio"},"content":{"rendered":"<p>Anv\u00e4ndning<br \/>\nHuvudkomponenten i ED Power Trio \u00e4r Sildenafilcitrat.<br \/>\nSildenafilcitrat p\u00e5verkar svaret p\u00e5 sexuell stimulering. Det fungerar genom att f\u00f6rb\u00e4ttra avslappningen av glatt muskulatur med hj\u00e4lp av kv\u00e4veoxid, en kemikalie som normalt frig\u00f6rs som svar p\u00e5 sexuell stimulering. Denna avslappning av glatt muskulatur m\u00f6jligg\u00f6r \u00f6kad blodfl\u00f6de till vissa omr\u00e5den av penis, vilket leder till en erektion. Sildenafilcitrat anv\u00e4nds f\u00f6r behandling av erektil dysfunktion (impotens) hos m\u00e4n och pulmonell arteriell hypertension. Sildenafilcitrat kan ocks\u00e5 anv\u00e4ndas f\u00f6r andra \u00e4ndam\u00e5l som inte anges ovan.<br \/>\nDosering och riktning<br \/>\nVanligtvis \u00e4r den rekommenderade dosen av ED Power Trio 50 mg. Den tas cirka 0,5-1 timme f\u00f6re sexuell aktivitet. Ta inte ED Power Trio mer \u00e4n en g\u00e5ng om dagen. En fettrik m\u00e5ltid kan f\u00f6rdr\u00f6ja effekten av detta l\u00e4kemedel. F\u00f6rs\u00f6k att inte \u00e4ta grapefrukt eller dricka grapefruktjuice medan du behandlas med Sildenafilcitrat.<br \/>\nF\u00f6rsiktighets\u00e5tg\u00e4rder<br \/>\nInnan du b\u00f6rjar ta Sildenafilcitrat, ber\u00e4tta f\u00f6r din l\u00e4kare eller apotekspersonal om du \u00e4r allergisk mot det eller om du har andra allergier. \u00c4ldre m\u00e4nniskor kan vara k\u00e4nsligare f\u00f6r l\u00e4kemedlets biverkningar.<\/p>\n<p>Kontraindikationer<br \/>\nED Power Trio \u00e4r kontraindicerat hos patienter som tar ett annat l\u00e4kemedel f\u00f6r att behandla impotens eller anv\u00e4nder ett nitratl\u00e4kemedel f\u00f6r br\u00f6stsm\u00e4rta eller hj\u00e4rtproblem. Detta l\u00e4kemedel ska inte tas av kvinnor och barn, liksom hos patienter med k\u00e4nd \u00f6verk\u00e4nslighet mot n\u00e5gon komponent i tabletten.<\/p>\n<p>M\u00f6jliga biverkningar<br \/>\nDe vanligaste biverkningarna \u00e4r huvudv\u00e4rk, rodnad, halsbr\u00e4nna, magbesv\u00e4r, n\u00e4st\u00e4ppa, yrsel, svindel eller diarr\u00e9. En allvarlig allergisk reaktion p\u00e5 detta l\u00e4kemedel \u00e4r mycket s\u00e4llsynt, men s\u00f6k omedelbar medicinsk hj\u00e4lp om det intr\u00e4ffar. M\u00e5nga m\u00e4nniskor som anv\u00e4nder detta l\u00e4kemedel har inte allvarliga biverkningar. Om du m\u00e4rker n\u00e5gra biverkningar som inte n\u00e4mns ovan, kontakta din l\u00e4kare eller apotekspersonal.<\/p>\n<p>L\u00e4kemedelsinteraktion<br \/>\nDetta l\u00e4kemedel ska inte anv\u00e4ndas med nitrater och fritidsdroger kallade poppers som inneh\u00e5ller amyl- eller butylnitrit; alfa-blockerande l\u00e4kemedel; andra l\u00e4kemedel f\u00f6r impotens; h\u00f6gt blodtryck mediciner, etc. R\u00e5dfr\u00e5ga din l\u00e4kare eller apotekspersonal f\u00f6r mer information.<\/p>\n<p>Cialis Generisk inneh\u00e5ller Tadalafil.<br \/>\nDet \u00e4r en effektiv, reversibel, selektiv h\u00e4mmare av fosfodiesteras typ 5 (PDE 5) specifik f\u00f6r cykliskt guanosinmonofosfat (cGMP). N\u00e4r sexuell stimulering orsakar lokal fris\u00e4ttning av kv\u00e4veoxid, h\u00e4mmar h\u00e4mningen av PDE 5 av Cialis att \u00f6ka cGMP-niv\u00e5erna i penis kavern\u00f6sa kropp. Det resulterar i avslappning av arteriell glatt muskulatur och blodfl\u00f6de till penis v\u00e4vnader som orsakar erektioner. Cialis har ingen effekt n\u00e4r sexuell stimulering \u00e4r fr\u00e5nvarande. Cialis f\u00f6rb\u00e4ttrar erektionen och g\u00f6r det m\u00f6jligt att uppn\u00e5 en lyckad samlag. L\u00e4kemedlet verkar under 36 timmar. Om sexuell upphetsning finns visas effekten \u00e4ven efter 16 minuter efter att l\u00e4kemedlet togs.<br \/>\nDosering och riktning<br \/>\nDen rekommenderade dosen av Cialis \u00e4r 20 mg, den b\u00f6r tas minst 16 minuter f\u00f6re sexuell aktivitet. Effekten varar under 36 timmar. Ta Cialis en g\u00e5ng dagligen och \u00f6verskrid inte den rekommenderade dosen<br \/>\nF\u00f6rsiktighets\u00e5tg\u00e4rder<br \/>\nDet \u00e4r att f\u00f6redra att inte anv\u00e4nda Cialis med grapefruktjuice, alkoholhaltiga drycker, tobak. Om du r\u00f6ker tobak och tar Cialis samtidigt kan detta leda till ett tillst\u00e5nd som kallas NAION (pl\u00f6tslig synf\u00f6rlust relaterad till optisk nerv). Informera din l\u00e4kare innan du tar Cialis om du har onormal penis, inklusive b\u00f6jd penis och medf\u00f6dda defekter i penis, hade kransk\u00e4rlssjukdom, arytmi, angina, hj\u00e4rtattack eller hj\u00e4rtsvikt, hypo- eller hypertoni, bl\u00f6dning, mags\u00e5r, diabetes, hyperlipidemi (\u00f6verskott av lipider i blodet), sickle-cell anemi, lever- eller njursvikt i historien.<\/p>\n<p>Kontraindikationer<br \/>\nCialis \u00e4r kontraindicerat hos patienter som anv\u00e4nder n\u00e5gon form av organiskt nitrat, antingen regelbundet och \/ eller intermittently eftersom det kan potentiella hypotensiva effekten av nitrater.<\/p>\n<p>M\u00f6jliga biverkningar<br \/>\nDe vanligaste biverkningarna av Cialis \u00e4r ansiktsrodnad (rodnad), huvudv\u00e4rk, magbesv\u00e4r, diarr\u00e9, influensaliknande symtom och illam\u00e5ende. I mer s\u00e4llsynta fall kan l\u00e5gt blodtryck, suddig syn och f\u00f6r\u00e4ndringar i f\u00e4rgseendet samt onormal utl\u00f6sning f\u00f6rekomma. F\u00f6rl\u00e4ngda erektioner eller priapism (sm\u00e4rtsamma erektioner som varar mer \u00e4n 6 timmar) \u00e4r ocks\u00e5 m\u00f6jliga. Om din erektion varar l\u00e4ngre \u00e4n 4 timmar, s\u00f6k omedelbar medicinsk hj\u00e4lp eftersom det kan skada din penis permanent. F\u00f6rs\u00e4mring av hj\u00e4rtproblem hos patienter med befintlig hj\u00e4rtsjukdom med anv\u00e4ndning av Cialis rapporterades.<\/p>\n<p>L\u00e4kemedelsinteraktioner<br \/>\nSamadministrering med l\u00e4kemedel som inneh\u00e5ller organiska nitrater kan orsaka sv\u00e5r hypotension som \u00e4r farlig i vissa fall. Undvik att ta Calis med l\u00e4kemedel som Erytritetryl Tetranitrat, Isosorbiddinitrat, Isosorbiddinitrat, Nitroglycerin, Pentaerytritoltetranitrat. Niv\u00e5er och toxicitet av Cialis \u00f6kas av erytromycin, ketoconazol (Nizoral), itrakonazol (Sporanox), indinavir (Crixivan) och ritonavir (Norvir). Informera din l\u00e4kare om du tar Atazanavir, Bunazosin, Klartromycin, Doxazosin, Erytromycin, Indinavir, Itrakonazol, Ketoconazol, Moxisylyte, Nefazodon, Nelfinavir, Fenoxibenzamin, Fenolamin, Prazosin, Sakvinavir, Telithromycin, Terazosin, Trimazosin, Urapidil eftersom din Cialis-dos kan kr\u00e4va korrigering.<\/p>\n<p>Levitra med aktiv ingrediens Vardenafil \u00e4r ett oralt l\u00e4kemedel som anv\u00e4nds f\u00f6r att behandla erektil dysfunktion.<br \/>\nSexuell stimulering orsakar produktion och fris\u00e4ttning av kv\u00e4veoxid fr\u00e5n nerv\u00e4ndarna i de kavern\u00f6sa kropparna i penis och aktiverar d\u00e4rmed enzymet guanylatcyklas. Guanylatcyklas ansvarar i sin tur f\u00f6r produktion av cykliskt guanosinmonofosfat (cGMP). cGMP orsakar vidgning och avslappning av blodk\u00e4rl som b\u00e4r blod till penis. Levitra f\u00f6rhindrar fosfodiesteras-5-enzymet fr\u00e5n att f\u00f6rst\u00f6ra cGMP och hj\u00e4lper s\u00e5ledes till att st\u00f6dja blodfl\u00f6det till penis.<br \/>\nDosering och riktning<br \/>\nDen rekommenderade dosen av Levitra \u00e4r 10 mg per dag, tas en timme f\u00f6re samlag. Om inga biverkningar upplevs kan dosen \u00f6kas upp till 20 mg. Vid biverkningar minskas dosen till 5 mg dagligen. Ta inte mer \u00e4n en flik av Levitra om dagen.<br \/>\nF\u00f6rsiktighets\u00e5tg\u00e4rder<br \/>\nLevitra har inte studerats hos personer med hj\u00e4rtsjukdom, s\u00e5 det \u00e4r att f\u00f6redra att undvika Levitra om hos patienter som har haft stroke eller hj\u00e4rtsvikt, eller hj\u00e4rtinfarkt i historien och s\u00e4rskilt inom de senaste sex m\u00e5naderna. Innan du tar Levitra, informera din l\u00e4kare om du har njur- eller leverproblem, en bl\u00f6dningsst\u00f6rning, mags\u00e5r eller en \u00e4rftlig retinal st\u00f6rning som retinitis pigmentosa, allergisk reaktion p\u00e5 detta l\u00e4kemedel eller n\u00e5gra andra l\u00e4kemedel, deformation av penis som angulation, cavern\u00f6s fibros (Peyronies sjukdom), samt vid sjukdomar som bidrar till utvecklingen av priapism (sickle-cell anemi, multipelt myelom, leukemi eller leukemi).<\/p>\n<p>Kontraindikationer<br \/>\nLevitra \u00e4r kontraindicerat hos patienter med \u00f6verk\u00e4nslighet mot dess ingredienser, de som behandlas med organiska nitrater, hos patienter under 16 \u00e5r eller de som tar HIV-proteash\u00e4mmare som indinavir och ritonavir.<\/p>\n<p>M\u00f6jliga biverkningar<br \/>\nLevitra tolereras vanligtvis v\u00e4l och biverkningar om de uppst\u00e5r \u00e4r \u00f6verg\u00e5ende. De vanligaste biverkningarna \u00e4r: huvudv\u00e4rk, rodnad (hyperemi i personen); frekvent; yrsel, diarr\u00e9fenomen, illam\u00e5ende, n\u00e4st\u00e4ppa. Mer s\u00e4llsynta och ovanliga biverkningar \u00e4r fotosensitivitet i huden, hypertoni, ryggsm\u00e4rta, vattniga \u00f6gon, hypotension, myalgi, priapism.<\/p>\n<p>L\u00e4kemedelsinteraktion<br \/>\nLevitra&#8217;s metabolism h\u00e4mmas av erytromycin, ketoconazol (Nizoral), itrakonazol (Sporanox), indinavir (Crixivan) och ritonavir (Norvir). Levitra minskar koncentrationen av ritonavir och indinavir. Hos patienter som behandlas med nitrater kan Levitra f\u00f6rv\u00e4rra br\u00f6stsm\u00e4rta genom att \u00f6ka hj\u00e4rtfrekvensen och s\u00e4nka blodtrycket. Levitra kan f\u00f6rst\u00e4rka blodtryckss\u00e4nkande effekter av alfa-blockerande l\u00e4kemedel (terazosin eller Hytrin). Levitra b\u00f6r aldrig administreras hos patienter som behandlas med organiska nitrater.<br \/>\nMissad dos<br \/>\nDe beskrivna l\u00e4kemedlen anv\u00e4nds vid behov, s\u00e5 du \u00e4r osannolikt att vara p\u00e5 en doseringsplan.<\/p>\n<p>\u00d6verdosering<br \/>\nOm du tror att du har anv\u00e4nt f\u00f6r mycket av detta l\u00e4kemedel, s\u00f6k omedelbar medicinsk hj\u00e4lp. Symtomen p\u00e5 \u00f6verdosering inkluderar vanligtvis br\u00f6stsm\u00e4rta, illam\u00e5ende, oregelbunden hj\u00e4rtrytm och k\u00e4nsla av att vara l\u00e4tt eller att svimma.<\/p>\n<p>F\u00f6rvaring<br \/>\nF\u00f6rvara dina l\u00e4kemedel vid rumstemperatur mellan 68-77 grader F (20-25 grader C) borta fr\u00e5n ljus och fuktighet. F\u00f6rvara inte l\u00e4kemedlen i badrummet. F\u00f6rvara alla l\u00e4kemedel utom r\u00e4ckh\u00e5ll f\u00f6r barn och husdjur.<\/p>\n<p>Ansvarsfriskrivning<br \/>\nVi tillhandah\u00e5ller endast allm\u00e4n information om l\u00e4kemedel, vilket inte t\u00e4cker alla riktningar, m\u00f6jliga l\u00e4kemedelsinteraktioner eller f\u00f6rsiktighets\u00e5tg\u00e4rder. Informationen p\u00e5 webbplatsen kan inte anv\u00e4ndas f\u00f6r sj\u00e4lvbehandling och sj\u00e4lvdiagnos. Alla specifika instruktioner f\u00f6r en s\u00e4rskild patient b\u00f6r \u00f6verensst\u00e4mmas med din v\u00e5rdgivare eller l\u00e4kare ansvarig f\u00f6r fallet. Vi friskriver oss fr\u00e5n tillf\u00f6rlitligheten hos denna information och eventuella misstag den kan inneh\u00e5lla. Vi \u00e4r inte ansvariga f\u00f6r n\u00e5gon direkt, indirekt, s\u00e4rskild eller annan indirekt skada till f\u00f6ljd av anv\u00e4ndning av informationen p\u00e5 denna webbplats och \u00e4ven f\u00f6r konsekvenserna av sj\u00e4lvbehandling.<\/p>\n","protected":false},"excerpt":{"rendered":"<p>10 vidonge vya Viagra (100mg) Generisk + 10 vidonge vya Cialis (20mg) Generisk + 10 vidonge vya Levitra (20mg) Generisk. Hifadhi<\/p>\n","protected":false},"featured_media":476,"comment_status":"open","ping_status":"closed","template":"","meta":[],"product_brand":[],"product_cat":[135],"product_tag":[],"class_list":{"0":"post-490","1":"product","2":"type-product","3":"status-publish","4":"has-post-thumbnail","6":"product_cat-erektil-dysfunktion-sv","7":"pa_active_substance-sildenafil","8":"pa_active_substance-tadalafil","9":"pa_active_substance-vardenafil","11":"first","12":"instock","13":"shipping-taxable","14":"product-type-variable"},"jetpack_sharing_enabled":true,"_links":{"self":[{"href":"https:\/\/pharmacy-content.com\/index.php?rest_route=\/wp\/v2\/product\/490","targetHints":{"allow":["GET"]}}],"collection":[{"href":"https:\/\/pharmacy-content.com\/index.php?rest_route=\/wp\/v2\/product"}],"about":[{"href":"https:\/\/pharmacy-content.com\/index.php?rest_route=\/wp\/v2\/types\/product"}],"replies":[{"embeddable":true,"href":"https:\/\/pharmacy-content.com\/index.php?rest_route=%2Fwp%2Fv2%2Fcomments&post=490"}],"wp:featuredmedia":[{"embeddable":true,"href":"https:\/\/pharmacy-content.com\/index.php?rest_route=\/wp\/v2\/media\/476"}],"wp:attachment":[{"href":"https:\/\/pharmacy-content.com\/index.php?rest_route=%2Fwp%2Fv2%2Fmedia&parent=490"}],"wp:term":[{"taxonomy":"product_brand","embeddable":true,"href":"https:\/\/pharmacy-content.com\/index.php?rest_route=%2Fwp%2Fv2%2Fproduct_brand&post=490"},{"taxonomy":"product_cat","embeddable":true,"href":"https:\/\/pharmacy-content.com\/index.php?rest_route=%2Fwp%2Fv2%2Fproduct_cat&post=490"},{"taxonomy":"product_tag","embeddable":true,"href":"https:\/\/pharmacy-content.com\/index.php?rest_route=%2Fwp%2Fv2%2Fproduct_tag&post=490"}],"curies":[{"name":"wp","href":"https:\/\/api.w.org\/{rel}","templated":true}]}}