{"id":494,"date":"2026-04-22T06:39:51","date_gmt":"2026-04-22T06:39:51","guid":{"rendered":""},"modified":"2026-04-22T06:39:53","modified_gmt":"2026-04-22T06:39:53","slug":"ed-power-trio-10","status":"publish","type":"product","link":"https:\/\/pharmacy-content.com\/?product=ed-power-trio-10&lang=cs","title":{"rendered":"ED Power Trio"},"content":{"rendered":"<p>B\u011b\u017en\u00e9 pou\u017eit\u00ed<br \/>\nHlavn\u00ed slo\u017ekou ED Power Trio je sildenafil citr\u00e1t.<br \/>\nSildenafil citr\u00e1t ovliv\u0148uje reakci na sexu\u00e1ln\u00ed stimulaci. P\u016fsob\u00ed tak, \u017ee zvy\u0161uje relaxaci hladk\u00e9ho svalstva pomoc\u00ed oxidu dusnat\u00e9ho, chemick\u00e9 l\u00e1tky, kter\u00e1 se norm\u00e1ln\u011b uvol\u0148uje v reakci na sexu\u00e1ln\u00ed stimulaci. Tato relaxace hladk\u00e9ho svalstva umo\u017e\u0148uje zv\u00fd\u0161en\u00fd pr\u016ftok krve do ur\u010dit\u00fdch oblast\u00ed penisu, co\u017e vede k erekci. Sildenafil citr\u00e1t se pou\u017e\u00edv\u00e1 k l\u00e9\u010db\u011b erektiln\u00ed dysfunkce (impotence) u mu\u017e\u016f a plicn\u00ed arteri\u00e1ln\u00ed hypertenze. Sildenafil citr\u00e1t lze pou\u017e\u00edt i pro jin\u00e9 \u00fa\u010dely, kter\u00e9 nejsou uvedeny v\u00fd\u0161e.<br \/>\nD\u00e1vkov\u00e1n\u00ed a sm\u011br<br \/>\nObvykle je doporu\u010den\u00e1 d\u00e1vka ED Power Trio 50 mg. U\u017e\u00edv\u00e1 se p\u0159ibli\u017en\u011b 0,5-1 hodinu p\u0159ed sexu\u00e1ln\u00ed aktivitou. Neu\u017e\u00edvejte ED Power Trio v\u00edce ne\u017e jednou denn\u011b. J\u00eddlo s vysok\u00fdm obsahem tuku m\u016f\u017ee odd\u00e1lit dobu \u00fa\u010dinku tohoto l\u00e9ku. B\u011bhem l\u00e9\u010dby sildenafil citr\u00e1tem se sna\u017ete nej\u00edst grapefruit ani nep\u00edt grapefruitovou \u0161\u0165\u00e1vu.<br \/>\nBezpe\u010dnostn\u00ed opat\u0159en\u00ed<br \/>\nP\u0159edt\u00edm, ne\u017e za\u010dnete u\u017e\u00edvat sildenafil citr\u00e1t, informujte sv\u00e9ho l\u00e9ka\u0159e nebo l\u00e9k\u00e1rn\u00edka, pokud jste na n\u011bj alergi\u010dt\u00ed nebo m\u00e1te jin\u00e9 alergie. Star\u0161\u00ed lid\u00e9 mohou b\u00fdt citliv\u011bj\u0161\u00ed na vedlej\u0161\u00ed \u00fa\u010dinky l\u00e9ku.<\/p>\n<p>Kontraindikace<br \/>\nED Power Trio je kontraindikov\u00e1no u pacient\u016f, kte\u0159\u00ed u\u017e\u00edvaj\u00ed jin\u00fd l\u00e9k k l\u00e9\u010db\u011b impotence nebo u\u017e\u00edvaj\u00ed nitr\u00e1tov\u00fd l\u00e9k na bolest na hrudi nebo srde\u010dn\u00ed probl\u00e9my. Tento l\u00e9k by nem\u011bly u\u017e\u00edvat \u017eeny a d\u011bti a tak\u00e9 pacienti se zn\u00e1mou p\u0159ecitliv\u011blost\u00ed na kteroukoli slo\u017eku tablety.<\/p>\n<p>Mo\u017en\u00e9 ne\u017e\u00e1douc\u00ed \u00fa\u010dinky<br \/>\nNej\u010dast\u011bj\u0161\u00edmi ne\u017e\u00e1douc\u00edmi \u00fa\u010dinky jsou bolest hlavy, n\u00e1valy horka, p\u00e1len\u00ed \u017e\u00e1hy, \u017ealude\u010dn\u00ed nevolnost, nosn\u00ed dusno, to\u010den\u00ed hlavy, z\u00e1vrat\u011b nebo pr\u016fjem. Z\u00e1va\u017en\u00e1 alergick\u00e1 reakce na tento l\u00e9k je velmi vz\u00e1cn\u00e1, ale pokud se objev\u00ed, okam\u017eit\u011b vyhledejte l\u00e9ka\u0159skou pomoc. Mnoho lid\u00ed u\u017e\u00edvaj\u00edc\u00edch tento l\u00e9k nem\u00e1 z\u00e1va\u017en\u00e9 vedlej\u0161\u00ed \u00fa\u010dinky. V p\u0159\u00edpad\u011b, \u017ee zaznamen\u00e1te jak\u00e9koli ne\u017e\u00e1douc\u00ed \u00fa\u010dinky, kter\u00e9 nejsou uvedeny v\u00fd\u0161e, kontaktujte sv\u00e9ho l\u00e9ka\u0159e nebo l\u00e9k\u00e1rn\u00edka.<\/p>\n<p>L\u00e9kov\u00e9 interakce<br \/>\nTento l\u00e9k by se nem\u011bl pou\u017e\u00edvat s nitr\u00e1ty a rekrea\u010dn\u00edmi drogami naz\u00fdvan\u00fdmi poppers obsahuj\u00edc\u00ed amyl nebo butylnitrit; l\u00e9ky alfa-blok\u00e1tory; jin\u00e9 l\u00e9ky na impotenci; l\u00e9ky na vysok\u00fd krevn\u00ed tlak atd. Pro v\u00edce podrobnost\u00ed se pora\u010fte se sv\u00fdm l\u00e9ka\u0159em nebo l\u00e9k\u00e1rn\u00edkem.<br \/>\nCialis Generic obsahuje Tadalafil.<br \/>\nJe to \u00fa\u010dinn\u00fd, reverzibiln\u00ed, selektivn\u00ed inhibitor fosfodiester\u00e1zy typu 5 (PDE 5) specifick\u00fd pro cyklick\u00fd guanosinmonofosf\u00e1t (cGMP). Kdy\u017e sexu\u00e1ln\u00ed stimulace zp\u016fsob\u00ed lok\u00e1ln\u00ed uvol\u0148ov\u00e1n\u00ed oxidu dusnat\u00e9ho, inhibice PDE 5 Cialisem vede ke zv\u00fd\u0161en\u00ed hladin cGMP v kavern\u00f3zn\u00edm t\u011ble penisu. V\u00fdsledkem je uvoln\u011bn\u00ed hladk\u00e9ho svalstva tepen a pr\u016ftok krve do tk\u00e1n\u00ed penisu, kter\u00fd zp\u016fsobuje erekci. Cialis nem\u00e1 \u017e\u00e1dn\u00fd \u00fa\u010dinek, pokud chyb\u00ed sexu\u00e1ln\u00ed stimulace. Cialis zlep\u0161uje erekci a umo\u017e\u0148uje dos\u00e1hnout \u00fasp\u011b\u0161n\u00e9ho pohlavn\u00edho styku. L\u00e9k p\u016fsob\u00ed po dobu 36 hodin. Pokud je p\u0159\u00edtomno sexu\u00e1ln\u00ed vzru\u0161en\u00ed, \u00fa\u010dinek se dostavuje i po 16 minut\u00e1ch po u\u017eit\u00ed l\u00e9ku.<br \/>\nD\u00e1vkov\u00e1n\u00ed a sm\u011br<br \/>\nDoporu\u010den\u00e1 d\u00e1vka Cialisu je 20 mg, m\u011bla by se u\u017e\u00edt alespo\u0148 16 minut p\u0159ed sexu\u00e1ln\u00ed aktivitou. \u00da\u010dinek p\u0159etrv\u00e1v\u00e1 po dobu 36 hodin. U\u017e\u00edvejte Cialis jednou denn\u011b a nep\u0159ekra\u010dujte doporu\u010denou d\u00e1vku<br \/>\nBezpe\u010dnostn\u00ed opat\u0159en\u00ed<br \/>\nNeu\u017e\u00edvejte Cialis s grapefruitovou \u0161\u0165\u00e1vou, alkoholick\u00fdmi n\u00e1poji, tab\u00e1kem. Pokud kou\u0159\u00edte tab\u00e1k a sou\u010dasn\u011b u\u017e\u00edv\u00e1te Cialis, m\u016f\u017ee to v\u00e9st ke stavu zvan\u00e9mu NAION (n\u00e1hl\u00e1 ztr\u00e1ta zraku souvisej\u00edc\u00ed s o\u010dn\u00edm nervem). P\u0159ed u\u017eit\u00edm Cialisu informujte sv\u00e9ho l\u00e9ka\u0159e, pokud m\u00e1te abnorm\u00e1ln\u00ed penis, v\u010detn\u011b zak\u0159iven\u00e9ho penisu a vrozen\u00fdch vad penisu, m\u00e1te onemocn\u011bn\u00ed koron\u00e1rn\u00edch tepen, arytmii, anginu pectoris, srde\u010dn\u00ed infarkt nebo srde\u010dn\u00ed selh\u00e1n\u00ed, hypo- nebo hypertenzi, krv\u00e1cen\u00ed, \u017ealude\u010dn\u00ed v\u0159edy, cukrovku, hyperlipidemie (nadbytek lipid\u016f v krvi), srpkovit\u00e1 an\u00e9mie, selh\u00e1n\u00ed jater nebo ledvin v anamn\u00e9ze.<\/p>\n<p>Kontraindikace<br \/>\nCialis je kontraindikov\u00e1n u pacient\u016f, kte\u0159\u00ed u\u017e\u00edvaj\u00ed jakoukoli formu organick\u00fdch nitr\u00e1t\u016f, bu\u010f pravideln\u011b a\/nebo p\u0159eru\u0161ovan\u011b. m\u016f\u017ee zes\u00edlit hypotenzn\u00ed \u00fa\u010dinek nitr\u00e1t\u016f.<\/p>\n<p>Mo\u017en\u00e9 vedlej\u0161\u00ed \u00fa\u010dinky<br \/>\nNej\u010dast\u011bj\u0161\u00edmi vedlej\u0161\u00edmi \u00fa\u010dinky Cialisu jsou z\u010derven\u00e1n\u00ed obli\u010deje (zarudnut\u00ed), bolesti hlavy, \u017ealude\u010dn\u00ed nevolnost, pr\u016fjem, p\u0159\u00edznaky podobn\u00e9 ch\u0159ipce a nevolnost. Ve vz\u00e1cn\u011bj\u0161\u00edch p\u0159\u00edpadech se m\u016f\u017ee objevit n\u00edzk\u00fd krevn\u00ed tlak, rozmazan\u00e9 vid\u011bn\u00ed a zm\u011bny barevn\u00e9ho vid\u011bn\u00ed a abnorm\u00e1ln\u00ed ejakulace. Mo\u017en\u00e9 jsou i prodlou\u017een\u00e9 erekce nebo priapismus (bolestiv\u00e9 erekce trvaj\u00edc\u00ed d\u00e9le ne\u017e 6 hodin). Pokud je va\u0161e erekce del\u0161\u00ed ne\u017e 4 hodiny, vyhledejte okam\u017eitou l\u00e9ka\u0159skou pomoc, proto\u017ee m\u016f\u017ee trvale po\u0161kodit v\u00e1\u0161 penis. Bylo hl\u00e1\u0161eno zhor\u0161en\u00ed srde\u010dn\u00edch probl\u00e9m\u016f u pacient\u016f s ji\u017e existuj\u00edc\u00edm srde\u010dn\u00edm onemocn\u011bn\u00edm u\u017e\u00edvaj\u00edc\u00edm Cialis.<\/p>\n<p>L\u00e9kov\u00e9 interakce<br \/>\nSou\u010dasn\u00e9 pod\u00e1v\u00e1n\u00ed s l\u00e9ky obsahuj\u00edc\u00edmi organick\u00e9 nitr\u00e1ty m\u016f\u017ee zp\u016fsobit t\u011b\u017ekou hypotenzi, kter\u00e1 je v n\u011bkter\u00fdch p\u0159\u00edpadech nebezpe\u010dn\u00e1. Vyhn\u011bte se u\u017e\u00edv\u00e1n\u00ed Calis s l\u00e9ky, jako je erythrityltetranitr\u00e1t, isosorbiddinitr\u00e1t, isosorbidmononitr\u00e1t, nitroglycerin, pentaerythritoltetranitr\u00e1t. Hladiny a toxicitu Cialisu zvy\u0161uj\u00ed erythromycin, ketokonazol (Nizoral), itrakonazol (Sporanox), indinavir (Crixivan) a ritonavir (Norvir). Informujte svou \u010dinnostpokud u\u017e\u00edv\u00e1te Atazanavir, Bunazosin, Clarithromycin, Doxazosin, Erythromycin, Indinavir, Itrakonazol, Ketokonazol, Moxisylyte, Nefazodon, Nelfinavir, Fenoxybenzamin, Fentolamin, Prazosin, Saquinavir, korekce m\u016f\u017ee vy\u017eadovat va\u0161i d\u00e1vku Terazosin, Triithromycin, Telithromycin. e.<\/p>\n<p>Levitra s \u00fa\u010dinnou l\u00e1tkou Vardenafil je peror\u00e1ln\u00ed l\u00e9k pou\u017e\u00edvan\u00fd k l\u00e9\u010db\u011b erektiln\u00ed dysfunkce.<br \/>\nSexu\u00e1ln\u00ed stimulace zp\u016fsobuje produkci a uvol\u0148ov\u00e1n\u00ed oxidu dusnat\u00e9ho z nervov\u00fdch zakon\u010den\u00ed kavern\u00f3zn\u00edch t\u011bles penisu, \u010d\u00edm\u017e se aktivuje enzym guanyl\u00e1tcykl\u00e1za. Guanyl\u00e1tcykl\u00e1za je zase zodpov\u011bdn\u00e1 za produkci cyklick\u00e9ho guanosinmonofosf\u00e1tu (cGMP). cGMP zp\u016fsobuje roz\u0161\u00ed\u0159en\u00ed a relaxaci krevn\u00edch c\u00e9v p\u0159iv\u00e1d\u011bj\u00edc\u00edch krev do penisu. Levitra zabra\u0148uje enzymu fosfodiester\u00e1za-5 ni\u010dit cGMP a pom\u00e1h\u00e1 tak podporovat prokrven\u00ed penisu.<br \/>\nD\u00e1vkov\u00e1n\u00ed a sm\u011br<br \/>\nDoporu\u010den\u00e1 d\u00e1vka Levitra je 10 mg denn\u011b u\u017e\u00edvan\u00e1 hodinu p\u0159ed stykem. Pokud se nevyskytnou \u017e\u00e1dn\u00e9 ne\u017e\u00e1douc\u00ed \u00fa\u010dinky, lze d\u00e1vku zv\u00fd\u0161it a\u017e na 20 mg. V p\u0159\u00edpad\u011b ne\u017e\u00e1douc\u00edch \u00fa\u010dink\u016f se d\u00e1vka sni\u017euje na 5 mg denn\u011b. Neu\u017e\u00edvejte v\u00edce ne\u017e jednu tabletu Levitry denn\u011b.<br \/>\nBezpe\u010dnostn\u00ed opat\u0159en\u00ed<br \/>\nLevitra nebyla studov\u00e1na u lid\u00ed s kardiovaskul\u00e1rn\u00edm onemocn\u011bn\u00edm, tak\u017ee u pacient\u016f, kte\u0159\u00ed prod\u011blali mozkovou mrtvici, srde\u010dn\u00ed selh\u00e1n\u00ed nebo infarkt v anamn\u00e9ze, je lep\u0161\u00ed se Levit\u0159e vyhnout a zejm\u00e9na za posledn\u00edch \u0161est m\u011bs\u00edc\u016f. P\u0159ed u\u017eit\u00edm p\u0159\u00edpravku Levitra informujte sv\u00e9ho l\u00e9ka\u0159e, pokud m\u00e1te probl\u00e9my s ledvinami nebo j\u00e1try, poruchu krv\u00e1civosti, \u017ealude\u010dn\u00ed v\u0159ed nebo d\u011bdi\u010dnou poruchu s\u00edtnice, jako je retinitis pigmentosa, alergickou reakci na tento l\u00e9k nebo jin\u00e9 l\u00e9ky, deformaci penisu, jako je za\u00fahlen\u00ed, kavern\u00f3zn\u00ed fibr\u00f3za (Peyronieho choroba), stejn\u011b jako u nemoc\u00ed, kter\u00e9 p\u0159isp\u00edvaj\u00ed k rozvoji priapismu (srpkovit\u00e1 an\u00e9mie, mnoho\u010detn\u00fd myelom, leuk\u00e9mie nebo leuk\u00e9mie).<\/p>\n<p>Kontraindikace<br \/>\nLevitra je kontraindikov\u00e1na u pacient\u016f s p\u0159ecitliv\u011blost\u00ed na jej\u00ed slo\u017eky, u pacient\u016f l\u00e9\u010den\u00fdch organick\u00fdmi nitr\u00e1ty, u pacient\u016f mlad\u0161\u00edch 16 let nebo u pacient\u016f, kte\u0159\u00ed u\u017e\u00edvaj\u00ed inhibitory HIV prote\u00e1zy, jako je indinavir a ritonavir.<\/p>\n<p>Mo\u017en\u00e9 vedlej\u0161\u00ed \u00fa\u010dinky<br \/>\nLevitra je obvykle dob\u0159e sn\u00e1\u0161ena a ne\u017e\u00e1douc\u00ed \u00fa\u010dinky, pokud se vyskytnou, jsou p\u0159echodn\u00e9. Nej\u010dast\u011bj\u0161\u00edmi ne\u017e\u00e1douc\u00edmi \u00fa\u010dinky jsou: bolest hlavy, n\u00e1valy horka (hyper\u00e9mie osoby); \u010dast\u00e9; z\u00e1vrat\u011b, pr\u016fjem, nevolnost, ucpan\u00fd nos. Vz\u00e1cn\u011bj\u0161\u00edmi a m\u00e9n\u011b \u010dast\u00fdmi ne\u017e\u00e1douc\u00edmi \u00fa\u010dinky jsou fotosenzitivita k\u016f\u017ee, hypertenze, bolesti zad, slzen\u00ed o\u010d\u00ed, hypotenze, myalgie, priapismus.<\/p>\n<p>L\u00e9kov\u00e9 interakce<br \/>\nL\u00e9vov\u00fd metabolismus je inhibov\u00e1n erytromycinem, ketokonazolem (Nizoral), itrakonazolem (Sporanox), indinavirem ( Crixivan) a ritonavir (Norvir). Levitra sni\u017euje koncentraci ritonaviru a indinaviru. U pacient\u016f l\u00e9\u010den\u00fdch nitr\u00e1ty m\u016f\u017ee Levitra zhor\u0161it bolest na hrudi zv\u00fd\u0161en\u00edm srde\u010dn\u00ed frekvence a sn\u00ed\u017een\u00edm krevn\u00edho tlaku. Levitra je schopna zv\u00fdraznit \u00fa\u010dinky alfa-blok\u00e1tor\u016f (terazosin nebo Hytrin) na sn\u00ed\u017een\u00ed krevn\u00edho tlaku. Levitra by se nikdy nem\u011bla pod\u00e1vat pacient\u016fm, kte\u0159\u00ed jsou l\u00e9\u010deni organick\u00fdmi nitr\u00e1ty.<br \/>\nZme\u0161kan\u00e1 d\u00e1vka<br \/>\npopsan\u00e9 l\u00e9ky se pou\u017e\u00edvaj\u00ed podle pot\u0159eby, tak\u017ee je nepravd\u011bpodobn\u00e9, \u017ee byste byli v d\u00e1vkovac\u00edm sch\u00e9matu.<\/p>\n<p>P\u0159ed\u00e1vkov\u00e1n\u00ed<br \/>\nPokud si mysl\u00edte, \u017ee jste pou\u017eili p\u0159\u00edli\u0161 mnoho tohoto l\u00e9ku, okam\u017eit\u011b vyhledejte l\u00e9ka\u0159skou pomoc. P\u0159\u00edznaky p\u0159ed\u00e1vkov\u00e1n\u00ed obvykle zahrnuj\u00ed bolest na hrudi, nevolnost, nepravideln\u00fd srde\u010dn\u00ed tep a pocit to\u010den\u00ed hlavy nebo mdloby.<\/p>\n<p>Skladujte<br \/>\nL\u00e9ky skladujte p\u0159i pokojov\u00e9 teplot\u011b mezi 20-25 \u00b0C, mimo dosah sv\u011btla a vlhkost. Neskladujte drogy v koupeln\u011b. Uchov\u00e1vejte v\u0161echny drogy mimo dosah d\u011bt\u00ed a dom\u00e1c\u00edch mazl\u00ed\u010dk\u016f.<\/p>\n<p>Odm\u00edtnut\u00ed odpov\u011bdnosti<br \/>\nPoskytujeme pouze obecn\u00e9 informace o l\u00e9c\u00edch, kter\u00e9 nezahrnuj\u00ed v\u0161echny pokyny, mo\u017en\u00e1 integrace l\u00e9k\u016f nebo preventivn\u00ed opat\u0159en\u00ed. Informace na str\u00e1nce nelze pou\u017e\u00edt pro samol\u00e9\u010dbu a autodiagnostiku. Jak\u00e9koli specifick\u00e9 pokyny pro konkr\u00e9tn\u00edho pacienta by m\u011bly b\u00fdt dohodnuty se sv\u00fdm zdravotn\u00edm poradcem nebo l\u00e9ka\u0159em, kter\u00fd m\u00e1 na starosti dan\u00fd p\u0159\u00edpad. Odm\u00edt\u00e1me spolehlivost t\u011bchto informac\u00ed a jak\u00e9koli chyby, kter\u00e9 by mohly obsahovat. Nejsme zodpov\u011bdn\u00ed za \u017e\u00e1dn\u00e9 p\u0159\u00edm\u00e9, nep\u0159\u00edm\u00e9, zvl\u00e1\u0161tn\u00ed nebo jin\u00e9 nep\u0159\u00edm\u00e9 \u0161kody v d\u016fsledku jak\u00e9hokoli pou\u017eit\u00ed informac\u00ed na t\u011bchto str\u00e1nk\u00e1ch a tak\u00e9 za n\u00e1sledky samol\u00e9\u010dby.<\/p>\n","protected":false},"excerpt":{"rendered":"<p>10 pilulek Viagry (100 mg) Generikum + 10 tablet Cialis (20 mg) Generikum + 10 tablet Levitra (20 mg) Generikum. U\u0161et\u0159ete<\/p>\n","protected":false},"featured_media":476,"comment_status":"open","ping_status":"closed","template":"","meta":[],"product_brand":[],"product_cat":[141],"product_tag":[],"class_list":{"0":"post-494","1":"product","2":"type-product","3":"status-publish","4":"has-post-thumbnail","6":"product_cat-erektilni-dysfunkce-cs","7":"pa_active_substance-sildenafil","8":"pa_active_substance-tadalafil","9":"pa_active_substance-vardenafil","11":"first","12":"instock","13":"shipping-taxable","14":"product-type-variable"},"jetpack_sharing_enabled":true,"_links":{"self":[{"href":"https:\/\/pharmacy-content.com\/index.php?rest_route=\/wp\/v2\/product\/494","targetHints":{"allow":["GET"]}}],"collection":[{"href":"https:\/\/pharmacy-content.com\/index.php?rest_route=\/wp\/v2\/product"}],"about":[{"href":"https:\/\/pharmacy-content.com\/index.php?rest_route=\/wp\/v2\/types\/product"}],"replies":[{"embeddable":true,"href":"https:\/\/pharmacy-content.com\/index.php?rest_route=%2Fwp%2Fv2%2Fcomments&post=494"}],"wp:featuredmedia":[{"embeddable":true,"href":"https:\/\/pharmacy-content.com\/index.php?rest_route=\/wp\/v2\/media\/476"}],"wp:attachment":[{"href":"https:\/\/pharmacy-content.com\/index.php?rest_route=%2Fwp%2Fv2%2Fmedia&parent=494"}],"wp:term":[{"taxonomy":"product_brand","embeddable":true,"href":"https:\/\/pharmacy-content.com\/index.php?rest_route=%2Fwp%2Fv2%2Fproduct_brand&post=494"},{"taxonomy":"product_cat","embeddable":true,"href":"https:\/\/pharmacy-content.com\/index.php?rest_route=%2Fwp%2Fv2%2Fproduct_cat&post=494"},{"taxonomy":"product_tag","embeddable":true,"href":"https:\/\/pharmacy-content.com\/index.php?rest_route=%2Fwp%2Fv2%2Fproduct_tag&post=494"}],"curies":[{"name":"wp","href":"https:\/\/api.w.org\/{rel}","templated":true}]}}