{"id":5515,"date":"2026-04-22T06:57:01","date_gmt":"2026-04-22T06:57:01","guid":{"rendered":""},"modified":"2026-04-22T06:57:18","modified_gmt":"2026-04-22T06:57:18","slug":"vitara-4","status":"publish","type":"product","link":"https:\/\/pharmacy-content.com\/?product=vitara-4&lang=it","title":{"rendered":"Vitara"},"content":{"rendered":"<p>Uso comune<br \/>\nVitara \u00e8 un farmaco orale usato per trattare la disfunzione erettile. La stimolazione sessuale provoca la produzione e il rilascio di ossido nitrico dalle terminazioni nervose dei corpi cavernosi del pene, attivando cos\u00ec l&#8217;enzima guanilato ciclasi. La guanilato ciclasi a sua volta \u00e8 responsabile della produzione di guanosina monofosfato ciclico (cGMP). Il cGMP provoca l\u2019allargamento e il rilassamento dei vasi sanguigni che trasportano il sangue al pene. Vitara impedisce all&#8217;enzima fosfodiesterasi-5 di distruggere il cGMP e quindi aiuta a sostenere il flusso sanguigno al pene.<\/p>\n<p>Dosaggio e direzioni<br \/>\nLa dose raccomandata di Vitara \u00e8 di 10 mg al giorno da assumere un&#8217;ora prima del rapporto. Se non si riscontrano effetti collaterali il dosaggio pu\u00f2 essere aumentato fino a 20 mg. In caso di effetti avversi la dose viene ridotta a 5 mg al giorno. Non prendere pi\u00f9 di una compressa di Vitara al giorno.<\/p>\n<p>Precauzioni<br \/>\nIl Vitara non \u00e8 stato studiato in persone con malattie cardiovascolari, quindi \u00e8 preferibile evitare Vitara se si tratta di pazienti che hanno avuto un ictus, un&#8217;insufficienza cardiaca o un infarto nella storia e soprattutto negli ultimi sei mesi. Prima di prendere Vitara informa il tuo medico se hai problemi ai reni o al fegato, un disturbo emorragico, un&#8217;ulcera allo stomaco o un disturbo retinico ereditario come la retinite pigmentosa, una reazione allergica a questo medicinale o ad altri medicinali, deformazioni del pene come angolazione, fibrosi cavernosa (malattia di Peyronie), nonch\u00e9 nelle malattie che contribuiscono allo sviluppo del priapismo (anemia falciforme, mieloma multiplo, leucemia o leucemia).<\/p>\n<p>Controindicazioni<br \/>\nVitara \u00e8 controindicato nei pazienti con ipersensibilit\u00e0 ai suoi ingredienti, quelli trattati con nitrati organici, in pazienti di et\u00e0 inferiore a 16 anni o quelli che assumono inibitori della proteasi dell&#8217;HIV come indinavir e ritonavir.<\/p>\n<p>Possibili effetti collaterali<br \/>\nVitara \u00e8 generalmente ben tollerato e gli effetti collaterali se si verificano sono transitori. Gli effetti collaterali pi\u00f9 frequenti sono: mal di testa, vampate di calore (iperemia della persona); frequente; vertigini, fenomeni di diarrea, nausea, congestione nasale. Effetti avversi pi\u00f9 rari e non comuni sono fotosensibilit\u00e0 della pelle, ipertensione, mal di schiena, lacrimazione, ipotensione, mialgia, priapismo.<\/p>\n<p>Interazione farmacologica<br \/>\nIl metabolismo di Vitara \u00e8 inibito dall&#8217;eritromicina, dal ketoconazolo (Nizoral), dall&#8217;itraconazolo (Sporanox), dall&#8217;indinavir ( Crixivan) e ritonavir (Norvir). Vitara riduce la concentrazione di ritonavir e indinavir. Nei pazienti trattati con nitrati Vitara pu\u00f2 aggravare il dolore toracico aumentando la frequenza cardiaca e abbassando la pressione sanguigna. Vitara \u00e8 in grado di esagerare gli effetti di abbassamento della pressione sanguigna dei farmaci alfa-bloccanti (terazosina o Hytrin). Vitara non deve mai essere somministrato a pazienti trattati con nitrati organici.<\/p>\n<p>Dose mancata<br \/>\nVitara viene assunto quando necessario ma non pi\u00f9 spesso di una volta al giorno, quindi la dose dimenticata non \u00e8 da supporre.<\/p>\n<p>Sovradosaggio<br \/>\nI sintomi di sovradosaggio includono dolore al schiena, mascella, braccio, cecit\u00e0, visione offuscata, dolore o fastidio al torace, diminuzione della vista, visione offuscata.<\/p>\n<p>Conservazione<br \/>\nConservare a temperatura ambiente tra 15 e 30 C (59-86 F) lontano dalla portata di bambini, animali domestici e umidit\u00e0 e luce solare.<\/p>\n<p>Disclaimer<br \/>\nForniamo solo informazioni generali sui farmaci che non coprono tutte le indicazioni, possibili integrazioni farmacologiche o precauzioni. Le informazioni presenti sul sito non possono essere utilizzate per l&#8217;autotrattamento e l&#8217;autodiagnosi. Eventuali istruzioni specifiche per un particolare paziente devono essere concordate con il proprio consulente sanitario o medico incaricato del caso. Decliniamo l&#8217;affidabilit\u00e0 di queste informazioni e gli errori che potrebbero contenere. Non siamo responsabili per eventuali danni diretti, indiretti, speciali o altri danni indiretti derivanti dall&#8217;uso delle informazioni contenute in questo sito e anche per le conseguenze dell&#8217;autotrattamento.<\/p>\n","protected":false},"excerpt":{"rendered":"<p>Vitara Generic \u00e8 usato per trattare la disfunzione erettile negli uomini. Aumenta il flusso sanguigno al pene per aiutare gli uomini ad avere un\u2019erezione. Funziona aiutando a rilassare i vasi sanguigni del pene, consentendo al sangue di fluire nel pene quando sei sessualmente eccitato.<\/p>\n","protected":false},"featured_media":5467,"comment_status":"open","ping_status":"closed","template":"","meta":[],"product_brand":[],"product_cat":[123],"product_tag":[],"class_list":{"0":"post-5515","1":"product","2":"type-product","3":"status-publish","4":"has-post-thumbnail","6":"product_cat-disfunzione-erettile-it","7":"pa_active_substance-vardenafil","9":"first","10":"instock","11":"shipping-taxable","12":"product-type-variable"},"jetpack_sharing_enabled":true,"_links":{"self":[{"href":"https:\/\/pharmacy-content.com\/index.php?rest_route=\/wp\/v2\/product\/5515","targetHints":{"allow":["GET"]}}],"collection":[{"href":"https:\/\/pharmacy-content.com\/index.php?rest_route=\/wp\/v2\/product"}],"about":[{"href":"https:\/\/pharmacy-content.com\/index.php?rest_route=\/wp\/v2\/types\/product"}],"replies":[{"embeddable":true,"href":"https:\/\/pharmacy-content.com\/index.php?rest_route=%2Fwp%2Fv2%2Fcomments&post=5515"}],"wp:featuredmedia":[{"embeddable":true,"href":"https:\/\/pharmacy-content.com\/index.php?rest_route=\/wp\/v2\/media\/5467"}],"wp:attachment":[{"href":"https:\/\/pharmacy-content.com\/index.php?rest_route=%2Fwp%2Fv2%2Fmedia&parent=5515"}],"wp:term":[{"taxonomy":"product_brand","embeddable":true,"href":"https:\/\/pharmacy-content.com\/index.php?rest_route=%2Fwp%2Fv2%2Fproduct_brand&post=5515"},{"taxonomy":"product_cat","embeddable":true,"href":"https:\/\/pharmacy-content.com\/index.php?rest_route=%2Fwp%2Fv2%2Fproduct_cat&post=5515"},{"taxonomy":"product_tag","embeddable":true,"href":"https:\/\/pharmacy-content.com\/index.php?rest_route=%2Fwp%2Fv2%2Fproduct_tag&post=5515"}],"curies":[{"name":"wp","href":"https:\/\/api.w.org\/{rel}","templated":true}]}}