{"id":5531,"date":"2026-04-22T06:57:04","date_gmt":"2026-04-22T06:57:04","guid":{"rendered":""},"modified":"2026-04-22T06:57:18","modified_gmt":"2026-04-22T06:57:18","slug":"vitara-5","status":"publish","type":"product","link":"https:\/\/pharmacy-content.com\/?product=vitara-5&lang=es","title":{"rendered":"Vitara"},"content":{"rendered":"<p>Uso com\u00fan<br \/>\nVitara es un medicamento oral que se usa para tratar la disfunci\u00f3n er\u00e9ctil. La estimulaci\u00f3n sexual provoca la producci\u00f3n y liberaci\u00f3n de \u00f3xido n\u00edtrico de las terminaciones nerviosas de los cuerpos cavernosos del pene, activando as\u00ed la enzima guanilato ciclasa. La guanilato ciclasa, a su vez, es responsable de la producci\u00f3n de monofosfato de guanosina c\u00edclico (cGMP). El cGMP provoca el ensanchamiento y la relajaci\u00f3n de los vasos sangu\u00edneos que transportan sangre al pene. Vitara evita que la enzima fosfodiesterasa-5 destruya el cGMP y, por lo tanto, ayuda a mantener el flujo sangu\u00edneo al pene.<\/p>\n<p>Dosis y direcci\u00f3n<br \/>\nLa dosis recomendada de Vitara es de 10 mg por d\u00eda una hora antes del coito. Si no se experimentan efectos secundarios, la dosis se puede aumentar hasta 20 mg. En caso de efectos adversos la dosis se reduce a 5 mg al d\u00eda. No tome m\u00e1s de una pastilla de Vitara al d\u00eda.<\/p>\n<p>Precauciones<br \/>\nVitara no se ha estudiado en personas con enfermedades cardiovasculares, por lo que es preferible evitar Vitara en pacientes que han sufrido un derrame cerebral, insuficiencia card\u00edaca o un ataque card\u00edaco. en la historia y especialmente en los \u00faltimos seis meses. Antes de tomar Vitara, informe a su m\u00e9dico si tiene problemas renales o hep\u00e1ticos, un trastorno hemorr\u00e1gico, \u00falcera estomacal o un trastorno hereditario de la retina como retinitis pigmentosa, reacci\u00f3n al\u00e9rgica a este medicamento o a cualquier otro medicamento, deformaci\u00f3n del pene como angulaci\u00f3n, fibrosis cavernosa (enfermedad de Peyronie), as\u00ed como en enfermedades que contribuyen al desarrollo del priapismo (anemia falciforme, mieloma m\u00faltiple, leucemia o leucemia).<\/p>\n<p>Contraindicaciones<br \/>\nVitara est\u00e1 contraindicado en pacientes con hipersensibilidad a sus ingredientes, los tratados con nitratos org\u00e1nicos, en pacientes menores de 16 a\u00f1os, o aquellos que toman inhibidores de la proteasa del VIH como indinavir y ritonavir.<\/p>\n<p>Posibles efectos secundarios<br \/>\nVitara suele ser bien tolerado y los efectos secundarios, si ocurren, son transitorios. Los efectos secundarios m\u00e1s frecuentes son: dolor de cabeza, enrojecimiento (hiperemia de la persona); frecuente; mareos, fen\u00f3meno diarreico, n\u00e1useas, congesti\u00f3n nasal. Los efectos adversos m\u00e1s raros y poco comunes son fotosensibilidad de la piel, hipertensi\u00f3n, dolor de espalda, ojos llorosos, hipotensi\u00f3n, mialgia, priapismo.<\/p>\n<p>Interacci\u00f3n con otros medicamentos<br \/>\nEl metabolismo de Vitara es inhibido por eritromicina, ketoconazol (Nizoral), itraconazol (Sporanox), indinavir ( Crixivan) y ritonavir (Norvir). Vitara reduce la concentraci\u00f3n de ritonavir e indinavir. En pacientes tratados con nitratos, Vitara puede agravar el dolor de pecho al aumentar la frecuencia card\u00edaca y disminuir la presi\u00f3n arterial. Vitara puede exagerar los efectos reductores de la presi\u00f3n arterial de los medicamentos alfabloqueantes (terazosina o Hytrin). Vitara nunca debe administrarse a pacientes tratados con nitratos org\u00e1nicos.<\/p>\n<p>Dosis omitida<br \/>\nVitara se toma cuando es necesario, pero no m\u00e1s de una vez al d\u00eda, por lo que no se supone que se omita la dosis.<\/p>\n<p>Sobredosis<br \/>\nLos s\u00edntomas de sobredosis incluyen dolor en la espalda, la mand\u00edbula, el brazo, la ceguera, la visi\u00f3n borrosa, el dolor o malestar en el pecho, la disminuci\u00f3n de la visi\u00f3n, la visi\u00f3n borrosa.<\/p>\n<p>Almacenamiento<br \/>\nAlmacenar a temperatura ambiente entre 15 y 30 C (59 y 86 F), lejos de los ni\u00f1os, las mascotas y la humedad. y la luz solar.<\/p>\n<p>Descargo de responsabilidad<br \/>\nSolo proporcionamos informaci\u00f3n general sobre medicamentos que no cubre todas las direcciones, posibles integraciones de medicamentos o precauciones. La informaci\u00f3n del sitio no se puede utilizar para autotratamiento y autodiagn\u00f3stico. Todas las instrucciones espec\u00edficas para un paciente en particular deben acordarse con su asesor de atenci\u00f3n m\u00e9dica o el m\u00e9dico a cargo del caso. Renunciamos a la fiabilidad de esta informaci\u00f3n y a los errores que pueda contener. No somos responsables de ning\u00fan da\u00f1o directo, indirecto, especial u otro da\u00f1o indirecto como resultado de cualquier uso de la informaci\u00f3n en este sitio y tampoco de las consecuencias del autotratamiento.<\/p>\n","protected":false},"excerpt":{"rendered":"<p>Vitara Generic se usa para tratar la disfunci\u00f3n er\u00e9ctil en los hombres. Aumenta el flujo sangu\u00edneo al pene para ayudar a los hombres a lograr una erecci\u00f3n. Funciona ayudando a relajar los vasos sangu\u00edneos del pene, permitiendo que la sangre fluya hacia el pene cuando se excita sexualmente.<\/p>\n","protected":false},"featured_media":5467,"comment_status":"open","ping_status":"closed","template":"","meta":[],"product_brand":[],"product_cat":[126],"product_tag":[],"class_list":{"0":"post-5531","1":"product","2":"type-product","3":"status-publish","4":"has-post-thumbnail","6":"product_cat-disfuncion-erectil-es","7":"pa_active_substance-vardenafil","9":"first","10":"instock","11":"shipping-taxable","12":"product-type-variable"},"jetpack_sharing_enabled":true,"_links":{"self":[{"href":"https:\/\/pharmacy-content.com\/index.php?rest_route=\/wp\/v2\/product\/5531","targetHints":{"allow":["GET"]}}],"collection":[{"href":"https:\/\/pharmacy-content.com\/index.php?rest_route=\/wp\/v2\/product"}],"about":[{"href":"https:\/\/pharmacy-content.com\/index.php?rest_route=\/wp\/v2\/types\/product"}],"replies":[{"embeddable":true,"href":"https:\/\/pharmacy-content.com\/index.php?rest_route=%2Fwp%2Fv2%2Fcomments&post=5531"}],"wp:featuredmedia":[{"embeddable":true,"href":"https:\/\/pharmacy-content.com\/index.php?rest_route=\/wp\/v2\/media\/5467"}],"wp:attachment":[{"href":"https:\/\/pharmacy-content.com\/index.php?rest_route=%2Fwp%2Fv2%2Fmedia&parent=5531"}],"wp:term":[{"taxonomy":"product_brand","embeddable":true,"href":"https:\/\/pharmacy-content.com\/index.php?rest_route=%2Fwp%2Fv2%2Fproduct_brand&post=5531"},{"taxonomy":"product_cat","embeddable":true,"href":"https:\/\/pharmacy-content.com\/index.php?rest_route=%2Fwp%2Fv2%2Fproduct_cat&post=5531"},{"taxonomy":"product_tag","embeddable":true,"href":"https:\/\/pharmacy-content.com\/index.php?rest_route=%2Fwp%2Fv2%2Fproduct_tag&post=5531"}],"curies":[{"name":"wp","href":"https:\/\/api.w.org\/{rel}","templated":true}]}}