{"id":5547,"date":"2026-04-22T06:57:05","date_gmt":"2026-04-22T06:57:05","guid":{"rendered":""},"modified":"2026-04-22T06:57:18","modified_gmt":"2026-04-22T06:57:18","slug":"vitara-6","status":"publish","type":"product","link":"https:\/\/pharmacy-content.com\/?product=vitara-6&lang=pl","title":{"rendered":"Vitara"},"content":{"rendered":"<p>Powszechne zastosowanie<br \/>\nVitara to doustny lek stosowany w leczeniu zaburze\u0144 erekcji. Stymulacja seksualna powoduje wytwarzanie i uwalnianie tlenku azotu z zako\u0144cze\u0144 nerwowych cia\u0142 jamistych pr\u0105cia, aktywuj\u0105c w ten spos\u00f3b enzym cyklaz\u0119 guanylanow\u0105. Cyklaza guanylanowa z kolei jest odpowiedzialna za produkcj\u0119 cyklicznego monofosforanu guanozyny (cGMP). cGMP powoduje poszerzenie i rozlu\u017anienie naczy\u0144 krwiono\u015bnych doprowadzaj\u0105cych krew do pr\u0105cia. Vitara zapobiega zniszczeniu cGMP przez enzym fosfodiesterazy-5, pomagaj\u0105c w ten spos\u00f3b w utrzymaniu przep\u0142ywu krwi do pr\u0105cia.<\/p>\n<p>Dawkowanie i spos\u00f3b stosowania<br \/>\nZalecana dawka Levitry to 10 mg dziennie, przyjmowana na godzin\u0119 przed stosunkiem. Je\u015bli nie wyst\u0105pi\u0105 \u017cadne skutki uboczne, dawk\u0119 mo\u017cna zwi\u0119kszy\u0107 do 20 mg. W przypadku wyst\u0105pienia dzia\u0142a\u0144 niepo\u017c\u0105danych dawk\u0119 zmniejsza si\u0119 do 5 mg na dob\u0119. Nie nale\u017cy przyjmowa\u0107 wi\u0119cej ni\u017c jednej tabletki Levitry dziennie.<\/p>\n<p>\u015arodki ostro\u017cno\u015bci<br \/>\nVitara nie by\u0142a badana u os\u00f3b z chorobami uk\u0142adu kr\u0105\u017cenia, dlatego lepiej unika\u0107 stosowania Levitry u pacjent\u00f3w po udarze, niewydolno\u015bci serca lub zawale serca w historii, a zw\u0142aszcza w ci\u0105gu ostatniego p\u00f3\u0142rocza. Przed zastosowaniem leku Vitara nale\u017cy poinformowa\u0107 lekarza, je\u015bli u pacjenta wyst\u0119puj\u0105 choroby nerek lub w\u0105troby, zaburzenia krzepni\u0119cia, wrz\u00f3d \u017co\u0142\u0105dka lub dziedziczne schorzenie siatk\u00f3wki, takie jak barwnikowe zwyrodnienie siatk\u00f3wki, reakcja alergiczna na ten lek lub jakikolwiek inny lek, deformacja pr\u0105cia, np. zw\u0142\u00f3knieniu cia\u0142 jamistych (choroba Peyroniego), a tak\u017ce w chorobach sprzyjaj\u0105cych rozwojowi priapizmu (niedokrwisto\u015b\u0107 sierpowatokrwinkowa, szpiczak mnogi, bia\u0142aczka czy bia\u0142aczka).<\/p>\n<p>Przeciwwskazania<br \/>\nVitara jest przeciwwskazana u pacjent\u00f3w z nadwra\u017cliwo\u015bci\u0105 na jej sk\u0142adniki, leczonych azotanami organicznymi, u pacjent\u00f3w poni\u017cej 16 roku \u017cycia lub u pacjent\u00f3w przyjmuj\u0105cych inhibitory proteazy HIV, takie jak indynawir i rytonawir.<\/p>\n<p>Mo\u017cliwe skutki uboczne<br \/>\nVitara jest zwykle dobrze tolerowana, a dzia\u0142ania niepo\u017c\u0105dane, je\u015bli wyst\u0105pi\u0105, maj\u0105 charakter przej\u015bciowy. Najcz\u0119stsze dzia\u0142ania niepo\u017c\u0105dane to: b\u00f3l g\u0142owy, zaczerwienienie (przekrwienie osoby); cz\u0119sty; zawroty g\u0142owy, zjawisko biegunki, nudno\u015bci, przekrwienie nosa. Rzadsze i niezbyt cz\u0119ste dzia\u0142ania niepo\u017c\u0105dane to nadwra\u017cliwo\u015b\u0107 sk\u00f3ry, nadci\u015bnienie, b\u00f3l plec\u00f3w, \u0142zawienie oczu, niedoci\u015bnienie, b\u00f3le mi\u0119\u015bni, priapizm.<\/p>\n<p>Interakcje lek\u00f3w<br \/>\nMetabolizm Levitry jest hamowany przez erytromycyn\u0119, ketokonazol (Nizoral), itrakonazol (Sporanox), indynawir ( Crixivan) i rytonawir (Norvir). Vitara zmniejsza st\u0119\u017cenie rytonawiru i indynawiru. U pacjent\u00f3w leczonych azotanami Vitara mo\u017ce nasila\u0107 b\u00f3l w klatce piersiowej poprzez zwi\u0119kszenie cz\u0119sto\u015bci akcji serca i obni\u017cenie ci\u015bnienia krwi. Vitara mo\u017ce nasila\u0107 dzia\u0142anie obni\u017caj\u0105ce ci\u015bnienie krwi lek\u00f3w blokuj\u0105cych receptory alfa (terazosyna lub Hytrin). Levitry nigdy nie nale\u017cy podawa\u0107 pacjentom leczonym azotanami organicznymi.<\/p>\n<p>Pomini\u0119ta dawka<br \/>\nVitara jest przyjmowana w razie potrzeby, ale nie cz\u0119\u015bciej ni\u017c raz dziennie, wi\u0119c nie nale\u017cy przyjmowa\u0107 pomini\u0119cia dawki.<\/p>\n<p>Przedawkowanie<br \/>\nObjawy przedawkowania obejmuj\u0105 b\u00f3l plecy, szcz\u0119ka, rami\u0119, \u015blepota, niewyra\u017ane widzenie, b\u00f3l lub dyskomfort w klatce piersiowej, pogorszenie widzenia, niewyra\u017ane widzenie.<\/p>\n<p>Przechowywanie<br \/>\nPrzechowywa\u0107 w temperaturze pokojowej pomi\u0119dzy 15-30 C (59-86 F) z dala od dzieci, zwierz\u0105t domowych i wilgoci i \u015bwiat\u0142o s\u0142oneczne.<\/p>\n<p>Zastrze\u017cenie<br \/>\nPodajemy jedynie og\u00f3lne informacje na temat lek\u00f3w, kt\u00f3re nie obejmuj\u0105 wszystkich wskaz\u00f3wek, mo\u017cliwych po\u0142\u0105cze\u0144 lek\u00f3w ani \u015brodk\u00f3w ostro\u017cno\u015bci. Informacje zawarte na stronie nie mog\u0105 by\u0107 wykorzystywane do samodzielnego leczenia i autodiagnozy. Wszelkie szczeg\u00f3\u0142owe instrukcje dla konkretnego pacjenta nale\u017cy uzgodni\u0107 z doradc\u0105 medycznym lub lekarzem prowadz\u0105cym. Zrzekamy si\u0119 wiarygodno\u015bci tych informacji i b\u0142\u0119d\u00f3w, jakie mog\u0105 one zawiera\u0107. Nie ponosimy odpowiedzialno\u015bci za jakiekolwiek bezpo\u015brednie, po\u015brednie, szczeg\u00f3lne lub inne po\u015brednie szkody powsta\u0142e w wyniku wykorzystania informacji zawartych na tej stronie, a tak\u017ce za konsekwencje samoleczenia.<\/p>\n","protected":false},"excerpt":{"rendered":"<p>Vitara Generic doustnym stosowana jest w leczeniu zaburze\u0144 erekcji u m\u0119\u017cczyzn. Zwi\u0119ksza przep\u0142yw krwi do pr\u0105cia, pomagaj\u0105c m\u0119\u017cczyznom uzyska\u0107 erekcj\u0119. Dzia\u0142a poprzez rozlu\u017anienie naczy\u0144 krwiono\u015bnych w pr\u0105ciu, umo\u017cliwiaj\u0105c przep\u0142yw krwi do pr\u0105cia podczas podniecenia seksualnego.<\/p>\n","protected":false},"featured_media":5467,"comment_status":"open","ping_status":"closed","template":"","meta":[],"product_brand":[],"product_cat":[129],"product_tag":[],"class_list":{"0":"post-5547","1":"product","2":"type-product","3":"status-publish","4":"has-post-thumbnail","6":"product_cat-dysfunkcja-erekcji-pl","7":"pa_active_substance-vardenafil","9":"first","10":"instock","11":"shipping-taxable","12":"product-type-variable"},"jetpack_sharing_enabled":true,"_links":{"self":[{"href":"https:\/\/pharmacy-content.com\/index.php?rest_route=\/wp\/v2\/product\/5547","targetHints":{"allow":["GET"]}}],"collection":[{"href":"https:\/\/pharmacy-content.com\/index.php?rest_route=\/wp\/v2\/product"}],"about":[{"href":"https:\/\/pharmacy-content.com\/index.php?rest_route=\/wp\/v2\/types\/product"}],"replies":[{"embeddable":true,"href":"https:\/\/pharmacy-content.com\/index.php?rest_route=%2Fwp%2Fv2%2Fcomments&post=5547"}],"wp:featuredmedia":[{"embeddable":true,"href":"https:\/\/pharmacy-content.com\/index.php?rest_route=\/wp\/v2\/media\/5467"}],"wp:attachment":[{"href":"https:\/\/pharmacy-content.com\/index.php?rest_route=%2Fwp%2Fv2%2Fmedia&parent=5547"}],"wp:term":[{"taxonomy":"product_brand","embeddable":true,"href":"https:\/\/pharmacy-content.com\/index.php?rest_route=%2Fwp%2Fv2%2Fproduct_brand&post=5547"},{"taxonomy":"product_cat","embeddable":true,"href":"https:\/\/pharmacy-content.com\/index.php?rest_route=%2Fwp%2Fv2%2Fproduct_cat&post=5547"},{"taxonomy":"product_tag","embeddable":true,"href":"https:\/\/pharmacy-content.com\/index.php?rest_route=%2Fwp%2Fv2%2Fproduct_tag&post=5547"}],"curies":[{"name":"wp","href":"https:\/\/api.w.org\/{rel}","templated":true}]}}