{"id":5664,"date":"2026-04-22T06:57:28","date_gmt":"2026-04-22T06:57:28","guid":{"rendered":""},"modified":"2026-04-22T06:57:32","modified_gmt":"2026-04-22T06:57:32","slug":"vitara-oral-jelly-7","status":"publish","type":"product","link":"https:\/\/pharmacy-content.com\/pt\/product\/vitara-oral-jelly-7\/","title":{"rendered":"Vitara Oral Jelly"},"content":{"rendered":"<p>Uso comum<\/p>\n<p>Este \u00e9 um medicamento poderoso para tratar disfun\u00e7\u00f5es er\u00e9teis. Funciona apenas se houver estimula\u00e7\u00e3o sexual. A excita\u00e7\u00e3o sexual libera \u00f3xido n\u00edtrico das termina\u00e7\u00f5es nervosas dos corpos cavernosos do p\u00eanis e ativa a enzima guanilato ciclase. A guanilato ciclase, por sua vez, \u00e9 respons\u00e1vel pela produ\u00e7\u00e3o de guanosina monofosfato c\u00edclico (cGMP). Devido ao cGMP, os vasos sangu\u00edneos que fornecem sangue ao p\u00eanis se alargam e relaxam. Vitara evita que a enzima fosfodiesterase-5 destrua o cGMP e, desta forma, ajuda a apoiar o fluxo sangu\u00edneo para o p\u00eanis.<\/p>\n<p>Dosagem e dire\u00e7\u00e3o<\/p>\n<p>A dose recomendada de Vitara Oral Jelly cont\u00e9m 20 mg de Vardenafil, \u00e9 dispon\u00edvel em embalagem de sach\u00ea. Tome uma hora antes da rela\u00e7\u00e3o sexual. Em caso de efeitos adversos recomenda-se reduzir a dose para 5 mg por dia. N\u00e3o exceda a dose recomendada. Siga rigorosamente todas as recomenda\u00e7\u00f5es do seu m\u00e9dico e nunca tome o medicamento se ele n\u00e3o tiver sido prescrito para voc\u00ea.<\/p>\n<p>Precau\u00e7\u00f5es<\/p>\n<p>Vitara Oral Jelly n\u00e3o \u00e9 recomendado em pacientes que tiveram acidente vascular cerebral ou insufici\u00eancia card\u00edaca, ou doen\u00e7a card\u00edaca. ataque na hist\u00f3ria e especialmente nos \u00faltimos seis meses. Antes de usar Vitara informe o seu m\u00e9dico se voc\u00ea tem insufici\u00eancia renal grave, dist\u00farbio hemorr\u00e1gico, ulcera\u00e7\u00f5es estomacais ou dist\u00farbio heredit\u00e1rio da retina, como retinite pigmentosa, rea\u00e7\u00e3o al\u00e9rgica a este medicamento ou qualquer outro medicamento, deforma\u00e7\u00e3o do p\u00eanis, como angula\u00e7\u00e3o, fibrose cavernosa. (doen\u00e7a de Peyronie), bem como em doen\u00e7as que contribuem para o desenvolvimento do priapismo (anemia falciforme, mieloma m\u00faltiplo, leucemia ou leucemia).<\/p>\n<p>Contra-indica\u00e7\u00f5es<\/p>\n<p>Vitara Oral Jelly n\u00e3o pode ser prescrito em pacientes hipersens\u00edveis aos seus ingredientes, tratados com nitratos org\u00e2nicos. Uso em indiv\u00edduos que n\u00e3o tenham completado 16 anos de idade. \u00e9 contra-indicado. O uso concomitante de inibidores da protease do HIV, como indinavir e ritonavir, com Vitara Oral Jelly \u00e9 proibido.<\/p>\n<p>Poss\u00edveis efeitos colaterais<\/p>\n<p>O tratamento com Vitara Oral Jelly geralmente n\u00e3o leva a efeitos colaterais graves e, se houver, s\u00e3o principalmente transit\u00f3rio. Os efeitos colaterais mais frequentes s\u00e3o: dor de cabe\u00e7a, rubor (hiperemia da pessoa), tontura, diarreia, n\u00e1usea, nariz entupido. Os efeitos adversos mais raros e incomuns s\u00e3o fotossensibilidade da pele, hipertens\u00e3o, dor nas costas, olhos lacrimejantes, hipotens\u00e3o, mialgia, priapismo.<\/p>\n<p>Intera\u00e7\u00e3o medicamentosa<\/p>\n<p>O metabolismo do Vitara Oral Jelly \u00e9 inibido pela eritromicina, cetoconazol (Nizoral ), itraconazol (Sporanox), indinavir (Crixivan) e ritonavir (Norvir). Vitara tamb\u00e9m reduz a concentra\u00e7\u00e3o sangu\u00ednea de ritonavir e indinavir. A dor no peito pode tornar-se mais aguda em pacientes tratados com nitratos, pois o medicamento aumenta a frequ\u00eancia card\u00edaca e reduz a press\u00e3o arterial. Vitara \u00e9 capaz de exagerar os efeitos redutores da press\u00e3o arterial dos medicamentos bloqueadores alfa (terazosina ou Hytrin). Vitara nunca deve ser administrado em pacientes tratados com nitratos org\u00e2nicos.<\/p>\n<p>Dose esquecida<\/p>\n<p>Vitara Oral Jelly \u00e9 tomado quando necess\u00e1rio, mas n\u00e3o mais do que uma vez ao dia, portanto, a dose esquecida n\u00e3o \u00e9 suposta.<\/p>\n<p>Sobredosagem<\/p>\n<p>Os sintomas de sobredosagem incluem dor nas costas, maxilar, bra\u00e7o, peito, cegueira, vis\u00e3o turva ou diminu\u00edda, ou desconforto.<\/p>\n<p>Armazenamento<\/p>\n<p>Armazenar \u00e0 temperatura ambiente fora do alcance alcance de crian\u00e7as e animais de estima\u00e7\u00e3o, longe da umidade e da luz solar.<\/p>\n<p>Isen\u00e7\u00e3o de responsabilidade<\/p>\n<p>Fornecemos apenas informa\u00e7\u00f5es gerais sobre medicamentos que n\u00e3o cobrem todas as instru\u00e7\u00f5es, poss\u00edveis integra\u00e7\u00f5es de medicamentos ou precau\u00e7\u00f5es. As informa\u00e7\u00f5es do site n\u00e3o podem ser utilizadas para autotratamento e autodiagn\u00f3stico. Quaisquer instru\u00e7\u00f5es espec\u00edficas para um determinado paciente devem ser acordadas com o seu conselheiro de sa\u00fade ou m\u00e9dico respons\u00e1vel pelo caso. N\u00f3s nos isentamos da confiabilidade dessas informa\u00e7\u00f5es e dos erros que elas possam conter. N\u00e3o nos responsabilizamos por quaisquer danos diretos, indiretos, especiais ou outros danos indiretos resultantes de qualquer uso das informa\u00e7\u00f5es deste site e tamb\u00e9m pelas consequ\u00eancias do autotratamento.<\/p>\n","protected":false},"excerpt":{"rendered":"<p>A gel\u00e9ia oral Vitara \u00e9 usada para tratar a disfun\u00e7\u00e3o er\u00e9til em homens. Aumenta o fluxo sangu\u00edneo para o p\u00eanis para ajudar os homens a obter uma ere\u00e7\u00e3o. Funciona ajudando a relaxar os vasos sangu\u00edneos do p\u00eanis, permitindo que o sangue flua para o p\u00eanis quando voc\u00ea fica sexualmente excitado.<\/p>\n","protected":false},"featured_media":5628,"comment_status":"open","ping_status":"closed","template":"","meta":[],"product_brand":[],"product_cat":[132],"product_tag":[],"class_list":{"0":"post-5664","1":"product","2":"type-product","3":"status-publish","4":"has-post-thumbnail","6":"product_cat-disfuncao-eretil-pt","7":"pa_active_substance-vardenafil","9":"first","10":"instock","11":"shipping-taxable","12":"product-type-variable"},"jetpack_sharing_enabled":true,"_links":{"self":[{"href":"https:\/\/pharmacy-content.com\/wp-json\/wp\/v2\/product\/5664","targetHints":{"allow":["GET"]}}],"collection":[{"href":"https:\/\/pharmacy-content.com\/wp-json\/wp\/v2\/product"}],"about":[{"href":"https:\/\/pharmacy-content.com\/wp-json\/wp\/v2\/types\/product"}],"replies":[{"embeddable":true,"href":"https:\/\/pharmacy-content.com\/wp-json\/wp\/v2\/comments?post=5664"}],"wp:featuredmedia":[{"embeddable":true,"href":"https:\/\/pharmacy-content.com\/wp-json\/wp\/v2\/media\/5628"}],"wp:attachment":[{"href":"https:\/\/pharmacy-content.com\/wp-json\/wp\/v2\/media?parent=5664"}],"wp:term":[{"taxonomy":"product_brand","embeddable":true,"href":"https:\/\/pharmacy-content.com\/wp-json\/wp\/v2\/product_brand?post=5664"},{"taxonomy":"product_cat","embeddable":true,"href":"https:\/\/pharmacy-content.com\/wp-json\/wp\/v2\/product_cat?post=5664"},{"taxonomy":"product_tag","embeddable":true,"href":"https:\/\/pharmacy-content.com\/wp-json\/wp\/v2\/product_tag?post=5664"}],"curies":[{"name":"wp","href":"https:\/\/api.w.org\/{rel}","templated":true}]}}