{"id":5682,"date":"2026-04-22T06:57:30","date_gmt":"2026-04-22T06:57:30","guid":{"rendered":""},"modified":"2026-04-22T06:57:32","modified_gmt":"2026-04-22T06:57:32","slug":"vitara-oral-jelly-10","status":"publish","type":"product","link":"https:\/\/pharmacy-content.com\/cs\/product\/vitara-oral-jelly-10\/","title":{"rendered":"Vitara Oral Jelly"},"content":{"rendered":"<p>B\u011b\u017en\u00e9 pou\u017eit\u00ed<\/p>\n<p>Jedn\u00e1 se o \u00fa\u010dinn\u00fd l\u00e9k k l\u00e9\u010db\u011b erektiln\u00edch dysfunkc\u00ed. Funguje pouze v p\u0159\u00edpad\u011b sexu\u00e1ln\u00ed stimulace. Sexu\u00e1ln\u00ed vzru\u0161en\u00ed uvol\u0148uje oxid dusnat\u00fd z nervov\u00fdch zakon\u010den\u00ed kavern\u00f3zn\u00edch t\u011bl penisu a aktivuje enzym guanyl\u00e1tcykl\u00e1zu. Guanyl\u00e1tcykl\u00e1za je zase zodpov\u011bdn\u00e1 za produkci cyklick\u00e9ho guanosinmonofosf\u00e1tu (cGMP). D\u00edky cGMP se krevn\u00ed c\u00e9vy z\u00e1sobuj\u00edc\u00ed penis krv\u00ed roz\u0161i\u0159uj\u00ed a uvol\u0148uj\u00ed. Vitara zabra\u0148uje enzymu fosfodiester\u00e1za-5 ni\u010dit cGMP a pom\u00e1h\u00e1 tak podporovat prokrven\u00ed penisu.<\/p>\n<p>D\u00e1vkov\u00e1n\u00ed a sm\u011br<\/p>\n<p>Doporu\u010den\u00e1 d\u00e1vka Vitara Oral Jelly obsahuje 20 mg Vardenafilu, tj. dostupn\u00e9 v balen\u00ed s\u00e1\u010dku. U\u017e\u00edvejte hodinu p\u0159ed stykem. V p\u0159\u00edpad\u011b ne\u017e\u00e1douc\u00edch \u00fa\u010dink\u016f se doporu\u010duje sn\u00ed\u017eit d\u00e1vku na 5 mg denn\u011b. Nep\u0159ekra\u010dujte doporu\u010denou d\u00e1vku. P\u0159\u00edsn\u011b dodr\u017eujte v\u0161echna doporu\u010den\u00ed sv\u00e9ho l\u00e9ka\u0159e a nikdy neu\u017e\u00edvejte l\u00e9k, pokud v\u00e1m nebyl p\u0159edeps\u00e1n.<\/p>\n<p>Bezpe\u010dnostn\u00ed opat\u0159en\u00ed<\/p>\n<p>Vitara Oral Jelly se nedoporu\u010duje u pacient\u016f s mrtvic\u00ed, srde\u010dn\u00edm selh\u00e1n\u00edm nebo srdcem \u00fatok v historii a zejm\u00e9na za posledn\u00edch \u0161est m\u011bs\u00edc\u016f. P\u0159ed pou\u017eit\u00edm p\u0159\u00edpravku Vitara informujte sv\u00e9ho l\u00e9ka\u0159e, pokud m\u00e1te z\u00e1va\u017enou poruchu funkce ledvin, poruchu krv\u00e1cen\u00ed, \u017ealude\u010dn\u00ed ulcerace nebo d\u011bdi\u010dnou poruchu s\u00edtnice, jako je retinitis pigmentosa, alergickou reakci na tento l\u00e9k nebo jin\u00e9 l\u00e9ky, deformaci penisu, jako je za\u00fahlen\u00ed, kavern\u00f3zn\u00ed fibr\u00f3za (Peyronieho nemoc), stejn\u011b jako u nemoc\u00ed, kter\u00e9 p\u0159isp\u00edvaj\u00ed k rozvoji priapismu (srpkovit\u00e1 an\u00e9mie, mnoho\u010detn\u00fd myelom, leuk\u00e9mie nebo leuk\u00e9mie).<\/p>\n<p>Kontraindikace<\/p>\n<p>Vitara Oral Jelly nelze p\u0159edepsat v pacienti, kte\u0159\u00ed jsou p\u0159ecitliv\u011bl\u00ed na jeho slo\u017eky, pacienti l\u00e9\u010den\u00ed organick\u00fdmi dusi\u010dnany. Pou\u017eit\u00ed u jedinc\u016f, kte\u0159\u00ed nedos\u00e1hli v\u011bku 16 let. je kontraindikov\u00e1n. Sou\u010dasn\u00e9 u\u017e\u00edv\u00e1n\u00ed inhibitor\u016f HIV prote\u00e1zy, jako je indinavir a ritonavir, s p\u0159\u00edpravkem Vitara Oral Jelly je zak\u00e1z\u00e1no.<\/p>\n<p>Mo\u017en\u00e9 vedlej\u0161\u00ed \u00fa\u010dinky<\/p>\n<p>L\u00e9\u010dba p\u0159\u00edpravkem Vitara Oral Jelly obvykle nevede k z\u00e1va\u017en\u00fdm ne\u017e\u00e1douc\u00edm \u00fa\u010dink\u016fm a pokud n\u011bjak\u00e9 jsou, v\u011bt\u0161inou se jedn\u00e1 o p\u0159echodn\u00fd. Nej\u010dast\u011bj\u0161\u00edmi ne\u017e\u00e1douc\u00edmi \u00fa\u010dinky jsou: bolest hlavy, n\u00e1valy horka (hyper\u00e9mie osoby), z\u00e1vrat\u011b, pr\u016fjem, nevolnost, ucpan\u00fd nos. Vz\u00e1cn\u011bj\u0161\u00edmi a m\u00e9n\u011b \u010dast\u00fdmi ne\u017e\u00e1douc\u00edmi \u00fa\u010dinky jsou fotosenzitivita k\u016f\u017ee, hypertenze, bolesti zad, slzen\u00ed o\u010d\u00ed, hypotenze, myalgie, priapismus.<\/p>\n<p>L\u00e9kov\u00e9 interakce<\/p>\n<p>Metabolismus p\u0159\u00edpravku Vitara Oral Jelly je inhibov\u00e1n erytromycinem, ketokonazolem (Nizoral ), itrakonazol (Sporanox), indinavir (Crixivan) a ritonavir (Norvir). Vitara tak\u00e9 sni\u017euje koncentraci ritonaviru a indinaviru v krvi. Bolest na hrudi se m\u016f\u017ee st\u00e1t akutn\u011bj\u0161\u00ed u pacient\u016f l\u00e9\u010den\u00fdch nitr\u00e1ty, proto\u017ee l\u00e9ky zvy\u0161uj\u00ed srde\u010dn\u00ed frekvenci a sni\u017euj\u00ed krevn\u00ed tlak. Vitara je schopna zv\u00fdraznit \u00fa\u010dinky alfa-blok\u00e1tor\u016f (terazosin nebo Hytrin) na sn\u00ed\u017een\u00ed krevn\u00edho tlaku. Vitara by se nikdy nem\u011bla pod\u00e1vat pacient\u016fm, kte\u0159\u00ed jsou l\u00e9\u010deni organick\u00fdmi nitr\u00e1ty.<\/p>\n<p>Vynechan\u00e1 d\u00e1vka<\/p>\n<p>Vitara Oral Jelly se u\u017e\u00edv\u00e1 v p\u0159\u00edpad\u011b pot\u0159eby, ale ne \u010dast\u011bji ne\u017e jednou denn\u011b, tak\u017ee vynech\u00e1n\u00ed d\u00e1vky se nep\u0159edpokl\u00e1d\u00e1.<\/p>\n<p>P\u0159ed\u00e1vkov\u00e1n\u00ed<\/p>\n<p>P\u0159\u00edznaky p\u0159ed\u00e1vkov\u00e1n\u00ed zahrnuj\u00ed bolest zad, \u010delisti, pa\u017ee, hrudn\u00edku, slepotu, rozmazan\u00e9 nebo sn\u00ed\u017een\u00e9 vid\u011bn\u00ed nebo nepohodl\u00ed.<\/p>\n<p>Skladujte<\/p>\n<p>Uchov\u00e1vejte p\u0159i pokojov\u00e9 teplot\u011b mimo dosah d\u011bt\u00ed a dom\u00e1c\u00edch mazl\u00ed\u010dk\u016f, mimo vlhkost a slune\u010dn\u00ed sv\u011btlo.<\/p>\n<p>Odm\u00edtnut\u00ed odpov\u011bdnosti<\/p>\n<p>Poskytujeme pouze obecn\u00e9 informace o l\u00e9c\u00edch, kter\u00e9 nepokr\u00fdvaj\u00ed v\u0161echny pokyny, mo\u017en\u00e1 integrace l\u00e9k\u016f nebo preventivn\u00ed opat\u0159en\u00ed. Informace na m\u00edst\u011b nelze pou\u017e\u00edt pro samol\u00e9\u010dbu a autodiagnostiku. Jak\u00e9koli specifick\u00e9 pokyny pro konkr\u00e9tn\u00edho pacienta by m\u011bly b\u00fdt dohodnuty se sv\u00fdm zdravotn\u00edm poradcem nebo l\u00e9ka\u0159em, kter\u00fd m\u00e1 na starosti dan\u00fd p\u0159\u00edpad. Odm\u00edt\u00e1me spolehlivost t\u011bchto informac\u00ed a chyby, kter\u00e9 by mohly obsahovat. Nejsme zodpov\u011bdn\u00ed za \u017e\u00e1dn\u00e9 p\u0159\u00edm\u00e9, nep\u0159\u00edm\u00e9, zvl\u00e1\u0161tn\u00ed nebo jin\u00e9 nep\u0159\u00edm\u00e9 \u0161kody v d\u016fsledku jak\u00e9hokoli pou\u017eit\u00ed informac\u00ed na t\u011bchto str\u00e1nk\u00e1ch a tak\u00e9 za n\u00e1sledky samol\u00e9\u010dby.<\/p>\n","protected":false},"excerpt":{"rendered":"<p>Vitara Oral Jelly se pou\u017e\u00edv\u00e1 k l\u00e9\u010db\u011b erektiln\u00ed dysfunkce u mu\u017e\u016f. Zvy\u0161uje pr\u016ftok krve do penisu a pom\u00e1h\u00e1 mu\u017e\u016fm dos\u00e1hnout erekce. Funguje tak, \u017ee pom\u00e1h\u00e1 uvolnit krevn\u00ed c\u00e9vy v penisu a umo\u017e\u0148uje, aby krev proudila do penisu, kdy\u017e jste sexu\u00e1ln\u011b vzru\u0161eni.<\/p>\n","protected":false},"featured_media":5628,"comment_status":"open","ping_status":"closed","template":"","meta":[],"product_brand":[],"product_cat":[141],"product_tag":[],"class_list":{"0":"post-5682","1":"product","2":"type-product","3":"status-publish","4":"has-post-thumbnail","6":"product_cat-erektilni-dysfunkce-cs","7":"pa_active_substance-vardenafil","9":"first","10":"instock","11":"shipping-taxable","12":"product-type-variable"},"jetpack_sharing_enabled":true,"_links":{"self":[{"href":"https:\/\/pharmacy-content.com\/wp-json\/wp\/v2\/product\/5682","targetHints":{"allow":["GET"]}}],"collection":[{"href":"https:\/\/pharmacy-content.com\/wp-json\/wp\/v2\/product"}],"about":[{"href":"https:\/\/pharmacy-content.com\/wp-json\/wp\/v2\/types\/product"}],"replies":[{"embeddable":true,"href":"https:\/\/pharmacy-content.com\/wp-json\/wp\/v2\/comments?post=5682"}],"wp:featuredmedia":[{"embeddable":true,"href":"https:\/\/pharmacy-content.com\/wp-json\/wp\/v2\/media\/5628"}],"wp:attachment":[{"href":"https:\/\/pharmacy-content.com\/wp-json\/wp\/v2\/media?parent=5682"}],"wp:term":[{"taxonomy":"product_brand","embeddable":true,"href":"https:\/\/pharmacy-content.com\/wp-json\/wp\/v2\/product_brand?post=5682"},{"taxonomy":"product_cat","embeddable":true,"href":"https:\/\/pharmacy-content.com\/wp-json\/wp\/v2\/product_cat?post=5682"},{"taxonomy":"product_tag","embeddable":true,"href":"https:\/\/pharmacy-content.com\/wp-json\/wp\/v2\/product_tag?post=5682"}],"curies":[{"name":"wp","href":"https:\/\/api.w.org\/{rel}","templated":true}]}}