{"id":5743,"date":"2026-04-22T06:57:44","date_gmt":"2026-04-22T06:57:44","guid":{"rendered":""},"modified":"2026-04-22T06:57:49","modified_gmt":"2026-04-22T06:57:49","slug":"terpafen-10","status":"publish","type":"product","link":"https:\/\/pharmacy-content.com\/?product=terpafen-10&lang=cs","title":{"rendered":"Terpafen"},"content":{"rendered":"<p>B\u011b\u017en\u00e9 pou\u017eit\u00ed<\/p>\n<p>Terpafen je nesteroidn\u00ed antiestrogen. Mechanismus jeho \u00fa\u010dinku spo\u010d\u00edv\u00e1 ve specifick\u00e9 vazb\u011b s receptorem pro estrogen ve vaje\u010dn\u00edku a hypof\u00fdze. U pacientek s n\u00edzkou hladinou estrogenu v organismu vyvol\u00e1v\u00e1 estrogenn\u00ed efekt au pacientek s vysokou hladinou estrogenu antiestrogenn\u00ed efekt. Jeho mal\u00e9 d\u00e1vky zvy\u0161uj\u00ed sekreci gonadotropin\u016f (prolaktin, folikuly stimuluj\u00edc\u00ed hormon, FSH a hormon stimuluj\u00edc\u00ed interstici\u00e1ln\u00ed bu\u0148ky), stimuluje ovulaci; ve velk\u00fdch d\u00e1vk\u00e1ch zpomaluje sekreci gonadotropin\u016f. V cel\u00e9m p\u016fsoben\u00ed Terpafenu spo\u010d\u00edv\u00e1 ve stimulaci ovulace, aby do\u0161lo a p\u0159\u00edprava t\u011bla na t\u011bhotenstv\u00ed. Tento l\u00e9k lze pou\u017e\u00edt u pacient\u016f mu\u017esk\u00e9ho pohlav\u00ed s neplodnost\u00ed zp\u016fsobenou n\u00edzkou produkc\u00ed spermi\u00ed.<\/p>\n<p>D\u00e1vkov\u00e1n\u00ed a sm\u011br<\/p>\n<p>Terpafen se pod\u00e1v\u00e1 ke stimulaci ovulace 50 mg 1kr\u00e1t denn\u011b p\u0159ed span\u00edm, po\u010d\u00ednaje 5. dnem menstrua\u010dn\u00ed cyklus po dobu 5 dn\u016f (v nep\u0159\u00edtomnosti cyklu &#8211; kdykoli). V p\u0159\u00edpad\u011b \u017e\u00e1dn\u00e9ho \u00fa\u010dinku (ovulace nenastane do 30 dn\u016f) zvy\u0161te d\u00e1vku na 150 mg\/den nebo prodlu\u017ete k\u00faru na 10 dn\u016f. U\u017e\u00edvejte p\u0159esn\u011b podle p\u0159edpisu, neu\u017e\u00edvejte l\u00e9ky ve v\u011bt\u0161\u00edm mno\u017estv\u00ed.<\/p>\n<p>Bezpe\u010dnostn\u00ed opat\u0159en\u00ed<\/p>\n<p>P\u0159ed u\u017eit\u00edm Terpafenu informujte sv\u00e9ho l\u00e9ka\u0159e, pokud jste n\u011bkdy m\u011bli alergickou reakci na klomifen, onemocn\u011bn\u00ed jater, du\u0161evn\u00ed depresi, tromboflebitidu . Tento l\u00e9k m\u016f\u017ee zp\u016fsobit probl\u00e9my se zrakem, z\u00e1vrat\u011b nebo to\u010den\u00ed hlavy, bu\u010fte zvl\u00e1\u0161t\u011b opatrn\u00ed, pokud pot\u0159ebujete \u0159\u00eddit nebo obsluhovat stroje, co\u017e vy\u017eaduje vysokou koncentraci pozornosti.<\/p>\n<p>Kontraindikace<\/p>\n<p>P\u0159ecitliv\u011blost, selh\u00e1n\u00ed jater nebo ledvin , metroragie nezn\u00e1m\u00e9 etiologie, cysty na vaje\u010dn\u00edc\u00edch, novotvary pohlavn\u00edch org\u00e1n\u016f, n\u00e1dor nebo hypofunkce hypof\u00fdzy, endometri\u00f3za, selh\u00e1n\u00ed vaje\u010dn\u00edk\u016f spolu s hyperprolaktin\u00e9mi\u00ed, t\u011bhotenstv\u00ed.<\/p>\n<p>Mo\u017en\u00fd vedlej\u0161\u00ed \u00fa\u010dinek<\/p>\n<p>Spolu s p\u0159\u00edznaky alergie, jako je nap\u0159. otok rt\u016f, jazyka nebo obli\u010deje nebo kop\u0159ivka se u n\u011bkter\u00fdch pacientek m\u016f\u017ee objevit jako n\u00e1sleduj\u00edc\u00ed stavy: zv\u011bt\u0161en\u00ed vaje\u010dn\u00edk\u016f projevuj\u00edc\u00ed se bolest\u00ed b\u0159icha nebo p\u00e1nve, zrudnut\u00edm, nevolnost\u00ed, zvracen\u00edm nebo pr\u016fjmem, rozmazan\u00fdm vid\u011bn\u00edm, bolest\u00ed hlavy, abnorm\u00e1ln\u00edm d\u011blo\u017en\u00edm krv\u00e1cen\u00edm.<\/p>\n<p>L\u00e9kov\u00e9 interakce<\/p>\n<p>Informujte sv\u00e9ho l\u00e9ka\u0159e a pracovn\u00edky laborato\u0159e o v\u0161ech l\u00e9c\u00edch a rostlinn\u00fdch produktech, kter\u00e9 u\u017e\u00edv\u00e1te, pokud jste l\u00e9\u010deni Terpafenem.<\/p>\n<p>Vynechan\u00e1 d\u00e1vka<\/p>\n<p>Pokud jste d\u00e1vku vynechali, u\u017e\u00edvejte jakmile si vzpomenete, ale ne pokud je t\u00e9m\u011b\u0159 \u010das na dal\u0161\u00ed p\u0159\u00edjem podle va\u0161eho pl\u00e1nu. Pokud ano, vynechanou d\u00e1vku vynechejte. Nesna\u017ete se nahradit vynechanou d\u00e1vku t\u00edm, \u017ee si vezmete jednu nav\u00edc.<\/p>\n<p>P\u0159ed\u00e1vkov\u00e1n\u00ed<\/p>\n<p>Pokud m\u00e1te podez\u0159en\u00ed, \u017ee jste si vzali p\u0159\u00edli\u0161 mnoho l\u00e9k\u016f, okam\u017eit\u011b vyhledejte l\u00e9ka\u0159skou pomoc.<\/p>\n<p>Skladov\u00e1n\u00ed<\/p>\n<p>Skladujte Terpafen na such\u00e9m m\u00edst\u011b mimo slune\u010dn\u00ed z\u00e1\u0159en\u00ed p\u0159i pokojov\u00e9 teplot\u011b mezi 15-30 C (59-86 F).<\/p>\n<p>Odm\u00edtnut\u00ed odpov\u011bdnosti<\/p>\n<p>Poskytujeme pouze obecn\u00e9 informace o l\u00e9c\u00edch, kter\u00e9 se nevztahuj\u00ed v\u0161echny pokyny, mo\u017en\u00e1 integrace l\u00e9k\u016f nebo preventivn\u00ed opat\u0159en\u00ed. Informace na m\u00edst\u011b nelze pou\u017e\u00edt pro samol\u00e9\u010dbu a autodiagnostiku. Konkr\u00e9tn\u00ed pokyny pro konkr\u00e9tn\u00edho pacienta by m\u011bly b\u00fdt dohodnuty se sv\u00fdm zdravotn\u00edm poradcem nebo l\u00e9ka\u0159em, kter\u00fd m\u00e1 na starosti dan\u00fd p\u0159\u00edpad. Odm\u00edt\u00e1me spolehlivost t\u011bchto informac\u00ed a chyby, kter\u00e9 by mohly obsahovat. Nejsme zodpov\u011bdn\u00ed za \u017e\u00e1dn\u00e9 p\u0159\u00edm\u00e9, nep\u0159\u00edm\u00e9, zvl\u00e1\u0161tn\u00ed nebo jin\u00e9 nep\u0159\u00edm\u00e9 \u0161kody v d\u016fsledku jak\u00e9hokoli pou\u017eit\u00ed informac\u00ed na t\u011bchto str\u00e1nk\u00e1ch a tak\u00e9 za n\u00e1sledky samol\u00e9\u010dby.<\/p>\n","protected":false},"excerpt":{"rendered":"<p>Terpafen Generic je l\u00e9k pou\u017e\u00edvan\u00fd ke zv\u00fd\u0161en\u00ed plodnosti. \u00da\u010dinn\u00e1 l\u00e1tka l\u00e9ku, klomifen (ka\u017ed\u00e1 tableta obsahuje 50 mg), spou\u0161t\u00ed ovulaci. Z\u00e1kladn\u00edm farmakologick\u00fdm \u00fa\u010dinkem je stimulace bun\u011bk tvo\u0159\u00edc\u00edch gonadotropiny \u00fa\u010dinnou l\u00e1tkou klomifen, kter\u00e1 simuluje nedostatek pohlavn\u00edch hormon\u016f v t\u011ble.<\/p>\n","protected":false},"featured_media":5689,"comment_status":"open","ping_status":"closed","template":"","meta":[],"product_brand":[],"product_cat":[171],"product_tag":[],"class_list":{"0":"post-5743","1":"product","2":"type-product","3":"status-publish","4":"has-post-thumbnail","6":"product_cat-stimulant-ovulace-cs","7":"pa_active_substance-clomifen","9":"first","10":"instock","11":"shipping-taxable","12":"product-type-simple"},"jetpack_sharing_enabled":true,"_links":{"self":[{"href":"https:\/\/pharmacy-content.com\/index.php?rest_route=\/wp\/v2\/product\/5743","targetHints":{"allow":["GET"]}}],"collection":[{"href":"https:\/\/pharmacy-content.com\/index.php?rest_route=\/wp\/v2\/product"}],"about":[{"href":"https:\/\/pharmacy-content.com\/index.php?rest_route=\/wp\/v2\/types\/product"}],"replies":[{"embeddable":true,"href":"https:\/\/pharmacy-content.com\/index.php?rest_route=%2Fwp%2Fv2%2Fcomments&post=5743"}],"wp:featuredmedia":[{"embeddable":true,"href":"https:\/\/pharmacy-content.com\/index.php?rest_route=\/wp\/v2\/media\/5689"}],"wp:attachment":[{"href":"https:\/\/pharmacy-content.com\/index.php?rest_route=%2Fwp%2Fv2%2Fmedia&parent=5743"}],"wp:term":[{"taxonomy":"product_brand","embeddable":true,"href":"https:\/\/pharmacy-content.com\/index.php?rest_route=%2Fwp%2Fv2%2Fproduct_brand&post=5743"},{"taxonomy":"product_cat","embeddable":true,"href":"https:\/\/pharmacy-content.com\/index.php?rest_route=%2Fwp%2Fv2%2Fproduct_cat&post=5743"},{"taxonomy":"product_tag","embeddable":true,"href":"https:\/\/pharmacy-content.com\/index.php?rest_route=%2Fwp%2Fv2%2Fproduct_tag&post=5743"}],"curies":[{"name":"wp","href":"https:\/\/api.w.org\/{rel}","templated":true}]}}