{"id":5762,"date":"2026-04-22T06:57:56","date_gmt":"2026-04-22T06:57:56","guid":{"rendered":""},"modified":"2026-04-22T06:58:05","modified_gmt":"2026-04-22T06:58:05","slug":"clomid-3","status":"publish","type":"product","link":"https:\/\/pharmacy-content.com\/?product=clomid-3&lang=fr","title":{"rendered":"Clomid"},"content":{"rendered":"<p>Utilisation courante<\/p>\n<p>Clomid (clomif\u00e8ne) est un m\u00e9dicament qui augmente vos chances de grossesse en aidant votre corps \u00e0 produire un ovule (ovulation). L&#8217;ovulation est une phase du cycle menstruel au cours de laquelle l&#8217;ovaire lib\u00e8re un ovule. Ce m\u00e9dicament traite l&#8217;ovulation irr\u00e9guli\u00e8re ou absente chez les personnes souhaitant concevoir.<\/p>\n<p>Posologie et mode d&#8217;emploi<\/p>\n<p>Prenez ce m\u00e9dicament par voie orale avec un verre d&#8217;eau. Suivez les instructions figurant sur l&#8217;\u00e9tiquette. Prenez le m\u00e9dicament exactement comme indiqu\u00e9 pendant le nombre exact de jours prescrits. Prenez vos doses \u00e0 intervalles r\u00e9guliers. La plupart des femmes prennent ce m\u00e9dicament pendant 5 jours, mais la dur\u00e9e du traitement peut \u00eatre ajust\u00e9e. Votre \u00e9quipe soignante vous indiquera une date de d\u00e9but de traitement et vous donnera des instructions sur son utilisation. Ne prenez pas votre m\u00e9dicament plus souvent que prescrit.<\/p>\n<p>Pr\u00e9cautions<\/p>\n<p>Assurez-vous de bien comprendre comment et quand utiliser ce m\u00e9dicament. Vous devez savoir quand vous ovulez et quand avoir des rapports sexuels. Cela augmentera vos chances de grossesse. Consultez votre \u00e9quipe soignante pour des suivis r\u00e9guliers de votre \u00e9tat. Des analyses de sang hormonales ou des tests d&#8217;urine \u00e0 domicile pourraient \u00eatre n\u00e9cessaires pour v\u00e9rifier votre ovulation. Respectez vos rendez-vous. Cessez imm\u00e9diatement de prendre ce m\u00e9dicament et contactez votre \u00e9quipe soignante si vous pensez \u00eatre enceinte. Ce m\u00e9dicament n&#8217;est pas destin\u00e9 \u00e0 un usage prolong\u00e9. La plupart des femmes qui en b\u00e9n\u00e9ficient le font au cours des trois premiers cycles (mois). Votre \u00e9quipe soignante surveillera votre \u00e9tat. Ce m\u00e9dicament est g\u00e9n\u00e9ralement utilis\u00e9 pendant six cycles de traitement.<\/p>\n<p>Contre-indications<\/p>\n<p>Maladie des glandes surr\u00e9nales, Maladie des vaisseaux sanguins ou caillots sanguins, Kyste sur l&#8217;ovaire, Endom\u00e9triose, Maladie du foie, Cancer de l&#8217;ovaire, Maladie de l&#8217;hypophyse, Saignements vaginaux non \u00e9valu\u00e9s, R\u00e9action inhabituelle ou allergique au clomif\u00e8ne, \u00e0 d&#8217;autres m\u00e9dicaments, aliments, colorants ou conservateurs, Enceinte (ne doit pas \u00eatre utilis\u00e9 si vous \u00eates d\u00e9j\u00e0 enceinte), Allaitement.<\/p>\n<p>Effets secondaires possibles<\/p>\n<p>Effets secondaires \u00e0 signaler \u00e0 votre \u00e9quipe soignante d\u00e8s que possible : R\u00e9actions allergiques : \u00e9ruption cutan\u00e9e, d\u00e9mangeaisons, urticaire, gonflement du visage, des l\u00e8vres, de la langue ou de la gorge. Modification de la vision. Syndrome d&#8217;hyperstimulation ovarienne : douleurs abdominales ou pelviennes, ballonnements, naus\u00e9es, vomissements, diarrh\u00e9e, prise de poids. Pancr\u00e9atite : douleurs abdominales intenses qui se propagent au dos ou s&#8217;aggravent apr\u00e8s avoir mang\u00e9 ou au toucher, fi\u00e8vre, naus\u00e9es, vomissements.<\/p>\n<p>Effets secondaires ne n\u00e9cessitant g\u00e9n\u00e9ralement pas de soins m\u00e9dicaux (signalez-le \u00e0 votre \u00e9quipe soignante s&#8217;ils persistent ou sont g\u00eanants) : Douleur ou sensibilit\u00e9 mammaire. Maux de t\u00eate. Bouff\u00e9es de chaleur. Cycles menstruels irr\u00e9guliers ou spotting.<\/p>\n<p>Interaction m\u00e9dicamenteuse<\/p>\n<p>Pharmacies ou compl\u00e9ments alimentaires, comme l&#8217;act\u00e9e \u00e0 grappes bleues, l&#8217;act\u00e9e \u00e0 grappes noires, le gattilier ou la DHEA. Prast\u00e9rone. Cette liste peut ne pas d\u00e9crire toutes les interactions possibles. Veuillez fournir \u00e0 votre professionnel de sant\u00e9 une liste de tous les m\u00e9dicaments, plantes m\u00e9dicinales, m\u00e9dicaments sans ordonnance et compl\u00e9ments alimentaires que vous utilisez.<\/p>\n<p>Oubli de dose<\/p>\n<p>Si vous oubliez une dose, prenez-la d\u00e8s que possible. S&#8217;il est presque l&#8217;heure de la dose suivante, ne prenez que cette dose. Ne prenez pas de doses doubles ou suppl\u00e9mentaires.<\/p>\n<p>Surdosage<\/p>\n<p>Si vous pensez avoir pris une dose excessive de ce m\u00e9dicament, contactez imm\u00e9diatement un centre antipoison ou les urgences.<\/p>\n<p>Conservation<\/p>\n<p>Tenir hors de port\u00e9e des enfants. Conserver \u00e0 temp\u00e9rature ambiante entre 15 et 30 \u00b0C (59 et 86 \u00b0F). Prot\u00e9ger de la chaleur, de la lumi\u00e8re et de l&#8217;humidit\u00e9. Jeter tout m\u00e9dicament non utilis\u00e9 apr\u00e8s la date de p\u00e9remption.<\/p>\n","protected":false},"excerpt":{"rendered":"<p>Clomid est un traitement am\u00e9liorant la fertilit\u00e9, il est utilis\u00e9 pour stimuler la production de FSH et de LH et donc de la production d&#8217;ovules par les ovaires en cas de troubles ovariens.<\/p>\n","protected":false},"featured_media":5750,"comment_status":"open","ping_status":"closed","template":"","meta":[],"product_brand":[],"product_cat":[150],"product_tag":[],"class_list":{"0":"post-5762","1":"product","2":"type-product","3":"status-publish","4":"has-post-thumbnail","6":"product_cat-stimulant-de-lovulation-fr","7":"pa_active_substance-clomifen","9":"first","10":"instock","11":"shipping-taxable","12":"product-type-variable"},"jetpack_sharing_enabled":true,"_links":{"self":[{"href":"https:\/\/pharmacy-content.com\/index.php?rest_route=\/wp\/v2\/product\/5762","targetHints":{"allow":["GET"]}}],"collection":[{"href":"https:\/\/pharmacy-content.com\/index.php?rest_route=\/wp\/v2\/product"}],"about":[{"href":"https:\/\/pharmacy-content.com\/index.php?rest_route=\/wp\/v2\/types\/product"}],"replies":[{"embeddable":true,"href":"https:\/\/pharmacy-content.com\/index.php?rest_route=%2Fwp%2Fv2%2Fcomments&post=5762"}],"wp:featuredmedia":[{"embeddable":true,"href":"https:\/\/pharmacy-content.com\/index.php?rest_route=\/wp\/v2\/media\/5750"}],"wp:attachment":[{"href":"https:\/\/pharmacy-content.com\/index.php?rest_route=%2Fwp%2Fv2%2Fmedia&parent=5762"}],"wp:term":[{"taxonomy":"product_brand","embeddable":true,"href":"https:\/\/pharmacy-content.com\/index.php?rest_route=%2Fwp%2Fv2%2Fproduct_brand&post=5762"},{"taxonomy":"product_cat","embeddable":true,"href":"https:\/\/pharmacy-content.com\/index.php?rest_route=%2Fwp%2Fv2%2Fproduct_cat&post=5762"},{"taxonomy":"product_tag","embeddable":true,"href":"https:\/\/pharmacy-content.com\/index.php?rest_route=%2Fwp%2Fv2%2Fproduct_tag&post=5762"}],"curies":[{"name":"wp","href":"https:\/\/api.w.org\/{rel}","templated":true}]}}