{"id":5780,"date":"2026-04-22T06:57:59","date_gmt":"2026-04-22T06:57:59","guid":{"rendered":""},"modified":"2026-04-22T06:58:05","modified_gmt":"2026-04-22T06:58:05","slug":"clomid-6","status":"publish","type":"product","link":"https:\/\/pharmacy-content.com\/?product=clomid-6&lang=pl","title":{"rendered":"Clomid"},"content":{"rendered":"<p>Powszechne zastosowanie<\/p>\n<p>Clofi jest niesteroidowym antyestrogenem. Mechanizm dzia\u0142ania polega na specyficznym wi\u0105zaniu si\u0119 z receptorem estrogenu w jajniku i przysadce m\u00f3zgowej. U os\u00f3b z niskim poziomem estrogen\u00f3w w organizmie wywo\u0142uje efekt estrogenowy, a u os\u00f3b z wysokim poziomem estrogen\u00f3w dzia\u0142anie antyestrogenowe. Jego ma\u0142e dawki zwi\u0119kszaj\u0105 wydzielanie gonadotropin (prolaktyny, hormonu folikulotropowego, FSH i hormonu stymuluj\u0105cego kom\u00f3rki \u015br\u00f3dmi\u0105\u017cszowe), stymuluje owulacj\u0119; w du\u017cych dawkach spowalnia wydzielanie gonadotropin. Ca\u0142e dzia\u0142anie Clofiu polega na pobudzeniu do wyst\u0105pienia owulacji i przygotowaniu organizmu do ci\u0105\u017cy. Lek ten mo\u017ce by\u0107 stosowany u m\u0119\u017cczyzn z niep\u0142odno\u015bci\u0105 spowodowan\u0105 s\u0142ab\u0105 produkcj\u0105 plemnik\u00f3w.<\/p>\n<p>Dawkowanie i spos\u00f3b stosowania<\/p>\n<p>Clofi podaje si\u0119 w celu stymulacji owulacji 50 mg 1 raz dziennie przed snem, pocz\u0105wszy od 5 dnia \u017cycia cykl menstruacyjny przez 5 dni (w przypadku braku cyklu &#8211; w dowolnym momencie). W przypadku braku efektu (owulacja nie wyst\u0119puje w ci\u0105gu 30 dni) nale\u017cy zwi\u0119kszy\u0107 dawk\u0119 do 150 mg\/dob\u0119 lub wyd\u0142u\u017cy\u0107 przebieg do 10 dni. Nale\u017cy przyjmowa\u0107 dok\u0142adnie zgodnie z zaleceniami, nie nale\u017cy przyjmowa\u0107 leku w wi\u0119kszych ilo\u015bciach.<\/p>\n<p>\u015arodki ostro\u017cno\u015bci<\/p>\n<p>Przed za\u017cyciem Clofiu nale\u017cy poinformowa\u0107 lekarza, je\u015bli kiedykolwiek wyst\u0105pi\u0142a u Ciebie reakcja alergiczna na klomifen, choroby w\u0105troby, depresja psychiczna, zakrzepowe zapalenie \u017cy\u0142 . Lek ten mo\u017ce powodowa\u0107 problemy ze wzrokiem, zawroty g\u0142owy lub zawroty g\u0142owy. Nale\u017cy zachowa\u0107 szczeg\u00f3ln\u0105 ostro\u017cno\u015b\u0107, je\u015bli konieczne jest prowadzenie pojazd\u00f3w lub obs\u0142ugiwanie maszyn, kt\u00f3re wymagaj\u0105 du\u017cej koncentracji uwagi.<\/p>\n<p>Przeciwwskazania<\/p>\n<p>Nadwra\u017cliwo\u015b\u0107, niewydolno\u015b\u0107 w\u0105troby lub nerek , krwotok maciczny o nieznanej etiologii, torbiele jajnik\u00f3w, nowotwory narz\u0105d\u00f3w p\u0142ciowych, guz lub niedoczynno\u015b\u0107 przysadki, endometrioza, niewydolno\u015b\u0107 jajnik\u00f3w z towarzysz\u0105c\u0105 hiperprolaktynemi\u0105, ci\u0105\u017ca.<\/p>\n<p>Mo\u017cliwe skutki uboczne<\/p>\n<p>Wraz z objawami alergii takimi jak obrz\u0119k warg, j\u0119zyka, twarzy lub pokrzywka u niekt\u00f3rych pacjentek mo\u017ce objawia\u0107 si\u0119 nast\u0119puj\u0105cymi stanami: powi\u0119kszenie jajnik\u00f3w objawiaj\u0105ce si\u0119 b\u00f3lem brzucha lub miednicy, uderzenia gor\u0105ca, nudno\u015bci, wymioty lub biegunka, niewyra\u017ane widzenie, b\u00f3l g\u0142owy, nieprawid\u0142owe krwawienie z macicy.<\/p>\n<p>Interakcje lek\u00f3w<\/p>\n<p>Poinformuj swojego lekarza i operator\u00f3w laboratori\u00f3w o wszystkich lekach i produktach zio\u0142owych, kt\u00f3re za\u017cywasz, je\u015bli jeste\u015b leczony Clofiem.<\/p>\n<p>Pomini\u0119ta dawka<\/p>\n<p>Je\u015bli pomin\u0105\u0142e\u015b dawk\u0119, przyjmij j\u0105 jako tak szybko, jak sobie przypomnisz, ale nie wtedy, gdy wed\u0142ug twojego harmonogramu zbli\u017ca si\u0119 pora nast\u0119pnego spo\u017cycia. Je\u015bli tak, pomi\u0144 pomini\u0119t\u0105 dawk\u0119. Nie pr\u00f3buj uzupe\u0142nia\u0107 pomini\u0119tej dawki, przyjmuj\u0105c dodatkow\u0105.<\/p>\n<p>Przedawkowanie<\/p>\n<p>Je\u015bli podejrzewasz, \u017ce za\u017cy\u0142e\u015b zbyt du\u017c\u0105 dawk\u0119 leku, natychmiast zasi\u0119gnij porady lekarza.<\/p>\n<p>Przechowywanie<\/p>\n<p>Przechowuj Clofi w suchym miejscu, z dala od \u015bwiat\u0142a s\u0142onecznego, w temperaturze pokojowej pomi\u0119dzy 15-30 C (59-86 F).<\/p>\n<p>Zastrze\u017cenie<\/p>\n<p>Podajemy jedynie og\u00f3lne informacje na temat lek\u00f3w, kt\u00f3re nie obejmuj\u0105 wszystkie wskaz\u00f3wki, mo\u017cliwe \u0142\u0105czenie lek\u00f3w lub \u015brodki ostro\u017cno\u015bci. Informacje zawarte na stronie nie mog\u0105 by\u0107 wykorzystywane do samodzielnego leczenia i autodiagnozy. Szczeg\u00f3\u0142owe instrukcje dla konkretnego pacjenta nale\u017cy uzgodni\u0107 z doradc\u0105 ds. opieki zdrowotnej lub lekarzem prowadz\u0105cym dany przypadek. Zrzekamy si\u0119 wiarygodno\u015bci tych informacji i b\u0142\u0119d\u00f3w, jakie mog\u0105 one zawiera\u0107. Nie ponosimy odpowiedzialno\u015bci za jakiekolwiek bezpo\u015brednie, po\u015brednie, szczeg\u00f3lne lub inne po\u015brednie szkody powsta\u0142e w wyniku wykorzystania informacji zawartych na tej stronie, a tak\u017ce za konsekwencje samoleczenia.<\/p>\n","protected":false},"excerpt":{"rendered":"<p>Clofi Generic to lek na p\u0142odno\u015b\u0107, stosowany w celu stymulacji produkcji FSH i LH, a co za tym idzie, jajnik\u00f3w do produkcji kom\u00f3rek jajowych w przypadku chor\u00f3b jajnik\u00f3w.<\/p>\n","protected":false},"featured_media":5750,"comment_status":"open","ping_status":"closed","template":"","meta":[],"product_brand":[],"product_cat":[159],"product_tag":[],"class_list":{"0":"post-5780","1":"product","2":"type-product","3":"status-publish","4":"has-post-thumbnail","6":"product_cat-stymulant-owulacji-pl","7":"pa_active_substance-clomifen","9":"first","10":"instock","11":"shipping-taxable","12":"product-type-variable"},"jetpack_sharing_enabled":true,"_links":{"self":[{"href":"https:\/\/pharmacy-content.com\/index.php?rest_route=\/wp\/v2\/product\/5780","targetHints":{"allow":["GET"]}}],"collection":[{"href":"https:\/\/pharmacy-content.com\/index.php?rest_route=\/wp\/v2\/product"}],"about":[{"href":"https:\/\/pharmacy-content.com\/index.php?rest_route=\/wp\/v2\/types\/product"}],"replies":[{"embeddable":true,"href":"https:\/\/pharmacy-content.com\/index.php?rest_route=%2Fwp%2Fv2%2Fcomments&post=5780"}],"wp:featuredmedia":[{"embeddable":true,"href":"https:\/\/pharmacy-content.com\/index.php?rest_route=\/wp\/v2\/media\/5750"}],"wp:attachment":[{"href":"https:\/\/pharmacy-content.com\/index.php?rest_route=%2Fwp%2Fv2%2Fmedia&parent=5780"}],"wp:term":[{"taxonomy":"product_brand","embeddable":true,"href":"https:\/\/pharmacy-content.com\/index.php?rest_route=%2Fwp%2Fv2%2Fproduct_brand&post=5780"},{"taxonomy":"product_cat","embeddable":true,"href":"https:\/\/pharmacy-content.com\/index.php?rest_route=%2Fwp%2Fv2%2Fproduct_cat&post=5780"},{"taxonomy":"product_tag","embeddable":true,"href":"https:\/\/pharmacy-content.com\/index.php?rest_route=%2Fwp%2Fv2%2Fproduct_tag&post=5780"}],"curies":[{"name":"wp","href":"https:\/\/api.w.org\/{rel}","templated":true}]}}