{"id":5835,"date":"2026-04-22T06:58:13","date_gmt":"2026-04-22T06:58:13","guid":{"rendered":""},"modified":"2026-04-22T06:58:22","modified_gmt":"2026-04-22T06:58:22","slug":"finasteride-5","status":"publish","type":"product","link":"https:\/\/pharmacy-content.com\/?product=finasteride-5&lang=es","title":{"rendered":"Finasteride"},"content":{"rendered":"<p>Propiedades<\/p>\n<p>El Finasteride se emplea en el tratamiento de la p\u00e9rdida de pelo (la calvicie masculina). Se debe administrar s\u00f3lo en las personas adultas. El Finasteride se puede tambi\u00e9n emplear en el tratamiento del c\u00e1ncer prost\u00e1tico y en el agrandamiento benigno de la prostata. En los estudios cl\u00ednicos el Finasteride se ha manifestado eficaz tanto en el \u00e1rea de la coronilla como en la l\u00ednea del crecimiento de pelo.<\/p>\n<p>Posolog\u00eda y m\u00e9todo de administraci\u00f3n<\/p>\n<p>El Finasteride se toma oralmente con un vaso de agua, con o sin comidas. Por favor evite quebrantar, cortar o masticar el comprimido en la boca. Consulte al m\u00e9dico autorizado en cuanto a la selecci\u00f3n de la dosis individual para usted.<\/p>\n<p>Precauciones<\/p>\n<p>Antes de tomar el Finasteride av\u00edsele al medico o al farmac\u00e9utico si tiene alerg\u00edas al Finasteride o al Dutasteride; u otras medicaciones. Como esta medicaci\u00f3n puede absorberse por la piel, a las mujeres embarazadas o las madres lactantes no se les recomienda abusarla.<\/p>\n<p>Contraindicaciones<\/p>\n<p>El Finasteride no puede administrarse por las mujeres y los ni\u00f1os ni por los pacientes quienes hayan manifestado una hipersensibilidad al Finasteride.<\/p>\n<p>Reacciones adversas posibles<\/p>\n<p>Las reacciones adversas m\u00e1s communes ser\u00e1n: los mareos, una languidez ins\u00f3lita, somnolencia, sue\u00f1o so\u00f1oliente, visi\u00f3n borrosa, resfiado, o los problemas de eyaculaci\u00f3n. Pare la administraci\u00f3n de Finasteride y llame a su m\u00e9dico una vez se perciba cualquier de los efectos colaterales que siguen: una erecci\u00f3n penil dolorosa o la que dura m\u00e1s que 4 horas cont\u00ednuas, unos graves mareos o un desmayo. Es muy raro sufrir alguna reacci\u00f3n al\u00e9rgica muy grave por este f\u00e1rmaco. Sin embargo, busque una atenci\u00f3n m\u00e9dica urgente si percibe tales s\u00edntomas de una reacci\u00f3n al\u00e9rgica grave como: la erupci\u00f3n, el picor\/hinchaz\u00f3n (particularmente si se le salen en la cara\/lengua\/garganta), los graves mareos, la respiraci\u00f3n dificultosa. En el evento de sufrir unas reacciones no mencionadas arriba, llame a su m\u00e9dico o farmac\u00e9utico.<\/p>\n<p>Interacci\u00f3n con otras drogas<\/p>\n<p>Av\u00edsele al m\u00e9dico o al farmac\u00e9utico sobre todos los productos herb\u00e1ceos que le est\u00e1n prescritos y los no prescritos antes de proceder al tratamiento de esta medicaci\u00f3n.<\/p>\n<p>Dosis omitida<\/p>\n<p>Si se olvida de tomar la dosis a tiempo, t\u00f3mela en cuanto lo recuerde. Si ya es casi la hora para la pr\u00f3xima dosis descarte la omitida y siga el horario posol\u00f3gico anterior. Nunca intente redoblar la dosis.<\/p>\n<p>Sobredosis<\/p>\n<p>Si cree haber tomado un exceso de esta medicina de inmediato busque una atenci\u00f3n m\u00e9dica de urgencia. Los s\u00edntomas de sobredosis suelen incluir el dolor en el pecho, los n\u00e1useas, las palpitaciones irregulares y una sensaci\u00f3n de mareado o una p\u00e9rdida de consciencia.<\/p>\n<p>Almacenamiento<\/p>\n<p>Las medicinas se tienen que guardar a la temperatura ambiental entre 68 y 77 grados Fahrenheit (20-25 cent\u00edgrados). No las exponga a los rayos solares y la humedad excesa. No las conserve en el cuarto de ba\u00f1o. Todas las drogas deben quedarse fuera del alcance de los ni\u00f1os y los animales dom\u00e9sticos.<\/p>\n<p>Descargo de responsabilidades<\/p>\n<p>Proveemos una informaci\u00f3n del car\u00e1cter general sobre los medicamentos sin intentar cubrir todas las recomendaciones, totalidad de los casos de interacci\u00f3n con otros medicamentos, tampoco todas las precauciones existentes. La informaci\u00f3n de la presente p\u00e1gina web no puede ser de utilidad en el autotratamiento ni el autodiagn\u00f3stico. Todas las recomendaciones espec\u00edficas para cada paciente individual deben arreglarse con el coordinador designado de la salud p\u00fablica o con el m\u00e9dico encargado del caso cl\u00ednico. Renunciamos de todas las responsabilidades por la fiabilidad del material provisto ni por errores que contenga. Nos descargamos de responsabilidad por los da\u00f1os, sean que sean directos, indirectos, espec\u00edficos o dem\u00e1s da\u00f1os que resulten de la aplicaci\u00f3n del contenido de la presente p\u00e1gina web ni que sean consecuencias del autotratamiento.<\/p>\n","protected":false},"excerpt":{"rendered":"<p>Finasteride se utiliza para tratar la p\u00e9rdida de cabello (patr\u00f3n masculino). Tambi\u00e9n se utiliza para tratar el c\u00e1ncer de pr\u00f3stata y la hiperplasia prost\u00e1tica benigna.<\/p>\n","protected":false},"featured_media":5811,"comment_status":"open","ping_status":"closed","template":"","meta":[],"product_brand":[],"product_cat":[186],"product_tag":[],"class_list":{"0":"post-5835","1":"product","2":"type-product","3":"status-publish","4":"has-post-thumbnail","6":"product_cat-perdida-de-cabello-es","7":"pa_active_substance-finasteride","9":"first","10":"instock","11":"shipping-taxable","12":"product-type-simple"},"jetpack_sharing_enabled":true,"_links":{"self":[{"href":"https:\/\/pharmacy-content.com\/index.php?rest_route=\/wp\/v2\/product\/5835","targetHints":{"allow":["GET"]}}],"collection":[{"href":"https:\/\/pharmacy-content.com\/index.php?rest_route=\/wp\/v2\/product"}],"about":[{"href":"https:\/\/pharmacy-content.com\/index.php?rest_route=\/wp\/v2\/types\/product"}],"replies":[{"embeddable":true,"href":"https:\/\/pharmacy-content.com\/index.php?rest_route=%2Fwp%2Fv2%2Fcomments&post=5835"}],"wp:featuredmedia":[{"embeddable":true,"href":"https:\/\/pharmacy-content.com\/index.php?rest_route=\/wp\/v2\/media\/5811"}],"wp:attachment":[{"href":"https:\/\/pharmacy-content.com\/index.php?rest_route=%2Fwp%2Fv2%2Fmedia&parent=5835"}],"wp:term":[{"taxonomy":"product_brand","embeddable":true,"href":"https:\/\/pharmacy-content.com\/index.php?rest_route=%2Fwp%2Fv2%2Fproduct_brand&post=5835"},{"taxonomy":"product_cat","embeddable":true,"href":"https:\/\/pharmacy-content.com\/index.php?rest_route=%2Fwp%2Fv2%2Fproduct_cat&post=5835"},{"taxonomy":"product_tag","embeddable":true,"href":"https:\/\/pharmacy-content.com\/index.php?rest_route=%2Fwp%2Fv2%2Fproduct_tag&post=5835"}],"curies":[{"name":"wp","href":"https:\/\/api.w.org\/{rel}","templated":true}]}}