{"id":5841,"date":"2026-04-22T06:58:13","date_gmt":"2026-04-22T06:58:13","guid":{"rendered":""},"modified":"2026-04-22T06:58:22","modified_gmt":"2026-04-22T06:58:22","slug":"finasteride-6","status":"publish","type":"product","link":"https:\/\/pharmacy-content.com\/?product=finasteride-6&lang=pl","title":{"rendered":"Finasteride"},"content":{"rendered":"<p>Powszechne zastosowanie<br \/>\nFinasteryd stosuje si\u0119 w leczeniu wypadania w\u0142os\u00f3w (typ m\u0119ski). Przeznaczony jest do stosowania wy\u0142\u0105cznie przez doros\u0142ych m\u0119\u017cczyzn. Finasteryd mo\u017cna r\u00f3wnie\u017c stosowa\u0107 w leczeniu raka prostaty i \u0142agodnego rozrostu prostaty.<br \/>\nW badaniach klinicznych wykazano, \u017ce Propecia dzia\u0142a zar\u00f3wno w okolicy korony, jak i na linii w\u0142os\u00f3w.<\/p>\n<p>Dawkowanie i spos\u00f3b stosowania<br \/>\nPropecia nale\u017cy przyjmowa\u0107 doustnie, popijaj\u0105c szklank\u0105 wody i popijaj\u0105c lub bez jedzenia. Nale\u017cy unika\u0107 krojenia, kruszenia lub \u017cucia tego leku.<br \/>\nSkonsultuj si\u0119 z lekarzem w sprawie w\u0142a\u015bciwej dawki dla Ciebie.<\/p>\n<p>\u015arodki ostro\u017cno\u015bci<br \/>\nPrzed przyj\u0119ciem leku Propecia nale\u017cy powiedzie\u0107 lekarzowi lub aptekarzowi, je\u015bli pacjent ma uczulenie na finasteryd lub dutasteryd; lub je\u015bli masz inn\u0105 alergi\u0119.<br \/>\nPoniewa\u017c lek ten mo\u017ce by\u0107 wch\u0142aniany przez sk\u00f3r\u0119, kobiety w ci\u0105\u017cy lub mog\u0105ce zaj\u015b\u0107 w ci\u0105\u017c\u0119 nie powinny manipulowa\u0107 tym lekiem.<\/p>\n<p>Przeciwwskazania<br \/>\nPropecia nie powinna by\u0107 stosowana przez kobiety i dzieci, a tak\u017ce przez osoby doros\u0142e u pacjent\u00f3w, u kt\u00f3rych wyst\u0105pi\u0142a reakcja nadwra\u017cliwo\u015bci na finasteryd.<\/p>\n<p>Mo\u017cliwe skutki uboczne<br \/>\nNajcz\u0119stsze dzia\u0142ania niepo\u017c\u0105dane to zawroty g\u0142owy, niezwyk\u0142e os\u0142abienie, senno\u015b\u0107, problemy ze snem, niewyra\u017ane widzenie, katar lub problemy z wytryskiem.<br \/>\nPrzesta\u0144 stosowa\u0107 Finasteryd i skontaktuj si\u0119 z lekarzem nale\u017cy natychmiast skontaktowa\u0107 si\u0119 z lekarzem, je\u015bli u pacjenta wyst\u0105pi kt\u00f3rekolwiek z poni\u017cszych powa\u017cnych dzia\u0142a\u0144 niepo\u017c\u0105danych: wzw\u00f3d pr\u0105cia, kt\u00f3ry jest bolesny lub trwa 4 godziny lub d\u0142u\u017cej, silne zawroty g\u0142owy lub omdlenia.<br \/>\nRzadko wyst\u0119puje bardzo powa\u017cna reakcja alergiczna.<br \/>\nW przypadku zauwa\u017cenia objaw\u00f3w nie wymienionych tutaj, nale\u017cy skontaktuj si\u0119 ze swoim lekarzem lub farmaceut\u0105.<\/p>\n<p>Interakcje lek\u00f3w<br \/>\nPoinformuj swojego lekarza lub farmaceut\u0119 o wszystkich produktach zio\u0142owych na recept\u0119 i bez recepty, kt\u00f3rych mo\u017cesz u\u017cy\u0107 przed zastosowaniem tego leku.<\/p>\n<p>Pomini\u0119ta dawka<\/p>\n<p>Je\u015bli pomin\u0105\u0142e\u015b dawk\u0119, we\u017a j\u0105 jak tylko sobie przypomnisz. Je\u015bli zauwa\u017cysz, \u017ce zbli\u017ca si\u0119 pora przyj\u0119cia kolejnej dawki, pomi\u0144 pomini\u0119t\u0105 dawk\u0119 i powr\u00f3\u0107 do zwyk\u0142ego schematu dawkowania. Nie nale\u017cy stosowa\u0107 dawki dwukrotnie.<\/p>\n<p>Przedawkowanie<br \/>\nJe\u015bli uwa\u017casz, \u017ce zastosowa\u0142e\u015b zbyt du\u017c\u0105 dawk\u0119 tego leku, natychmiast zasi\u0119gnij porady lekarza. Objawy przedawkowania obejmuj\u0105 zwykle b\u00f3l w klatce piersiowej, nudno\u015bci, nieregularne bicie serca oraz uczucie oszo\u0142omienia lub omdlenia.<\/p>\n<p>Przechowywanie<br \/>\nLeki nale\u017cy przechowywa\u0107 w temperaturze pokojowej (20-25 stopni C), z dala od \u015bwiat\u0142a i \u015bwiat\u0142a wilgo\u0107. Nie przechowuj ich w \u0142azience. Wszystkie leki nale\u017cy przechowywa\u0107 z dala od dzieci i zwierz\u0105t domowych.<\/p>\n<p>Zastrze\u017cenie<br \/>\nPodajemy jedynie og\u00f3lne informacje na temat lek\u00f3w, kt\u00f3re nie obejmuj\u0105 wszystkich wskaz\u00f3wek, mo\u017cliwych po\u0142\u0105cze\u0144 lek\u00f3w ani \u015brodk\u00f3w ostro\u017cno\u015bci. Informacje zawarte na stronie nie mog\u0105 by\u0107 wykorzystywane do samodzielnego leczenia i autodiagnozy. Wszelkie szczeg\u00f3\u0142owe instrukcje dla konkretnego pacjenta nale\u017cy uzgodni\u0107 z doradc\u0105 ds. opieki zdrowotnej lub lekarzem prowadz\u0105cym dany przypadek. Zrzekamy si\u0119 wiarygodno\u015bci tych informacji i b\u0142\u0119d\u00f3w, jakie mog\u0105 one zawiera\u0107. Nie ponosimy odpowiedzialno\u015bci za jakiekolwiek bezpo\u015brednie, po\u015brednie, szczeg\u00f3lne lub inne po\u015brednie szkody powsta\u0142e w wyniku wykorzystania informacji zawartych na tej stronie, a tak\u017ce za konsekwencje samoleczenia.<\/p>\n","protected":false},"excerpt":{"rendered":"<p>Finasteride stosuje si\u0119 w leczeniu \u0142agodnego rozrostu prostaty. Pomaga zmniejszy\u0107 rozmiar powi\u0119kszonego gruczo\u0142u krokowego i \u0142agodzi objawy, takie jak trudno\u015bci w oddawaniu moczu, pilna potrzeba oddania moczu i niemo\u017cno\u015b\u0107 wstrzymania moczu.<\/p>\n","protected":false},"featured_media":5811,"comment_status":"open","ping_status":"closed","template":"","meta":[],"product_brand":[],"product_cat":[189],"product_tag":[],"class_list":{"0":"post-5841","1":"product","2":"type-product","3":"status-publish","4":"has-post-thumbnail","6":"product_cat-wypadanie-wlosow-pl","7":"pa_active_substance-finasteride","9":"first","10":"instock","11":"shipping-taxable","12":"product-type-simple"},"jetpack_sharing_enabled":true,"_links":{"self":[{"href":"https:\/\/pharmacy-content.com\/index.php?rest_route=\/wp\/v2\/product\/5841","targetHints":{"allow":["GET"]}}],"collection":[{"href":"https:\/\/pharmacy-content.com\/index.php?rest_route=\/wp\/v2\/product"}],"about":[{"href":"https:\/\/pharmacy-content.com\/index.php?rest_route=\/wp\/v2\/types\/product"}],"replies":[{"embeddable":true,"href":"https:\/\/pharmacy-content.com\/index.php?rest_route=%2Fwp%2Fv2%2Fcomments&post=5841"}],"wp:featuredmedia":[{"embeddable":true,"href":"https:\/\/pharmacy-content.com\/index.php?rest_route=\/wp\/v2\/media\/5811"}],"wp:attachment":[{"href":"https:\/\/pharmacy-content.com\/index.php?rest_route=%2Fwp%2Fv2%2Fmedia&parent=5841"}],"wp:term":[{"taxonomy":"product_brand","embeddable":true,"href":"https:\/\/pharmacy-content.com\/index.php?rest_route=%2Fwp%2Fv2%2Fproduct_brand&post=5841"},{"taxonomy":"product_cat","embeddable":true,"href":"https:\/\/pharmacy-content.com\/index.php?rest_route=%2Fwp%2Fv2%2Fproduct_cat&post=5841"},{"taxonomy":"product_tag","embeddable":true,"href":"https:\/\/pharmacy-content.com\/index.php?rest_route=%2Fwp%2Fv2%2Fproduct_tag&post=5841"}],"curies":[{"name":"wp","href":"https:\/\/api.w.org\/{rel}","templated":true}]}}