{"id":5865,"date":"2026-04-22T06:58:18","date_gmt":"2026-04-22T06:58:18","guid":{"rendered":""},"modified":"2026-04-22T06:58:23","modified_gmt":"2026-04-22T06:58:23","slug":"finasteride-10","status":"publish","type":"product","link":"https:\/\/pharmacy-content.com\/?product=finasteride-10&lang=cs","title":{"rendered":"Finasteride"},"content":{"rendered":"<p>B\u011b\u017en\u00e9 pou\u017eit\u00ed<br \/>\nFinasterid se pou\u017e\u00edv\u00e1 k l\u00e9\u010db\u011b vypad\u00e1v\u00e1n\u00ed vlas\u016f (mu\u017esk\u00fd typ). Je ur\u010den pouze pro dosp\u011bl\u00e9 mu\u017ee. Finasterid lze tak\u00e9 pou\u017e\u00edt k l\u00e9\u010db\u011b rakoviny prostaty a benign\u00ed hyperplazie prostaty.<br \/>\nV klinick\u00fdch studi\u00edch bylo prok\u00e1z\u00e1no, \u017ee p\u0159\u00edpravek Propecia p\u016fsob\u00ed na oblast koruny i na vlasovou linii.<\/p>\n<p>D\u00e1vkov\u00e1n\u00ed a sm\u011br<br \/>\nU\u017e\u00edvejte p\u0159\u00edpravek Propecia \u00fasty se sklenic\u00ed vody s nebo bez j\u00eddla. Vyvarujte se \u0159ez\u00e1n\u00ed, drcen\u00ed nebo \u017ev\u00fdk\u00e1n\u00ed tohoto l\u00e9ku.<br \/>\nPora\u010fte se se sv\u00fdm l\u00e9ka\u0159em ohledn\u011b spr\u00e1vn\u00e9 d\u00e1vky pro v\u00e1s.<\/p>\n<p>Bezpe\u010dnostn\u00ed opat\u0159en\u00ed<br \/>\nP\u0159ed u\u017eit\u00edm p\u0159\u00edpravku Propecia informujte sv\u00e9ho l\u00e9ka\u0159e nebo chemika, pokud jste alergick\u00fd\/\u00e1 na finasterid nebo dutasterid; nebo pokud m\u00e1te jin\u00e9 alergie.<br \/>\nVzhledem k tomu, \u017ee tento l\u00e9k m\u016f\u017ee b\u00fdt absorbov\u00e1n k\u016f\u017e\u00ed, \u017eeny, kter\u00e9 jsou t\u011bhotn\u00e9 nebo mohou ot\u011bhotn\u011bt, by nem\u011bly s t\u00edmto l\u00e9kem manipulovat.<\/p>\n<p>Kontraindikace<br \/>\nPropecia by nem\u011bla b\u00fdt pou\u017e\u00edv\u00e1na \u017eenami nebo d\u011btmi, stejn\u011b jako pacient\u016f, u kter\u00fdch byla prok\u00e1z\u00e1na reakce p\u0159ecitliv\u011blosti na Finasterid.<\/p>\n<p>Mo\u017en\u00e9 vedlej\u0161\u00ed \u00fa\u010dinky<br \/>\nNej\u010dast\u011bj\u0161\u00edmi ne\u017e\u00e1douc\u00edmi \u00fa\u010dinky jsou z\u00e1vrat\u011b, neobvykl\u00e1 slabost, ospalost, pot\u00ed\u017ee se sp\u00e1nkem, rozmazan\u00e9 vid\u011bn\u00ed, r\u00fdma nebo probl\u00e9my s ejakulac\u00ed.<br \/>\nP\u0159esta\u0148te pou\u017e\u00edvat Finasterid a zavolejte sv\u00e9mu okam\u017eit\u011b l\u00e9ka\u0159e, pokud m\u00e1te n\u011bkter\u00fd z t\u011bchto z\u00e1va\u017en\u00fdch ne\u017e\u00e1douc\u00edch \u00fa\u010dink\u016f: erekce penisu, kter\u00e1 je bolestiv\u00e1 nebo trv\u00e1 4 hodiny nebo d\u00e9le, siln\u00e9 z\u00e1vrat\u011b nebo mdloby.<br \/>\nVelmi z\u00e1va\u017en\u00e1 alergick\u00e1 reakce se vyskytuje jen z\u0159\u00eddka.<br \/>\nPokud zaznamen\u00e1te \u00fa\u010dinky, kter\u00e9 zde nejsou uvedeny, kontaktujte sv\u00e9ho l\u00e9ka\u0159e nebo l\u00e9k\u00e1rn\u00edka.<\/p>\n<p>L\u00e9kov\u00e9 interakce<br \/>\nSd\u011blte sv\u00e9mu l\u00e9ka\u0159i nebo l\u00e9k\u00e1rn\u00edkovi v\u0161echny p\u0159\u00edpravky na p\u0159edpis i voln\u011b prodejn\u00e9\/rostlinn\u00e9 p\u0159\u00edpravky, kter\u00e9 m\u016f\u017eete u\u017e\u00edvat, ne\u017e za\u010dnete tento l\u00e9k u\u017e\u00edvat.<\/p>\n<p>Vynechan\u00e1 d\u00e1vka<\/p>\n<p>Pokud jste d\u00e1vku vynechali, vezm\u011bte si ji jakmile si vzpomenete. Pokud uvid\u00edte, \u017ee se bl\u00ed\u017e\u00ed \u010das na dal\u0161\u00ed d\u00e1vku, vynechejte vynechanou d\u00e1vku a pokra\u010dujte v obvykl\u00e9m d\u00e1vkovac\u00edm sch\u00e9matu. Neu\u017e\u00edvejte svou d\u00e1vku dvakr\u00e1t.<\/p>\n<p>P\u0159ed\u00e1vkov\u00e1n\u00ed<br \/>\nPokud si mysl\u00edte, \u017ee jste u\u017eili p\u0159\u00edli\u0161 mnoho tohoto l\u00e9ku, okam\u017eit\u011b vyhledejte l\u00e9ka\u0159skou pomoc. P\u0159\u00edznaky p\u0159ed\u00e1vkov\u00e1n\u00ed obvykle zahrnuj\u00ed bolest na hrudi, nevolnost, nepravideln\u00fd srde\u010dn\u00ed tep a pocit to\u010den\u00ed hlavy nebo mdloby.<\/p>\n<p>Skladujte<br \/>\nL\u00e9ky skladujte p\u0159i pokojov\u00e9 teplot\u011b mezi 20-25 \u00b0C, mimo dosah sv\u011btla a vlhkost. Neskladujte je v koupeln\u011b. V\u0161echny drogy uchov\u00e1vejte mimo dosah d\u011bt\u00ed a dom\u00e1c\u00edch mazl\u00ed\u010dk\u016f.<\/p>\n<p>Odm\u00edtnut\u00ed odpov\u011bdnosti<br \/>\nPoskytujeme pouze obecn\u00e9 informace o l\u00e9c\u00edch, kter\u00e9 nepokr\u00fdvaj\u00ed v\u0161echny pokyny, mo\u017en\u00e1 integrace l\u00e9k\u016f nebo preventivn\u00ed opat\u0159en\u00ed. Informace na m\u00edst\u011b nelze pou\u017e\u00edt pro samol\u00e9\u010dbu a autodiagnostiku. Jak\u00e9koli specifick\u00e9 pokyny pro konkr\u00e9tn\u00edho pacienta by m\u011bly b\u00fdt dohodnuty se sv\u00fdm zdravotn\u00edm poradcem nebo l\u00e9ka\u0159em, kter\u00fd m\u00e1 na starosti dan\u00fd p\u0159\u00edpad. Odm\u00edt\u00e1me spolehlivost t\u011bchto informac\u00ed a chyby, kter\u00e9 by mohly obsahovat. Nejsme zodpov\u011bdn\u00ed za \u017e\u00e1dn\u00e9 p\u0159\u00edm\u00e9, nep\u0159\u00edm\u00e9, zvl\u00e1\u0161tn\u00ed nebo jin\u00e9 nep\u0159\u00edm\u00e9 \u0161kody v d\u016fsledku jak\u00e9hokoli pou\u017eit\u00ed informac\u00ed na t\u011bchto str\u00e1nk\u00e1ch a tak\u00e9 za n\u00e1sledky samol\u00e9\u010dby.<\/p>\n","protected":false},"excerpt":{"rendered":"<p>Finasteride se pou\u017e\u00edv\u00e1 k l\u00e9\u010db\u011b benign\u00ed hyperplazie prostaty. Pom\u00e1h\u00e1 zmen\u0161it velikost zv\u011bt\u0161en\u00e9 prostaty a zm\u00edr\u0148uje p\u0159\u00edznaky, jako jsou pot\u00ed\u017ee s mo\u010den\u00edm, nal\u00e9hav\u00e1 pot\u0159eba mo\u010dit a neschopnost mo\u010d zadr\u017eet.<\/p>\n","protected":false},"featured_media":5811,"comment_status":"open","ping_status":"closed","template":"","meta":[],"product_brand":[],"product_cat":[201],"product_tag":[],"class_list":{"0":"post-5865","1":"product","2":"type-product","3":"status-publish","4":"has-post-thumbnail","6":"product_cat-vypadavani-vlasu-cs","7":"pa_active_substance-finasteride","9":"first","10":"instock","11":"shipping-taxable","12":"product-type-simple"},"jetpack_sharing_enabled":true,"_links":{"self":[{"href":"https:\/\/pharmacy-content.com\/index.php?rest_route=\/wp\/v2\/product\/5865","targetHints":{"allow":["GET"]}}],"collection":[{"href":"https:\/\/pharmacy-content.com\/index.php?rest_route=\/wp\/v2\/product"}],"about":[{"href":"https:\/\/pharmacy-content.com\/index.php?rest_route=\/wp\/v2\/types\/product"}],"replies":[{"embeddable":true,"href":"https:\/\/pharmacy-content.com\/index.php?rest_route=%2Fwp%2Fv2%2Fcomments&post=5865"}],"wp:featuredmedia":[{"embeddable":true,"href":"https:\/\/pharmacy-content.com\/index.php?rest_route=\/wp\/v2\/media\/5811"}],"wp:attachment":[{"href":"https:\/\/pharmacy-content.com\/index.php?rest_route=%2Fwp%2Fv2%2Fmedia&parent=5865"}],"wp:term":[{"taxonomy":"product_brand","embeddable":true,"href":"https:\/\/pharmacy-content.com\/index.php?rest_route=%2Fwp%2Fv2%2Fproduct_brand&post=5865"},{"taxonomy":"product_cat","embeddable":true,"href":"https:\/\/pharmacy-content.com\/index.php?rest_route=%2Fwp%2Fv2%2Fproduct_cat&post=5865"},{"taxonomy":"product_tag","embeddable":true,"href":"https:\/\/pharmacy-content.com\/index.php?rest_route=%2Fwp%2Fv2%2Fproduct_tag&post=5865"}],"curies":[{"name":"wp","href":"https:\/\/api.w.org\/{rel}","templated":true}]}}