{"id":5883,"date":"2026-04-22T06:58:28","date_gmt":"2026-04-22T06:58:28","guid":{"rendered":""},"modified":"2026-04-22T06:58:42","modified_gmt":"2026-04-22T06:58:42","slug":"propecia-2","status":"publish","type":"product","link":"https:\/\/pharmacy-content.com\/?product=propecia-2&lang=de","title":{"rendered":"Propecia"},"content":{"rendered":"<p>Allgemeine Anwendung<br \/>\nPropecia wird zur Behandlung der benignen Prostatahyperplasie (BPH), auch bekannt als gutartige Vergr\u00f6\u00dferung der Prostata (BEP), angewendet. Dieses Arzneimittel hilft, Ihre Symptome zu kontrollieren, die Harnverhaltung zu verringern und das Risiko einer Operation zu verringern.<br \/>\nDosierung und Anwendung<br \/>\nNehmen Sie Propecia oral mit einem Glas Wasser ein, unabh\u00e4ngig von den Mahlzeiten. Vermeiden Sie es, dieses Arzneimittel zu schneiden, zu zerdr\u00fccken oder zu kauen.<br \/>\nFragen Sie Ihren Arzt bez\u00fcglich der richtigen Dosis f\u00fcr Sie.<br \/>\nVorsichtsma\u00dfnahmen<br \/>\nBevor Sie Propecia einnehmen, informieren Sie Ihren Arzt oder Apotheker, wenn Sie allergisch gegen Propecia oder Dutasterid sind; oder wenn Sie andere Allergien haben.<br \/>\nDa dieses Medikament von der Haut aufgenommen werden kann, sollten Frauen, die schwanger sind oder schwanger werden k\u00f6nnten, dieses Medikament nicht anwenden.<br \/>\nKontraindikationen<br \/>\nPropecia sollte nicht von Frauen oder Kindern sowie von den Patienten angewendet werden wenn Sie eine \u00dcberempfindlichkeitsreaktion auf Propecia gezeigt haben.<br \/>\nM\u00f6gliche Nebenwirkung<br \/>\nDie h\u00e4ufigsten Nebenwirkungen sind Schwindel, ungew\u00f6hnliche Schw\u00e4che, Schl\u00e4frigkeit, Schlafst\u00f6rungen, verschwommenes Sehen, laufende Nase oder Probleme beim Samenerguss.<br \/>\nBeenden Sie die Anwendung von Propecia und rufen Sie sofort Ihren Arzt an wenn bei Ihnen eine dieser schwerwiegenden Nebenwirkungen auftritt: eine schmerzhafte oder anhaltende Erektion des Penis, starker Schwindel oder Ohnmacht.<br \/>\nEine sehr schwerwiegende allergische Reaktion kommt selten vor.<br \/>\nSollten Sie hier nicht aufgef\u00fchrte Nebenwirkungen bemerken, wenden Sie sich an Ihren Arzt oder Apotheker.<br \/>\nArzneimittelwechselwirkungen<br \/>\nEs wurden keine Arzneimittelwechselwirkungen von klinischer Bedeutung festgestellt.<br \/>\nInformieren Sie Ihren Arzt oder Apotheker \u00fcber alle verschreibungspflichtigen und nicht verschreibungspflichtigen\/pflanzlichen Produkte, die Sie m\u00f6glicherweise verwenden, bevor Sie dieses Medikament einnehmen.<br \/>\nVerpasste Dosis<br \/>\nWenn Sie Ihre Dosis vergessen haben, nehmen Sie sie ein sobald du dich erinnerst. Wenn Sie sehen, dass es bald Zeit f\u00fcr die n\u00e4chste Dosis ist, lassen Sie die vergessene Dosis aus und fahren Sie mit Ihrem gewohnten Dosierungsplan fort. Nehmen Sie Ihre Dosis nicht zweimal ein.<br \/>\n\u00dcberdosierung<br \/>\nWenn Sie glauben, zu viel von diesem Arzneimittel eingenommen zu haben, suchen Sie sofort einen Notarzt auf. Zu den Symptomen einer \u00dcberdosierung geh\u00f6ren normalerweise Brustschmerzen, \u00dcbelkeit, unregelm\u00e4\u00dfiger Herzschlag und Benommenheit oder Ohnmacht.<br \/>\nLagerung<br \/>\nLagern Sie Ihre Arzneimittel bei Raumtemperatur zwischen 20 und 25 \u00b0C (68\u201377 \u00b0F) und vor Licht und Feuchtigkeit gesch\u00fctzt. Bewahren Sie sie nicht im Badezimmer auf. Bewahren Sie alle Medikamente au\u00dferhalb der Reichweite von Kindern und Haustieren auf.<br \/>\nHaftungsausschluss<br \/>\nWir stellen nur allgemeine Informationen zu Medikamenten zur Verf\u00fcgung, die nicht alle Anwendungsgebiete, m\u00f6gliche Arzneimittelkombinationen oder Vorsichtsma\u00dfnahmen abdecken. Die Informationen auf der Website k\u00f6nnen nicht zur Selbstbehandlung und Selbstdiagnose verwendet werden. Spezifische Anweisungen f\u00fcr einen bestimmten Patienten sollten mit Ihrem Gesundheitsberater oder dem f\u00fcr den Fall zust\u00e4ndigen Arzt vereinbart werden. Wir lehnen die Zuverl\u00e4ssigkeit dieser Informationen und etwaige darin enthaltene Fehler ab. Wir haften nicht f\u00fcr direkte, indirekte, besondere oder sonstige indirekte Sch\u00e4den, die sich aus der Nutzung der Informationen auf dieser Website ergeben und auch nicht f\u00fcr Folgen der Selbstbehandlung.<\/p>\n","protected":false},"excerpt":{"rendered":"<p>Propecia Generic wird zur Behandlung von Haarausfall (m\u00e4nnliches Muster) eingesetzt. Es wird auch zur Behandlung von Prostatakrebs und gutartiger Prostatahyperplasie eingesetzt.<\/p>\n","protected":false},"featured_media":5872,"comment_status":"open","ping_status":"closed","template":"","meta":[],"product_brand":[],"product_cat":[177],"product_tag":[],"class_list":{"0":"post-5883","1":"product","2":"type-product","3":"status-publish","4":"has-post-thumbnail","6":"product_cat-haarausfall-de","7":"pa_active_substance-finasteride","9":"first","10":"instock","11":"shipping-taxable","12":"product-type-variable"},"jetpack_sharing_enabled":true,"_links":{"self":[{"href":"https:\/\/pharmacy-content.com\/index.php?rest_route=\/wp\/v2\/product\/5883","targetHints":{"allow":["GET"]}}],"collection":[{"href":"https:\/\/pharmacy-content.com\/index.php?rest_route=\/wp\/v2\/product"}],"about":[{"href":"https:\/\/pharmacy-content.com\/index.php?rest_route=\/wp\/v2\/types\/product"}],"replies":[{"embeddable":true,"href":"https:\/\/pharmacy-content.com\/index.php?rest_route=%2Fwp%2Fv2%2Fcomments&post=5883"}],"wp:featuredmedia":[{"embeddable":true,"href":"https:\/\/pharmacy-content.com\/index.php?rest_route=\/wp\/v2\/media\/5872"}],"wp:attachment":[{"href":"https:\/\/pharmacy-content.com\/index.php?rest_route=%2Fwp%2Fv2%2Fmedia&parent=5883"}],"wp:term":[{"taxonomy":"product_brand","embeddable":true,"href":"https:\/\/pharmacy-content.com\/index.php?rest_route=%2Fwp%2Fv2%2Fproduct_brand&post=5883"},{"taxonomy":"product_cat","embeddable":true,"href":"https:\/\/pharmacy-content.com\/index.php?rest_route=%2Fwp%2Fv2%2Fproduct_cat&post=5883"},{"taxonomy":"product_tag","embeddable":true,"href":"https:\/\/pharmacy-content.com\/index.php?rest_route=%2Fwp%2Fv2%2Fproduct_tag&post=5883"}],"curies":[{"name":"wp","href":"https:\/\/api.w.org\/{rel}","templated":true}]}}