{"id":5938,"date":"2026-04-22T06:58:35","date_gmt":"2026-04-22T06:58:35","guid":{"rendered":""},"modified":"2026-04-22T06:58:42","modified_gmt":"2026-04-22T06:58:42","slug":"propecia-7","status":"publish","type":"product","link":"https:\/\/pharmacy-content.com\/?product=propecia-7&lang=pt","title":{"rendered":"Propecia"},"content":{"rendered":"<p>Uso comum<br \/>\nA Propeciaa \u00e9 usada para tratar a hiperplasia prost\u00e1tica benigna (HPB), tamb\u00e9m conhecida como aumento benigno da pr\u00f3stata (BEP). Este medicamento ajuda a controlar os sintomas, diminuir a reten\u00e7\u00e3o urin\u00e1ria e reduzir o risco de necessidade de cirurgia.<br \/>\nPosologia e orienta\u00e7\u00e3o<br \/>\nTome Propecia por via oral com um copo de \u00e1gua, com ou sem alimentos. Evite cortar, esmagar ou mastigar este medicamento.<br \/>\nConsulte o seu m\u00e9dico sobre a dose adequada para voc\u00ea.<br \/>\nPrecau\u00e7\u00f5es<br \/>\nAntes de tomar Propecia, informe o seu m\u00e9dico ou farmac\u00eautico se voc\u00ea \u00e9 al\u00e9rgico a Propeciaa ou Dutasterida; ou se tiver outras alergias.<br \/>\nComo este medicamento pode ser absorvido pela pele, mulheres gr\u00e1vidas ou que possam engravidar n\u00e3o devem manipular este medicamento.<br \/>\nContra-indica\u00e7\u00f5es<br \/>\nPropecia n\u00e3o deve ser utilizado por mulheres ou crian\u00e7as, bem como pelos pacientes. tendo demonstrado uma rea\u00e7\u00e3o de hipersensibilidade \u00e0 Propeciaa.<br \/>\nPoss\u00edveis efeitos colaterais<br \/>\nOs efeitos colaterais mais comuns s\u00e3o tonturas, fraqueza incomum, sonol\u00eancia, dificuldade para dormir, vis\u00e3o turva, coriza ou problemas de ejacula\u00e7\u00e3o.<br \/>\nPare de usar Propecia e ligue para seu m\u00e9dico imediatamente. se tiver algum destes efeitos secund\u00e1rios graves: ere\u00e7\u00e3o dolorosa ou prolongada do p\u00e9nis, tonturas graves ou desmaios.<br \/>\nRaramente ocorre uma rea\u00e7\u00e3o al\u00e9rgica muito grave.<br \/>\nCaso note efeitos n\u00e3o listados aqui, contacte o seu m\u00e9dico ou farmac\u00eautico.<br \/>\nIntera\u00e7\u00e3o medicamentosa<br \/>\nN\u00e3o foram identificadas intera\u00e7\u00f5es medicamentosas de import\u00e2ncia cl\u00ednica.<br \/>\nInforme ao seu m\u00e9dico ou farmac\u00eautico sobre todos os produtos fitoter\u00e1picos, prescritos e n\u00e3o prescritos, que voc\u00ea pode usar antes de usar este medicamento.<br \/>\nDose esquecida<br \/>\nSe voc\u00ea esqueceu a sua dose, tome-a como assim que voc\u00ea se lembrar. Se voc\u00ea perceber que est\u00e1 pr\u00f3ximo da hora da pr\u00f3xima dose, pule a dose esquecida e retome seu esquema posol\u00f3gico habitual. N\u00e3o tome a dose duas vezes.<br \/>\nSobredosagem<br \/>\nSe voc\u00ea acha que usou muito deste medicamento, procure atendimento m\u00e9dico de emerg\u00eancia imediatamente. Os sintomas de sobredosagem geralmente incluem dor no peito, n\u00e1useas, batimentos card\u00edacos irregulares e sensa\u00e7\u00e3o de tontura ou desmaio.<br \/>\nArmazenamento<br \/>\nGuarde os seus medicamentos \u00e0 temperatura ambiente entre 20-25 graus C (68-77 graus F), longe da luz e da humidade. N\u00e3o os guarde no banheiro. Mantenha todos os medicamentos fora do alcance de crian\u00e7as e animais de estima\u00e7\u00e3o.<br \/>\nIsen\u00e7\u00e3o de responsabilidade<br \/>\nFornecemos apenas informa\u00e7\u00f5es gerais sobre medicamentos que n\u00e3o cobrem todas as instru\u00e7\u00f5es, poss\u00edveis integra\u00e7\u00f5es de medicamentos ou precau\u00e7\u00f5es. As informa\u00e7\u00f5es do site n\u00e3o podem ser utilizadas para autotratamento e autodiagn\u00f3stico. Quaisquer instru\u00e7\u00f5es espec\u00edficas para um determinado paciente devem ser acordadas com o seu conselheiro de sa\u00fade ou m\u00e9dico respons\u00e1vel pelo caso. N\u00f3s nos isentamos da confiabilidade dessas informa\u00e7\u00f5es e de quaisquer erros que elas possam conter. N\u00e3o somos respons\u00e1veis por quaisquer danos diretos, indiretos, especiais ou outros danos indiretos resultantes de qualquer uso das informa\u00e7\u00f5es deste site e tamb\u00e9m pelas consequ\u00eancias do autotratamento.<\/p>\n","protected":false},"excerpt":{"rendered":"<p>Propecia Generic \u00e9 usado para tratar queda de cabelo (padr\u00e3o masculino). Tamb\u00e9m \u00e9 usado para tratar c\u00e2ncer de pr\u00f3stata e hiperplasia prost\u00e1tica benigna.<\/p>\n","protected":false},"featured_media":5872,"comment_status":"open","ping_status":"closed","template":"","meta":[],"product_brand":[],"product_cat":[192],"product_tag":[],"class_list":{"0":"post-5938","1":"product","2":"type-product","3":"status-publish","4":"has-post-thumbnail","6":"product_cat-queda-de-cabelo-pt","7":"pa_active_substance-finasteride","9":"first","10":"instock","11":"shipping-taxable","12":"product-type-variable"},"jetpack_sharing_enabled":true,"_links":{"self":[{"href":"https:\/\/pharmacy-content.com\/index.php?rest_route=\/wp\/v2\/product\/5938","targetHints":{"allow":["GET"]}}],"collection":[{"href":"https:\/\/pharmacy-content.com\/index.php?rest_route=\/wp\/v2\/product"}],"about":[{"href":"https:\/\/pharmacy-content.com\/index.php?rest_route=\/wp\/v2\/types\/product"}],"replies":[{"embeddable":true,"href":"https:\/\/pharmacy-content.com\/index.php?rest_route=%2Fwp%2Fv2%2Fcomments&post=5938"}],"wp:featuredmedia":[{"embeddable":true,"href":"https:\/\/pharmacy-content.com\/index.php?rest_route=\/wp\/v2\/media\/5872"}],"wp:attachment":[{"href":"https:\/\/pharmacy-content.com\/index.php?rest_route=%2Fwp%2Fv2%2Fmedia&parent=5938"}],"wp:term":[{"taxonomy":"product_brand","embeddable":true,"href":"https:\/\/pharmacy-content.com\/index.php?rest_route=%2Fwp%2Fv2%2Fproduct_brand&post=5938"},{"taxonomy":"product_cat","embeddable":true,"href":"https:\/\/pharmacy-content.com\/index.php?rest_route=%2Fwp%2Fv2%2Fproduct_cat&post=5938"},{"taxonomy":"product_tag","embeddable":true,"href":"https:\/\/pharmacy-content.com\/index.php?rest_route=%2Fwp%2Fv2%2Fproduct_tag&post=5938"}],"curies":[{"name":"wp","href":"https:\/\/api.w.org\/{rel}","templated":true}]}}